{"id":10,"date":"2021-04-28T15:35:54","date_gmt":"2021-04-28T18:35:54","guid":{"rendered":"https:\/\/pos.uel.br\/patologiaexperimental\/?page_id=10"},"modified":"2022-08-02T14:33:16","modified_gmt":"2022-08-02T17:33:16","slug":"linhas-de-pesquisa","status":"publish","type":"page","link":"https:\/\/pos.uel.br\/patologiaexperimental\/linhas-de-pesquisa\/","title":{"rendered":"Linhas de pesquisa"},"content":{"rendered":"\n<div class=\"wp-block-columns is-layout-flex wp-container-core-columns-is-layout-9d6595d7 wp-block-columns-is-layout-flex\">\n<div class=\"wp-block-column is-layout-flow wp-block-column-is-layout-flow\">\n<p><strong>Fisiopatologia de Doen\u00e7as e Les\u00f5es Celulares Mediada por Estresse Oxidativo<\/strong><\/p>\n\n\n\n<p>OBJETIVO: Avaliar a fisiopatologia de doen\u00e7as e les\u00f5es celulares agudas e cr\u00f4nicas, tanto em n\u00edvel molecular, celular, tecidual e sist\u00eamico. Relacionar os eventos descritos com a presen\u00e7a do estresse oxidativo e a gera\u00e7\u00e3o de esp\u00e9cies de radicais livres espec\u00edficas, tanto no aspecto de desenvolvimento de les\u00f5es quanto no aspecto da modula\u00e7\u00e3o.<\/p>\n\n\n\n<p><strong>Intera\u00e7\u00e3o Microorganismo-hospedeiro: Resposta Imunol\u00f3gica, Diagn\u00f3stico Molecular e Eco-epidemiologia<\/strong><\/p>\n\n\n\n<p>OBJETIVO: Investigar os aspectos moleculares e celulares da intera\u00e7\u00e3o microrganismo-hospedeiro de interesse na sa\u00fade humana e veterin\u00e1ria, com foco nos fatores de virul\u00eancia e na resposta imune inata e adaptativa, e os efeitos imunopatol\u00f3gicos resultantes dessa intera\u00e7\u00e3o, utilizando diferentes modelos experimentais e microrganismos, dentre eles:\u00a0\u00a0 Fungos patog\u00eanicos ou oportunistas (<em>Candida albicans; Paracoccidioides sp, Histoplasma capsulatum, Arthrographis kalrae<\/em>); Bact\u00e9rias periodonto-pat\u00f3geno (<em>Aggregatibacter actinomycetemcomitans<\/em>); Protozo\u00e1rios (<em>Trypanosoma cruzi, Leishmania sp\u00a0<\/em>e<em>\u00a0Toxoplasma gondii<\/em>). Desenvolvimento de m\u00e9todos de diagn\u00f3stico molecular.<\/p>\n\n\n\n<p><strong>Mecanismos e Marcadores Moleculares, Celulares e Gen\u00e9ticos de Doen\u00e7as Humanas e Modelos Experimentais<\/strong><\/p>\n\n\n\n<p>OBJETIVO: Buscar marcadores de diagn\u00f3stico, progn\u00f3stico e agressividade para doen\u00e7as cr\u00f4nicas, infecciosas e degenerativas, com o intuito de contribuir para diagn\u00f3stico precoce, escolha de terapias e melhora da qualidade de vida dos pacientes.<\/p>\n\n\n\n<p><strong>Nutri\u00e7\u00e3o, Mutag\u00eanese e Carcinog\u00eanese Experimental<\/strong><\/p>\n\n\n\n<p>OBJETIVO: Utiliza\u00e7\u00e3o de experimentos de curta e m\u00e9dia dura\u00e7\u00e3o em humanos, animais e cultura de c\u00e9lulas, para estudo da etiopatogenia do c\u00e2ncer e suas consequ\u00eancias, por diferentes agentes. Utiliza\u00e7\u00e3o de dietas contendo moduladores e\/ou quimioprotetores na preven\u00e7\u00e3o ou bloqueio das diferentes etapas da carcinog\u00eanese.<\/p>\n\n\n\n<p><strong>Patogenicidade Microbiana e Patogenia das Doen\u00e7as Negligenciadas<\/strong><\/p>\n\n\n\n<p>OBJETIVO: Estudar os principais fatores que influenciam na prote\u00e7\u00e3o do hospedeiro contra doen\u00e7as parasit\u00e1rias. Caracterizar os principais componentes da resposta imune envolvidos nesta prote\u00e7\u00e3o. Investigar os principais mecanismos que confere maior capacidade de resist\u00eancia \u00e1s doen\u00e7as parasit\u00e1rias negligenciadas.<\/p>\n<\/div>\n<\/div>\n","protected":false},"excerpt":{"rendered":"<p>Fisiopatologia de Doen\u00e7as e Les\u00f5es Celulares Mediada por Estresse Oxidativo OBJETIVO: Avaliar a fisiopatologia de doen\u00e7as e les\u00f5es celulares agudas e cr\u00f4nicas, tanto em n\u00edvel molecular, celular, tecidual e sist\u00eamico. Relacionar os eventos descritos com a presen\u00e7a do estresse oxidativo e a gera\u00e7\u00e3o de esp\u00e9cies de radicais livres espec\u00edficas, tanto no aspecto de desenvolvimento de [&hellip;]<\/p>\n","protected":false},"author":7,"featured_media":0,"parent":0,"menu_order":0,"comment_status":"closed","ping_status":"closed","template":"","meta":{"footnotes":""},"class_list":["post-10","page","type-page","status-publish","hentry"],"_links":{"self":[{"href":"https:\/\/pos.uel.br\/patologiaexperimental\/wp-json\/wp\/v2\/pages\/10","targetHints":{"allow":["GET"]}}],"collection":[{"href":"https:\/\/pos.uel.br\/patologiaexperimental\/wp-json\/wp\/v2\/pages"}],"about":[{"href":"https:\/\/pos.uel.br\/patologiaexperimental\/wp-json\/wp\/v2\/types\/page"}],"author":[{"embeddable":true,"href":"https:\/\/pos.uel.br\/patologiaexperimental\/wp-json\/wp\/v2\/users\/7"}],"replies":[{"embeddable":true,"href":"https:\/\/pos.uel.br\/patologiaexperimental\/wp-json\/wp\/v2\/comments?post=10"}],"version-history":[{"count":11,"href":"https:\/\/pos.uel.br\/patologiaexperimental\/wp-json\/wp\/v2\/pages\/10\/revisions"}],"predecessor-version":[{"id":348,"href":"https:\/\/pos.uel.br\/patologiaexperimental\/wp-json\/wp\/v2\/pages\/10\/revisions\/348"}],"wp:attachment":[{"href":"https:\/\/pos.uel.br\/patologiaexperimental\/wp-json\/wp\/v2\/media?parent=10"}],"curies":[{"name":"wp","href":"https:\/\/api.w.org\/{rel}","templated":true}]}}