{"id":25,"date":"2025-11-13T15:11:00","date_gmt":"2025-11-13T18:11:00","guid":{"rendered":"https:\/\/pos.uel.br\/ortodontia\/?page_id=25"},"modified":"2026-01-27T09:44:26","modified_gmt":"2026-01-27T12:44:26","slug":"localizacao","status":"publish","type":"page","link":"https:\/\/pos.uel.br\/ortodontia\/localizacao\/","title":{"rendered":"Localiza\u00e7\u00e3o"},"content":{"rendered":"\n<p>A Cl\u00ednica Odontol\u00f3gica Universit\u00e1ria localiza-se no Campus Universit\u00e1rio, no seguinte endere\u00e7o:<\/p>\n\n\n\n<p>Rua: Constantino Pialarissi, n\u00ba 112 &#8211; Universidade &#8211; Londrina &#8211; CEP 86044-766<\/p>\n\n\n\n<iframe src=\"https:\/\/www.google.com\/maps\/embed?pb=!1m18!1m12!1m3!1d3663.7623399883196!2d-51.19723752483421!3d-23.324380152928363!2m3!1f0!2f0!3f0!3m2!1i1024!2i768!4f13.1!3m3!1m2!1s0x94eb44a0a76963c5%3A0x1ec087a08e1acb29!2sCOU%20-%20Cl%C3%ADnica%20Odontol%C3%B3gica%20Universit%C3%A1ria%20-%20Campus%20UEL!5e0!3m2!1spt-BR!2sbr!4v1763140223754!5m2!1spt-BR!2sbr\" width=\"1000\" height=\"600\" style=\"border:0;\" allowfullscreen=\"\" loading=\"lazy\" referrerpolicy=\"no-referrer-when-downgrade\"><\/iframe>\n","protected":false},"excerpt":{"rendered":"<p>A Cl\u00ednica Odontol\u00f3gica Universit\u00e1ria localiza-se no Campus Universit\u00e1rio, no seguinte endere\u00e7o: Rua: Constantino Pialarissi, n\u00ba 112 &#8211; Universidade &#8211; Londrina &#8211; CEP 86044-766<\/p>\n","protected":false},"author":6,"featured_media":0,"parent":0,"menu_order":0,"comment_status":"closed","ping_status":"closed","template":"","meta":{"_acf_changed":false,"_themeisle_gutenberg_block_has_review":false,"footnotes":""},"class_list":["post-25","page","type-page","status-publish","hentry"],"acf":[],"_links":{"self":[{"href":"https:\/\/pos.uel.br\/ortodontia\/wp-json\/wp\/v2\/pages\/25","targetHints":{"allow":["GET"]}}],"collection":[{"href":"https:\/\/pos.uel.br\/ortodontia\/wp-json\/wp\/v2\/pages"}],"about":[{"href":"https:\/\/pos.uel.br\/ortodontia\/wp-json\/wp\/v2\/types\/page"}],"author":[{"embeddable":true,"href":"https:\/\/pos.uel.br\/ortodontia\/wp-json\/wp\/v2\/users\/6"}],"replies":[{"embeddable":true,"href":"https:\/\/pos.uel.br\/ortodontia\/wp-json\/wp\/v2\/comments?post=25"}],"version-history":[{"count":7,"href":"https:\/\/pos.uel.br\/ortodontia\/wp-json\/wp\/v2\/pages\/25\/revisions"}],"predecessor-version":[{"id":109,"href":"https:\/\/pos.uel.br\/ortodontia\/wp-json\/wp\/v2\/pages\/25\/revisions\/109"}],"wp:attachment":[{"href":"https:\/\/pos.uel.br\/ortodontia\/wp-json\/wp\/v2\/media?parent=25"}],"curies":[{"name":"wp","href":"https:\/\/api.w.org\/{rel}","templated":true}]}}