{"id":17,"date":"2025-11-13T15:09:39","date_gmt":"2025-11-13T18:09:39","guid":{"rendered":"https:\/\/pos.uel.br\/ortodontia\/?page_id=17"},"modified":"2025-12-04T11:38:49","modified_gmt":"2025-12-04T14:38:49","slug":"inscricoes","status":"publish","type":"page","link":"https:\/\/pos.uel.br\/ortodontia\/inscricoes\/","title":{"rendered":"Inscri\u00e7\u00f5es e Sele\u00e7\u00e3o"},"content":{"rendered":"\n<p><\/p>\n\n\n\n<p class=\"has-primary-accent-color has-text-color has-link-color has-medium-font-size wp-elements-19011f4daaf4413c9b5a2ba4a1cef237\" style=\"text-decoration:underline\"><strong>A PARTIR DE 16 DE MAR\u00c7O AT\u00c9 30 DE MAIO DE 2026<\/strong><\/p>\n\n\n\n<p class=\"has-medium-font-size\">Para fazer sua inscri\u00e7\u00e3o clique em <a href=\"https:\/\/sistemas.uel.br\/portaldepos\/inscricao\/listarCursos?nvCurso=1&amp;sqNivel=1\"><strong>saiba mais<\/strong><\/a>.<\/p>\n\n\n\n<p><\/p>\n\n\n\n<p class=\"has-primary-accent-color has-text-color has-link-color wp-elements-5e9aa456ff5d5062ed6bf2caf7a678a4\"><strong>Documenta\u00e7\u00e3o necess\u00e1ria para efetivar a inscri\u00e7\u00e3o:<\/strong><\/p>\n\n\n\n<ul class=\"wp-block-list\">\n<li><strong>Fotoc\u00f3pia do diploma de Gradua\u00e7\u00e3o em Odontologia(frente e verso)<\/strong><\/li>\n\n\n\n<li><strong>Fotoc\u00f3pia do hist\u00f3rico escolar de Gradua\u00e7\u00e3o<\/strong><\/li>\n\n\n\n<li><strong>Fotoc\u00f3pia dos documentos pessoais (RG,CPF,Cert. Nasc. ou Casamento, Documento militar)<\/strong><\/li>\n\n\n\n<li><strong>&#8220;Curriculum Vitae&#8221; (Com fotoc\u00f3pia de todos os certificados nele inseridos)<\/strong> <strong>ou Lattes<\/strong>.<\/li>\n<\/ul>\n\n\n\n<p><strong>&nbsp;<\/strong><strong>Informa\u00e7\u00f5es importantes:<\/strong><\/p>\n\n\n\n<p><strong>&nbsp;&nbsp;&nbsp;&nbsp;<\/strong><strong>&nbsp;<\/strong><strong>&nbsp;<\/strong><strong>&nbsp; &nbsp;<\/strong>1.&nbsp;No ato da inscri\u00e7\u00e3o n\u00e3o ser\u00e1 necess\u00e1rio enviar o comprovante de recolhimento do valor do pre\u00e7o p\u00fablico.&nbsp;<strong><\/strong><\/p>\n\n\n\n<p><strong>&nbsp;&nbsp;&nbsp; &nbsp;&nbsp;&nbsp;&nbsp;&nbsp;<\/strong>2. Para que seja gerado o boleto de recolhimento do valor do pre\u00e7o p\u00fablico, a inscri\u00e7\u00e3o dever\u00e1 ser finalizada.<\/p>\n\n\n\n<p>&nbsp;&nbsp;&nbsp;&nbsp;&nbsp;&nbsp; 3. Somente ap\u00f3s o processamento do recolhimento, a coordena\u00e7\u00e3o do curso ter\u00e1 informa\u00e7\u00f5es do candidato para a sele\u00e7\u00e3o.<\/p>\n\n\n\n<p>&nbsp;&nbsp;&nbsp;&nbsp;&nbsp;&nbsp;&nbsp;&nbsp; 4.&nbsp;Devido a altera\u00e7\u00e3o da forma da inscri\u00e7\u00e3o na UEL, dever\u00e1 ser feito o &#8220;upload&#8221; dos documentos exigidos no sistema &#8220;web&#8221; no ato da inscri\u00e7\u00e3o.&nbsp;<\/p>\n\n\n\n<p>&nbsp;&nbsp;&nbsp;&nbsp;&nbsp;&nbsp;&nbsp;&nbsp;&nbsp;5.&nbsp;Conforme edital anexo, a&nbsp; documenta\u00e7\u00e3o completa dever\u00e1 ser tamb\u00e9m enviada, via e-mail, para o endere\u00e7o&nbsp;<a href=\"mailto:pbaggio@uel.br\" target=\"_blank\" rel=\"noreferrer noopener\">pbaggio@uel.br<\/a><strong>.<\/strong><\/p>\n\n\n\n<p><\/p>\n\n\n\n<p class=\"has-primary-accent-color has-text-color has-link-color wp-elements-7acde06724c4a7db3c1af11841f2b2c0\" style=\"text-decoration:underline\"><strong>SELE\u00c7\u00c3O: 08 DE JUNHO DE 2026<\/strong><\/p>\n\n\n\n<p><strong>Processo de Sele\u00e7\u00e3o:<\/strong><\/p>\n\n\n\n<ol class=\"wp-block-list\">\n<li>Entrevista<\/li>\n\n\n\n<li>An\u00e1lise de <em>Curriculum Vitae<\/em> ou <em>Lattes<\/em><\/li>\n<\/ol>\n\n\n\n<p class=\"has-primary-accent-color has-text-color has-link-color wp-elements-7be2b466f132516209471d234a2cb2be\"><strong>Matr\u00edcula: 11 a 15 de junho de 2026<\/strong><\/p>\n\n\n\n<p class=\"has-primary-accent-color has-text-color has-link-color wp-elements-75df8a32fd3738da7754e6fb8ed78460\"><strong>Mensalidade: 36 parcelas de R$1.000,00<\/strong><\/p>\n\n\n\n<div class=\"wp-block-columns is-layout-flex wp-container-core-columns-is-layout-9d6595d7 wp-block-columns-is-layout-flex\">\n<div class=\"wp-block-column is-layout-flow wp-block-column-is-layout-flow\"><\/div>\n<\/div>\n","protected":false},"excerpt":{"rendered":"<p>A PARTIR DE 16 DE MAR\u00c7O AT\u00c9 30 DE MAIO DE 2026 Para fazer sua inscri\u00e7\u00e3o clique em saiba mais. Documenta\u00e7\u00e3o necess\u00e1ria para efetivar a inscri\u00e7\u00e3o: &nbsp;Informa\u00e7\u00f5es importantes: &nbsp;&nbsp;&nbsp;&nbsp;&nbsp;&nbsp;&nbsp; &nbsp;1.&nbsp;No ato da inscri\u00e7\u00e3o n\u00e3o ser\u00e1 necess\u00e1rio enviar o comprovante de recolhimento do valor do pre\u00e7o p\u00fablico.&nbsp; &nbsp;&nbsp;&nbsp; &nbsp;&nbsp;&nbsp;&nbsp;&nbsp;2. Para que seja gerado o boleto de [&hellip;]<\/p>\n","protected":false},"author":6,"featured_media":0,"parent":0,"menu_order":0,"comment_status":"closed","ping_status":"closed","template":"","meta":{"_acf_changed":false,"_themeisle_gutenberg_block_has_review":false,"footnotes":""},"class_list":["post-17","page","type-page","status-publish","hentry"],"acf":[],"_links":{"self":[{"href":"https:\/\/pos.uel.br\/ortodontia\/wp-json\/wp\/v2\/pages\/17","targetHints":{"allow":["GET"]}}],"collection":[{"href":"https:\/\/pos.uel.br\/ortodontia\/wp-json\/wp\/v2\/pages"}],"about":[{"href":"https:\/\/pos.uel.br\/ortodontia\/wp-json\/wp\/v2\/types\/page"}],"author":[{"embeddable":true,"href":"https:\/\/pos.uel.br\/ortodontia\/wp-json\/wp\/v2\/users\/6"}],"replies":[{"embeddable":true,"href":"https:\/\/pos.uel.br\/ortodontia\/wp-json\/wp\/v2\/comments?post=17"}],"version-history":[{"count":14,"href":"https:\/\/pos.uel.br\/ortodontia\/wp-json\/wp\/v2\/pages\/17\/revisions"}],"predecessor-version":[{"id":106,"href":"https:\/\/pos.uel.br\/ortodontia\/wp-json\/wp\/v2\/pages\/17\/revisions\/106"}],"wp:attachment":[{"href":"https:\/\/pos.uel.br\/ortodontia\/wp-json\/wp\/v2\/media?parent=17"}],"curies":[{"name":"wp","href":"https:\/\/api.w.org\/{rel}","templated":true}]}}