{"id":13,"date":"2025-11-13T15:08:38","date_gmt":"2025-11-13T18:08:38","guid":{"rendered":"https:\/\/pos.uel.br\/ortodontia\/?page_id=13"},"modified":"2025-12-03T11:06:18","modified_gmt":"2025-12-03T14:06:18","slug":"estrutura-curricular","status":"publish","type":"page","link":"https:\/\/pos.uel.br\/ortodontia\/estrutura-curricular\/","title":{"rendered":"Estrutura Curricular"},"content":{"rendered":"\n<figure class=\"wp-block-table is-style-stripes\"><table class=\"has-fixed-layout\"><tbody><tr><td><strong>&nbsp;\u00c1rea de concentra\u00e7\u00e3o<\/strong><\/td><td><strong>&nbsp;Cr\u00e9ditos<\/strong><\/td><td><strong>&nbsp;Carga hor\u00e1ria<\/strong><\/td><\/tr><tr><td>&nbsp;Princ\u00edpios ortod\u00f4nticos te\u00f3ricos e pr\u00e1ticos<\/td><td>&nbsp;21<\/td><td>315<\/td><\/tr><tr><td>&nbsp;Cl\u00ednica Ortod\u00f4ntica<\/td><td>\u00a062<\/td><td>945<\/td><\/tr><tr><td>&nbsp;Ortodontia preventiva e interceptiva<\/td><td>&nbsp;05<\/td><td>&nbsp;75<\/td><\/tr><tr><td>&nbsp;Semin\u00e1rios de casos cl\u00ednicos<\/td><td>&nbsp;04<\/td><td>&nbsp;60<\/td><\/tr><tr><td>&nbsp;Semin\u00e1rios de conte\u00fado program\u00e1tico<\/td><td>&nbsp;04<\/td><td>&nbsp;60<\/td><\/tr><\/tbody><\/table><\/figure>\n\n\n\n<figure class=\"wp-block-table is-style-stripes\"><table class=\"has-fixed-layout\"><tbody><tr><td><strong>\u00c1rea de dom\u00ednio conexo<\/strong><\/td><td><strong>Cr\u00e9ditos<\/strong><\/td><td><strong>Carga hor\u00e1ria<\/strong><\/td><\/tr><tr><td>Fundamentos b\u00e1sicos e histomorfol\u00f3gicos<\/td><td>03<\/td><td>45<\/td><\/tr><tr><td>Fundamentos cl\u00ednicos gerais aplicados I<\/td><td>03<\/td><td>45<\/td><\/tr><tr><td>Fundamentos cl\u00ednicos gerais aplicados II<\/td><td>03<\/td><td>45<\/td><\/tr><tr><td>\u00c9tica e legisla\u00e7\u00e3o em Odontologia<\/td><td>02<\/td><td>30<\/td><\/tr><tr><td>Bio\u00e9tica<\/td><td>01<\/td><td>15<\/td><\/tr><tr><td>Metodologia Cient\u00edfica<\/td><td>04<\/td><td>60<\/td><\/tr><tr><td>Emerg\u00eancia m\u00e9dica em Odontologia<\/td><td>01<\/td><td>15<\/td><\/tr><tr><td>Monografia<\/td><td>&nbsp;<\/td><td>&nbsp;<\/td><\/tr><\/tbody><\/table><\/figure>\n\n\n\n<div class=\"wp-block-columns is-layout-flex wp-container-core-columns-is-layout-9d6595d7 wp-block-columns-is-layout-flex\">\n<div class=\"wp-block-column is-layout-flow wp-block-column-is-layout-flow\"><\/div>\n<\/div>\n","protected":false},"excerpt":{"rendered":"<p>&nbsp;\u00c1rea de concentra\u00e7\u00e3o &nbsp;Cr\u00e9ditos &nbsp;Carga hor\u00e1ria &nbsp;Princ\u00edpios ortod\u00f4nticos te\u00f3ricos e pr\u00e1ticos &nbsp;21 315 &nbsp;Cl\u00ednica Ortod\u00f4ntica \u00a062 945 &nbsp;Ortodontia preventiva e interceptiva &nbsp;05 &nbsp;75 &nbsp;Semin\u00e1rios de casos cl\u00ednicos &nbsp;04 &nbsp;60 &nbsp;Semin\u00e1rios de conte\u00fado program\u00e1tico &nbsp;04 &nbsp;60 \u00c1rea de dom\u00ednio conexo Cr\u00e9ditos Carga hor\u00e1ria Fundamentos b\u00e1sicos e histomorfol\u00f3gicos 03 45 Fundamentos cl\u00ednicos gerais aplicados I 03 45 [&hellip;]<\/p>\n","protected":false},"author":6,"featured_media":0,"parent":0,"menu_order":0,"comment_status":"closed","ping_status":"closed","template":"","meta":{"_acf_changed":false,"_themeisle_gutenberg_block_has_review":false,"footnotes":""},"class_list":["post-13","page","type-page","status-publish","hentry"],"acf":[],"_links":{"self":[{"href":"https:\/\/pos.uel.br\/ortodontia\/wp-json\/wp\/v2\/pages\/13","targetHints":{"allow":["GET"]}}],"collection":[{"href":"https:\/\/pos.uel.br\/ortodontia\/wp-json\/wp\/v2\/pages"}],"about":[{"href":"https:\/\/pos.uel.br\/ortodontia\/wp-json\/wp\/v2\/types\/page"}],"author":[{"embeddable":true,"href":"https:\/\/pos.uel.br\/ortodontia\/wp-json\/wp\/v2\/users\/6"}],"replies":[{"embeddable":true,"href":"https:\/\/pos.uel.br\/ortodontia\/wp-json\/wp\/v2\/comments?post=13"}],"version-history":[{"count":4,"href":"https:\/\/pos.uel.br\/ortodontia\/wp-json\/wp\/v2\/pages\/13\/revisions"}],"predecessor-version":[{"id":91,"href":"https:\/\/pos.uel.br\/ortodontia\/wp-json\/wp\/v2\/pages\/13\/revisions\/91"}],"wp:attachment":[{"href":"https:\/\/pos.uel.br\/ortodontia\/wp-json\/wp\/v2\/media?parent=13"}],"curies":[{"name":"wp","href":"https:\/\/api.w.org\/{rel}","templated":true}]}}