{"id":55,"date":"2022-05-12T17:21:54","date_gmt":"2022-05-12T20:21:54","guid":{"rendered":"https:\/\/pos.uel.br\/neurociencias\/?page_id=55"},"modified":"2025-09-09T11:43:26","modified_gmt":"2025-09-09T14:43:26","slug":"secretaria","status":"publish","type":"page","link":"https:\/\/pos.uel.br\/neurociencias\/secretaria\/","title":{"rendered":"Secretaria Lato Sensu"},"content":{"rendered":"\n<p><strong>SECRETARIA DE P\u00d3S-GRADUA\u00c7\u00c3O LATO SENSU \u2013 CCB<\/strong><\/p>\n\n\n\n<p><strong>E-mail: <\/strong><a href=\"mailto:latosensuccb@uel.br\">latosensuccb@uel.br<\/a><\/p>\n\n\n\n<p><strong>Fone: <\/strong>(43) 3371-4217<\/p>\n\n\n\n<div class=\"wp-block-group\"><div class=\"wp-block-group__inner-container is-layout-flow wp-block-group-is-layout-flow\">\n<p><strong>Hor\u00e1rio de atendimento:<\/strong> segunda \u00e0 sexta-feira, das 9h \u00e0s 12h e das 14h \u00e0s 17h.<\/p>\n\n\n\n<p><\/p>\n<\/div><\/div>\n\n\n\n<p><\/p>\n","protected":false},"excerpt":{"rendered":"<p>SECRETARIA DE P\u00d3S-GRADUA\u00c7\u00c3O LATO SENSU \u2013 CCB E-mail: latosensuccb@uel.br Fone: (43) 3371-4217 Hor\u00e1rio de atendimento: segunda \u00e0 sexta-feira, das 9h \u00e0s 12h e das 14h \u00e0s 17h.<\/p>\n","protected":false},"author":6,"featured_media":0,"parent":0,"menu_order":0,"comment_status":"closed","ping_status":"closed","template":"","meta":{"_acf_changed":false,"_themeisle_gutenberg_block_has_review":false,"footnotes":""},"class_list":["post-55","page","type-page","status-publish","hentry"],"acf":[],"_links":{"self":[{"href":"https:\/\/pos.uel.br\/neurociencias\/wp-json\/wp\/v2\/pages\/55","targetHints":{"allow":["GET"]}}],"collection":[{"href":"https:\/\/pos.uel.br\/neurociencias\/wp-json\/wp\/v2\/pages"}],"about":[{"href":"https:\/\/pos.uel.br\/neurociencias\/wp-json\/wp\/v2\/types\/page"}],"author":[{"embeddable":true,"href":"https:\/\/pos.uel.br\/neurociencias\/wp-json\/wp\/v2\/users\/6"}],"replies":[{"embeddable":true,"href":"https:\/\/pos.uel.br\/neurociencias\/wp-json\/wp\/v2\/comments?post=55"}],"version-history":[{"count":10,"href":"https:\/\/pos.uel.br\/neurociencias\/wp-json\/wp\/v2\/pages\/55\/revisions"}],"predecessor-version":[{"id":527,"href":"https:\/\/pos.uel.br\/neurociencias\/wp-json\/wp\/v2\/pages\/55\/revisions\/527"}],"wp:attachment":[{"href":"https:\/\/pos.uel.br\/neurociencias\/wp-json\/wp\/v2\/media?parent=55"}],"curies":[{"name":"wp","href":"https:\/\/api.w.org\/{rel}","templated":true}]}}