{"id":52,"date":"2022-05-12T17:21:53","date_gmt":"2022-05-12T20:21:53","guid":{"rendered":"https:\/\/pos.uel.br\/neurociencias\/?page_id=52"},"modified":"2026-01-13T11:12:26","modified_gmt":"2026-01-13T14:12:26","slug":"corpo-docente","status":"publish","type":"page","link":"https:\/\/pos.uel.br\/neurociencias\/corpo-docente\/","title":{"rendered":"Corpo Docente"},"content":{"rendered":"\n<div class=\"wp-block-group\"><div class=\"wp-block-group__inner-container is-layout-flow wp-block-group-is-layout-flow\">\n<div class=\"wp-block-columns is-layout-flex wp-container-core-columns-is-layout-9d6595d7 wp-block-columns-is-layout-flex\">\n<div class=\"wp-block-column is-layout-flow wp-block-column-is-layout-flow\" style=\"flex-basis:100%\">\n<figure class=\"wp-block-table is-style-stripes\"><table><thead><tr><th scope=\"col\">PROFESSOR(A)<\/th><th class=\"has-text-align-left\" data-align=\"left\" scope=\"col\">INSTITUI\u00c7\u00c3O<\/th><th scope=\"col\">E-mail<\/th><\/tr><\/thead><tbody><tr><td><a href=\"http:\/\/lattes.cnpq.br\/0701378781357913\" target=\"_blank\" rel=\"noreferrer noopener\">Dr. Carlos Alberto Miqueloto<\/a><\/td><td class=\"has-text-align-left\" data-align=\"left\">UEL<\/td><td><a href=\"mailto:carlos.miqueloto@uel.br\">carlos.miqueloto@uel.br<\/a><\/td><\/tr><tr><td><a href=\"http:\/\/lattes.cnpq.br\/7507073705404852\" target=\"_blank\" rel=\"noreferrer noopener\">Dr.&nbsp;C\u00e9lio Roberto Estanislau<\/a><\/td><td class=\"has-text-align-left\" data-align=\"left\">UEL<\/td><td><a href=\"mailto:estanislau@uel.br\">estanislau@uel.br<\/a><\/td><\/tr><tr><td><a href=\"http:\/\/lattes.cnpq.br\/6319426386403803\" target=\"_blank\" rel=\"noreferrer noopener\">Dra. D\u00e9bora de Mello Gon\u00e7ales Sant\u2019Ana<\/a><\/td><td class=\"has-text-align-left\" data-align=\"left\">UEM<\/td><td><a href=\"mailto:dmgsana@uem.br\">dmgsana@uem.br<\/a><\/td><\/tr><tr><td><a href=\"http:\/\/lattes.cnpq.br\/8352274802869271\" target=\"_blank\" rel=\"noreferrer noopener\">Dr. Eddy Krueger<\/a><\/td><td class=\"has-text-align-left\" data-align=\"left\">UEL<\/td><td><a href=\"mailto:ekrueger@uel.br\">ekrueger@uel.br<\/a><\/td><\/tr><tr><td><a href=\"http:\/\/lattes.cnpq.br\/5687853194494173\" target=\"_blank\" rel=\"noreferrer noopener\">Dr. Eduardo Jos\u00e9 de Almeida Ara\u00fajo<\/a><\/td><td class=\"has-text-align-left\" data-align=\"left\">UEL<\/td><td><a href=\"mailto:eduardoaraujo@uel.br\">eduardoaraujo@uel.br<\/a>&nbsp;<\/td><\/tr><tr><td><a href=\"http:\/\/lattes.cnpq.br\/1729429259894362\" target=\"_blank\" rel=\"noreferrer noopener\">Dr. Ernane Torres Uch\u00f4a<\/a><\/td><td class=\"has-text-align-left\" data-align=\"left\">UEL<\/td><td><a href=\"mailto:euchoa@uel.br\">euchoa@uel.br<\/a><\/td><\/tr><tr><td><a href=\"http:\/\/lattes.cnpq.br\/1364696842407026\" target=\"_blank\" rel=\"noreferrer noopener\">Dra. Estef\u00e2nia Gastaldello Moreira<\/a><\/td><td class=\"has-text-align-left\" data-align=\"left\">UEL<\/td><td><a href=\"mailto:egmoreira@uel.br\">egmoreira@uel.br<\/a><\/td><\/tr><tr><td><a href=\"http:\/\/lattes.cnpq.br\/6943160386159377\" target=\"_blank\" rel=\"noreferrer noopener\">Dr. F\u00e1bio Goulart de Andrade<\/a><\/td><td class=\"has-text-align-left\" data-align=\"left\">UEL<\/td><td><a href=\"mailto:andrade@uel.br\">andrade@uel.br<\/a><\/td><\/tr><tr><td><a href=\"http:\/\/lattes.cnpq.br\/0195143838220633\" target=\"_blank\" rel=\"noreferrer noopener\">Dr. Jos\u00e9 Luciano Tavares da Silva<\/a><\/td><td class=\"has-text-align-left\" data-align=\"left\">UEL<\/td><td><a href=\"mailto:wolle@uel.br\">wolle@uel.br<\/a><\/td><\/tr><tr><td><a href=\"http:\/\/lattes.cnpq.br\/0572797543725805\" target=\"_blank\" rel=\"noreferrer noopener\">Dr. Mauro Leonelli<\/a><\/td><td class=\"has-text-align-left\" data-align=\"left\">UEL<\/td><td><a href=\"mailto:mauroleonelli@uel.br\">mauroleonelli@uel.br<\/a><\/td><\/tr><tr><td><a href=\"http:\/\/lattes.cnpq.br\/6001623592355733\" target=\"_blank\" rel=\"noreferrer noopener\">Dr. Victor Hugo Alves Okazaki<\/a><\/td><td class=\"has-text-align-left\" data-align=\"left\">UEL<\/td><td><a href=\"mailto:okazaki@uel.br\">okazaki@uel.br<\/a><\/td><\/tr><\/tbody><\/table><\/figure>\n<\/div>\n<\/div>\n<\/div><\/div>\n\n\n\n<p><em>*Clique no nome para acessar o Curr\u00edculo Lattes correspondente.<\/em><\/p>\n","protected":false},"excerpt":{"rendered":"<p>PROFESSOR(A) INSTITUI\u00c7\u00c3O E-mail Dr. Carlos Alberto Miqueloto UEL carlos.miqueloto@uel.br Dr.&nbsp;C\u00e9lio Roberto Estanislau UEL estanislau@uel.br Dra. D\u00e9bora de Mello Gon\u00e7ales Sant\u2019Ana UEM dmgsana@uem.br Dr. Eddy Krueger UEL ekrueger@uel.br Dr. Eduardo Jos\u00e9 de Almeida Ara\u00fajo UEL eduardoaraujo@uel.br&nbsp; Dr. Ernane Torres Uch\u00f4a UEL euchoa@uel.br Dra. Estef\u00e2nia Gastaldello Moreira UEL egmoreira@uel.br Dr. F\u00e1bio Goulart de Andrade UEL andrade@uel.br Dr. [&hellip;]<\/p>\n","protected":false},"author":6,"featured_media":0,"parent":0,"menu_order":0,"comment_status":"closed","ping_status":"closed","template":"","meta":{"_acf_changed":false,"_themeisle_gutenberg_block_has_review":false,"footnotes":""},"class_list":["post-52","page","type-page","status-publish","hentry"],"acf":[],"_links":{"self":[{"href":"https:\/\/pos.uel.br\/neurociencias\/wp-json\/wp\/v2\/pages\/52","targetHints":{"allow":["GET"]}}],"collection":[{"href":"https:\/\/pos.uel.br\/neurociencias\/wp-json\/wp\/v2\/pages"}],"about":[{"href":"https:\/\/pos.uel.br\/neurociencias\/wp-json\/wp\/v2\/types\/page"}],"author":[{"embeddable":true,"href":"https:\/\/pos.uel.br\/neurociencias\/wp-json\/wp\/v2\/users\/6"}],"replies":[{"embeddable":true,"href":"https:\/\/pos.uel.br\/neurociencias\/wp-json\/wp\/v2\/comments?post=52"}],"version-history":[{"count":9,"href":"https:\/\/pos.uel.br\/neurociencias\/wp-json\/wp\/v2\/pages\/52\/revisions"}],"predecessor-version":[{"id":604,"href":"https:\/\/pos.uel.br\/neurociencias\/wp-json\/wp\/v2\/pages\/52\/revisions\/604"}],"wp:attachment":[{"href":"https:\/\/pos.uel.br\/neurociencias\/wp-json\/wp\/v2\/media?parent=52"}],"curies":[{"name":"wp","href":"https:\/\/api.w.org\/{rel}","templated":true}]}}