{"id":50,"date":"2022-05-12T17:21:52","date_gmt":"2022-05-12T20:21:52","guid":{"rendered":"https:\/\/pos.uel.br\/neurociencias\/?page_id=50"},"modified":"2025-10-14T16:01:38","modified_gmt":"2025-10-14T19:01:38","slug":"inscricao","status":"publish","type":"page","link":"https:\/\/pos.uel.br\/neurociencias\/inscricao\/","title":{"rendered":"Inscri\u00e7\u00e3o e Sele\u00e7\u00e3o"},"content":{"rendered":"\n<p><\/p>\n\n\n\n<ul class=\"wp-block-list\">\n<li style=\"font-style:normal;font-weight:800\"><strong>Processo de Sele\u00e7\u00e3o:<\/strong> ingresso em mar\u00e7o de 2026 &#8211; <em><a href=\"https:\/\/pos.uel.br\/neurociencias\/wp-content\/uploads\/2025\/10\/Edital_de_Oferta_N_003-2025_NEURO_Turma_2026.pdf\" target=\"_blank\" rel=\"noreferrer noopener\"><mark style=\"background-color:#004A3B\" class=\"has-inline-color has-site-background-color\">acesse o Edital aqui  <\/mark><\/a><\/em><\/li>\n<\/ul>\n\n\n\n<ul class=\"wp-block-list\">\n<li><strong>Per\u00edodo de inscri\u00e7\u00e3o:<\/strong>\u00a0de 05 de novembro de 2025 at\u00e9 \u00e0s 16h do dia 30 de janeiro de 2026<\/li>\n<\/ul>\n\n\n\n<ul class=\"wp-block-list\">\n<li><strong>Per\u00edodo de sele\u00e7\u00e3o:\u00a0<\/strong>09 a 13 de fevereiro de 2026<\/li>\n<\/ul>\n\n\n\n<ul class=\"wp-block-list\">\n<li><strong>Forma de sele\u00e7\u00e3o:<\/strong>&nbsp;Entrevista online e An\u00e1lise de Curr\u00edculo Documentado.<\/li>\n<\/ul>\n\n\n\n<ul class=\"wp-block-list\">\n<li><strong>Para realizar sua inscri\u00e7\u00e3o no processo de sele\u00e7\u00e3o: <\/strong><a href=\"https:\/\/sites.uel.br\/proppg\/inscricoes\">https:\/\/sites.uel.br\/proppg\/inscricoes<\/a><\/li>\n<\/ul>\n\n\n\n<ul class=\"wp-block-list\"><\/ul>\n\n\n\n<ul class=\"wp-block-list\">\n<li><strong>Curr\u00edculo Documentado:<\/strong> para elaborar este curr\u00edculo, dever\u00e1 ser usado OBRIGATORIAMENTE o <strong><a href=\"https:\/\/pos.uel.br\/neurociencias\/wp-content\/uploads\/2024\/10\/Modelo_Curriculo_Documentado_Neurociencias.docx\" data-type=\"URL\" data-id=\"https:\/\/pos.uel.br\/neurociencias\/wp-content\/uploads\/2023\/04\/Modelo_Curriculo_Documentado_Neurociencias.docx\" target=\"_blank\" rel=\"noreferrer noopener\">MODELO DISPON\u00cdVEL<\/a> <\/strong>abaixo. <em>Salve o arquivo final em pdf, com tamanho m\u00e1ximo de 10MB. Se necess\u00e1rio, utilize ferramentas online, como a dispon\u00edvel em <a href=\"https:\/\/tools.pdf24.org\/pt\" target=\"_blank\" rel=\"noreferrer noopener\">https:\/\/tools.pdf24.org\/pt<\/a>, para compactar o arquivo sem comprometer a qualidade das imagens, para que o limite de tamanho seja respeitado.<\/em><\/li>\n<\/ul>\n\n\n\n<div class=\"wp-block-file aligncenter\"><a id=\"wp-block-file--media-6529fafc-2510-4f25-a2b5-b80cc4fbf5cc\" href=\"https:\/\/pos.uel.br\/neurociencias\/wp-content\/uploads\/2024\/10\/Modelo_Curriculo_Documentado_Neurociencias.docx\" target=\"_blank\" rel=\"noreferrer noopener\">Modelo_Curriculo_Documentado_Neurociencias<\/a><a href=\"https:\/\/pos.uel.br\/neurociencias\/wp-content\/uploads\/2024\/10\/Modelo_Curriculo_Documentado_Neurociencias.docx\" class=\"wp-block-file__button wp-element-button\" download aria-describedby=\"wp-block-file--media-6529fafc-2510-4f25-a2b5-b80cc4fbf5cc\">Baixar<\/a><\/div>\n\n\n\n<ul class=\"wp-block-list\">\n<li><a href=\"https:\/\/pos.uel.br\/neurociencias\/editais\/\" data-type=\"link\" data-id=\"https:\/\/pos.uel.br\/neurociencias\/editais\/\">Acesso aos editais do curso<\/a><\/li>\n<\/ul>\n\n\n\n<p><\/p>\n","protected":false},"excerpt":{"rendered":"","protected":false},"author":6,"featured_media":0,"parent":0,"menu_order":0,"comment_status":"closed","ping_status":"closed","template":"","meta":{"_acf_changed":false,"_themeisle_gutenberg_block_has_review":false,"footnotes":""},"class_list":["post-50","page","type-page","status-publish","hentry"],"acf":[],"_links":{"self":[{"href":"https:\/\/pos.uel.br\/neurociencias\/wp-json\/wp\/v2\/pages\/50","targetHints":{"allow":["GET"]}}],"collection":[{"href":"https:\/\/pos.uel.br\/neurociencias\/wp-json\/wp\/v2\/pages"}],"about":[{"href":"https:\/\/pos.uel.br\/neurociencias\/wp-json\/wp\/v2\/types\/page"}],"author":[{"embeddable":true,"href":"https:\/\/pos.uel.br\/neurociencias\/wp-json\/wp\/v2\/users\/6"}],"replies":[{"embeddable":true,"href":"https:\/\/pos.uel.br\/neurociencias\/wp-json\/wp\/v2\/comments?post=50"}],"version-history":[{"count":52,"href":"https:\/\/pos.uel.br\/neurociencias\/wp-json\/wp\/v2\/pages\/50\/revisions"}],"predecessor-version":[{"id":538,"href":"https:\/\/pos.uel.br\/neurociencias\/wp-json\/wp\/v2\/pages\/50\/revisions\/538"}],"wp:attachment":[{"href":"https:\/\/pos.uel.br\/neurociencias\/wp-json\/wp\/v2\/media?parent=50"}],"curies":[{"name":"wp","href":"https:\/\/api.w.org\/{rel}","templated":true}]}}