{"id":492,"date":"2025-05-05T11:22:31","date_gmt":"2025-05-05T14:22:31","guid":{"rendered":"https:\/\/pos.uel.br\/neurociencias\/?page_id=492"},"modified":"2025-10-14T15:53:58","modified_gmt":"2025-10-14T18:53:58","slug":"localizacao","status":"publish","type":"page","link":"https:\/\/pos.uel.br\/neurociencias\/localizacao\/","title":{"rendered":"Localiza\u00e7\u00e3o"},"content":{"rendered":"\n<p><a href=\"https:\/\/maps.app.goo.gl\/nASuiTfXAxCXLWH69\">Secretaria Geral de P\u00f3s-Gradua\u00e7\u00e3o Lato Sensu no CCB \u2013 Centro de Ci\u00eancias Biol\u00f3gicas:<\/a><\/p>\n\n\n\n<figure class=\"wp-block-embed\"><div class=\"wp-block-embed__wrapper\">\nhttps:\/\/maps.app.goo.gl\/nASuiTfXAxCXLWH69\n<\/div><\/figure>\n\n\n","protected":false},"excerpt":{"rendered":"<p>Secretaria Geral de P\u00f3s-Gradua\u00e7\u00e3o Lato Sensu no CCB \u2013 Centro de Ci\u00eancias Biol\u00f3gicas:<\/p>\n","protected":false},"author":9,"featured_media":0,"parent":0,"menu_order":0,"comment_status":"closed","ping_status":"closed","template":"","meta":{"_acf_changed":false,"_themeisle_gutenberg_block_has_review":false,"footnotes":""},"class_list":["post-492","page","type-page","status-publish","hentry"],"acf":[],"_links":{"self":[{"href":"https:\/\/pos.uel.br\/neurociencias\/wp-json\/wp\/v2\/pages\/492","targetHints":{"allow":["GET"]}}],"collection":[{"href":"https:\/\/pos.uel.br\/neurociencias\/wp-json\/wp\/v2\/pages"}],"about":[{"href":"https:\/\/pos.uel.br\/neurociencias\/wp-json\/wp\/v2\/types\/page"}],"author":[{"embeddable":true,"href":"https:\/\/pos.uel.br\/neurociencias\/wp-json\/wp\/v2\/users\/9"}],"replies":[{"embeddable":true,"href":"https:\/\/pos.uel.br\/neurociencias\/wp-json\/wp\/v2\/comments?post=492"}],"version-history":[{"count":8,"href":"https:\/\/pos.uel.br\/neurociencias\/wp-json\/wp\/v2\/pages\/492\/revisions"}],"predecessor-version":[{"id":533,"href":"https:\/\/pos.uel.br\/neurociencias\/wp-json\/wp\/v2\/pages\/492\/revisions\/533"}],"wp:attachment":[{"href":"https:\/\/pos.uel.br\/neurociencias\/wp-json\/wp\/v2\/media?parent=492"}],"curies":[{"name":"wp","href":"https:\/\/api.w.org\/{rel}","templated":true}]}}