{"id":7,"date":"2021-04-29T12:28:28","date_gmt":"2021-04-29T15:28:28","guid":{"rendered":"https:\/\/pos.uel.br\/mnpfisica\/?page_id=7"},"modified":"2021-09-19T16:44:35","modified_gmt":"2021-09-19T19:44:35","slug":"sobre-o-programa","status":"publish","type":"page","link":"https:\/\/pos.uel.br\/mnpfisica\/sobre-o-programa\/","title":{"rendered":"Sobre o programa"},"content":{"rendered":"\n<p>O <a href=\"http:\/\/www.www1.fisica.org.br\/mnpef\/\" target=\"_blank\" rel=\"noreferrer noopener\">Programa Nacional de Mestrado Profissional em Ensino de F\u00edsica (MNPEF)<\/a> \u00e9 um programa nacional de p\u00f3s-gradua\u00e7\u00e3o de car\u00e1ter profissional, voltado a professores de ensino m\u00e9dio e fundamental com \u00eanfase principal em aspectos de conte\u00fados na \u00c1rea de F\u00edsica. \u00c9 uma iniciativa da <a href=\"http:\/\/www.www1.fisica.org.br\/mnpef\/\" target=\"_blank\" rel=\"noreferrer noopener\">Sociedade Brasileira de F\u00edsica (SBF)<\/a> com o objetivo de coordenar diferentes capacidades apresentadas por diversas Institui\u00e7\u00f5es de Ensino Superior (IES) distribu\u00eddas em todas as regi\u00f5es do Pa\u00eds.<\/p>\n\n\n\n<p>O objetivo \u00e9 capacitar em n\u00edvel de mestrado uma fra\u00e7\u00e3o muito grande professores da Educa\u00e7\u00e3o B\u00e1sica quanto ao dom\u00ednio de conte\u00fados de F\u00edsica e de t\u00e9cnicas atuais de ensino para aplica\u00e7\u00e3o em sala de aula como, por exemplo, estrat\u00e9gias que utilizam recursos de m\u00eddia eletr\u00f4nica, tecnol\u00f3gicos e\/ou computacionais para motiva\u00e7\u00e3o, informa\u00e7\u00e3o, experimenta\u00e7\u00e3o e demonstra\u00e7\u00f5es de diferentes fen\u00f4menos f\u00edsicos.<\/p>\n\n\n\n<p>A abrang\u00eancia deste Programa pretende ser nacional e universal e estar presente em todas as regi\u00f5es do Pa\u00eds, sejam elas localizadas em capitais ou estejam afastadas dos grandes centros. Fica ent\u00e3o clara a necessidade da colabora\u00e7\u00e3o de recursos humanos com forma\u00e7\u00e3o adequada localizados em diferentes IES. Para tanto, este Programa estar\u00e1 organizado em Polos Regionais, hospedados por alguma IES, onde ocorrer\u00e3o as orienta\u00e7\u00f5es das disserta\u00e7\u00f5es e ser\u00e3o ministradas as disciplinas do curr\u00edculo. Fica igualmente claro que o esfor\u00e7o necess\u00e1rio para este mestrado requer tamb\u00e9m a participa\u00e7\u00e3o e\/ou colabora\u00e7\u00e3o de centros j\u00e1 existentes onde ocorrem mestrados profissionais em ensino de F\u00edsica.<\/p>\n\n\n\n<p>Na Universidade Estadual de Londrina (UEL) encontra-se e desenvolvem-se as atividades do Polo 19.<\/p>\n\n\n\n<p><\/p>\n\n\n\n\n\n<p><\/p>\n","protected":false},"excerpt":{"rendered":"<p>O Programa Nacional de Mestrado Profissional em Ensino de F\u00edsica (MNPEF) \u00e9 um programa nacional de p\u00f3s-gradua\u00e7\u00e3o de car\u00e1ter profissional, voltado a professores de ensino m\u00e9dio e fundamental com \u00eanfase principal em aspectos de conte\u00fados na \u00c1rea de F\u00edsica. \u00c9 uma iniciativa da Sociedade Brasileira de F\u00edsica (SBF) com o objetivo de coordenar diferentes capacidades [&hellip;]<\/p>\n","protected":false},"author":11,"featured_media":0,"parent":0,"menu_order":0,"comment_status":"closed","ping_status":"closed","template":"","meta":{"_acf_changed":false,"footnotes":""},"class_list":["post-7","page","type-page","status-publish","hentry"],"acf":[],"_links":{"self":[{"href":"https:\/\/pos.uel.br\/mnpfisica\/wp-json\/wp\/v2\/pages\/7","targetHints":{"allow":["GET"]}}],"collection":[{"href":"https:\/\/pos.uel.br\/mnpfisica\/wp-json\/wp\/v2\/pages"}],"about":[{"href":"https:\/\/pos.uel.br\/mnpfisica\/wp-json\/wp\/v2\/types\/page"}],"author":[{"embeddable":true,"href":"https:\/\/pos.uel.br\/mnpfisica\/wp-json\/wp\/v2\/users\/11"}],"replies":[{"embeddable":true,"href":"https:\/\/pos.uel.br\/mnpfisica\/wp-json\/wp\/v2\/comments?post=7"}],"version-history":[{"count":25,"href":"https:\/\/pos.uel.br\/mnpfisica\/wp-json\/wp\/v2\/pages\/7\/revisions"}],"predecessor-version":[{"id":259,"href":"https:\/\/pos.uel.br\/mnpfisica\/wp-json\/wp\/v2\/pages\/7\/revisions\/259"}],"wp:attachment":[{"href":"https:\/\/pos.uel.br\/mnpfisica\/wp-json\/wp\/v2\/media?parent=7"}],"curies":[{"name":"wp","href":"https:\/\/api.w.org\/{rel}","templated":true}]}}