{"id":591,"date":"2025-09-04T10:18:55","date_gmt":"2025-09-04T13:18:55","guid":{"rendered":"https:\/\/pos.uel.br\/mnpfisica\/?page_id=591"},"modified":"2025-09-04T10:25:42","modified_gmt":"2025-09-04T13:25:42","slug":"teste","status":"publish","type":"page","link":"https:\/\/pos.uel.br\/mnpfisica\/teste\/","title":{"rendered":"Informa\u00e7\u00f5es &#8211; Processo Seletivo MNPEF &#8211; Polo 19 &#8211; UEL &#8211; 2026"},"content":{"rendered":"\n<div class=\"wp-block-buttons is-content-justification-center is-layout-flex wp-container-core-buttons-is-layout-16018d1d wp-block-buttons-is-layout-flex\">\n<div class=\"wp-block-button\"><a class=\"wp-block-button__link wp-element-button\" href=\"https:\/\/pos.uel.br\/mnpfisica\/editais-de-selecao-processo-seletivo-2026\/\">Editais de Sele\u00e7\u00e3o \u2013 Processo Seletivo 2026<\/a><\/div>\n<\/div>\n\n\n\n<p><\/p>\n\n\n\n<div class=\"wp-block-buttons is-content-justification-center is-layout-flex wp-container-core-buttons-is-layout-16018d1d wp-block-buttons-is-layout-flex\">\n<div class=\"wp-block-button\"><a class=\"wp-block-button__link wp-element-button\" href=\"https:\/\/pos.uel.br\/mnpfisica\/faca-sua-inscricao\/\">Fa\u00e7a sua Inscri\u00e7\u00e3o<\/a><\/div>\n<\/div>\n\n\n\n<p><\/p>\n\n\n\n<div class=\"wp-block-buttons is-content-justification-center is-layout-flex wp-container-core-buttons-is-layout-16018d1d wp-block-buttons-is-layout-flex\">\n<div class=\"wp-block-button\"><a class=\"wp-block-button__link wp-element-button\" href=\"https:\/\/pos.uel.br\/mnpfisica\/editais-de-resultado\/\">Editais de Resultado<\/a><\/div>\n<\/div>\n\n\n\n<p><\/p>\n\n\n\n<p><\/p>\n","protected":false},"excerpt":{"rendered":"","protected":false},"author":13,"featured_media":0,"parent":0,"menu_order":0,"comment_status":"closed","ping_status":"closed","template":"","meta":{"_acf_changed":false,"footnotes":""},"class_list":["post-591","page","type-page","status-publish","hentry"],"acf":[],"_links":{"self":[{"href":"https:\/\/pos.uel.br\/mnpfisica\/wp-json\/wp\/v2\/pages\/591","targetHints":{"allow":["GET"]}}],"collection":[{"href":"https:\/\/pos.uel.br\/mnpfisica\/wp-json\/wp\/v2\/pages"}],"about":[{"href":"https:\/\/pos.uel.br\/mnpfisica\/wp-json\/wp\/v2\/types\/page"}],"author":[{"embeddable":true,"href":"https:\/\/pos.uel.br\/mnpfisica\/wp-json\/wp\/v2\/users\/13"}],"replies":[{"embeddable":true,"href":"https:\/\/pos.uel.br\/mnpfisica\/wp-json\/wp\/v2\/comments?post=591"}],"version-history":[{"count":4,"href":"https:\/\/pos.uel.br\/mnpfisica\/wp-json\/wp\/v2\/pages\/591\/revisions"}],"predecessor-version":[{"id":600,"href":"https:\/\/pos.uel.br\/mnpfisica\/wp-json\/wp\/v2\/pages\/591\/revisions\/600"}],"wp:attachment":[{"href":"https:\/\/pos.uel.br\/mnpfisica\/wp-json\/wp\/v2\/media?parent=591"}],"curies":[{"name":"wp","href":"https:\/\/api.w.org\/{rel}","templated":true}]}}