{"id":25,"date":"2021-04-29T12:31:54","date_gmt":"2021-04-29T15:31:54","guid":{"rendered":"https:\/\/pos.uel.br\/mnpfisica\/?page_id=25"},"modified":"2024-10-18T06:31:06","modified_gmt":"2024-10-18T09:31:06","slug":"historico","status":"publish","type":"page","link":"https:\/\/pos.uel.br\/mnpfisica\/historico\/","title":{"rendered":"Hist\u00f3rico"},"content":{"rendered":"\n<p>O Polo 19 do MNPEF, que est\u00e1 em Universidade Estadual Londrina (UEL), foi criado em 2013.<\/p>\n\n\n\n<p><\/p>\n\n\n\n<p><strong>Turmas<\/strong><\/p>\n\n\n\n<p class=\"has-text-align-left\"><strong>Segunda turma (2014 &#8211; 2016)<\/strong><br>O processo seletivo para a segunda turma, constando da Prova Escrita Nacional e a Prova de Defesa de Memorial, teve 6 (seis) candidatos aprovados. O Polo 19 \u2013 UEL teve 28 (vinte e oito) candidatos inscritos. Desses, compareceram \u00e0 Prova Escrita Nacional, realizada no dia 27 de julho, 20 (vinte) candidatos, sendo classificados 6 (seis) para a segunda fase. A Prova de Defesa de Memorial foi realizada no decorrer do dia 15 de agosto de 2014, com a classifica\u00e7\u00e3o dos 6 (seis) candidatos. As aulas ter\u00e3o in\u00edcio no dia 08 de setembro de 2014.<\/p>\n\n\n\n<p><\/p>\n\n\n\n<p><strong>Primeira turma (2013 &#8211; 2015)<\/strong><br>Com o in\u00edcio das atividades previsto para o segundo semestre de 2013, o seletivo foi realizado em fases, uma Prova Escrita Nacional e a Prova de Defesa de Memorial. A Prova Escrita Nacional para Sele\u00e7\u00e3o da turma 2013 do Polo UEL \/ Londrina, realizada no dia 23 de junho, contou com a presen\u00e7a de 14 (catorze) candidatos dos 25 (vinte e cinco) inscritos, sendo classificados 8 (oito) para a segunda fase (Prova de Defesa de Memorial), realizada no dia 17 de julho. As aulas tiveram in\u00edcio no dia 19 de agosto. Completaram o primeiro e o segundo per\u00edodo 6 (seis) alunos, devendo iniciar o terceiro per\u00edodo (segundo semestre de 2014) com aulas a partir de 08 de setembro de 2014.<\/p>\n\n\n\n<p><\/p>\n\n\n\n<p><strong>Coordenadores:<\/strong><\/p>\n\n\n\n<p>Prof. Dr. Manuel Sim\u00f5es (2021-atual)<\/p>\n\n\n\n<p>Prof. Dr. Am\u00e9rico Tsuneo Fujii (2016-2021).<\/p>\n\n\n\n<p>Prof. Dr. Mario Goto (2013-2016).<\/p>\n\n\n\n<p><\/p>\n\n\n\n<p><\/p>\n\n\n\n<p><\/p>\n","protected":false},"excerpt":{"rendered":"<p>O Polo 19 do MNPEF, que est\u00e1 em Universidade Estadual Londrina (UEL), foi criado em 2013. Turmas Segunda turma (2014 &#8211; 2016)O processo seletivo para a segunda turma, constando da Prova Escrita Nacional e a Prova de Defesa de Memorial, teve 6 (seis) candidatos aprovados. O Polo 19 \u2013 UEL teve 28 (vinte e oito) [&hellip;]<\/p>\n","protected":false},"author":11,"featured_media":0,"parent":0,"menu_order":0,"comment_status":"closed","ping_status":"closed","template":"","meta":{"_acf_changed":false,"footnotes":""},"class_list":["post-25","page","type-page","status-publish","hentry"],"acf":[],"_links":{"self":[{"href":"https:\/\/pos.uel.br\/mnpfisica\/wp-json\/wp\/v2\/pages\/25","targetHints":{"allow":["GET"]}}],"collection":[{"href":"https:\/\/pos.uel.br\/mnpfisica\/wp-json\/wp\/v2\/pages"}],"about":[{"href":"https:\/\/pos.uel.br\/mnpfisica\/wp-json\/wp\/v2\/types\/page"}],"author":[{"embeddable":true,"href":"https:\/\/pos.uel.br\/mnpfisica\/wp-json\/wp\/v2\/users\/11"}],"replies":[{"embeddable":true,"href":"https:\/\/pos.uel.br\/mnpfisica\/wp-json\/wp\/v2\/comments?post=25"}],"version-history":[{"count":13,"href":"https:\/\/pos.uel.br\/mnpfisica\/wp-json\/wp\/v2\/pages\/25\/revisions"}],"predecessor-version":[{"id":517,"href":"https:\/\/pos.uel.br\/mnpfisica\/wp-json\/wp\/v2\/pages\/25\/revisions\/517"}],"wp:attachment":[{"href":"https:\/\/pos.uel.br\/mnpfisica\/wp-json\/wp\/v2\/media?parent=25"}],"curies":[{"name":"wp","href":"https:\/\/api.w.org\/{rel}","templated":true}]}}