{"id":231,"date":"2021-09-19T15:38:44","date_gmt":"2021-09-19T18:38:44","guid":{"rendered":"https:\/\/pos.uel.br\/mnpfisica\/?page_id=231"},"modified":"2025-08-19T08:42:24","modified_gmt":"2025-08-19T11:42:24","slug":"coordenacao","status":"publish","type":"page","link":"https:\/\/pos.uel.br\/mnpfisica\/coordenacao\/","title":{"rendered":"Coordena\u00e7\u00e3o"},"content":{"rendered":"\n<p class=\"has-medium-font-size\"><strong>Gest\u00e3o 2025-2027<\/strong><\/p>\n\n\n\n<p class=\"has-medium-font-size\"><strong>Coordenador:<\/strong> Prof. Dr. Edson Laureto<\/p>\n\n\n\n<p>email: <a href=\"mailto:mnpef.londrina@uel.br\" target=\"_blank\" rel=\"noreferrer noopener\">mnpef.londrina@uel.br<\/a><\/p>\n\n\n\n<p class=\"has-medium-font-size\"><strong>Vice-Coordenador:<\/strong> Prof. Dr. Marcelo Alves de Carvalho<\/p>\n\n\n\n<p><\/p>\n\n\n\n<hr class=\"wp-block-separator has-css-opacity alignfull is-style-wide\" \/>\n\n\n\n<p><strong>Gest\u00e3o 2021-2025<\/strong><\/p>\n\n\n\n<p>Coordenador: Prof. Dr. Manuel Sim\u00f5es Filho<\/p>\n\n\n\n<p>Vice-Coordenador: Prof. Dr. Paulo Sergio Parreira<\/p>\n\n\n\n<p><strong>Gest\u00e3o 2017-2021<\/strong><\/p>\n\n\n\n<p>Coordenador: Prof. Dr. Am\u00e9rico Tsuneo Fujii<\/p>\n\n\n\n<p>Vice-Coordenador: Prof. Dr. Paulo Sergio Parreira<\/p>\n\n\n\n<p><\/p>\n\n\n\n<p><strong>Gest\u00e3o 2013-2016<\/strong><\/p>\n\n\n\n<p>Coordenador: Prof. Dr. Mario Goto<\/p>\n\n\n\n<p>Vice Coordenador: Prof. Dr. Am\u00e9rico Tsuneo Fujii<\/p>\n","protected":false},"excerpt":{"rendered":"<p>Gest\u00e3o 2025-2027 Coordenador: Prof. Dr. Edson Laureto email: mnpef.londrina@uel.br Vice-Coordenador: Prof. Dr. Marcelo Alves de Carvalho Gest\u00e3o 2021-2025 Coordenador: Prof. Dr. Manuel Sim\u00f5es Filho Vice-Coordenador: Prof. Dr. Paulo Sergio Parreira Gest\u00e3o 2017-2021 Coordenador: Prof. Dr. Am\u00e9rico Tsuneo Fujii Vice-Coordenador: Prof. Dr. Paulo Sergio Parreira Gest\u00e3o 2013-2016 Coordenador: Prof. Dr. Mario Goto Vice Coordenador: Prof. Dr. [&hellip;]<\/p>\n","protected":false},"author":11,"featured_media":0,"parent":0,"menu_order":0,"comment_status":"closed","ping_status":"closed","template":"","meta":{"_acf_changed":false,"footnotes":""},"class_list":["post-231","page","type-page","status-publish","hentry"],"acf":[],"_links":{"self":[{"href":"https:\/\/pos.uel.br\/mnpfisica\/wp-json\/wp\/v2\/pages\/231","targetHints":{"allow":["GET"]}}],"collection":[{"href":"https:\/\/pos.uel.br\/mnpfisica\/wp-json\/wp\/v2\/pages"}],"about":[{"href":"https:\/\/pos.uel.br\/mnpfisica\/wp-json\/wp\/v2\/types\/page"}],"author":[{"embeddable":true,"href":"https:\/\/pos.uel.br\/mnpfisica\/wp-json\/wp\/v2\/users\/11"}],"replies":[{"embeddable":true,"href":"https:\/\/pos.uel.br\/mnpfisica\/wp-json\/wp\/v2\/comments?post=231"}],"version-history":[{"count":7,"href":"https:\/\/pos.uel.br\/mnpfisica\/wp-json\/wp\/v2\/pages\/231\/revisions"}],"predecessor-version":[{"id":565,"href":"https:\/\/pos.uel.br\/mnpfisica\/wp-json\/wp\/v2\/pages\/231\/revisions\/565"}],"wp:attachment":[{"href":"https:\/\/pos.uel.br\/mnpfisica\/wp-json\/wp\/v2\/media?parent=231"}],"curies":[{"name":"wp","href":"https:\/\/api.w.org\/{rel}","templated":true}]}}