{"id":148,"date":"2022-09-17T10:00:25","date_gmt":"2022-09-17T13:00:25","guid":{"rendered":"https:\/\/pos.uel.br\/mnpfisica\/?page_id=148"},"modified":"2023-06-05T10:53:07","modified_gmt":"2023-06-05T13:53:07","slug":"defendidas","status":"publish","type":"page","link":"https:\/\/pos.uel.br\/mnpfisica\/defendidas\/","title":{"rendered":"Disserta\u00e7\u00f5es e Produtos Educacionais"},"content":{"rendered":"\n<p>Os arquivos cont\u00eam a disserta\u00e7\u00e3o e o produto educacional como um ap\u00eandice.<\/p>\n\n\n\n<p><strong>2015<\/strong><br>Thiago Queiroz Costa<br><a rel=\"noreferrer noopener\" href=\"https:\/\/pos.uel.br\/mnpfisica\/wp-content\/uploads\/2022\/09\/Thiago-Queiroz-Costa.pdf\" target=\"_blank\">Um estudo sobre a aplica\u00e7\u00e3o de uma concep\u00e7\u00e3o adaptativa do laborat\u00f3rio did\u00e1tico no ensino de f\u00edsica com alunos monitores do ensino m\u00e9dio.<\/a><\/p>\n\n\n\n<p><strong>2016<\/strong><br>Marcio Jos\u00e9 Alves<br><a rel=\"noreferrer noopener\" href=\"https:\/\/pos.uel.br\/mnpfisica\/wp-content\/uploads\/2022\/09\/Marcio-Jose-Alves.pdf\" target=\"_blank\">O problema da incerteza na medida No ensino m\u00e9dio: uma proposta para o ensino.<\/a><\/p>\n\n\n\n<p>Paulo Henrique Scaloni<br><a rel=\"noreferrer noopener\" href=\"https:\/\/pos.uel.br\/mnpfisica\/wp-content\/uploads\/2022\/09\/Paulo-Henrique-Scaloni.pdf\" target=\"_blank\">Consumo de energia el\u00e9trica em instala\u00e7\u00f5es el\u00e9tricas e o ensino de f\u00edsica.<\/a><\/p>\n\n\n\n<p>Rafael Roger Nora<br><a rel=\"noreferrer noopener\" href=\"https:\/\/pos.uel.br\/mnpfisica\/wp-content\/uploads\/2022\/09\/Rafael-Roger-Nora.pdf\" target=\"_blank\">Um estudo sobre a aplica\u00e7\u00e3o de tarefas online utilizando os formul\u00e1rios do google drive.<\/a><\/p>\n\n\n\n<p><strong>2017<\/strong><br>Alessandra Ribeiro<br><a href=\"https:\/\/pos.uel.br\/mnpfisica\/wp-content\/uploads\/2022\/09\/Alessandra-Ribeiro.pdf\" target=\"_blank\" rel=\"noreferrer noopener\">An\u00e1lise da aplica\u00e7\u00e3o de uma sequ\u00eancia did\u00e1tica para o estudo dos fen\u00f4menos eletromagn\u00e9ticos da intera\u00e7\u00e3o terra-sol.<\/a><\/p>\n\n\n\n<p>Celso Tavares<br><a href=\"https:\/\/pos.uel.br\/mnpfisica\/wp-content\/uploads\/2022\/09\/Celso-Tavares.pdf\" target=\"_blank\" rel=\"noreferrer noopener\">O Ensino Otimizado: Uma Proposta Para O Ensino De F\u00edsica Na Educa\u00e7\u00e3o B\u00e1sica.<\/a><\/p>\n\n\n\n<p>Erci Naomi Tanaka Hirai<br><a href=\"https:\/\/pos.uel.br\/mnpfisica\/wp-content\/uploads\/2022\/09\/Erci-Naomi-Tanaka-Hirai.pdf\" target=\"_blank\" rel=\"noreferrer noopener\">Unidades De Ensino Potencialmente Significativas Para Experimentos Com Leds.<\/a><\/p>\n\n\n\n<p>Maur\u00edcio Ferla Da Silva<br><a href=\"https:\/\/pos.uel.br\/mnpfisica\/wp-content\/uploads\/2022\/09\/Mauricio-Ferla-da-Silva.pdf\" target=\"_blank\" rel=\"noreferrer noopener\">Uma Proposta Para O Ensino Da Conserva\u00e7\u00e3o Da Energia Atrav\u00e9s De Uma Sequ\u00eancia Did\u00e1tica Com Aplica\u00e7\u00e3o Na Bomba Carneiro Hidr\u00e1ulico.<\/a><\/p>\n\n\n\n<p><strong>2019<\/strong><br>Fabricio De Oliveira Zerbetto<br><a href=\"https:\/\/pos.uel.br\/mnpfisica\/wp-content\/uploads\/2022\/09\/Fabricio-de-Oliveira-Zerbetto.pdf\" target=\"_blank\" rel=\"noreferrer noopener\">An\u00e1lise de uma proposta para a utiliza\u00e7\u00e3o do aplicativo plickers em aulas de f\u00edsica no ensino m\u00e9dio.<\/a><\/p>\n\n\n\n<p><strong>2021<\/strong><br>Wesley Vicentin Eduardo<br><a rel=\"noreferrer noopener\" href=\"https:\/\/pos.uel.br\/mnpfisica\/wp-content\/uploads\/2022\/09\/Wesley-Vicentin.pdf\" target=\"_blank\">Webquest, uma proposta educacional adaptada para o ensino de f\u00edsica com foco na aprendizagem significativa de david Ausubel.<\/a><\/p>\n\n\n\n<p>Amilcar Costa<br><a href=\"https:\/\/pos.uel.br\/mnpfisica\/wp-content\/uploads\/2022\/09\/Amilcar-Costa.pdf\" target=\"_blank\" rel=\"noreferrer noopener\">Ondas gravitacionais no ensino m\u00e9dio.<\/a><\/p>\n\n\n\n<p><strong>2022<\/strong><br>Anderson Forcato<br><a rel=\"noreferrer noopener\" href=\"https:\/\/pos.uel.br\/mnpfisica\/wp-content\/uploads\/2022\/09\/Anderson-Forcato.pdf\" target=\"_blank\">Abordagem das leis da termodin\u00e2mica voltadas ao funcionamento das m\u00e1quinas t\u00e9rmicas por meio da teoria de ensino prescritiva de Bruner.<\/a><\/p>\n\n\n\n<p>Alexandre Ferreira De Castro E Silva<br><a href=\"https:\/\/pos.uel.br\/mnpfisica\/wp-content\/uploads\/2022\/09\/Alexandre-Ferreira-da-Silva.pdf\" target=\"_blank\" rel=\"noreferrer noopener\">Orbitas elipticas e sua real forma<\/a><\/p>\n\n\n\n<p>Rog\u00e9rio Rodrigues<br><a rel=\"noreferrer noopener\" href=\"https:\/\/pos.uel.br\/mnpfisica\/wp-content\/uploads\/2022\/09\/Rogerio-Rodrigues.pdf\" target=\"_blank\">A bomba carneiro hidra\u00falico: uma proposta para o ensino sobre energia mec\u00e2nica.<\/a><\/p>\n\n\n\n<p><strong>2023<\/strong><\/p>\n\n\n\n<p>Maria Madalena da Silva<\/p>\n\n\n\n<p><a href=\"https:\/\/pos.uel.br\/mnpfisica\/wp-content\/uploads\/2023\/06\/DISSERTACAO_MADALENA_-em-19-05-2023-final.pdf\" target=\"_blank\" rel=\"noreferrer noopener\">ENSINO DA F\u00cdSICA NUCLEAR PARA ENSINO M\u00c9DIO COM \u00caNFASE EM DATA\u00c7\u00c3O POR CARBONO-14:<br>UMA UNIDADE DE ENSINO POTENCIALMENTE SIGNIFICATIVA (UEPS)<\/a><\/p>\n","protected":false},"excerpt":{"rendered":"<p>Os arquivos cont\u00eam a disserta\u00e7\u00e3o e o produto educacional como um ap\u00eandice. 2015Thiago Queiroz CostaUm estudo sobre a aplica\u00e7\u00e3o de uma concep\u00e7\u00e3o adaptativa do laborat\u00f3rio did\u00e1tico no ensino de f\u00edsica com alunos monitores do ensino m\u00e9dio. 2016Marcio Jos\u00e9 AlvesO problema da incerteza na medida No ensino m\u00e9dio: uma proposta para o ensino. Paulo Henrique ScaloniConsumo [&hellip;]<\/p>\n","protected":false},"author":11,"featured_media":0,"parent":0,"menu_order":0,"comment_status":"closed","ping_status":"closed","template":"","meta":{"_acf_changed":false,"footnotes":""},"class_list":["post-148","page","type-page","status-publish","hentry"],"acf":[],"_links":{"self":[{"href":"https:\/\/pos.uel.br\/mnpfisica\/wp-json\/wp\/v2\/pages\/148","targetHints":{"allow":["GET"]}}],"collection":[{"href":"https:\/\/pos.uel.br\/mnpfisica\/wp-json\/wp\/v2\/pages"}],"about":[{"href":"https:\/\/pos.uel.br\/mnpfisica\/wp-json\/wp\/v2\/types\/page"}],"author":[{"embeddable":true,"href":"https:\/\/pos.uel.br\/mnpfisica\/wp-json\/wp\/v2\/users\/11"}],"replies":[{"embeddable":true,"href":"https:\/\/pos.uel.br\/mnpfisica\/wp-json\/wp\/v2\/comments?post=148"}],"version-history":[{"count":12,"href":"https:\/\/pos.uel.br\/mnpfisica\/wp-json\/wp\/v2\/pages\/148\/revisions"}],"predecessor-version":[{"id":464,"href":"https:\/\/pos.uel.br\/mnpfisica\/wp-json\/wp\/v2\/pages\/148\/revisions\/464"}],"wp:attachment":[{"href":"https:\/\/pos.uel.br\/mnpfisica\/wp-json\/wp\/v2\/media?parent=148"}],"curies":[{"name":"wp","href":"https:\/\/api.w.org\/{rel}","templated":true}]}}