{"id":146,"date":"2021-09-19T10:45:25","date_gmt":"2021-09-19T13:45:25","guid":{"rendered":"https:\/\/pos.uel.br\/mnpfisica\/?page_id=146"},"modified":"2021-09-19T16:16:18","modified_gmt":"2021-09-19T19:16:18","slug":"dissertacoes","status":"publish","type":"page","link":"https:\/\/pos.uel.br\/mnpfisica\/dissertacoes\/","title":{"rendered":"Disserta\u00e7\u00f5es e Produtos"},"content":{"rendered":"\n<p>Para a obten\u00e7\u00e3o do t\u00edtulo de Mestre s\u00e3o necess\u00e1rios o desenvolvimento de um produto educacional e de uma disserta\u00e7\u00e3o de mestrado na qual estejam descritos os fundamentos te\u00f3ricos empregados e os processos que culminaram neste produto e na sua aplica\u00e7\u00e3o em situa\u00e7\u00f5es de ensino.<\/p>\n","protected":false},"excerpt":{"rendered":"<p>Para a obten\u00e7\u00e3o do t\u00edtulo de Mestre s\u00e3o necess\u00e1rios o desenvolvimento de um produto educacional e de uma disserta\u00e7\u00e3o de mestrado na qual estejam descritos os fundamentos te\u00f3ricos empregados e os processos que culminaram neste produto e na sua aplica\u00e7\u00e3o em situa\u00e7\u00f5es de ensino.<\/p>\n","protected":false},"author":11,"featured_media":0,"parent":0,"menu_order":0,"comment_status":"closed","ping_status":"closed","template":"","meta":{"_acf_changed":false,"footnotes":""},"class_list":["post-146","page","type-page","status-publish","hentry"],"acf":[],"_links":{"self":[{"href":"https:\/\/pos.uel.br\/mnpfisica\/wp-json\/wp\/v2\/pages\/146","targetHints":{"allow":["GET"]}}],"collection":[{"href":"https:\/\/pos.uel.br\/mnpfisica\/wp-json\/wp\/v2\/pages"}],"about":[{"href":"https:\/\/pos.uel.br\/mnpfisica\/wp-json\/wp\/v2\/types\/page"}],"author":[{"embeddable":true,"href":"https:\/\/pos.uel.br\/mnpfisica\/wp-json\/wp\/v2\/users\/11"}],"replies":[{"embeddable":true,"href":"https:\/\/pos.uel.br\/mnpfisica\/wp-json\/wp\/v2\/comments?post=146"}],"version-history":[{"count":3,"href":"https:\/\/pos.uel.br\/mnpfisica\/wp-json\/wp\/v2\/pages\/146\/revisions"}],"predecessor-version":[{"id":255,"href":"https:\/\/pos.uel.br\/mnpfisica\/wp-json\/wp\/v2\/pages\/146\/revisions\/255"}],"wp:attachment":[{"href":"https:\/\/pos.uel.br\/mnpfisica\/wp-json\/wp\/v2\/media?parent=146"}],"curies":[{"name":"wp","href":"https:\/\/api.w.org\/{rel}","templated":true}]}}