{"id":12,"date":"2021-04-29T12:28:28","date_gmt":"2021-04-29T15:28:28","guid":{"rendered":"https:\/\/pos.uel.br\/mnpfisica\/?page_id=12"},"modified":"2021-09-19T16:09:52","modified_gmt":"2021-09-19T19:09:52","slug":"estrutura-curricular","status":"publish","type":"page","link":"https:\/\/pos.uel.br\/mnpfisica\/estrutura-curricular\/","title":{"rendered":"Grade Curricular"},"content":{"rendered":"\n<h2 class=\"wp-block-heading\">Disciplinas Obrigat\u00f3rias<\/h2>\n\n\n\n<ol class=\"wp-block-list\"><li>Termodin\u00e2mica e Mec\u00e2nica Estat\u00edstica&nbsp;<strong>(4 cr\u00e9ditos)<\/strong><\/li><li>Eletromagnetismo<strong>&nbsp;(4&nbsp;cr\u00e9ditos)<\/strong><\/li><li>Mec\u00e2nica Qu\u00e2ntica&nbsp;<strong>(4&nbsp;cr\u00e9ditos)<\/strong><\/li><li>F\u00edsica Contempor\u00e2nea (F\u00edsica de Part\u00edculas, Espa\u00e7o-Tempo, F\u00edsica da Mat\u00e9ria Condensada, F\u00edsica de Sistemas Complexos, Biof\u00edsica, dependendo do Polo)<strong>&nbsp;(4&nbsp;cr\u00e9ditos)<\/strong><\/li><li>Marcos no desenvolvimento da F\u00edsica<strong>&nbsp;(2&nbsp;cr\u00e9ditos)<\/strong><\/li><li>Fundamentos Te\u00f3ricos em Ensino e Aprendizagem&nbsp;<strong>(4&nbsp;cr\u00e9ditos)<\/strong><\/li><li>Est\u00e1gio Supervisionado<strong>&nbsp;(4&nbsp;cr\u00e9ditos)<\/strong><\/li><\/ol>\n\n\n\n<h2 class=\"wp-block-heading\">Disciplinas Optativas (2 disciplinas)<\/h2>\n\n\n\n<ol class=\"wp-block-list\"><li>Atividades Experimentais para o Ensino M\u00e9dio e Fundamental&nbsp;<strong>(4 cr\u00e9ditos)<\/strong><\/li><li>Atividades Computacionais para o Ensino M\u00e9dio e Fundamental&nbsp;<strong>(4 cr\u00e9ditos)<\/strong><\/li><li>Processos e Sequ\u00eancias de Ensino e Aprendizagem em F\u00edsica no Ensino M\u00e9dio&nbsp;<strong>(4 cr\u00e9ditos)<\/strong><\/li><li>F\u00edsica no Ensino Fundamental em uma perspectiva multidisciplinar&nbsp;<strong>(4 cr\u00e9ditos)<\/strong><\/li><\/ol>\n\n\n\n<p class=\"has-medium-font-size\">O programa e ementa de cada disciplina pode ser\u00a0baixado <a href=\"https:\/\/pos.uel.br\/mnpfisica\/wp-content\/uploads\/2021\/09\/GradeCurricular_MNPEF_Junho-2017.pdf\">clicando aqui.<\/a><\/p>\n","protected":false},"excerpt":{"rendered":"<p>Disciplinas Obrigat\u00f3rias Termodin\u00e2mica e Mec\u00e2nica Estat\u00edstica&nbsp;(4 cr\u00e9ditos) Eletromagnetismo&nbsp;(4&nbsp;cr\u00e9ditos) Mec\u00e2nica Qu\u00e2ntica&nbsp;(4&nbsp;cr\u00e9ditos) F\u00edsica Contempor\u00e2nea (F\u00edsica de Part\u00edculas, Espa\u00e7o-Tempo, F\u00edsica da Mat\u00e9ria Condensada, F\u00edsica de Sistemas Complexos, Biof\u00edsica, dependendo do Polo)&nbsp;(4&nbsp;cr\u00e9ditos) Marcos no desenvolvimento da F\u00edsica&nbsp;(2&nbsp;cr\u00e9ditos) Fundamentos Te\u00f3ricos em Ensino e Aprendizagem&nbsp;(4&nbsp;cr\u00e9ditos) Est\u00e1gio Supervisionado&nbsp;(4&nbsp;cr\u00e9ditos) Disciplinas Optativas (2 disciplinas) Atividades Experimentais para o Ensino M\u00e9dio e Fundamental&nbsp;(4 cr\u00e9ditos) Atividades [&hellip;]<\/p>\n","protected":false},"author":11,"featured_media":0,"parent":0,"menu_order":0,"comment_status":"closed","ping_status":"closed","template":"","meta":{"_acf_changed":false,"footnotes":""},"class_list":["post-12","page","type-page","status-publish","hentry"],"acf":[],"_links":{"self":[{"href":"https:\/\/pos.uel.br\/mnpfisica\/wp-json\/wp\/v2\/pages\/12","targetHints":{"allow":["GET"]}}],"collection":[{"href":"https:\/\/pos.uel.br\/mnpfisica\/wp-json\/wp\/v2\/pages"}],"about":[{"href":"https:\/\/pos.uel.br\/mnpfisica\/wp-json\/wp\/v2\/types\/page"}],"author":[{"embeddable":true,"href":"https:\/\/pos.uel.br\/mnpfisica\/wp-json\/wp\/v2\/users\/11"}],"replies":[{"embeddable":true,"href":"https:\/\/pos.uel.br\/mnpfisica\/wp-json\/wp\/v2\/comments?post=12"}],"version-history":[{"count":9,"href":"https:\/\/pos.uel.br\/mnpfisica\/wp-json\/wp\/v2\/pages\/12\/revisions"}],"predecessor-version":[{"id":250,"href":"https:\/\/pos.uel.br\/mnpfisica\/wp-json\/wp\/v2\/pages\/12\/revisions\/250"}],"wp:attachment":[{"href":"https:\/\/pos.uel.br\/mnpfisica\/wp-json\/wp\/v2\/media?parent=12"}],"curies":[{"name":"wp","href":"https:\/\/api.w.org\/{rel}","templated":true}]}}