{"id":19,"date":"2025-10-14T10:45:11","date_gmt":"2025-10-14T13:45:11","guid":{"rendered":"https:\/\/pos.uel.br\/midiasdigitais\/?page_id=19"},"modified":"2025-12-18T16:52:47","modified_gmt":"2025-12-18T19:52:47","slug":"inscricoes","status":"publish","type":"page","link":"https:\/\/pos.uel.br\/midiasdigitais\/inscricoes\/","title":{"rendered":"Inscri\u00e7\u00f5es"},"content":{"rendered":"\n<div id=\"wp-block-themeisle-blocks-accordion-d6098cae\" class=\"wp-block-themeisle-blocks-accordion exclusive\">\n<details class=\"wp-block-themeisle-blocks-accordion-item\"><summary class=\"wp-block-themeisle-blocks-accordion-item__title\"><div><strong>Processo 2026\/1<\/strong><\/div><\/summary><div class=\"wp-block-themeisle-blocks-accordion-item__content\">\n<p><strong><a href=\"https:\/\/sistemas.uel.br\/portaldepos\/inscricao\/listarCursos?nvCurso=1&amp;sqNivel=1\">Inscreva-se aqui e confirme sua participa\u00e7\u00e3o!<\/a><\/strong><\/p>\n<\/div><\/details>\n<\/div>\n\n\n\n<p><a href=\"https:\/\/sites.uel.br\/proppg\/formularios-da-pos-graduacao\/\"><strong>Para isen\u00e7\u00e3o clique aqui&#8230;<\/strong><\/a><\/p>\n\n\n\n<p><strong><a href=\"https:\/\/sistemas.uel.br\/portaldepos\/inscricao\/listarCursos?nvCurso=1&amp;sqNivel=1\">Inscreva-se aqui e confirme sua participa\u00e7\u00e3o!<\/a><\/strong><\/p>\n\n\n\n<p><\/p>\n","protected":false},"excerpt":{"rendered":"<p>Para isen\u00e7\u00e3o clique aqui&#8230; Inscreva-se aqui e confirme sua participa\u00e7\u00e3o!<\/p>\n","protected":false},"author":6,"featured_media":0,"parent":0,"menu_order":0,"comment_status":"closed","ping_status":"closed","template":"","meta":{"_acf_changed":false,"_themeisle_gutenberg_block_has_review":false,"footnotes":""},"class_list":["post-19","page","type-page","status-publish","hentry"],"acf":[],"_links":{"self":[{"href":"https:\/\/pos.uel.br\/midiasdigitais\/wp-json\/wp\/v2\/pages\/19","targetHints":{"allow":["GET"]}}],"collection":[{"href":"https:\/\/pos.uel.br\/midiasdigitais\/wp-json\/wp\/v2\/pages"}],"about":[{"href":"https:\/\/pos.uel.br\/midiasdigitais\/wp-json\/wp\/v2\/types\/page"}],"author":[{"embeddable":true,"href":"https:\/\/pos.uel.br\/midiasdigitais\/wp-json\/wp\/v2\/users\/6"}],"replies":[{"embeddable":true,"href":"https:\/\/pos.uel.br\/midiasdigitais\/wp-json\/wp\/v2\/comments?post=19"}],"version-history":[{"count":7,"href":"https:\/\/pos.uel.br\/midiasdigitais\/wp-json\/wp\/v2\/pages\/19\/revisions"}],"predecessor-version":[{"id":67,"href":"https:\/\/pos.uel.br\/midiasdigitais\/wp-json\/wp\/v2\/pages\/19\/revisions\/67"}],"wp:attachment":[{"href":"https:\/\/pos.uel.br\/midiasdigitais\/wp-json\/wp\/v2\/media?parent=19"}],"curies":[{"name":"wp","href":"https:\/\/api.w.org\/{rel}","templated":true}]}}