{"id":15,"date":"2025-10-14T10:44:27","date_gmt":"2025-10-14T13:44:27","guid":{"rendered":"https:\/\/pos.uel.br\/midiasdigitais\/?page_id=15"},"modified":"2025-10-14T18:53:53","modified_gmt":"2025-10-14T21:53:53","slug":"corpo-docente","status":"publish","type":"page","link":"https:\/\/pos.uel.br\/midiasdigitais\/corpo-docente\/","title":{"rendered":"Corpo Docente"},"content":{"rendered":"\n<figure class=\"wp-block-table is-style-stripes\"><table class=\"has-fixed-layout\"><tbody><tr><td class=\"has-text-align-center\" data-align=\"center\">Dr. Ant\u00f4nio Lucio Barizon Filho<\/td><\/tr><tr><td class=\"has-text-align-center\" data-align=\"center\">Esp. Erico Bel\u00e9m<\/td><\/tr><tr><td class=\"has-text-align-center\" data-align=\"center\">Me. Gabriel Sampaio<\/td><\/tr><tr><td class=\"has-text-align-center\" data-align=\"center\">Esp. Gustavo Fran\u00e7oso<\/td><\/tr><tr><td class=\"has-text-align-center\" data-align=\"center\">Esp. Lana Wignand<\/td><\/tr><tr><td class=\"has-text-align-center\" data-align=\"center\">Me. Murilo Crivellari Camargo<\/td><\/tr><tr><td class=\"has-text-align-center\" data-align=\"center\">Esp. Rodrigo Chagas<\/td><\/tr><tr><td class=\"has-text-align-center\" data-align=\"center\">Dr. Rog\u00e9rio Zanetti Gomes<\/td><\/tr><\/tbody><\/table><\/figure>\n\n\n\n<p><\/p>\n\n\n\n<p><\/p>\n\n\n\n<p><\/p>\n\n\n\n<p><\/p>\n\n\n\n<p><\/p>\n\n\n\n<p><\/p>\n","protected":false},"excerpt":{"rendered":"<p>Dr. Ant\u00f4nio Lucio Barizon Filho Esp. Erico Bel\u00e9m Me. Gabriel Sampaio Esp. Gustavo Fran\u00e7oso Esp. Lana Wignand Me. Murilo Crivellari Camargo Esp. Rodrigo Chagas Dr. Rog\u00e9rio Zanetti Gomes<\/p>\n","protected":false},"author":6,"featured_media":0,"parent":0,"menu_order":0,"comment_status":"closed","ping_status":"closed","template":"","meta":{"_acf_changed":false,"_themeisle_gutenberg_block_has_review":false,"footnotes":""},"class_list":["post-15","page","type-page","status-publish","hentry"],"acf":[],"_links":{"self":[{"href":"https:\/\/pos.uel.br\/midiasdigitais\/wp-json\/wp\/v2\/pages\/15","targetHints":{"allow":["GET"]}}],"collection":[{"href":"https:\/\/pos.uel.br\/midiasdigitais\/wp-json\/wp\/v2\/pages"}],"about":[{"href":"https:\/\/pos.uel.br\/midiasdigitais\/wp-json\/wp\/v2\/types\/page"}],"author":[{"embeddable":true,"href":"https:\/\/pos.uel.br\/midiasdigitais\/wp-json\/wp\/v2\/users\/6"}],"replies":[{"embeddable":true,"href":"https:\/\/pos.uel.br\/midiasdigitais\/wp-json\/wp\/v2\/comments?post=15"}],"version-history":[{"count":3,"href":"https:\/\/pos.uel.br\/midiasdigitais\/wp-json\/wp\/v2\/pages\/15\/revisions"}],"predecessor-version":[{"id":59,"href":"https:\/\/pos.uel.br\/midiasdigitais\/wp-json\/wp\/v2\/pages\/15\/revisions\/59"}],"wp:attachment":[{"href":"https:\/\/pos.uel.br\/midiasdigitais\/wp-json\/wp\/v2\/media?parent=15"}],"curies":[{"name":"wp","href":"https:\/\/api.w.org\/{rel}","templated":true}]}}