{"id":948,"date":"2021-07-07T15:06:09","date_gmt":"2021-07-07T18:06:09","guid":{"rendered":"https:\/\/pos.uel.br\/microbiologia\/?page_id=948"},"modified":"2024-08-30T09:26:02","modified_gmt":"2024-08-30T12:26:02","slug":"egresso-doutorado","status":"publish","type":"page","link":"https:\/\/pos.uel.br\/microbiologia\/egresso-doutorado\/","title":{"rendered":"Egresso Doutorado"},"content":{"rendered":"\n<p><\/p>\n\n\n\n<p class=\"has-secondary-accent-color has-text-color has-medium-font-size\"><strong>Total de egressos: 91 doutores em Microbiologia<\/strong>   <\/p>\n\n\n\n<p>Atualizado em: 11\/01\/2023<\/p>\n\n\n\n<div style=\"height:33px\" aria-hidden=\"true\" class=\"wp-block-spacer\"><\/div>\n\n\n\n<p><strong>As informa\u00e7\u00f5es est\u00e3o sendo obtidas do Curr\u00edculo Lattes (ainda em verifica\u00e7\u00e3o). <\/strong> <\/p>\n\n\n\n<p><a href=\"https:\/\/docs.google.com\/spreadsheets\/d\/1FsA0dDGK3HrXQek6qMz6ddvSKU4516kE\/edit#gid=645456167\">Egressos Doutorado 2006-2010<\/a><\/p>\n\n\n\n<p class=\"has-secondary-text-color has-text-color\"><strong>Doutores formados: 18<\/strong><\/p>\n\n\n\n<p><a rel=\"noreferrer noopener\" href=\"https:\/\/docs.google.com\/spreadsheets\/d\/143TaaPhEUSGKeVgQlOmaoPsOUTQ6pYzF\/edit#gid=1514399788\" target=\"_blank\">Egressos Doutorado 2011-2020<\/a><\/p>\n\n\n\n<p class=\"has-secondary-text-color has-text-color\"><strong>Doutores formados: 62<\/strong><\/p>\n\n\n\n<p><a href=\"https:\/\/docs.google.com\/spreadsheets\/d\/1L9BuCFOoUAxLka0zeVx1KtQcMK_4B3qD\/edit#gid=1299510067\" target=\"_blank\" rel=\"noreferrer noopener\">Egressos Doutorado 2021-2024<\/a><\/p>\n\n\n\n<p class=\"has-secondary-text-color has-text-color\"><strong>Doutores formados: 26<\/strong><\/p>\n\n\n\n<p class=\"has-extra-1-color has-text-color has-link-color wp-elements-1e9f6895a8e224c4f32b1e8784a83e23\"><strong>Atualizado em 30\/08\/2024<\/strong><\/p>\n\n\n\n<p><\/p>\n","protected":false},"excerpt":{"rendered":"<p>Total de egressos: 91 doutores em Microbiologia Atualizado em: 11\/01\/2023 As informa\u00e7\u00f5es est\u00e3o sendo obtidas do Curr\u00edculo Lattes (ainda em verifica\u00e7\u00e3o). Egressos Doutorado 2006-2010 Doutores formados: 18 Egressos Doutorado 2011-2020 Doutores formados: 62 Egressos Doutorado 2021-2024 Doutores formados: 26 Atualizado em 30\/08\/2024<\/p>\n","protected":false},"author":8,"featured_media":0,"parent":0,"menu_order":0,"comment_status":"closed","ping_status":"closed","template":"","meta":{"_acf_changed":false,"footnotes":""},"class_list":["post-948","page","type-page","status-publish","hentry"],"acf":[],"_links":{"self":[{"href":"https:\/\/pos.uel.br\/microbiologia\/wp-json\/wp\/v2\/pages\/948","targetHints":{"allow":["GET"]}}],"collection":[{"href":"https:\/\/pos.uel.br\/microbiologia\/wp-json\/wp\/v2\/pages"}],"about":[{"href":"https:\/\/pos.uel.br\/microbiologia\/wp-json\/wp\/v2\/types\/page"}],"author":[{"embeddable":true,"href":"https:\/\/pos.uel.br\/microbiologia\/wp-json\/wp\/v2\/users\/8"}],"replies":[{"embeddable":true,"href":"https:\/\/pos.uel.br\/microbiologia\/wp-json\/wp\/v2\/comments?post=948"}],"version-history":[{"count":17,"href":"https:\/\/pos.uel.br\/microbiologia\/wp-json\/wp\/v2\/pages\/948\/revisions"}],"predecessor-version":[{"id":2307,"href":"https:\/\/pos.uel.br\/microbiologia\/wp-json\/wp\/v2\/pages\/948\/revisions\/2307"}],"wp:attachment":[{"href":"https:\/\/pos.uel.br\/microbiologia\/wp-json\/wp\/v2\/media?parent=948"}],"curies":[{"name":"wp","href":"https:\/\/api.w.org\/{rel}","templated":true}]}}