{"id":945,"date":"2021-07-07T15:05:02","date_gmt":"2021-07-07T18:05:02","guid":{"rendered":"https:\/\/pos.uel.br\/microbiologia\/?page_id=945"},"modified":"2024-08-30T09:24:31","modified_gmt":"2024-08-30T12:24:31","slug":"egresso-mestrado","status":"publish","type":"page","link":"https:\/\/pos.uel.br\/microbiologia\/egresso-mestrado\/","title":{"rendered":"Egresso Mestrado"},"content":{"rendered":"\n<p class=\"has-secondary-accent-color has-text-color has-medium-font-size\"><strong>Total de egressos:  377 Mestres em Microbiologia<\/strong><\/p>\n\n\n\n<p>Atualizado em: 11\/01\/2023<\/p>\n\n\n\n<p><\/p>\n\n\n\n<p><strong>As informa\u00e7\u00f5es est\u00e3o sendo obtidas do Curr\u00edculo Lattes (ainda em verifica\u00e7\u00e3o).<\/strong><\/p>\n\n\n\n<p><a href=\"https:\/\/docs.google.com\/spreadsheets\/d\/1Do-pqaxxFNgOnv0v8x1nn4Uuyo1pULeo\/edit#gid=549700511\" target=\"_blank\" rel=\"noreferrer noopener\">Egressos Mestrado 1992 &#8211; 2000<\/a><\/p>\n\n\n\n<p class=\"has-secondary-text-color has-text-color\"><strong>Mestres formados: 85<\/strong><\/p>\n\n\n\n<p><a href=\"https:\/\/docs.google.com\/spreadsheets\/d\/193qb51zksEN-2TQLo2_dLgrtavRWbIuW\/edit#gid=765971797\" target=\"_blank\" rel=\"noreferrer noopener\">Egressos Mestrado 2001 &#8211; 2010<\/a><\/p>\n\n\n\n<p class=\"has-secondary-text-color has-text-color\"><strong>Mestres formados: 114<\/strong><\/p>\n\n\n\n<p><a href=\"https:\/\/docs.google.com\/spreadsheets\/d\/13Gk0Tnm13Baqu2_trgl1PAB8pghDGGH4\/edit#gid=241879314\" target=\"_blank\" rel=\"noreferrer noopener\">Egressos Mestrado 2011 &#8211; 2020<\/a><\/p>\n\n\n\n<p class=\"has-secondary-text-color has-text-color\"><strong>Mestres formados: 148<\/strong><\/p>\n\n\n\n<p><a href=\"https:\/\/docs.google.com\/spreadsheets\/d\/12dke8USbt2jc4F589NuXdwB_TCFtwd28\/edit#gid=1071757972\" target=\"_blank\" rel=\"noreferrer noopener\">Egressos Mestrado 2021-2023<\/a><\/p>\n\n\n\n<p class=\"has-secondary-text-color has-text-color\"><strong>Mestres formados:<\/strong> <strong>56<\/strong><\/p>\n\n\n\n<p class=\"has-extra-1-color has-text-color has-link-color wp-elements-1e9f6895a8e224c4f32b1e8784a83e23\"><strong>Atualizado em 30\/08\/2024<\/strong><\/p>\n\n\n\n<p><\/p>\n","protected":false},"excerpt":{"rendered":"<p>Total de egressos: 377 Mestres em Microbiologia Atualizado em: 11\/01\/2023 As informa\u00e7\u00f5es est\u00e3o sendo obtidas do Curr\u00edculo Lattes (ainda em verifica\u00e7\u00e3o). Egressos Mestrado 1992 &#8211; 2000 Mestres formados: 85 Egressos Mestrado 2001 &#8211; 2010 Mestres formados: 114 Egressos Mestrado 2011 &#8211; 2020 Mestres formados: 148 Egressos Mestrado 2021-2023 Mestres formados: 56 Atualizado em 30\/08\/2024<\/p>\n","protected":false},"author":8,"featured_media":0,"parent":0,"menu_order":0,"comment_status":"closed","ping_status":"closed","template":"","meta":{"_acf_changed":false,"footnotes":""},"class_list":["post-945","page","type-page","status-publish","hentry"],"acf":[],"_links":{"self":[{"href":"https:\/\/pos.uel.br\/microbiologia\/wp-json\/wp\/v2\/pages\/945","targetHints":{"allow":["GET"]}}],"collection":[{"href":"https:\/\/pos.uel.br\/microbiologia\/wp-json\/wp\/v2\/pages"}],"about":[{"href":"https:\/\/pos.uel.br\/microbiologia\/wp-json\/wp\/v2\/types\/page"}],"author":[{"embeddable":true,"href":"https:\/\/pos.uel.br\/microbiologia\/wp-json\/wp\/v2\/users\/8"}],"replies":[{"embeddable":true,"href":"https:\/\/pos.uel.br\/microbiologia\/wp-json\/wp\/v2\/comments?post=945"}],"version-history":[{"count":22,"href":"https:\/\/pos.uel.br\/microbiologia\/wp-json\/wp\/v2\/pages\/945\/revisions"}],"predecessor-version":[{"id":2306,"href":"https:\/\/pos.uel.br\/microbiologia\/wp-json\/wp\/v2\/pages\/945\/revisions\/2306"}],"wp:attachment":[{"href":"https:\/\/pos.uel.br\/microbiologia\/wp-json\/wp\/v2\/media?parent=945"}],"curies":[{"name":"wp","href":"https:\/\/api.w.org\/{rel}","templated":true}]}}