{"id":935,"date":"2021-07-07T12:19:32","date_gmt":"2021-07-07T15:19:32","guid":{"rendered":"https:\/\/pos.uel.br\/microbiologia\/?page_id=935"},"modified":"2022-05-11T14:45:32","modified_gmt":"2022-05-11T17:45:32","slug":"exame-de-proficiencia","status":"publish","type":"page","link":"https:\/\/pos.uel.br\/microbiologia\/exame-de-proficiencia\/","title":{"rendered":"Exame de profici\u00eancia"},"content":{"rendered":"\n<p class=\"has-medium-font-size\"><strong>Estudantes, fa\u00e7am a solicita\u00e7\u00e3o no portal do estudante<\/strong><\/p>\n\n\n\n<p>Mestrado: Profici\u00eancia em Ingl\u00eas<\/p>\n\n\n\n<p>Doutorado: Proficiencia em Ingl\u00eas e Espanhol<\/p>\n","protected":false},"excerpt":{"rendered":"<p>Estudantes, fa\u00e7am a solicita\u00e7\u00e3o no portal do estudante Mestrado: Profici\u00eancia em Ingl\u00eas Doutorado: Proficiencia em Ingl\u00eas e Espanhol<\/p>\n","protected":false},"author":8,"featured_media":0,"parent":0,"menu_order":0,"comment_status":"closed","ping_status":"closed","template":"","meta":{"_acf_changed":false,"footnotes":""},"class_list":["post-935","page","type-page","status-publish","hentry"],"acf":[],"_links":{"self":[{"href":"https:\/\/pos.uel.br\/microbiologia\/wp-json\/wp\/v2\/pages\/935","targetHints":{"allow":["GET"]}}],"collection":[{"href":"https:\/\/pos.uel.br\/microbiologia\/wp-json\/wp\/v2\/pages"}],"about":[{"href":"https:\/\/pos.uel.br\/microbiologia\/wp-json\/wp\/v2\/types\/page"}],"author":[{"embeddable":true,"href":"https:\/\/pos.uel.br\/microbiologia\/wp-json\/wp\/v2\/users\/8"}],"replies":[{"embeddable":true,"href":"https:\/\/pos.uel.br\/microbiologia\/wp-json\/wp\/v2\/comments?post=935"}],"version-history":[{"count":1,"href":"https:\/\/pos.uel.br\/microbiologia\/wp-json\/wp\/v2\/pages\/935\/revisions"}],"predecessor-version":[{"id":936,"href":"https:\/\/pos.uel.br\/microbiologia\/wp-json\/wp\/v2\/pages\/935\/revisions\/936"}],"wp:attachment":[{"href":"https:\/\/pos.uel.br\/microbiologia\/wp-json\/wp\/v2\/media?parent=935"}],"curies":[{"name":"wp","href":"https:\/\/api.w.org\/{rel}","templated":true}]}}