{"id":9,"date":"2021-04-26T21:27:56","date_gmt":"2021-04-27T00:27:56","guid":{"rendered":"https:\/\/pos.uel.br\/microbiologia\/?page_id=9"},"modified":"2025-12-12T12:47:22","modified_gmt":"2025-12-12T15:47:22","slug":"linhas-de-pesquisa","status":"publish","type":"page","link":"https:\/\/pos.uel.br\/microbiologia\/linhas-de-pesquisa\/","title":{"rendered":"Linhas de pesquisa"},"content":{"rendered":"<div class=\"wp-block-image\">\n<figure class=\"aligncenter size-large is-resized\"><img loading=\"lazy\" decoding=\"async\" width=\"1024\" height=\"576\" src=\"https:\/\/pos.uel.br\/microbiologia\/wp-content\/uploads\/2021\/06\/Slide3-1024x576.png\" alt=\"\" class=\"wp-image-305\" style=\"width:578px;height:325px\" srcset=\"https:\/\/pos.uel.br\/microbiologia\/wp-content\/uploads\/2021\/06\/Slide3-1024x576.png 1024w, https:\/\/pos.uel.br\/microbiologia\/wp-content\/uploads\/2021\/06\/Slide3-300x169.png 300w, https:\/\/pos.uel.br\/microbiologia\/wp-content\/uploads\/2021\/06\/Slide3-768x432.png 768w, https:\/\/pos.uel.br\/microbiologia\/wp-content\/uploads\/2021\/06\/Slide3.png 1280w\" sizes=\"auto, (max-width: 1024px) 100vw, 1024px\" \/><\/figure>\n<\/div>\n\n\n<p><strong>01) Biologia e Fisiologia Microbiana<\/strong><\/p>\n\n\n\n<ul class=\"wp-block-list\">\n<li>Admilton Gon\u00e7alves de Oliveira Junior<\/li>\n\n\n\n<li>Celso Vataru Nakamura<\/li>\n\n\n\n<li>Eiko Nakagawa Itano<\/li>\n\n\n\n<li>Eliandro Reis Tavares<\/li>\n\n\n\n<li>Erika Kushikawa Saeki<\/li>\n\n\n\n<li>Galdino de Andrade Filho<\/li>\n\n\n\n<li>Gerson Nakazato<\/li>\n\n\n\n<li>Ligia Carla Faccin Galhardi<\/li>\n\n\n\n<li>Luciano Aparecido Panagio<\/li>\n\n\n\n<li>Lucy Megumi Yamauchi Lioni<\/li>\n\n\n\n<li>M\u00e1rcia Cristina Furlaneto<\/li>\n\n\n\n<li>Marco Antonio Nogueira<\/li>\n\n\n\n<li>Mariangela Hungria<\/li>\n\n\n\n<li>Phileno Pinge Filho\u00a0<\/li>\n\n\n\n<li>Renata Katsuko Takayama Kobayashi<\/li>\n\n\n\n<li>Ricardo S\u00e9rgio Couto de Almeida<\/li>\n\n\n\n<li>S\u00e9rgio Paulo Dejato da Rocha<\/li>\n\n\n\n<li>Sueli Fumie Yamada Ogatta\u00a0<\/li>\n<\/ul>\n\n\n\n<p><strong>02) Gen\u00e9tica e Biologia Molecular de Microrganismos<\/strong><\/p>\n\n\n\n<ul class=\"wp-block-list\">\n<li>Admilton Gon\u00e7alves de Oliveira Junior<\/li>\n\n\n\n<li>Eliandro Reis Tavares<\/li>\n\n\n\n<li>Gerson Nakazato<\/li>\n\n\n\n<li>Ligia Carla Faccin Galhardi<\/li>\n\n\n\n<li>Lucy Megumi Yamauchi Lioni<\/li>\n\n\n\n<li>M\u00e1rcia Cristina Furlaneto<\/li>\n\n\n\n<li>Mariangela Hungria<\/li>\n\n\n\n<li>Renata Katsuko Takayama Kobayashi<\/li>\n\n\n\n<li>S\u00e9rgio Paulo Dejato da Rocha<\/li>\n\n\n\n<li>Sueli Fumie Yamada Ogatta<\/li>\n<\/ul>\n\n\n\n<p><strong>03) Intera\u00e7\u00e3o Microrganismo-Hospedeiro<\/strong>&nbsp;<\/p>\n\n\n\n<ul class=\"wp-block-list\">\n<li>Admilton Gon\u00e7alves de Oliveira Junior<\/li>\n\n\n\n<li>Celso Vataru Nakamura<\/li>\n\n\n\n<li>Eiko Nakagawa Itano<\/li>\n\n\n\n<li>Eliandro Reis Tavares<\/li>\n\n\n\n<li>Erika Kushikawa Saeki<\/li>\n\n\n\n<li>Galdino Andrade Filho<\/li>\n\n\n\n<li>Gerson Nakazato<\/li>\n\n\n\n<li>Ligia Carla Faccin Galhardi<\/li>\n\n\n\n<li>Luciano Aparecido Panagio<\/li>\n\n\n\n<li>Lucy Megumi Yamauchi Lioni<\/li>\n\n\n\n<li>M\u00e1rcia Cristina Furlaneto<\/li>\n\n\n\n<li>Marco Antonio Nogueira<\/li>\n\n\n\n<li>Mariangela Hungria<\/li>\n\n\n\n<li>Phileno Pinge Filho<\/li>\n\n\n\n<li>Renata Katsuko Takayama Kobayashi<\/li>\n\n\n\n<li>Ricardo S\u00e9rgio Couto de Almeida<\/li>\n\n\n\n<li>S\u00e9rgio Paulo Dejato da Rocha<\/li>\n\n\n\n<li>Sueli Fumie Yamada Ogatta<\/li>\n<\/ul>\n","protected":false},"excerpt":{"rendered":"<p>01) Biologia e Fisiologia Microbiana 02) Gen\u00e9tica e Biologia Molecular de Microrganismos 03) Intera\u00e7\u00e3o Microrganismo-Hospedeiro&nbsp;<\/p>\n","protected":false},"author":8,"featured_media":0,"parent":0,"menu_order":0,"comment_status":"closed","ping_status":"closed","template":"","meta":{"_acf_changed":false,"footnotes":""},"class_list":["post-9","page","type-page","status-publish","hentry"],"acf":[],"_links":{"self":[{"href":"https:\/\/pos.uel.br\/microbiologia\/wp-json\/wp\/v2\/pages\/9","targetHints":{"allow":["GET"]}}],"collection":[{"href":"https:\/\/pos.uel.br\/microbiologia\/wp-json\/wp\/v2\/pages"}],"about":[{"href":"https:\/\/pos.uel.br\/microbiologia\/wp-json\/wp\/v2\/types\/page"}],"author":[{"embeddable":true,"href":"https:\/\/pos.uel.br\/microbiologia\/wp-json\/wp\/v2\/users\/8"}],"replies":[{"embeddable":true,"href":"https:\/\/pos.uel.br\/microbiologia\/wp-json\/wp\/v2\/comments?post=9"}],"version-history":[{"count":6,"href":"https:\/\/pos.uel.br\/microbiologia\/wp-json\/wp\/v2\/pages\/9\/revisions"}],"predecessor-version":[{"id":2657,"href":"https:\/\/pos.uel.br\/microbiologia\/wp-json\/wp\/v2\/pages\/9\/revisions\/2657"}],"wp:attachment":[{"href":"https:\/\/pos.uel.br\/microbiologia\/wp-json\/wp\/v2\/media?parent=9"}],"curies":[{"name":"wp","href":"https:\/\/api.w.org\/{rel}","templated":true}]}}