{"id":8,"date":"2021-04-26T21:27:56","date_gmt":"2021-04-27T00:27:56","guid":{"rendered":"https:\/\/pos.uel.br\/microbiologia\/?page_id=8"},"modified":"2022-05-11T14:43:46","modified_gmt":"2022-05-11T17:43:46","slug":"areas-de-concentracao","status":"publish","type":"page","link":"https:\/\/pos.uel.br\/microbiologia\/areas-de-concentracao\/","title":{"rendered":"\u00c1reas de concentra\u00e7\u00e3o"},"content":{"rendered":"\n<p>O <strong>Programa de P\u00f3s-Gradua\u00e7\u00e3o em Microbiologia<\/strong> (PPM) tem como finalidade a produ\u00e7\u00e3o e dissemina\u00e7\u00e3o do conhecimento visando \u00e0 forma\u00e7\u00e3o de docentes\/pesquisadores qualificados, capazes de contribuir para o desenvolvimento da pesquisa cient\u00edfica, tecnol\u00f3gica e de inova\u00e7\u00e3o, e \u00e0 doc\u00eancia em Microbiologia, no pa\u00eds. O PPM tem primado pelo desenvolvimento t\u00e9cnico e cient\u00edfico de n\u00edvel internacional, incorporando tamb\u00e9m a preocupa\u00e7\u00e3o das necessidades regionais pela transforma\u00e7\u00e3o de atitudes e a transfer\u00eancia de conhecimento e produtos ao setor produtivo da sociedade. O programa est\u00e1 fundamentado no desenvolvimento de pesquisas concentradas em tr\u00eas linhas b\u00e1sicas, a saber: Biologia e Fisiologia Microbiana, Gen\u00e9tica e Biologia Molecular de Microrganismos e Intera\u00e7\u00e3o Microrganismo-Hospedeiro.<\/p>\n\n\n\n<p>O PPM tem focado na forma\u00e7\u00e3o de profissionais com capacidade de apreender a biologia, fisiologia e gen\u00e9tica microbiana, bem como com habilidade de avaliar os mecanismos moleculares presentes na rela\u00e7\u00e3o microrganismo-hospedeiro. Al\u00e9m da capacita\u00e7\u00e3o no campo da inova\u00e7\u00e3o tecnol\u00f3gica, com o enfoque no desenvolvimento de produtos e\/ou processos para dep\u00f3sitos de patentes. O corpo docente \u00e9 qualificado e multidisciplinar, composto por docentes que atuam no desenvolvimento de projetos cient\u00edficos, de inova\u00e7\u00e3o e empreendedorismo.<\/p>\n\n\n\n<p>A \u00e1rea de concentra\u00e7\u00e3o: <strong>Microbiologia<\/strong><\/p>\n\n\n\n<div class=\"wp-block-image\"><figure class=\"aligncenter size-large is-resized\"><img loading=\"lazy\" decoding=\"async\" src=\"https:\/\/pos.uel.br\/microbiologia\/wp-content\/uploads\/2021\/06\/Slide2-1024x576.png\" alt=\"\" class=\"wp-image-156\" width=\"572\" height=\"321\" srcset=\"https:\/\/pos.uel.br\/microbiologia\/wp-content\/uploads\/2021\/06\/Slide2-1024x576.png 1024w, https:\/\/pos.uel.br\/microbiologia\/wp-content\/uploads\/2021\/06\/Slide2-300x169.png 300w, https:\/\/pos.uel.br\/microbiologia\/wp-content\/uploads\/2021\/06\/Slide2-768x432.png 768w, https:\/\/pos.uel.br\/microbiologia\/wp-content\/uploads\/2021\/06\/Slide2.png 1280w\" sizes=\"auto, (max-width: 572px) 100vw, 572px\" \/><\/figure><\/div>\n","protected":false},"excerpt":{"rendered":"<p>O Programa de P\u00f3s-Gradua\u00e7\u00e3o em Microbiologia (PPM) tem como finalidade a produ\u00e7\u00e3o e dissemina\u00e7\u00e3o do conhecimento visando \u00e0 forma\u00e7\u00e3o de docentes\/pesquisadores qualificados, capazes de contribuir para o desenvolvimento da pesquisa cient\u00edfica, tecnol\u00f3gica e de inova\u00e7\u00e3o, e \u00e0 doc\u00eancia em Microbiologia, no pa\u00eds. O PPM tem primado pelo desenvolvimento t\u00e9cnico e cient\u00edfico de n\u00edvel internacional, incorporando [&hellip;]<\/p>\n","protected":false},"author":8,"featured_media":0,"parent":0,"menu_order":0,"comment_status":"closed","ping_status":"closed","template":"","meta":{"_acf_changed":false,"footnotes":""},"class_list":["post-8","page","type-page","status-publish","hentry"],"acf":[],"_links":{"self":[{"href":"https:\/\/pos.uel.br\/microbiologia\/wp-json\/wp\/v2\/pages\/8","targetHints":{"allow":["GET"]}}],"collection":[{"href":"https:\/\/pos.uel.br\/microbiologia\/wp-json\/wp\/v2\/pages"}],"about":[{"href":"https:\/\/pos.uel.br\/microbiologia\/wp-json\/wp\/v2\/types\/page"}],"author":[{"embeddable":true,"href":"https:\/\/pos.uel.br\/microbiologia\/wp-json\/wp\/v2\/users\/8"}],"replies":[{"embeddable":true,"href":"https:\/\/pos.uel.br\/microbiologia\/wp-json\/wp\/v2\/comments?post=8"}],"version-history":[{"count":8,"href":"https:\/\/pos.uel.br\/microbiologia\/wp-json\/wp\/v2\/pages\/8\/revisions"}],"predecessor-version":[{"id":158,"href":"https:\/\/pos.uel.br\/microbiologia\/wp-json\/wp\/v2\/pages\/8\/revisions\/158"}],"wp:attachment":[{"href":"https:\/\/pos.uel.br\/microbiologia\/wp-json\/wp\/v2\/media?parent=8"}],"curies":[{"name":"wp","href":"https:\/\/api.w.org\/{rel}","templated":true}]}}