{"id":795,"date":"2021-07-01T15:19:06","date_gmt":"2021-07-01T18:19:06","guid":{"rendered":"https:\/\/pos.uel.br\/microbiologia\/?page_id=795"},"modified":"2022-05-11T14:46:32","modified_gmt":"2022-05-11T17:46:32","slug":"impacto-economico","status":"publish","type":"page","link":"https:\/\/pos.uel.br\/microbiologia\/impacto-economico\/","title":{"rendered":"Impacto Econ\u00f4mico"},"content":{"rendered":"\n<h3 class=\"wp-block-heading\"><span class=\"has-inline-color has-primary-accent-color\">Impactos do Programa de P\u00f3s-Gradua\u00e7\u00e3o em Microbiologia: Quadri\u00eanio 2017-2020<\/span><\/h3>\n\n\n\n<p>Os estudantes do PPM t\u00eam desenvolvido junto aos seus docentes teses e disserta\u00e7\u00f5es com resultados que est\u00e3o gerando patentes (produtos e processos) e a descri\u00e7\u00e3o de novas esp\u00e9cies\/cepas de microrganismos com potencial biotecnol\u00f3gico. Essas descobertas t\u00eam potencial impacto econ\u00f4mico, pois s\u00e3o voltadas para: I) <strong>sa\u00fade<\/strong> \u2013 a) desenvolvimento de antimicrobianos contra fungos, bact\u00e9rias, v\u00edrus e protozo\u00e1rios; b) desenvolvimento de m\u00e9todos de diagn\u00f3sticos de doen\u00e7as infecciosas causadas por agentes infecciosos; c) estudos dos mecanismos de resist\u00eancia de bact\u00e9rias de import\u00e2ncia cl\u00ednica; II) <strong>agricultura<\/strong> \u2013 a) caracteriza\u00e7\u00e3o de riz\u00f3bios e micorrizas, microrganismos importantes para o desenvolvimento de plantas, b) busca de antimicrobianos no combate a pat\u00f3genos de plantas; III) <strong>Sanidade animal<\/strong> \u2013 a) estudo de microrganismos com potencial zoon\u00f3tico; b) estudos em microbiologia de alimentos: probi\u00f3ticos, desenvolvimento de embalagens aplicadas ao acondicionamento de alimentos, caracteriza\u00e7\u00e3o de bacteriocinas, fermenta\u00e7\u00e3o por leveduras.Essas vertentes possuem abrang\u00eancia internacional, pois s\u00e3o problemas mundiais, podendo ter um tempo m\u00e9dio de 10 anos em que um produto permanecer\u00e1 em uso pela sociedade.<\/p>\n\n\n\n<p><\/p>\n\n\n\n<div class=\"wp-block-media-text alignwide is-stacked-on-mobile\"><figure class=\"wp-block-media-text__media\"><a href=\"http:\/\/www.uel.br\/com\/agenciaueldenoticias\/index.php?arq=ARQ_not&amp;id=29755\" target=\"_blank\" rel=\"noopener\"><img loading=\"lazy\" decoding=\"async\" width=\"1024\" height=\"683\" src=\"https:\/\/pos.uel.br\/microbiologia\/wp-content\/uploads\/2021\/07\/5-12-2019-g-galdino-1024x683.jpg\" alt=\"\" class=\"wp-image-1094 size-full\" srcset=\"https:\/\/pos.uel.br\/microbiologia\/wp-content\/uploads\/2021\/07\/5-12-2019-g-galdino-1024x683.jpg 1024w, https:\/\/pos.uel.br\/microbiologia\/wp-content\/uploads\/2021\/07\/5-12-2019-g-galdino-300x200.jpg 300w, https:\/\/pos.uel.br\/microbiologia\/wp-content\/uploads\/2021\/07\/5-12-2019-g-galdino-768x512.jpg 768w, https:\/\/pos.uel.br\/microbiologia\/wp-content\/uploads\/2021\/07\/5-12-2019-g-galdino-1536x1024.jpg 1536w, https:\/\/pos.uel.br\/microbiologia\/wp-content\/uploads\/2021\/07\/5-12-2019-g-galdino-2048x1365.jpg 2048w\" sizes=\"auto, (max-width: 1024px) 100vw, 1024px\" \/><\/a><\/figure><div class=\"wp-block-media-text__content\">\n<p class=\"has-normal-font-size\">Um insumo micorr\u00edzico para melhorar a produ\u00e7\u00e3o agr\u00edcola e controlar pragas em diversas culturas. Esse \u00e9 o resultado do projeto de pesquisa &#8220;Avalia\u00e7\u00e3o do efeito de bioprodutos e da inocula\u00e7\u00e3o micorr\u00edzica no controle da ferrugem da soja&#8221;, coordenado pelo professor Galdino Andrade, do Departamento de Microbiologia do Centro de Ci\u00eancias Biol\u00f3gicas (CCB), da Universidade Estadual de Londrina (UEL).<\/p>\n<\/div><\/div>\n\n\n\n<p><\/p>\n","protected":false},"excerpt":{"rendered":"<p>Impactos do Programa de P\u00f3s-Gradua\u00e7\u00e3o em Microbiologia: Quadri\u00eanio 2017-2020 Os estudantes do PPM t\u00eam desenvolvido junto aos seus docentes teses e disserta\u00e7\u00f5es com resultados que est\u00e3o gerando patentes (produtos e processos) e a descri\u00e7\u00e3o de novas esp\u00e9cies\/cepas de microrganismos com potencial biotecnol\u00f3gico. Essas descobertas t\u00eam potencial impacto econ\u00f4mico, pois s\u00e3o voltadas para: I) sa\u00fade \u2013 [&hellip;]<\/p>\n","protected":false},"author":8,"featured_media":0,"parent":0,"menu_order":0,"comment_status":"closed","ping_status":"closed","template":"","meta":{"_acf_changed":false,"footnotes":""},"class_list":["post-795","page","type-page","status-publish","hentry"],"acf":[],"_links":{"self":[{"href":"https:\/\/pos.uel.br\/microbiologia\/wp-json\/wp\/v2\/pages\/795","targetHints":{"allow":["GET"]}}],"collection":[{"href":"https:\/\/pos.uel.br\/microbiologia\/wp-json\/wp\/v2\/pages"}],"about":[{"href":"https:\/\/pos.uel.br\/microbiologia\/wp-json\/wp\/v2\/types\/page"}],"author":[{"embeddable":true,"href":"https:\/\/pos.uel.br\/microbiologia\/wp-json\/wp\/v2\/users\/8"}],"replies":[{"embeddable":true,"href":"https:\/\/pos.uel.br\/microbiologia\/wp-json\/wp\/v2\/comments?post=795"}],"version-history":[{"count":8,"href":"https:\/\/pos.uel.br\/microbiologia\/wp-json\/wp\/v2\/pages\/795\/revisions"}],"predecessor-version":[{"id":1100,"href":"https:\/\/pos.uel.br\/microbiologia\/wp-json\/wp\/v2\/pages\/795\/revisions\/1100"}],"wp:attachment":[{"href":"https:\/\/pos.uel.br\/microbiologia\/wp-json\/wp\/v2\/media?parent=795"}],"curies":[{"name":"wp","href":"https:\/\/api.w.org\/{rel}","templated":true}]}}