{"id":739,"date":"2021-06-30T17:04:33","date_gmt":"2021-06-30T20:04:33","guid":{"rendered":"https:\/\/pos.uel.br\/microbiologia\/?page_id=739"},"modified":"2022-05-11T14:49:23","modified_gmt":"2022-05-11T17:49:23","slug":"version-en-espanol","status":"publish","type":"page","link":"https:\/\/pos.uel.br\/microbiologia\/version-en-espanol\/","title":{"rendered":"Versi\u00f3n en Espa\u00f1ol"},"content":{"rendered":"\n<div class=\"wp-block-image\"><figure class=\"aligncenter size-large\"><img loading=\"lazy\" decoding=\"async\" width=\"787\" height=\"317\" src=\"https:\/\/pos.uel.br\/microbiologia\/wp-content\/uploads\/2021\/06\/cabecalho-1.png\" alt=\"\" class=\"wp-image-87\" srcset=\"https:\/\/pos.uel.br\/microbiologia\/wp-content\/uploads\/2021\/06\/cabecalho-1.png 787w, https:\/\/pos.uel.br\/microbiologia\/wp-content\/uploads\/2021\/06\/cabecalho-1-300x121.png 300w, https:\/\/pos.uel.br\/microbiologia\/wp-content\/uploads\/2021\/06\/cabecalho-1-768x309.png 768w\" sizes=\"auto, (max-width: 787px) 100vw, 787px\" \/><\/figure><\/div>\n\n\n\n<div style=\"height:38px\" aria-hidden=\"true\" class=\"wp-block-spacer\"><\/div>\n\n\n\n<p class=\"has-text-align-right\"><strong><a href=\"https:\/\/pos.uel.br\/microbiologia\/sobre-o-programa\/\" target=\"_blank\" rel=\"noreferrer noopener\">Vers\u00e3o em Portugu\u00eas<\/a>     <a href=\"https:\/\/pos.uel.br\/microbiologia\/english-version\/\" target=\"_blank\" rel=\"noreferrer noopener\">English version<\/a><\/strong><\/p>\n\n\n\n<h3 class=\"wp-block-heading\"><span class=\"has-inline-color has-primary-accent-color\">Programa de Posgrado en Microbiolog\u00eda<\/span><\/h3>\n\n\n\n<div style=\"height:36px\" aria-hidden=\"true\" class=\"wp-block-spacer\"><\/div>\n\n\n\n<p>El Programa de Posgrado en Microbiolog\u00eda (PPM) pretende formar recursos humanos calificados, capaces de contribuir al desarrollo de la investigaci\u00f3n cient\u00edfica y tecnol\u00f3gica en el pa\u00eds, a trav\u00e9s de proyectos innovadores y producci\u00f3n intelectual internacional en el \u00e1rea de Microbiolog\u00eda.<\/p>\n\n\n\n<div style=\"height:32px\" aria-hidden=\"true\" class=\"wp-block-spacer\"><\/div>\n\n\n\n<div class=\"wp-block-image\"><figure class=\"aligncenter size-large is-resized\"><img loading=\"lazy\" decoding=\"async\" src=\"https:\/\/pos.uel.br\/microbiologia\/wp-content\/uploads\/2021\/06\/Slide3-2-1024x576.jpg\" alt=\"\" class=\"wp-image-762\" width=\"677\" height=\"381\" srcset=\"https:\/\/pos.uel.br\/microbiologia\/wp-content\/uploads\/2021\/06\/Slide3-2-1024x576.jpg 1024w, https:\/\/pos.uel.br\/microbiologia\/wp-content\/uploads\/2021\/06\/Slide3-2-300x169.jpg 300w, https:\/\/pos.uel.br\/microbiologia\/wp-content\/uploads\/2021\/06\/Slide3-2-768x432.jpg 768w, https:\/\/pos.uel.br\/microbiologia\/wp-content\/uploads\/2021\/06\/Slide3-2.jpg 1280w\" sizes=\"auto, (max-width: 677px) 100vw, 677px\" \/><\/figure><\/div>\n\n\n\n<div style=\"height:35px\" aria-hidden=\"true\" class=\"wp-block-spacer\"><\/div>\n\n\n\n<p>Nota 5 de la CAPES (Evaluaci\u00f3n cuadrienal 2013-2016)<\/p>\n\n\n\n<div class=\"wp-block-image\"><figure class=\"aligncenter size-large is-resized\"><img loading=\"lazy\" decoding=\"async\" src=\"https:\/\/pos.uel.br\/microbiologia\/wp-content\/uploads\/2021\/06\/Slide17-1024x576.jpg\" alt=\"\" class=\"wp-image-763\" width=\"780\" height=\"439\" srcset=\"https:\/\/pos.uel.br\/microbiologia\/wp-content\/uploads\/2021\/06\/Slide17-1024x576.jpg 1024w, https:\/\/pos.uel.br\/microbiologia\/wp-content\/uploads\/2021\/06\/Slide17-300x169.jpg 300w, https:\/\/pos.uel.br\/microbiologia\/wp-content\/uploads\/2021\/06\/Slide17-768x432.jpg 768w, https:\/\/pos.uel.br\/microbiologia\/wp-content\/uploads\/2021\/06\/Slide17.jpg 1280w\" sizes=\"auto, (max-width: 780px) 100vw, 780px\" \/><\/figure><\/div>\n\n\n\n<div style=\"height:42px\" aria-hidden=\"true\" class=\"wp-block-spacer\"><\/div>\n\n\n\n<p class=\"has-medium-font-size\"><strong><span class=\"has-inline-color has-primary-accent-color\">Comit\u00e9 coordinador<\/span><\/strong><\/p>\n\n\n\n<div class=\"wp-block-image\"><figure class=\"aligncenter size-large is-resized\"><img loading=\"lazy\" decoding=\"async\" src=\"https:\/\/pos.uel.br\/microbiologia\/wp-content\/uploads\/2021\/06\/Slide20-1024x576.jpg\" alt=\"\" class=\"wp-image-764\" width=\"699\" height=\"393\" srcset=\"https:\/\/pos.uel.br\/microbiologia\/wp-content\/uploads\/2021\/06\/Slide20-1024x576.jpg 1024w, https:\/\/pos.uel.br\/microbiologia\/wp-content\/uploads\/2021\/06\/Slide20-300x169.jpg 300w, https:\/\/pos.uel.br\/microbiologia\/wp-content\/uploads\/2021\/06\/Slide20-768x432.jpg 768w, https:\/\/pos.uel.br\/microbiologia\/wp-content\/uploads\/2021\/06\/Slide20.jpg 1280w\" sizes=\"auto, (max-width: 699px) 100vw, 699px\" \/><\/figure><\/div>\n\n\n\n<div style=\"height:36px\" aria-hidden=\"true\" class=\"wp-block-spacer\"><\/div>\n\n\n\n<p>El PPM se enfoca en formar profesionales con la capacidad de comprender la biolog\u00eda, fisiolog\u00eda y gen\u00e9tica de los microorganismos, as\u00ed como la capacidad de evaluar los mecanismos moleculares presentes en la relaci\u00f3n microorganismo-hospedero. Adem\u00e1s, hay capacitaci\u00f3n en el campo de la innovaci\u00f3n tecnol\u00f3gica, centr\u00e1ndose en el desarrollo de productos y \/ o procesos aplicados a la salud humana, animal y vegetal. El cuerpo docente es multidisciplinar, compuesta por orientadores calificados en diferentes \u00e1reas de microbiolog\u00eda, que act\u00faan en el desarrollo de proyectos cient\u00edficos, innovaci\u00f3n y emprendimiento.<\/p>\n\n\n\n<div style=\"height:36px\" aria-hidden=\"true\" class=\"wp-block-spacer\"><\/div>\n\n\n\n<div class=\"wp-block-image\"><figure class=\"aligncenter size-large is-resized\"><img loading=\"lazy\" decoding=\"async\" src=\"https:\/\/pos.uel.br\/microbiologia\/wp-content\/uploads\/2021\/06\/Slide19-1024x576.jpg\" alt=\"\" class=\"wp-image-765\" width=\"684\" height=\"385\" srcset=\"https:\/\/pos.uel.br\/microbiologia\/wp-content\/uploads\/2021\/06\/Slide19-1024x576.jpg 1024w, https:\/\/pos.uel.br\/microbiologia\/wp-content\/uploads\/2021\/06\/Slide19-300x169.jpg 300w, https:\/\/pos.uel.br\/microbiologia\/wp-content\/uploads\/2021\/06\/Slide19-768x432.jpg 768w, https:\/\/pos.uel.br\/microbiologia\/wp-content\/uploads\/2021\/06\/Slide19.jpg 1280w\" sizes=\"auto, (max-width: 684px) 100vw, 684px\" \/><\/figure><\/div>\n\n\n\n<div style=\"height:38px\" aria-hidden=\"true\" class=\"wp-block-spacer\"><\/div>\n\n\n\n<p>El PPM ofrece programas de maestr\u00eda y doctorado de alta calidad para estudiantes interesados en microbiolog\u00eda. Con el apoyo de fondos de agencias federales y estatales de Paran\u00e1, fundaciones y empresas privadas, los orientadores realizan investigaciones calificadas que abordan importantes necesidades de la salud, de la econom\u00eda y de otros sectores de la sociedad. Las l\u00edneas de investigaci\u00f3n son Biolog\u00eda y Fisiolog\u00eda de Microorganismos, Biolog\u00eda Molecular de Microorganismos e Interacci\u00f3n Microorganismo-hospedero, que abordan las disciplinas de inmunolog\u00eda, ecolog\u00eda microbiana, gen\u00e9tica microbiana, fisiolog\u00eda microbiana, patog\u00e9nesis microbiana, bacteriolog\u00eda, biolog\u00eda molecular, protozoolog\u00eda, micolog\u00eda y virolog\u00eda. El programa de posgrado en Microbiolog\u00eda se beneficia sustancialmente de sus interacciones interdisciplinarias y colaboraciones con otros departamentos de la UEL y otras instituciones de ense\u00f1anza e de investigaci\u00f3n brasileras y extranjeras. Nuestros estudiantes tambi\u00e9n pueden realizar cursos en otros programas de la UEL, generando oportunidades para conocer nuevos investigadores desde diferentes perspectivas.<\/p>\n\n\n\n<div style=\"height:32px\" aria-hidden=\"true\" class=\"wp-block-spacer\"><\/div>\n\n\n\n<p class=\"has-medium-font-size\"><strong><span class=\"has-inline-color has-primary-accent-color\">\u00c1rea de investigaci\u00f3n de PPM:<\/span><\/strong><\/p>\n\n\n\n<div class=\"wp-block-image\"><figure class=\"aligncenter size-large is-resized\"><img loading=\"lazy\" decoding=\"async\" src=\"https:\/\/pos.uel.br\/microbiologia\/wp-content\/uploads\/2021\/06\/Slide18-1024x576.jpg\" alt=\"\" class=\"wp-image-766\" width=\"713\" height=\"401\" srcset=\"https:\/\/pos.uel.br\/microbiologia\/wp-content\/uploads\/2021\/06\/Slide18-1024x576.jpg 1024w, https:\/\/pos.uel.br\/microbiologia\/wp-content\/uploads\/2021\/06\/Slide18-300x169.jpg 300w, https:\/\/pos.uel.br\/microbiologia\/wp-content\/uploads\/2021\/06\/Slide18-768x432.jpg 768w, https:\/\/pos.uel.br\/microbiologia\/wp-content\/uploads\/2021\/06\/Slide18.jpg 1280w\" sizes=\"auto, (max-width: 713px) 100vw, 713px\" \/><\/figure><\/div>\n\n\n\n<div style=\"height:35px\" aria-hidden=\"true\" class=\"wp-block-spacer\"><\/div>\n\n\n\n<p class=\"has-medium-font-size\"><strong><span class=\"has-inline-color has-primary-accent-color\">Perfil del egresado<\/span><\/strong><\/p>\n\n\n\n<p>El PPM tiene como perfil de posgrado el profesional con capacitaci\u00f3n t\u00e9cnica, humanista, reflexiva y cr\u00edtica en Microbiolog\u00eda, capacitado para trabajar en diferentes sub\u00e1reas (Virolog\u00eda, Bacteriolog\u00eda, Micolog\u00eda, Protozoolog\u00eda), con el objetivo de producir y difundir conocimiento.<\/p>\n\n\n\n<p>El PPM contribuye a la formaci\u00f3n de recursos humanos locales, de diferentes estados de Brasil y de pa\u00edses de Am\u00e9rica Latina.<\/p>\n\n\n\n<div style=\"height:38px\" aria-hidden=\"true\" class=\"wp-block-spacer\"><\/div>\n\n\n\n<p class=\"has-medium-font-size\"><strong><span class=\"has-inline-color has-primary-accent-color\">Los cursos reconocidos por la CAPES<\/span><\/strong><\/p>\n\n\n\n<figure class=\"wp-block-image alignwide size-large\"><img loading=\"lazy\" decoding=\"async\" width=\"1024\" height=\"576\" src=\"https:\/\/pos.uel.br\/microbiologia\/wp-content\/uploads\/2021\/06\/Slide22-1024x576.jpg\" alt=\"\" class=\"wp-image-767\" srcset=\"https:\/\/pos.uel.br\/microbiologia\/wp-content\/uploads\/2021\/06\/Slide22-1024x576.jpg 1024w, https:\/\/pos.uel.br\/microbiologia\/wp-content\/uploads\/2021\/06\/Slide22-300x169.jpg 300w, https:\/\/pos.uel.br\/microbiologia\/wp-content\/uploads\/2021\/06\/Slide22-768x432.jpg 768w, https:\/\/pos.uel.br\/microbiologia\/wp-content\/uploads\/2021\/06\/Slide22.jpg 1280w\" sizes=\"auto, (max-width: 1024px) 100vw, 1024px\" \/><\/figure>\n\n\n\n<div style=\"height:42px\" aria-hidden=\"true\" class=\"wp-block-spacer\"><\/div>\n\n\n\n<p class=\"has-medium-font-size\"><strong><span class=\"has-inline-color has-primary-accent-color\">Requisitos para obtener el t\u00edtulo<\/span><\/strong><\/p>\n\n\n\n<figure class=\"wp-block-image alignwide size-large\"><img loading=\"lazy\" decoding=\"async\" width=\"1024\" height=\"576\" src=\"https:\/\/pos.uel.br\/microbiologia\/wp-content\/uploads\/2021\/06\/Slide23-1024x576.jpg\" alt=\"\" class=\"wp-image-768\" srcset=\"https:\/\/pos.uel.br\/microbiologia\/wp-content\/uploads\/2021\/06\/Slide23-1024x576.jpg 1024w, https:\/\/pos.uel.br\/microbiologia\/wp-content\/uploads\/2021\/06\/Slide23-300x169.jpg 300w, https:\/\/pos.uel.br\/microbiologia\/wp-content\/uploads\/2021\/06\/Slide23-768x432.jpg 768w, https:\/\/pos.uel.br\/microbiologia\/wp-content\/uploads\/2021\/06\/Slide23.jpg 1280w\" sizes=\"auto, (max-width: 1024px) 100vw, 1024px\" \/><\/figure>\n\n\n\n<figure class=\"wp-block-image alignwide size-large\"><img loading=\"lazy\" decoding=\"async\" width=\"1024\" height=\"576\" src=\"https:\/\/pos.uel.br\/microbiologia\/wp-content\/uploads\/2021\/06\/Slide24-1024x576.jpg\" alt=\"\" class=\"wp-image-769\" srcset=\"https:\/\/pos.uel.br\/microbiologia\/wp-content\/uploads\/2021\/06\/Slide24-1024x576.jpg 1024w, https:\/\/pos.uel.br\/microbiologia\/wp-content\/uploads\/2021\/06\/Slide24-300x169.jpg 300w, https:\/\/pos.uel.br\/microbiologia\/wp-content\/uploads\/2021\/06\/Slide24-768x432.jpg 768w, https:\/\/pos.uel.br\/microbiologia\/wp-content\/uploads\/2021\/06\/Slide24.jpg 1280w\" sizes=\"auto, (max-width: 1024px) 100vw, 1024px\" \/><\/figure>\n\n\n\n<div style=\"height:34px\" aria-hidden=\"true\" class=\"wp-block-spacer\"><\/div>\n\n\n\n<p class=\"has-medium-font-size\"><strong><span class=\"has-inline-color has-primary-accent-color\">\u00bfQui\u00e9n puede inscribirse?<\/span><\/strong><\/p>\n\n\n\n<p>Estudiantes graduados en medicina, medicina veterinaria, farmacia, odontolog\u00eda, ciencias biol\u00f3gicas, enfermer\u00eda, biomedicina, fisioterapia, agronom\u00eda, biotecnolog\u00eda, microbiolog\u00eda, zootecnia nutrici\u00f3n, y \u00e1reas relacionadas.<\/p>\n\n\n\n<div style=\"height:30px\" aria-hidden=\"true\" class=\"wp-block-spacer\"><\/div>\n\n\n\n<p><strong><span class=\"has-inline-color has-primary-accent-color\">Maestr\u00eda en microbiolog\u00eda<\/span><\/strong><\/p>\n\n\n\n<p>Actualmente se ofrecen veinte (20) cupos para la admisi\u00f3n a la maestr\u00eda en Microbiolog\u00eda.<\/p>\n\n\n\n<p><strong>Aplicaci\u00f3n y admisi\u00f3n<\/strong><\/p>\n\n\n\n<p>El programa comienza en el primer semestre del a\u00f1o escolar.<\/p>\n\n\n\n<p>Los candidatos deben seguir las instrucciones de la convocatoria de la selecci\u00f3n en la p\u00e1gina del PPM y enviar la documentaci\u00f3n antes de la fecha l\u00edmite.<\/p>\n\n\n\n<div style=\"height:40px\" aria-hidden=\"true\" class=\"wp-block-spacer\"><\/div>\n\n\n\n<p><strong><span class=\"has-inline-color has-primary-accent-color\">Doctorado en Microbiolog\u00eda<\/span><\/strong><\/p>\n\n\n\n<p>Actualmente se ofrecen ocho vacantes para la admisi\u00f3n al Programa de Doctorado.<\/p>\n\n\n\n<p><strong>Aplicaci\u00f3n y admisi\u00f3n<\/strong><\/p>\n\n\n\n<p>El programa comienza en el primer semestre del a\u00f1o escolar.<\/p>\n\n\n\n<p>Los candidatos deben seguir las instrucciones de la convocatoria de la selecci\u00f3n en la p\u00e1gina del PPM y enviar la documentaci\u00f3n antes de la fecha l\u00edmite.<\/p>\n\n\n\n<p class=\"has-medium-font-size\"><strong><span class=\"has-inline-color has-primary-accent-color\">Procedimientos de inscripci\u00f3n y m\u00e1s informaciones.<\/span><\/strong><\/p>\n\n\n\n<p>Para obtener informaci\u00f3n sobre la admisi\u00f3n a nuestros programas de posgrado y procedimientos de inscripci\u00f3n, revisa el aviso y visite:<\/p>\n\n\n\n<p><a href=\"https:\/\/pos.uel.br\/microbiologia\/selecao-2\/\" target=\"_blank\" rel=\"noreferrer noopener\">Selecci\u00f3n de estudiantes regulares de maestr\u00eda<\/a><\/p>\n\n\n\n<p><a rel=\"noreferrer noopener\" href=\"https:\/\/pos.uel.br\/microbiologia\/selecao\/\" target=\"_blank\">Selecci\u00f3n de estudiantes regulares de doctorado<\/a><\/p>\n\n\n\n<div style=\"height:35px\" aria-hidden=\"true\" class=\"wp-block-spacer\"><\/div>\n\n\n\n<div class=\"wp-block-image\"><figure class=\"aligncenter size-large is-resized\"><img loading=\"lazy\" decoding=\"async\" src=\"https:\/\/pos.uel.br\/microbiologia\/wp-content\/uploads\/2021\/06\/Slide21-1024x576.jpg\" alt=\"\" class=\"wp-image-770\" width=\"903\" height=\"508\" srcset=\"https:\/\/pos.uel.br\/microbiologia\/wp-content\/uploads\/2021\/06\/Slide21-1024x576.jpg 1024w, https:\/\/pos.uel.br\/microbiologia\/wp-content\/uploads\/2021\/06\/Slide21-300x169.jpg 300w, https:\/\/pos.uel.br\/microbiologia\/wp-content\/uploads\/2021\/06\/Slide21-768x432.jpg 768w, https:\/\/pos.uel.br\/microbiologia\/wp-content\/uploads\/2021\/06\/Slide21.jpg 1280w\" sizes=\"auto, (max-width: 903px) 100vw, 903px\" \/><\/figure><\/div>\n\n\n\n<div style=\"height:36px\" aria-hidden=\"true\" class=\"wp-block-spacer\"><\/div>\n","protected":false},"excerpt":{"rendered":"<p>Vers\u00e3o em Portugu\u00eas English version Programa de Posgrado en Microbiolog\u00eda El Programa de Posgrado en Microbiolog\u00eda (PPM) pretende formar recursos humanos calificados, capaces de contribuir al desarrollo de la investigaci\u00f3n cient\u00edfica y tecnol\u00f3gica en el pa\u00eds, a trav\u00e9s de proyectos innovadores y producci\u00f3n intelectual internacional en el \u00e1rea de Microbiolog\u00eda. Nota 5 de la CAPES [&hellip;]<\/p>\n","protected":false},"author":8,"featured_media":0,"parent":0,"menu_order":0,"comment_status":"closed","ping_status":"closed","template":"","meta":{"_acf_changed":false,"footnotes":""},"class_list":["post-739","page","type-page","status-publish","hentry"],"acf":[],"_links":{"self":[{"href":"https:\/\/pos.uel.br\/microbiologia\/wp-json\/wp\/v2\/pages\/739","targetHints":{"allow":["GET"]}}],"collection":[{"href":"https:\/\/pos.uel.br\/microbiologia\/wp-json\/wp\/v2\/pages"}],"about":[{"href":"https:\/\/pos.uel.br\/microbiologia\/wp-json\/wp\/v2\/types\/page"}],"author":[{"embeddable":true,"href":"https:\/\/pos.uel.br\/microbiologia\/wp-json\/wp\/v2\/users\/8"}],"replies":[{"embeddable":true,"href":"https:\/\/pos.uel.br\/microbiologia\/wp-json\/wp\/v2\/comments?post=739"}],"version-history":[{"count":5,"href":"https:\/\/pos.uel.br\/microbiologia\/wp-json\/wp\/v2\/pages\/739\/revisions"}],"predecessor-version":[{"id":1126,"href":"https:\/\/pos.uel.br\/microbiologia\/wp-json\/wp\/v2\/pages\/739\/revisions\/1126"}],"wp:attachment":[{"href":"https:\/\/pos.uel.br\/microbiologia\/wp-json\/wp\/v2\/media?parent=739"}],"curies":[{"name":"wp","href":"https:\/\/api.w.org\/{rel}","templated":true}]}}