{"id":7,"date":"2021-04-26T21:27:56","date_gmt":"2021-04-27T00:27:56","guid":{"rendered":"https:\/\/pos.uel.br\/microbiologia\/?page_id=7"},"modified":"2025-05-20T11:05:21","modified_gmt":"2025-05-20T14:05:21","slug":"historico","status":"publish","type":"page","link":"https:\/\/pos.uel.br\/microbiologia\/historico\/","title":{"rendered":"Hist\u00f3rico"},"content":{"rendered":"<div class=\"wp-block-image\">\n<figure class=\"aligncenter size-large\"><img loading=\"lazy\" decoding=\"async\" width=\"787\" height=\"317\" src=\"https:\/\/pos.uel.br\/microbiologia\/wp-content\/uploads\/2021\/06\/cabecalho-1.png\" alt=\"\" class=\"wp-image-87\" srcset=\"https:\/\/pos.uel.br\/microbiologia\/wp-content\/uploads\/2021\/06\/cabecalho-1.png 787w, https:\/\/pos.uel.br\/microbiologia\/wp-content\/uploads\/2021\/06\/cabecalho-1-300x121.png 300w, https:\/\/pos.uel.br\/microbiologia\/wp-content\/uploads\/2021\/06\/cabecalho-1-768x309.png 768w\" sizes=\"auto, (max-width: 787px) 100vw, 787px\" \/><\/figure>\n<\/div>\n\n\n<p>O<strong> Programa de P\u00f3s-Gradua\u00e7\u00e3o em Microbiologia<\/strong> (PPM) da Universidade Estadual de Londrina (UEL) (com mestrado em 1989 e o Doutorado em 2002) com sede em Departamento de Microbiologia (UEL). \u00e1rea que poder\u00e1 contribuir para o desenvolvimento do ensino, fazer pesquisas cient\u00edficas, tecnol\u00f3gicas e de inova\u00e7\u00e3o de qualidade no pa\u00eds. O PPM congrega 18 docentes\/pesquisadores: Departamentos de Microbiologia (12) e Ci\u00eancias Patol\u00f3gicas (2), Universidade Estadual de Maring\u00e1 [Departamento de Ci\u00eancias B\u00e1sicas da Sa\u00fade (1)], Empresa Brasileira de Pesquisa Agropecu\u00e1ria (EMBRAPA-Soja) (2) e Instituro Adolf Lutz\/Presidente Prudente (1). A maioria dos docentes do PPM (88%) ministra disciplinas curriculares para cursos de Gradua\u00e7\u00e3o (Agronomia, Biomedicina, Biotecnologia, Ci\u00eancias Biol\u00f3gicas, Enfermagem, Farm\u00e1cia, Fisioterapia, Medicina, Nutri\u00e7\u00e3o, Odontologia e Zootecnia) e oferece est\u00e1gios curriculares e colabora para os acad\u00eamicos. Todos os docentes participam como orientadores de acad\u00eamicos de gradua\u00e7\u00e3o e \/ ou ensino m\u00e9dio em programas de inicia\u00e7\u00e3o cient\u00edfica, extensionista e de desenvolvimento tecnol\u00f3gico e industrial.<\/p>\n\n\n\n<p>A atividade de pesquisa do programa est\u00e1 fundamentada em uma \u00e1rea de concentra\u00e7\u00e3o (Microbiologia) que se distribui em tr\u00eas linhas de pesquisa principais: Biologia e Fisiologia de Microrganismos, Gen\u00e9tica e Biologia Molecular de Microrganismos e Intera\u00e7\u00e3o Microrganismo-Hospedeiro, agregando diversos projetos atuais nas diferentes sub\u00e1reas (Bacteriologia, Micologia, Virologia e Protozoologia) e que tamb\u00e9m contribuem para a resolu\u00e7\u00e3o de problemas regionais, nacionais e\/ou mundiais. O PPM realiza interc\u00e2mbios com institui\u00e7\u00f5es de ensino e pesquisa nacionais e estrangeiras, participando mutuamente de projetos que permitem uma troca cont\u00ednua de conhecimento e fortalecimento de linhas de pesquisa.<\/p>\n\n\n\n<p>O PPM tem contribu\u00eddo para a forma\u00e7\u00e3o de recursos humanos locais, e oriundos de diversos estados (PR, AM, RS, SP) e da Am\u00e9rica Latina (Cuba). Atualmente s\u00e3o ofertadas vinte vagas para ingresso no Mestrado e quinze vagas para o Doutorado. Um total de <strong>529<\/strong> profissionais (<strong>413<\/strong> Mestres e <strong>116<\/strong> Doutores) foram titulados desde sua cria\u00e7\u00e3o. Todos os estudantes do PPM realizando o Est\u00e1gio em A\u00e7\u00e3o O ensino ministra aulas te\u00f3ricas e pr\u00e1ticas nos cursos de gradua\u00e7\u00e3o, contribuindo para a sua forma\u00e7\u00e3o did\u00e1tica bem como uma divulga\u00e7\u00e3o direta do conhecimento adquirido no seu trabalho de p\u00f3s-gradua\u00e7\u00e3o. Al\u00e9m disso, os membros do programa est\u00e3o comprometidos com a organiza\u00e7\u00e3o, a cada dois anos, de um evento cient\u00edfico, com a divulga\u00e7\u00e3o dos trabalhos cient\u00edficos na \u00e1rea de Microbiologia gerada no PPM e em v\u00e1rias inst\u00e2ncias de pesquisa, as p\u00fablicas p\u00fablicas e privatiza\u00e7\u00f5es, refor\u00e7ando uma inser\u00e7\u00e3o social do Programa,<\/p>\n\n\n\n<p>Atualizado em <strong>20\/05\/2025<\/strong><\/p>\n\n\n\n<p><\/p>\n\n\n\n<p><\/p>\n","protected":false},"excerpt":{"rendered":"<p>O Programa de P\u00f3s-Gradua\u00e7\u00e3o em Microbiologia (PPM) da Universidade Estadual de Londrina (UEL) (com mestrado em 1989 e o Doutorado em 2002) com sede em Departamento de Microbiologia (UEL). \u00e1rea que poder\u00e1 contribuir para o desenvolvimento do ensino, fazer pesquisas cient\u00edficas, tecnol\u00f3gicas e de inova\u00e7\u00e3o de qualidade no pa\u00eds. O PPM congrega 18 docentes\/pesquisadores: Departamentos [&hellip;]<\/p>\n","protected":false},"author":8,"featured_media":0,"parent":0,"menu_order":0,"comment_status":"closed","ping_status":"closed","template":"","meta":{"_acf_changed":false,"footnotes":""},"class_list":["post-7","page","type-page","status-publish","hentry"],"acf":[],"_links":{"self":[{"href":"https:\/\/pos.uel.br\/microbiologia\/wp-json\/wp\/v2\/pages\/7","targetHints":{"allow":["GET"]}}],"collection":[{"href":"https:\/\/pos.uel.br\/microbiologia\/wp-json\/wp\/v2\/pages"}],"about":[{"href":"https:\/\/pos.uel.br\/microbiologia\/wp-json\/wp\/v2\/types\/page"}],"author":[{"embeddable":true,"href":"https:\/\/pos.uel.br\/microbiologia\/wp-json\/wp\/v2\/users\/8"}],"replies":[{"embeddable":true,"href":"https:\/\/pos.uel.br\/microbiologia\/wp-json\/wp\/v2\/comments?post=7"}],"version-history":[{"count":16,"href":"https:\/\/pos.uel.br\/microbiologia\/wp-json\/wp\/v2\/pages\/7\/revisions"}],"predecessor-version":[{"id":2454,"href":"https:\/\/pos.uel.br\/microbiologia\/wp-json\/wp\/v2\/pages\/7\/revisions\/2454"}],"wp:attachment":[{"href":"https:\/\/pos.uel.br\/microbiologia\/wp-json\/wp\/v2\/media?parent=7"}],"curies":[{"name":"wp","href":"https:\/\/api.w.org\/{rel}","templated":true}]}}