{"id":6,"date":"2021-04-26T21:27:56","date_gmt":"2021-04-27T00:27:56","guid":{"rendered":"https:\/\/pos.uel.br\/microbiologia\/?page_id=6"},"modified":"2025-06-02T10:37:17","modified_gmt":"2025-06-02T13:37:17","slug":"sobre-o-programa","status":"publish","type":"page","link":"https:\/\/pos.uel.br\/microbiologia\/sobre-o-programa\/","title":{"rendered":"Sobre o programa"},"content":{"rendered":"<div class=\"wp-block-image\">\n<figure class=\"aligncenter size-large\"><img loading=\"lazy\" decoding=\"async\" width=\"787\" height=\"317\" src=\"https:\/\/pos.uel.br\/microbiologia\/wp-content\/uploads\/2021\/06\/cabecalho-1.png\" alt=\"\" class=\"wp-image-87\" srcset=\"https:\/\/pos.uel.br\/microbiologia\/wp-content\/uploads\/2021\/06\/cabecalho-1.png 787w, https:\/\/pos.uel.br\/microbiologia\/wp-content\/uploads\/2021\/06\/cabecalho-1-300x121.png 300w, https:\/\/pos.uel.br\/microbiologia\/wp-content\/uploads\/2021\/06\/cabecalho-1-768x309.png 768w\" sizes=\"auto, (max-width: 787px) 100vw, 787px\" \/><\/figure>\n<\/div>\n\n\n<h3 class=\"wp-block-heading\" id=\"block-e898df4f-7d12-4215-beab-4d11e3b994f6\"><mark class=\"has-inline-color has-primary-accent-color\">PROGRAMA DE P\u00d3S-GRADUA\u00c7\u00c3O EM MICROBIOLOGIA<\/mark><\/h3>\n\n\n\n<p>O Programa de P\u00f3s-Gradua\u00e7\u00e3o em Microbiologia (PPM) da Universidade Estadual de Londrina (UEL) (cria\u00e7\u00e3o do Mestrado em 1989 e do Doutorado em 2002) tem sede no Departamento de Microbiologia, do Centro de Ci\u00eancias Biol\u00f3gicas. <\/p>\n\n\n<div class=\"wp-block-image\">\n<figure class=\"aligncenter size-large is-resized\"><img loading=\"lazy\" decoding=\"async\" width=\"1024\" height=\"576\" src=\"https:\/\/pos.uel.br\/microbiologia\/wp-content\/uploads\/2021\/06\/Slide4-2-1024x576.png\" alt=\"\" class=\"wp-image-317\" style=\"width:462px;height:260px\" srcset=\"https:\/\/pos.uel.br\/microbiologia\/wp-content\/uploads\/2021\/06\/Slide4-2-1024x576.png 1024w, https:\/\/pos.uel.br\/microbiologia\/wp-content\/uploads\/2021\/06\/Slide4-2-300x169.png 300w, https:\/\/pos.uel.br\/microbiologia\/wp-content\/uploads\/2021\/06\/Slide4-2-768x432.png 768w, https:\/\/pos.uel.br\/microbiologia\/wp-content\/uploads\/2021\/06\/Slide4-2.png 1280w\" sizes=\"auto, (max-width: 1024px) 100vw, 1024px\" \/><\/figure>\n<\/div>\n\n\n<div style=\"height:37px\" aria-hidden=\"true\" class=\"wp-block-spacer\"><\/div>\n\n\n\n<p>Nota 5 da CAPES (Avalia\u00e7\u00e3o Quadrienal 2017-2020).<\/p>\n\n\n<div class=\"wp-block-image\">\n<figure class=\"aligncenter size-large is-resized\"><img loading=\"lazy\" decoding=\"async\" width=\"1024\" height=\"576\" src=\"https:\/\/pos.uel.br\/microbiologia\/wp-content\/uploads\/2021\/06\/Slide1-7-1024x576.jpg\" alt=\"\" class=\"wp-image-697\" style=\"width:501px;height:282px\" srcset=\"https:\/\/pos.uel.br\/microbiologia\/wp-content\/uploads\/2021\/06\/Slide1-7-1024x576.jpg 1024w, https:\/\/pos.uel.br\/microbiologia\/wp-content\/uploads\/2021\/06\/Slide1-7-300x169.jpg 300w, https:\/\/pos.uel.br\/microbiologia\/wp-content\/uploads\/2021\/06\/Slide1-7-768x432.jpg 768w, https:\/\/pos.uel.br\/microbiologia\/wp-content\/uploads\/2021\/06\/Slide1-7.jpg 1280w\" sizes=\"auto, (max-width: 1024px) 100vw, 1024px\" \/><\/figure>\n<\/div>\n\n\n<div style=\"height:37px\" aria-hidden=\"true\" class=\"wp-block-spacer\"><\/div>\n\n\n\n<p class=\"has-medium-font-size\"><strong><mark class=\"has-inline-color has-primary-accent-color\">Comiss\u00e3o coordenadora:<\/mark><\/strong><\/p>\n\n\n\n<p>Coordenador: <strong><mark class=\"has-inline-color has-secondary-accent-color\">Prof. S\u00e9rgio Paulo Dejato da Rocha<\/mark><\/strong><\/p>\n\n\n\n<p>Vice-coordenador: <strong><mark class=\"has-inline-color has-secondary-accent-color\">Prof. Lucy Megumi Yamauchi Lioni<\/mark><\/strong><\/p>\n\n\n\n<p>Membro:<strong> Prof. <mark class=\"has-inline-color has-secondary-accent-color\">Renata Katsuko Takayama Kobayashi<\/mark><\/strong><\/p>\n\n\n\n<p>Membro: <strong><mark class=\"has-inline-color has-secondary-accent-color\">Prof. Phileno Pinge Filho<\/mark><\/strong><\/p>\n\n\n\n<p>DIscente: <strong><mark class=\"has-inline-color has-secondary-accent-color\">Victor Hugo Montini<\/mark><\/strong><\/p>\n\n\n\n<div style=\"height:41px\" aria-hidden=\"true\" class=\"wp-block-spacer\"><\/div>\n\n\n\n<p>O PPM concentra-se em formar profissionais com a capacidade de estudar a biologia, fisiologia e gen\u00e9tica de microrganismos, bem como a capacidade de avaliar os mecanismos moleculares envolvidos na rela\u00e7\u00e3o microrganismo-hospedeiro. Al\u00e9m disso, os profissionais formados s\u00e3o capazes de desenvolver pesquisas no campo da inova\u00e7\u00e3o tecnol\u00f3gica, com foco no desenvolvimento de produtos e\/ou processos aplicados \u00e0 sa\u00fade humana, animal e de plantas.<br>O corpo docente do PPM \u00e9 multidisciplinar, composto por orientadores qualificados em diferentes \u00e1reas da Microbiologia que atuam no desenvolvimento de projetos cient\u00edficos, de inova\u00e7\u00e3o e empreendedorismo.<\/p>\n\n\n\n<div style=\"height:30px\" aria-hidden=\"true\" class=\"wp-block-spacer\"><\/div>\n\n\n<div class=\"wp-block-image\">\n<figure class=\"aligncenter size-large is-resized\"><img loading=\"lazy\" decoding=\"async\" width=\"1024\" height=\"576\" src=\"https:\/\/pos.uel.br\/microbiologia\/wp-content\/uploads\/2021\/06\/Slide3-1-1024x576.jpg\" alt=\"\" class=\"wp-image-695\" style=\"width:658px;height:370px\" srcset=\"https:\/\/pos.uel.br\/microbiologia\/wp-content\/uploads\/2021\/06\/Slide3-1-1024x576.jpg 1024w, https:\/\/pos.uel.br\/microbiologia\/wp-content\/uploads\/2021\/06\/Slide3-1-300x169.jpg 300w, https:\/\/pos.uel.br\/microbiologia\/wp-content\/uploads\/2021\/06\/Slide3-1-768x432.jpg 768w, https:\/\/pos.uel.br\/microbiologia\/wp-content\/uploads\/2021\/06\/Slide3-1.jpg 1280w\" sizes=\"auto, (max-width: 1024px) 100vw, 1024px\" \/><\/figure>\n<\/div>\n\n\n<div style=\"height:32px\" aria-hidden=\"true\" class=\"wp-block-spacer\"><\/div>\n\n\n\n<p>Apoiados por financiamento de ag\u00eancias federais e estaduais do Paran\u00e1, funda\u00e7\u00f5es e empresas privadas, os orientadores realizam pesquisas conceituadas que abordam importantes necessidades da sociedade, como sa\u00fade humana e animal, agr\u00edcolas e ambientais. O PPM se beneficia substancialmente de suas intera\u00e7\u00f5es interdisciplinares e colabora\u00e7\u00f5es com outros departamentos da UEL e de outras institui\u00e7\u00f5es de ensino e pesquisa brasileiros e estrangeiros. Nossos estudantes podem fazer disciplinas em outros programas de p\u00f3s-gradua\u00e7\u00e3o da UEL e de outras institui\u00e7\u00f5es, gerando oportunidades de conhecerem novos pesquisadores com diferentes perspectivas.<\/p>\n\n\n\n<div style=\"height:35px\" aria-hidden=\"true\" class=\"wp-block-spacer\"><\/div>\n\n\n\n<p class=\"has-medium-font-size\"><strong><span class=\"has-inline-color has-primary-accent-color\">\u00c1rea de Pesquisa do PPM:<\/span><\/strong><\/p>\n\n\n<div class=\"wp-block-image\">\n<figure class=\"aligncenter size-large is-resized\"><img loading=\"lazy\" decoding=\"async\" width=\"1024\" height=\"576\" src=\"https:\/\/pos.uel.br\/microbiologia\/wp-content\/uploads\/2021\/06\/Slide2-1-1024x576.jpg\" alt=\"\" class=\"wp-image-696\" style=\"width:686px;height:386px\" srcset=\"https:\/\/pos.uel.br\/microbiologia\/wp-content\/uploads\/2021\/06\/Slide2-1-1024x576.jpg 1024w, https:\/\/pos.uel.br\/microbiologia\/wp-content\/uploads\/2021\/06\/Slide2-1-300x169.jpg 300w, https:\/\/pos.uel.br\/microbiologia\/wp-content\/uploads\/2021\/06\/Slide2-1-768x432.jpg 768w, https:\/\/pos.uel.br\/microbiologia\/wp-content\/uploads\/2021\/06\/Slide2-1.jpg 1280w\" sizes=\"auto, (max-width: 1024px) 100vw, 1024px\" \/><\/figure>\n<\/div>\n\n\n<div style=\"height:38px\" aria-hidden=\"true\" class=\"wp-block-spacer\"><\/div>\n\n\n\n<p class=\"has-medium-font-size\"><strong><span class=\"has-inline-color has-primary-accent-color\">Perfil de egresso<\/span><\/strong><\/p>\n\n\n\n<p>O egresso do PPM tem como perfil um profissional com forma\u00e7\u00e3o t\u00e9cnica, human\u00edstica, reflexiva e cr\u00edtica em Microbiologia, capacitado para atuar em diferentes sub\u00e1reas (Virologia, Bacteriologia, Micologia, Protozoologia), com o objetivo de produzir e disseminar conhecimentos.<\/p>\n\n\n\n<p>O PPM contribui para a forma\u00e7\u00e3o de recursos humanos locais, de diferentes estados do Brasil e de outros pa\u00edses.<\/p>\n\n\n\n<div style=\"height:40px\" aria-hidden=\"true\" class=\"wp-block-spacer\"><\/div>\n\n\n\n<p class=\"has-medium-font-size\"><strong><span class=\"has-inline-color has-primary-accent-color\">Os cursos reconhecidos pela CAPES<\/span><\/strong><\/p>\n\n\n\n<figure class=\"wp-block-image alignwide size-large\"><img loading=\"lazy\" decoding=\"async\" width=\"1024\" height=\"576\" src=\"https:\/\/pos.uel.br\/microbiologia\/wp-content\/uploads\/2021\/06\/Slide6-1-1024x576.jpg\" alt=\"\" class=\"wp-image-699\" srcset=\"https:\/\/pos.uel.br\/microbiologia\/wp-content\/uploads\/2021\/06\/Slide6-1-1024x576.jpg 1024w, https:\/\/pos.uel.br\/microbiologia\/wp-content\/uploads\/2021\/06\/Slide6-1-300x169.jpg 300w, https:\/\/pos.uel.br\/microbiologia\/wp-content\/uploads\/2021\/06\/Slide6-1-768x432.jpg 768w, https:\/\/pos.uel.br\/microbiologia\/wp-content\/uploads\/2021\/06\/Slide6-1.jpg 1280w\" sizes=\"auto, (max-width: 1024px) 100vw, 1024px\" \/><\/figure>\n\n\n\n<p>A organiza\u00e7\u00e3o curricular compreende (sendo atribu\u00eddo 1 cr\u00e9dito a cada 15 h) e abrange disciplinas de imunologia, ecologia microbiana, gen\u00e9tica microbiana, fisiologia microbiana, patog\u00eanese microbiana e biologia molecular microbiana.<\/p>\n\n\n\n<div style=\"height:35px\" aria-hidden=\"true\" class=\"wp-block-spacer\"><\/div>\n\n\n\n<p class=\"has-medium-font-size\"><strong><span class=\"has-inline-color has-primary-accent-color\">Requisitos para obten\u00e7\u00e3o do t\u00edtulo:<\/span><\/strong><\/p>\n\n\n\n<figure class=\"wp-block-image alignwide size-large\"><img loading=\"lazy\" decoding=\"async\" width=\"1024\" height=\"576\" src=\"https:\/\/pos.uel.br\/microbiologia\/wp-content\/uploads\/2021\/06\/Slide7-1-1024x576.jpg\" alt=\"\" class=\"wp-image-704\" srcset=\"https:\/\/pos.uel.br\/microbiologia\/wp-content\/uploads\/2021\/06\/Slide7-1-1024x576.jpg 1024w, https:\/\/pos.uel.br\/microbiologia\/wp-content\/uploads\/2021\/06\/Slide7-1-300x169.jpg 300w, https:\/\/pos.uel.br\/microbiologia\/wp-content\/uploads\/2021\/06\/Slide7-1-768x432.jpg 768w, https:\/\/pos.uel.br\/microbiologia\/wp-content\/uploads\/2021\/06\/Slide7-1.jpg 1280w\" sizes=\"auto, (max-width: 1024px) 100vw, 1024px\" \/><\/figure>\n\n\n\n<div style=\"height:37px\" aria-hidden=\"true\" class=\"wp-block-spacer\"><\/div>\n\n\n\n<figure class=\"wp-block-image alignwide size-large\"><img loading=\"lazy\" decoding=\"async\" width=\"1024\" height=\"576\" src=\"https:\/\/pos.uel.br\/microbiologia\/wp-content\/uploads\/2021\/06\/Slide8-1-1024x576.jpg\" alt=\"\" class=\"wp-image-705\" srcset=\"https:\/\/pos.uel.br\/microbiologia\/wp-content\/uploads\/2021\/06\/Slide8-1-1024x576.jpg 1024w, https:\/\/pos.uel.br\/microbiologia\/wp-content\/uploads\/2021\/06\/Slide8-1-300x169.jpg 300w, https:\/\/pos.uel.br\/microbiologia\/wp-content\/uploads\/2021\/06\/Slide8-1-768x432.jpg 768w, https:\/\/pos.uel.br\/microbiologia\/wp-content\/uploads\/2021\/06\/Slide8-1.jpg 1280w\" sizes=\"auto, (max-width: 1024px) 100vw, 1024px\" \/><\/figure>\n\n\n\n<div style=\"height:31px\" aria-hidden=\"true\" class=\"wp-block-spacer\"><\/div>\n\n\n\n<p class=\"has-medium-font-size\"><strong><span class=\"has-inline-color has-primary-accent-color\">Quem pode se inscrever?<\/span><\/strong><\/p>\n\n\n\n<p>Estudantes graduados em Medicina, Medicina Veterin\u00e1ria, Farm\u00e1cia, Odontologia, Ci\u00eancias Biol\u00f3gicas, Enfermagem, Biomedicina,  Fisioterapia, Agronomia, Biotecnologia, Microbiologia, Zootecnia, Nutri\u00e7\u00e3o e \u00e1reas afins.<\/p>\n\n\n\n<p><strong><span class=\"has-inline-color has-primary-accent-color\">Mestrado em Microbiologia<\/span><\/strong><\/p>\n\n\n\n<p>Atualmente s\u00e3o oferecidas vinte (20) vagas para admiss\u00e3o no Programa de Mestrado.<\/p>\n\n\n\n<p><strong>Aplica\u00e7\u00e3o e admiss\u00e3o<\/strong><\/p>\n\n\n\n<p>O programa tem uma entrada para in\u00edcio no primeiro semestre do ano letivo.<\/p>\n\n\n\n<p>Os candidatos devem seguir as instru\u00e7\u00f5es do edital de sele\u00e7\u00e3o publicado na p\u00e1gina do PPM e enviar a documenta\u00e7\u00e3o at\u00e9 o prazo final. A sele\u00e7\u00e3o dos candidatos para o Mestrado dever\u00e1 constar das seguintes etapas: a) Prova de conhecimento em Microbiologia; b) An\u00e1lise de Curriculum vitae documentado; c) Argui\u00e7\u00e3o.<\/p>\n\n\n\n<p><strong><span class=\"has-inline-color has-primary-accent-color\">Doutorado em Microbiologia<\/span><\/strong><\/p>\n\n\n\n<p>Atualmente s\u00e3o oferecidas quinze (15) vagas para admiss\u00e3o no Programa de Doutorado.<\/p>\n\n\n\n<p><strong>Aplica\u00e7\u00e3o e admiss\u00e3o<\/strong><\/p>\n\n\n\n<p>O programa tem uma entrada para in\u00edcio no primeiro semestre do ano letivo.<\/p>\n\n\n\n<p>Os candidatos devem seguir as instru\u00e7\u00f5es do edital de sele\u00e7\u00e3o publicado na p\u00e1gina do PPM e enviar a documenta\u00e7\u00e3o at\u00e9 o prazo final. A sele\u00e7\u00e3o dos candidatos ao doutorado dever\u00e1 constar das seguintes etapas: a) Carta de aceite de orientadores do Programa; b) Apresenta\u00e7\u00e3o do projeto de doutorado; c) An\u00e1lise de Curriculum vitae documentado; d) Prova de conhecimentos em Microbiologia; e) Argui\u00e7\u00e3o.<\/p>\n\n\n\n<p class=\"has-medium-font-size\"><strong><span class=\"has-inline-color has-primary-accent-color\">Procedimentos de inscri\u00e7\u00e3o e mais informa\u00e7\u00f5es<\/span><\/strong><\/p>\n\n\n\n<p>Para obter informa\u00e7\u00f5es sobre admiss\u00e3o em nossos programas de p\u00f3s-gradua\u00e7\u00e3o e procedimentos para inscri\u00e7\u00e3o, verifique o edital e visite:<\/p>\n\n\n\n<p><a href=\"https:\/\/pos.uel.br\/microbiologia\/selecao-2\/\" target=\"_blank\" rel=\"noreferrer noopener\">Sele\u00e7\u00e3o de estudantes regulares Mestrado<\/a><\/p>\n\n\n\n<p><a href=\"https:\/\/pos.uel.br\/microbiologia\/selecao\/\" target=\"_blank\" rel=\"noreferrer noopener\">Sele\u00e7\u00e3o de estudantes regulares Doutorado<\/a><\/p>\n\n\n\n<div style=\"height:40px\" aria-hidden=\"true\" class=\"wp-block-spacer\"><\/div>\n\n\n\n<p><\/p>\n","protected":false},"excerpt":{"rendered":"<p>PROGRAMA DE P\u00d3S-GRADUA\u00c7\u00c3O EM MICROBIOLOGIA O Programa de P\u00f3s-Gradua\u00e7\u00e3o em Microbiologia (PPM) da Universidade Estadual de Londrina (UEL) (cria\u00e7\u00e3o do Mestrado em 1989 e do Doutorado em 2002) tem sede no Departamento de Microbiologia, do Centro de Ci\u00eancias Biol\u00f3gicas. Nota 5 da CAPES (Avalia\u00e7\u00e3o Quadrienal 2017-2020). Comiss\u00e3o coordenadora: Coordenador: Prof. S\u00e9rgio Paulo Dejato da Rocha [&hellip;]<\/p>\n","protected":false},"author":8,"featured_media":0,"parent":0,"menu_order":0,"comment_status":"closed","ping_status":"closed","template":"","meta":{"_acf_changed":false,"footnotes":""},"class_list":["post-6","page","type-page","status-publish","hentry"],"acf":[],"_links":{"self":[{"href":"https:\/\/pos.uel.br\/microbiologia\/wp-json\/wp\/v2\/pages\/6","targetHints":{"allow":["GET"]}}],"collection":[{"href":"https:\/\/pos.uel.br\/microbiologia\/wp-json\/wp\/v2\/pages"}],"about":[{"href":"https:\/\/pos.uel.br\/microbiologia\/wp-json\/wp\/v2\/types\/page"}],"author":[{"embeddable":true,"href":"https:\/\/pos.uel.br\/microbiologia\/wp-json\/wp\/v2\/users\/8"}],"replies":[{"embeddable":true,"href":"https:\/\/pos.uel.br\/microbiologia\/wp-json\/wp\/v2\/comments?post=6"}],"version-history":[{"count":32,"href":"https:\/\/pos.uel.br\/microbiologia\/wp-json\/wp\/v2\/pages\/6\/revisions"}],"predecessor-version":[{"id":2562,"href":"https:\/\/pos.uel.br\/microbiologia\/wp-json\/wp\/v2\/pages\/6\/revisions\/2562"}],"wp:attachment":[{"href":"https:\/\/pos.uel.br\/microbiologia\/wp-json\/wp\/v2\/media?parent=6"}],"curies":[{"name":"wp","href":"https:\/\/api.w.org\/{rel}","templated":true}]}}