{"id":573,"date":"2021-06-29T15:26:28","date_gmt":"2021-06-29T18:26:28","guid":{"rendered":"https:\/\/pos.uel.br\/microbiologia\/?page_id=573"},"modified":"2025-06-11T11:47:16","modified_gmt":"2025-06-11T14:47:16","slug":"planejamento","status":"publish","type":"page","link":"https:\/\/pos.uel.br\/microbiologia\/planejamento\/","title":{"rendered":"Planejamento estrat\u00e9gico e autoavalia\u00e7\u00e3o"},"content":{"rendered":"\n<p class=\"has-medium-font-size\"><strong><span class=\"has-inline-color has-primary-accent-color\">COMISS\u00c3O DE AUTOAVALIA\u00c7\u00c3O DO PROGRAMA DE P\u00d3S-GRADUA\u00c7\u00c3O EM MICROBIOLOGIA (CAA\/PPM\/UEL)<\/span><\/strong><\/p>\n\n\n\n<p>Autoavalia\u00e7\u00e3o e Planejamento estrat\u00e9gico do PPM\/UEL<\/p>\n\n\n<div class=\"wp-block-image\">\n<figure class=\"aligncenter size-large is-resized\"><img loading=\"lazy\" decoding=\"async\" width=\"458\" height=\"385\" src=\"https:\/\/pos.uel.br\/microbiologia\/wp-content\/uploads\/2021\/06\/original-cc0722ac23cd262c1b3b7de6e9463796.png\" alt=\"\" class=\"wp-image-612\" style=\"width:189px;height:159px\" srcset=\"https:\/\/pos.uel.br\/microbiologia\/wp-content\/uploads\/2021\/06\/original-cc0722ac23cd262c1b3b7de6e9463796.png 458w, https:\/\/pos.uel.br\/microbiologia\/wp-content\/uploads\/2021\/06\/original-cc0722ac23cd262c1b3b7de6e9463796-300x252.png 300w\" sizes=\"auto, (max-width: 458px) 100vw, 458px\" \/><\/figure>\n<\/div>\n\n\n<p><strong>Gest\u00e3o 2025-2027<\/strong><\/p>\n\n\n\n<p><strong><span class=\"has-inline-color has-primary-accent-color\">Membros:<\/span><\/strong><\/p>\n\n\n\n<p>Prof. Lucy Meguimi Yamauchi Lioni (Coordenadora do CAA e Vice-coordenadora do PPM)<\/p>\n\n\n\n<p>Prof. Sueli Fumie Yamada Ogatta (Membro do PPM)<\/p>\n\n\n\n<p>Prof. Gerson Nakazato (Membro do PPM)<\/p>\n\n\n\n<p>Prof. Jesiane Stefania da Silva Batista (Membro externo)<\/p>\n\n\n\n<p>Egresso Leonardo Pinto Medeiros<\/p>\n\n\n\n<p>Discente Mestrado: Victor Hugo Montini<\/p>\n\n\n\n<p>Discente Doutorado: Daniel Vieira da Silva<\/p>\n\n\n<div class=\"wp-block-image\">\n<figure class=\"aligncenter size-large is-resized\"><img loading=\"lazy\" decoding=\"async\" width=\"287\" height=\"287\" src=\"https:\/\/pos.uel.br\/microbiologia\/wp-content\/uploads\/2021\/06\/docs2.jpg\" alt=\"\" class=\"wp-image-586\" style=\"width:176px;height:176px\" srcset=\"https:\/\/pos.uel.br\/microbiologia\/wp-content\/uploads\/2021\/06\/docs2.jpg 287w, https:\/\/pos.uel.br\/microbiologia\/wp-content\/uploads\/2021\/06\/docs2-150x150.jpg 150w\" sizes=\"auto, (max-width: 287px) 100vw, 287px\" \/><\/figure>\n<\/div>\n\n\n<p><strong><span class=\"has-inline-color has-primary-accent-color\">DOCUMENTOS PROGRAMA DE P\u00d3S-GRADUA\u00c7\u00c3O EM MICROBIOLOGIA<\/span><\/strong><\/p>\n\n\n\n<p class=\"has-primary-accent-color has-text-color has-link-color wp-elements-c71db0dccd5f200cedeb6ca13f19d9f1\"><strong>Documentos Quadri\u00eanio 2025-2030<\/strong><\/p>\n\n\n\n<div class=\"wp-block-file\"><a id=\"wp-block-file--media-960d1252-4083-4f4c-9cfd-00c5ea97e450\" href=\"https:\/\/pos.uel.br\/microbiologia\/wp-content\/uploads\/2025\/03\/Planejamento-estrategico-PPM-2025_30-1.pdf\" target=\"_blank\" rel=\"noreferrer noopener\">Planejamento estrat\u00e9gico PPM 2025_30<\/a><a href=\"https:\/\/pos.uel.br\/microbiologia\/wp-content\/uploads\/2025\/03\/Planejamento-estrategico-PPM-2025_30-1.pdf\" class=\"wp-block-file__button wp-element-button\" download aria-describedby=\"wp-block-file--media-960d1252-4083-4f4c-9cfd-00c5ea97e450\">Baixar<\/a><\/div>\n\n\n\n<div style=\"height:42px\" aria-hidden=\"true\" class=\"wp-block-spacer\"><\/div>\n\n\n\n<p class=\"has-primary-accent-color has-text-color has-link-color wp-elements-0f96ff946dce35c24d76d6fba7b933ee\"><strong>Documentos Quadri\u00eanio 2021-2024<\/strong><\/p>\n\n\n\n<div class=\"wp-block-file\"><a id=\"wp-block-file--media-67493e78-7537-4462-8823-3e875a5272cd\" href=\"https:\/\/pos.uel.br\/microbiologia\/wp-content\/uploads\/2021\/06\/Planejamento-estrategico-PPM-2021_25.pdf\">Planejamento-estrategico-PPM-2021_25<\/a><a href=\"https:\/\/pos.uel.br\/microbiologia\/wp-content\/uploads\/2021\/06\/Planejamento-estrategico-PPM-2021_25.pdf\" class=\"wp-block-file__button wp-element-button\" download aria-describedby=\"wp-block-file--media-67493e78-7537-4462-8823-3e875a5272cd\">Baixar<\/a><\/div>\n\n\n\n<div class=\"wp-block-file\"><a id=\"wp-block-file--media-d3a25bd4-38dd-4ea4-bc95-ad6fea8f6b03\" href=\"https:\/\/pos.uel.br\/microbiologia\/wp-content\/uploads\/2023\/04\/Relatorio-Autoavaliacao-PPM-2021_2022.pdf\" target=\"_blank\" rel=\"noreferrer noopener\">Relatorio-Autoavaliacao-PPM-2021_2022<\/a><a href=\"https:\/\/pos.uel.br\/microbiologia\/wp-content\/uploads\/2023\/04\/Relatorio-Autoavaliacao-PPM-2021_2022.pdf\" class=\"wp-block-file__button wp-element-button\" download aria-describedby=\"wp-block-file--media-d3a25bd4-38dd-4ea4-bc95-ad6fea8f6b03\">Baixar<\/a><\/div>\n\n\n\n<div style=\"height:38px\" aria-hidden=\"true\" class=\"wp-block-spacer\"><\/div>\n\n\n\n<p><strong><span class=\"has-inline-color has-primary-accent-color\">DOCUMENTOS CAPES<\/span><\/strong><\/p>\n\n\n\n<div class=\"wp-block-file\"><a id=\"wp-block-file--media-f8198421-e2fb-485f-9a7a-59bb52e5c136\" href=\"https:\/\/pos.uel.br\/microbiologia\/wp-content\/uploads\/2021\/06\/10062019-autoavaliacao-de-programas-de-pos-graduacao-pdf-1.pdf\">10062019-autoavaliacao-de-programas-de-pos-graduacao-pdf-1<\/a><a href=\"https:\/\/pos.uel.br\/microbiologia\/wp-content\/uploads\/2021\/06\/10062019-autoavaliacao-de-programas-de-pos-graduacao-pdf-1.pdf\" class=\"wp-block-file__button wp-element-button\" download aria-describedby=\"wp-block-file--media-f8198421-e2fb-485f-9a7a-59bb52e5c136\">Baixar<\/a><\/div>\n\n\n\n<div style=\"height:41px\" aria-hidden=\"true\" class=\"wp-block-spacer\"><\/div>\n\n\n\n<p><strong><span class=\"has-inline-color has-primary-accent-color\">DOCUMENTOS PROPPG UEL<\/span><\/strong><\/p>\n\n\n\n<div class=\"wp-block-file\"><a id=\"wp-block-file--media-ac5adccf-7df2-4df0-9bf5-c038d22113fd\" href=\"https:\/\/pos.uel.br\/microbiologia\/wp-content\/uploads\/2024\/08\/Planejamento-de-Autoavaliacao-dos-PPG_UEL-_Gestao-2022-2026.pdf\">Planejamento de Autoavalia\u00e7\u00e3o dos PPG_UEL _Gest\u00e3o 2022-2026<\/a><a href=\"https:\/\/pos.uel.br\/microbiologia\/wp-content\/uploads\/2024\/08\/Planejamento-de-Autoavaliacao-dos-PPG_UEL-_Gestao-2022-2026.pdf\" class=\"wp-block-file__button wp-element-button\" download aria-describedby=\"wp-block-file--media-ac5adccf-7df2-4df0-9bf5-c038d22113fd\">Baixar<\/a><\/div>\n\n\n\n<div class=\"wp-block-file\"><a id=\"wp-block-file--media-06ed8a45-9edb-4131-a4cf-dae41a914462\" href=\"https:\/\/pos.uel.br\/microbiologia\/wp-content\/uploads\/2021\/06\/Planejamento-de-Autoavaliacao-dos-PPG_UEL-_Gestao-2019-2021.pdf\">Planejamento de Autoavalia\u00e7\u00e3o dos PPG_UEL _Gest\u00e3o 2019-2021<\/a><a href=\"https:\/\/pos.uel.br\/microbiologia\/wp-content\/uploads\/2021\/06\/Planejamento-de-Autoavaliacao-dos-PPG_UEL-_Gestao-2019-2021.pdf\" class=\"wp-block-file__button wp-element-button\" download aria-describedby=\"wp-block-file--media-06ed8a45-9edb-4131-a4cf-dae41a914462\">Baixar<\/a><\/div>\n\n\n\n<div class=\"wp-block-file\"><a id=\"wp-block-file--media-ebe5418e-f585-46d4-80d5-99a591c037e7\" href=\"https:\/\/pos.uel.br\/microbiologia\/wp-content\/uploads\/2021\/06\/FICHA-DE-AVALIACAO-DOCENTES.pdf\">FICHA-DE-AVALIACAO-DOCENTES<\/a><a href=\"https:\/\/pos.uel.br\/microbiologia\/wp-content\/uploads\/2021\/06\/FICHA-DE-AVALIACAO-DOCENTES.pdf\" class=\"wp-block-file__button wp-element-button\" download aria-describedby=\"wp-block-file--media-ebe5418e-f585-46d4-80d5-99a591c037e7\">Baixar<\/a><\/div>\n\n\n\n<div class=\"wp-block-file\"><a id=\"wp-block-file--media-ab7f3ad2-b1d2-44d2-9a9b-4375d0a6cf8b\" href=\"https:\/\/pos.uel.br\/microbiologia\/wp-content\/uploads\/2021\/06\/FICHA-DE-AVALIACAO-DISCENTES.pdf\">FICHA-DE-AVALIACAO-DISCENTES<\/a><a href=\"https:\/\/pos.uel.br\/microbiologia\/wp-content\/uploads\/2021\/06\/FICHA-DE-AVALIACAO-DISCENTES.pdf\" class=\"wp-block-file__button wp-element-button\" download aria-describedby=\"wp-block-file--media-ab7f3ad2-b1d2-44d2-9a9b-4375d0a6cf8b\">Baixar<\/a><\/div>\n\n\n\n<div class=\"wp-block-file\"><a id=\"wp-block-file--media-29a63978-4c5e-4586-9590-15cb9c1941e2\" href=\"https:\/\/pos.uel.br\/microbiologia\/wp-content\/uploads\/2021\/06\/FICHA-DE-ATUACAO-E-AVALIACAO-EGRESSOS.pdf\">FICHA-DE-ATUACAO-E-AVALIACAO-EGRESSOS<\/a><a href=\"https:\/\/pos.uel.br\/microbiologia\/wp-content\/uploads\/2021\/06\/FICHA-DE-ATUACAO-E-AVALIACAO-EGRESSOS.pdf\" class=\"wp-block-file__button wp-element-button\" download aria-describedby=\"wp-block-file--media-29a63978-4c5e-4586-9590-15cb9c1941e2\">Baixar<\/a><\/div>\n\n\n\n<div class=\"wp-block-file\"><a id=\"wp-block-file--media-dac4e664-431f-4b1a-a4fe-dafb2edcf843\" href=\"https:\/\/pos.uel.br\/microbiologia\/wp-content\/uploads\/2021\/06\/Relatorio-de-Autoavaliacao-do-PPG.pdf\">Relatorio-de-Autoavaliacao-do-PPG<\/a><a href=\"https:\/\/pos.uel.br\/microbiologia\/wp-content\/uploads\/2021\/06\/Relatorio-de-Autoavaliacao-do-PPG.pdf\" class=\"wp-block-file__button wp-element-button\" download aria-describedby=\"wp-block-file--media-dac4e664-431f-4b1a-a4fe-dafb2edcf843\">Baixar<\/a><\/div>\n\n\n\n<p><\/p>\n","protected":false},"excerpt":{"rendered":"<p>COMISS\u00c3O DE AUTOAVALIA\u00c7\u00c3O DO PROGRAMA DE P\u00d3S-GRADUA\u00c7\u00c3O EM MICROBIOLOGIA (CAA\/PPM\/UEL) Autoavalia\u00e7\u00e3o e Planejamento estrat\u00e9gico do PPM\/UEL Gest\u00e3o 2025-2027 Membros: Prof. Lucy Meguimi Yamauchi Lioni (Coordenadora do CAA e Vice-coordenadora do PPM) Prof. Sueli Fumie Yamada Ogatta (Membro do PPM) Prof. Gerson Nakazato (Membro do PPM) Prof. Jesiane Stefania da Silva Batista (Membro externo) Egresso Leonardo [&hellip;]<\/p>\n","protected":false},"author":8,"featured_media":0,"parent":0,"menu_order":0,"comment_status":"closed","ping_status":"closed","template":"","meta":{"_acf_changed":false,"footnotes":""},"class_list":["post-573","page","type-page","status-publish","hentry"],"acf":[],"_links":{"self":[{"href":"https:\/\/pos.uel.br\/microbiologia\/wp-json\/wp\/v2\/pages\/573","targetHints":{"allow":["GET"]}}],"collection":[{"href":"https:\/\/pos.uel.br\/microbiologia\/wp-json\/wp\/v2\/pages"}],"about":[{"href":"https:\/\/pos.uel.br\/microbiologia\/wp-json\/wp\/v2\/types\/page"}],"author":[{"embeddable":true,"href":"https:\/\/pos.uel.br\/microbiologia\/wp-json\/wp\/v2\/users\/8"}],"replies":[{"embeddable":true,"href":"https:\/\/pos.uel.br\/microbiologia\/wp-json\/wp\/v2\/comments?post=573"}],"version-history":[{"count":25,"href":"https:\/\/pos.uel.br\/microbiologia\/wp-json\/wp\/v2\/pages\/573\/revisions"}],"predecessor-version":[{"id":2568,"href":"https:\/\/pos.uel.br\/microbiologia\/wp-json\/wp\/v2\/pages\/573\/revisions\/2568"}],"wp:attachment":[{"href":"https:\/\/pos.uel.br\/microbiologia\/wp-json\/wp\/v2\/media?parent=573"}],"curies":[{"name":"wp","href":"https:\/\/api.w.org\/{rel}","templated":true}]}}