{"id":469,"date":"2021-06-29T09:12:24","date_gmt":"2021-06-29T12:12:24","guid":{"rendered":"https:\/\/pos.uel.br\/microbiologia\/?page_id=469"},"modified":"2025-05-22T07:11:08","modified_gmt":"2025-05-22T10:11:08","slug":"producao-tecnica-tecnologica-2","status":"publish","type":"page","link":"https:\/\/pos.uel.br\/microbiologia\/producao-tecnica-tecnologica-2\/","title":{"rendered":"Produ\u00e7\u00e3o T\u00e9cnica Tecnol\u00f3gica"},"content":{"rendered":"\n<p class=\"has-medium-font-size\"><strong><span class=\"has-inline-color has-primary-accent-color\">Produ\u00e7\u00e3o t\u00e9cnica e tecnol\u00f3gica: \u00e1rea Ci\u00eancias Biol\u00f3gicas III<\/span><\/strong> (Indica\u00e7\u00e3o da \u00e1rea)<\/p>\n\n\n\n<p><em>1- Produto bibliogr\u00e1fico t\u00e9cnico\/tecnol\u00f3gico;<\/em><\/p>\n\n\n\n<p><em>2- Ativos de Propriedade Intelectual\/Patente;<\/em><\/p>\n\n\n\n<p><em>3- Curso de forma\u00e7\u00e3o profissional;<\/em><\/p>\n\n\n\n<p><em>4- Software\/Aplicativo;<\/em><\/p>\n\n\n\n<p><em>5- Relat\u00f3rio t\u00e9cnico conclusivo;<\/em><\/p>\n\n\n\n<p><em>6- Manual T\u00e9cnico\/protocolo;<\/em><\/p>\n\n\n\n<p><em>7- Curadoria de cole\u00e7\u00f5es biol\u00f3gicas;<\/em><\/p>\n\n\n\n<p><em>8- Norma, marco regulat\u00f3rio ou base de dados t\u00e9cnicos;<\/em><\/p>\n\n\n\n<p><em>9- Cria\u00e7\u00e3o de empresa ou organiza\u00e7\u00e3o social inovadora;<\/em><\/p>\n\n\n\n<p><em>10- Evento organizado e outros produtos de comunica\u00e7\u00e3o<\/em>.<\/p>\n\n\n\n<div class=\"wp-block-file\"><a href=\"https:\/\/pos.uel.br\/microbiologia\/wp-content\/uploads\/2021\/06\/anexo-ficha-cbiii-pdf.pdf\">anexo-ficha-cbiii-pdf<\/a><a href=\"https:\/\/pos.uel.br\/microbiologia\/wp-content\/uploads\/2021\/06\/anexo-ficha-cbiii-pdf.pdf\" class=\"wp-block-file__button wp-element-button\" download>Baixar<\/a><\/div>\n\n\n\n<div style=\"height:62px\" aria-hidden=\"true\" class=\"wp-block-spacer\"><\/div>\n\n\n\n<p class=\"has-secondary-accent-color has-text-color has-link-color has-medium-font-size wp-elements-0408d1e86e3f31c53d276f90c56c3dca\"><strong><span class=\"has-inline-color has-primary-accent-color\">Produ\u00e7\u00e3o t\u00e9cnica e tecnol\u00f3gica: Total<\/span><\/strong><\/p>\n\n\n<div class=\"wp-block-image\">\n<figure class=\"aligncenter size-large is-resized\"><img loading=\"lazy\" decoding=\"async\" width=\"1024\" height=\"576\" src=\"https:\/\/pos.uel.br\/microbiologia\/wp-content\/uploads\/2025\/05\/Slide10-1024x576.jpg\" alt=\"\" class=\"wp-image-2521\" style=\"width:789px;height:auto\" srcset=\"https:\/\/pos.uel.br\/microbiologia\/wp-content\/uploads\/2025\/05\/Slide10-1024x576.jpg 1024w, https:\/\/pos.uel.br\/microbiologia\/wp-content\/uploads\/2025\/05\/Slide10-300x169.jpg 300w, https:\/\/pos.uel.br\/microbiologia\/wp-content\/uploads\/2025\/05\/Slide10-768x432.jpg 768w, https:\/\/pos.uel.br\/microbiologia\/wp-content\/uploads\/2025\/05\/Slide10.jpg 1280w\" sizes=\"auto, (max-width: 1024px) 100vw, 1024px\" \/><\/figure>\n<\/div>\n\n\n<p class=\"has-secondary-accent-color has-text-color has-link-color has-medium-font-size wp-elements-4cbd2fa14aeea482897fb11d63c0b3e8\"><strong><span class=\"has-inline-color has-primary-accent-color\">Produ\u00e7\u00e3o t\u00e9cnica e tecnol\u00f3gica: 2021<\/span><\/strong><\/p>\n\n\n\n<div class=\"wp-block-columns is-layout-flex wp-container-core-columns-is-layout-9d6595d7 wp-block-columns-is-layout-flex\">\n<div class=\"wp-block-column is-layout-flow wp-block-column-is-layout-flow\">\n<figure class=\"wp-block-image size-large\"><img loading=\"lazy\" decoding=\"async\" width=\"1024\" height=\"576\" src=\"https:\/\/pos.uel.br\/microbiologia\/wp-content\/uploads\/2025\/05\/Slide6-1024x576.jpg\" alt=\"\" class=\"wp-image-2523\" srcset=\"https:\/\/pos.uel.br\/microbiologia\/wp-content\/uploads\/2025\/05\/Slide6-1024x576.jpg 1024w, https:\/\/pos.uel.br\/microbiologia\/wp-content\/uploads\/2025\/05\/Slide6-300x169.jpg 300w, https:\/\/pos.uel.br\/microbiologia\/wp-content\/uploads\/2025\/05\/Slide6-768x432.jpg 768w, https:\/\/pos.uel.br\/microbiologia\/wp-content\/uploads\/2025\/05\/Slide6.jpg 1280w\" sizes=\"auto, (max-width: 1024px) 100vw, 1024px\" \/><\/figure>\n<\/div>\n\n\n\n<div class=\"wp-block-column is-layout-flow wp-block-column-is-layout-flow\">\n<p>Produ\u00e7\u00e3o total (total), Produ\u00e7\u00e3o com autoria e participa\u00e7\u00e3o de discentes e egressos (D\/E).<\/p>\n<\/div>\n<\/div>\n\n\n\n<p class=\"has-secondary-accent-color has-text-color has-link-color has-medium-font-size wp-elements-5577e88490baf57e275107b44b157477\"><strong><span class=\"has-inline-color has-primary-accent-color\">Produ\u00e7\u00e3o t\u00e9cnica e tecnol\u00f3gica: 2022<\/span><\/strong><\/p>\n\n\n\n<div class=\"wp-block-columns is-layout-flex wp-container-core-columns-is-layout-9d6595d7 wp-block-columns-is-layout-flex\">\n<div class=\"wp-block-column is-layout-flow wp-block-column-is-layout-flow\">\n<figure class=\"wp-block-image size-large\"><img loading=\"lazy\" decoding=\"async\" width=\"1024\" height=\"576\" src=\"https:\/\/pos.uel.br\/microbiologia\/wp-content\/uploads\/2025\/05\/Slide7-1024x576.jpg\" alt=\"\" class=\"wp-image-2524\" srcset=\"https:\/\/pos.uel.br\/microbiologia\/wp-content\/uploads\/2025\/05\/Slide7-1024x576.jpg 1024w, https:\/\/pos.uel.br\/microbiologia\/wp-content\/uploads\/2025\/05\/Slide7-300x169.jpg 300w, https:\/\/pos.uel.br\/microbiologia\/wp-content\/uploads\/2025\/05\/Slide7-768x432.jpg 768w, https:\/\/pos.uel.br\/microbiologia\/wp-content\/uploads\/2025\/05\/Slide7.jpg 1280w\" sizes=\"auto, (max-width: 1024px) 100vw, 1024px\" \/><\/figure>\n<\/div>\n\n\n\n<div class=\"wp-block-column is-layout-flow wp-block-column-is-layout-flow\">\n<p>Produ\u00e7\u00e3o total (total), Produ\u00e7\u00e3o com autoria e participa\u00e7\u00e3o de discentes e egressos (D\/E).<\/p>\n<\/div>\n<\/div>\n\n\n\n<p class=\"has-secondary-accent-color has-text-color has-link-color has-medium-font-size wp-elements-4ddbda79e620f4fb141d7da957d6e2de\"><strong><span class=\"has-inline-color has-primary-accent-color\">Produ\u00e7\u00e3o t\u00e9cnica e tecnol\u00f3gica: 2023<\/span><\/strong><\/p>\n\n\n\n<div class=\"wp-block-columns is-layout-flex wp-container-core-columns-is-layout-9d6595d7 wp-block-columns-is-layout-flex\">\n<div class=\"wp-block-column is-layout-flow wp-block-column-is-layout-flow\">\n<figure class=\"wp-block-image size-large\"><img loading=\"lazy\" decoding=\"async\" width=\"1024\" height=\"576\" src=\"https:\/\/pos.uel.br\/microbiologia\/wp-content\/uploads\/2025\/05\/Slide8-1024x576.jpg\" alt=\"\" class=\"wp-image-2525\" srcset=\"https:\/\/pos.uel.br\/microbiologia\/wp-content\/uploads\/2025\/05\/Slide8-1024x576.jpg 1024w, https:\/\/pos.uel.br\/microbiologia\/wp-content\/uploads\/2025\/05\/Slide8-300x169.jpg 300w, https:\/\/pos.uel.br\/microbiologia\/wp-content\/uploads\/2025\/05\/Slide8-768x432.jpg 768w, https:\/\/pos.uel.br\/microbiologia\/wp-content\/uploads\/2025\/05\/Slide8.jpg 1280w\" sizes=\"auto, (max-width: 1024px) 100vw, 1024px\" \/><\/figure>\n<\/div>\n\n\n\n<div class=\"wp-block-column is-layout-flow wp-block-column-is-layout-flow\">\n<p>Produ\u00e7\u00e3o total (total), Produ\u00e7\u00e3o com autoria e participa\u00e7\u00e3o de discentes e egressos (D\/E).<\/p>\n<\/div>\n<\/div>\n\n\n\n<p class=\"has-secondary-accent-color has-text-color has-link-color has-medium-font-size wp-elements-a1ffbb455344737ee26f26899c1d89d6\"><strong><span class=\"has-inline-color has-primary-accent-color\">Produ\u00e7\u00e3o t\u00e9cnica e tecnol\u00f3gica: 2024<\/span><\/strong><\/p>\n\n\n\n<div class=\"wp-block-columns is-layout-flex wp-container-core-columns-is-layout-9d6595d7 wp-block-columns-is-layout-flex\">\n<div class=\"wp-block-column is-layout-flow wp-block-column-is-layout-flow\">\n<figure class=\"wp-block-image size-large\"><img loading=\"lazy\" decoding=\"async\" width=\"1024\" height=\"576\" src=\"https:\/\/pos.uel.br\/microbiologia\/wp-content\/uploads\/2025\/05\/Slide9-1024x576.jpg\" alt=\"\" class=\"wp-image-2526\" srcset=\"https:\/\/pos.uel.br\/microbiologia\/wp-content\/uploads\/2025\/05\/Slide9-1024x576.jpg 1024w, https:\/\/pos.uel.br\/microbiologia\/wp-content\/uploads\/2025\/05\/Slide9-300x169.jpg 300w, https:\/\/pos.uel.br\/microbiologia\/wp-content\/uploads\/2025\/05\/Slide9-768x432.jpg 768w, https:\/\/pos.uel.br\/microbiologia\/wp-content\/uploads\/2025\/05\/Slide9.jpg 1280w\" sizes=\"auto, (max-width: 1024px) 100vw, 1024px\" \/><\/figure>\n<\/div>\n\n\n\n<div class=\"wp-block-column is-layout-flow wp-block-column-is-layout-flow\">\n<p>Produ\u00e7\u00e3o total (total), Produ\u00e7\u00e3o com autoria e participa\u00e7\u00e3o de discentes e egressos (D\/E).<\/p>\n<\/div>\n<\/div>\n\n\n\n<p class=\"has-medium-font-size\"><strong><span class=\"has-inline-color has-primary-accent-color\">Produ\u00e7\u00e3o t\u00e9cnica e tecnol\u00f3gica: 2017<\/span><\/strong><\/p>\n\n\n\n<div class=\"wp-block-columns is-layout-flex wp-container-core-columns-is-layout-9d6595d7 wp-block-columns-is-layout-flex\">\n<div class=\"wp-block-column is-layout-flow wp-block-column-is-layout-flow\" style=\"flex-basis:66.66%\">\n<figure class=\"wp-block-image size-large is-resized\"><img loading=\"lazy\" decoding=\"async\" width=\"1024\" height=\"576\" src=\"https:\/\/pos.uel.br\/microbiologia\/wp-content\/uploads\/2021\/07\/Slide2-1-1024x576.png\" alt=\"\" class=\"wp-image-1155\" style=\"width:496px;height:auto\" srcset=\"https:\/\/pos.uel.br\/microbiologia\/wp-content\/uploads\/2021\/07\/Slide2-1-1024x576.png 1024w, https:\/\/pos.uel.br\/microbiologia\/wp-content\/uploads\/2021\/07\/Slide2-1-300x169.png 300w, https:\/\/pos.uel.br\/microbiologia\/wp-content\/uploads\/2021\/07\/Slide2-1-768x432.png 768w, https:\/\/pos.uel.br\/microbiologia\/wp-content\/uploads\/2021\/07\/Slide2-1.png 1280w\" sizes=\"auto, (max-width: 1024px) 100vw, 1024px\" \/><\/figure>\n<\/div>\n\n\n\n<div class=\"wp-block-column is-layout-flow wp-block-column-is-layout-flow\" style=\"flex-basis:33.33%\">\n<p>Produ\u00e7\u00e3o total (total), Produ\u00e7\u00e3o com autoria e participa\u00e7\u00e3o de discentes e egressos (D\/E).<\/p>\n<\/div>\n<\/div>\n\n\n\n<p class=\"has-medium-font-size\"><strong><span class=\"has-inline-color has-primary-accent-color\">Produ\u00e7\u00e3o t\u00e9cnica e tecnol\u00f3gica: 2018<\/span><\/strong><\/p>\n\n\n\n<div class=\"wp-block-columns is-layout-flex wp-container-core-columns-is-layout-9d6595d7 wp-block-columns-is-layout-flex\">\n<div class=\"wp-block-column is-layout-flow wp-block-column-is-layout-flow\" style=\"flex-basis:66.66%\">\n<figure class=\"wp-block-image size-large is-resized\"><img loading=\"lazy\" decoding=\"async\" width=\"1024\" height=\"576\" src=\"https:\/\/pos.uel.br\/microbiologia\/wp-content\/uploads\/2021\/07\/Slide4-1-1024x576.png\" alt=\"\" class=\"wp-image-1156\" style=\"width:496px;height:auto\" srcset=\"https:\/\/pos.uel.br\/microbiologia\/wp-content\/uploads\/2021\/07\/Slide4-1-1024x576.png 1024w, https:\/\/pos.uel.br\/microbiologia\/wp-content\/uploads\/2021\/07\/Slide4-1-300x169.png 300w, https:\/\/pos.uel.br\/microbiologia\/wp-content\/uploads\/2021\/07\/Slide4-1-768x432.png 768w, https:\/\/pos.uel.br\/microbiologia\/wp-content\/uploads\/2021\/07\/Slide4-1.png 1280w\" sizes=\"auto, (max-width: 1024px) 100vw, 1024px\" \/><\/figure>\n<\/div>\n\n\n\n<div class=\"wp-block-column is-layout-flow wp-block-column-is-layout-flow\" style=\"flex-basis:33.33%\">\n<p>Produ\u00e7\u00e3o total (total), Produ\u00e7\u00e3o com autoria e participa\u00e7\u00e3o de discentes e egressos (D\/E). <\/p>\n<\/div>\n<\/div>\n\n\n\n<p class=\"has-medium-font-size\"><strong><span class=\"has-inline-color has-primary-accent-color\">Produ\u00e7\u00e3o t\u00e9cnica e tecnol\u00f3gica: 2019<\/span><\/strong><\/p>\n\n\n\n<div class=\"wp-block-columns is-layout-flex wp-container-core-columns-is-layout-9d6595d7 wp-block-columns-is-layout-flex\">\n<div class=\"wp-block-column is-layout-flow wp-block-column-is-layout-flow\" style=\"flex-basis:66.66%\">\n<figure class=\"wp-block-image size-large is-resized\"><img loading=\"lazy\" decoding=\"async\" width=\"1024\" height=\"576\" src=\"https:\/\/pos.uel.br\/microbiologia\/wp-content\/uploads\/2021\/07\/Slide6-1-1024x576.png\" alt=\"\" class=\"wp-image-1158\" style=\"width:497px;height:auto\" srcset=\"https:\/\/pos.uel.br\/microbiologia\/wp-content\/uploads\/2021\/07\/Slide6-1-1024x576.png 1024w, https:\/\/pos.uel.br\/microbiologia\/wp-content\/uploads\/2021\/07\/Slide6-1-300x169.png 300w, https:\/\/pos.uel.br\/microbiologia\/wp-content\/uploads\/2021\/07\/Slide6-1-768x432.png 768w, https:\/\/pos.uel.br\/microbiologia\/wp-content\/uploads\/2021\/07\/Slide6-1.png 1280w\" sizes=\"auto, (max-width: 1024px) 100vw, 1024px\" \/><\/figure>\n<\/div>\n\n\n\n<div class=\"wp-block-column is-layout-flow wp-block-column-is-layout-flow\" style=\"flex-basis:33.33%\">\n<p>Produ\u00e7\u00e3o total (total), Produ\u00e7\u00e3o com autoria e participa\u00e7\u00e3o de discentes e egressos (D\/E).<\/p>\n<\/div>\n<\/div>\n\n\n\n<p class=\"has-medium-font-size\"><strong><span class=\"has-inline-color has-primary-accent-color\">Produ\u00e7\u00e3o t\u00e9cnica e tecnol\u00f3gica: 2020<\/span><\/strong><\/p>\n\n\n\n<div class=\"wp-block-columns is-layout-flex wp-container-core-columns-is-layout-9d6595d7 wp-block-columns-is-layout-flex\">\n<div class=\"wp-block-column is-layout-flow wp-block-column-is-layout-flow\" style=\"flex-basis:66.66%\">\n<figure class=\"wp-block-image size-large is-resized\"><img loading=\"lazy\" decoding=\"async\" width=\"1024\" height=\"576\" src=\"https:\/\/pos.uel.br\/microbiologia\/wp-content\/uploads\/2021\/07\/Slide8-1-1024x576.png\" alt=\"\" class=\"wp-image-1159\" style=\"width:501px;height:auto\" srcset=\"https:\/\/pos.uel.br\/microbiologia\/wp-content\/uploads\/2021\/07\/Slide8-1-1024x576.png 1024w, https:\/\/pos.uel.br\/microbiologia\/wp-content\/uploads\/2021\/07\/Slide8-1-300x169.png 300w, https:\/\/pos.uel.br\/microbiologia\/wp-content\/uploads\/2021\/07\/Slide8-1-768x432.png 768w, https:\/\/pos.uel.br\/microbiologia\/wp-content\/uploads\/2021\/07\/Slide8-1.png 1280w\" sizes=\"auto, (max-width: 1024px) 100vw, 1024px\" \/><\/figure>\n<\/div>\n\n\n\n<div class=\"wp-block-column is-layout-flow wp-block-column-is-layout-flow\" style=\"flex-basis:33.33%\">\n<p>Produ\u00e7\u00e3o total (total), Produ\u00e7\u00e3o com autoria e participa\u00e7\u00e3o de discentes e egressos (D\/E).<\/p>\n<\/div>\n<\/div>\n\n\n\n<p><\/p>\n","protected":false},"excerpt":{"rendered":"<p>Produ\u00e7\u00e3o t\u00e9cnica e tecnol\u00f3gica: \u00e1rea Ci\u00eancias Biol\u00f3gicas III (Indica\u00e7\u00e3o da \u00e1rea) 1- Produto bibliogr\u00e1fico t\u00e9cnico\/tecnol\u00f3gico; 2- Ativos de Propriedade Intelectual\/Patente; 3- Curso de forma\u00e7\u00e3o profissional; 4- Software\/Aplicativo; 5- Relat\u00f3rio t\u00e9cnico conclusivo; 6- Manual T\u00e9cnico\/protocolo; 7- Curadoria de cole\u00e7\u00f5es biol\u00f3gicas; 8- Norma, marco regulat\u00f3rio ou base de dados t\u00e9cnicos; 9- Cria\u00e7\u00e3o de empresa ou organiza\u00e7\u00e3o social [&hellip;]<\/p>\n","protected":false},"author":8,"featured_media":0,"parent":0,"menu_order":0,"comment_status":"closed","ping_status":"closed","template":"","meta":{"_acf_changed":false,"footnotes":""},"class_list":["post-469","page","type-page","status-publish","hentry"],"acf":[],"_links":{"self":[{"href":"https:\/\/pos.uel.br\/microbiologia\/wp-json\/wp\/v2\/pages\/469","targetHints":{"allow":["GET"]}}],"collection":[{"href":"https:\/\/pos.uel.br\/microbiologia\/wp-json\/wp\/v2\/pages"}],"about":[{"href":"https:\/\/pos.uel.br\/microbiologia\/wp-json\/wp\/v2\/types\/page"}],"author":[{"embeddable":true,"href":"https:\/\/pos.uel.br\/microbiologia\/wp-json\/wp\/v2\/users\/8"}],"replies":[{"embeddable":true,"href":"https:\/\/pos.uel.br\/microbiologia\/wp-json\/wp\/v2\/comments?post=469"}],"version-history":[{"count":9,"href":"https:\/\/pos.uel.br\/microbiologia\/wp-json\/wp\/v2\/pages\/469\/revisions"}],"predecessor-version":[{"id":2527,"href":"https:\/\/pos.uel.br\/microbiologia\/wp-json\/wp\/v2\/pages\/469\/revisions\/2527"}],"wp:attachment":[{"href":"https:\/\/pos.uel.br\/microbiologia\/wp-json\/wp\/v2\/media?parent=469"}],"curies":[{"name":"wp","href":"https:\/\/api.w.org\/{rel}","templated":true}]}}