{"id":458,"date":"2021-06-29T09:11:34","date_gmt":"2021-06-29T12:11:34","guid":{"rendered":"https:\/\/pos.uel.br\/microbiologia\/?page_id=458"},"modified":"2022-05-11T14:48:16","modified_gmt":"2022-05-11T17:48:16","slug":"producoes","status":"publish","type":"page","link":"https:\/\/pos.uel.br\/microbiologia\/producoes\/","title":{"rendered":"Produ\u00e7\u00f5es"},"content":{"rendered":"\n<figure class=\"wp-block-image size-large\"><img decoding=\"async\" src=\"https:\/\/pos.uel.br\/microbiologia\/wp-content\/uploads\/2021\/06\/logo-capes-1.png\" alt=\"\" class=\"wp-image-616\"\/><\/figure>\n\n\n\n<p>O Programa de P\u00f3s-Gradua\u00e7\u00e3o em Microbiologia segue os documentos produzidos pela \u00e1rea Ci\u00eancias Biol\u00f3gicas III da CAPES.<\/p>\n\n\n\n<div class=\"wp-block-file\"><a href=\"https:\/\/pos.uel.br\/microbiologia\/wp-content\/uploads\/2021\/06\/FICHA_CB3_ATUALIZADA-3.pdf\">FICHA_CB3_ATUALIZADA-3<\/a><a href=\"https:\/\/pos.uel.br\/microbiologia\/wp-content\/uploads\/2021\/06\/FICHA_CB3_ATUALIZADA-3.pdf\" class=\"wp-block-file__button\" download>Baixar<\/a><\/div>\n\n\n\n<div class=\"wp-block-file\"><a href=\"https:\/\/pos.uel.br\/microbiologia\/wp-content\/uploads\/2021\/06\/anexo-ficha-cbiii-pdf-1.pdf\">anexo-ficha-cbiii-pdf-1<\/a><a href=\"https:\/\/pos.uel.br\/microbiologia\/wp-content\/uploads\/2021\/06\/anexo-ficha-cbiii-pdf-1.pdf\" class=\"wp-block-file__button\" download>Baixar<\/a><\/div>\n\n\n\n<div class=\"wp-block-file\"><a href=\"https:\/\/pos.uel.br\/microbiologia\/wp-content\/uploads\/2021\/06\/cbiii-pdf.pdf\">cbiii-pdf<\/a><a href=\"https:\/\/pos.uel.br\/microbiologia\/wp-content\/uploads\/2021\/06\/cbiii-pdf.pdf\" class=\"wp-block-file__button\" download>Baixar<\/a><\/div>\n","protected":false},"excerpt":{"rendered":"<p>O Programa de P\u00f3s-Gradua\u00e7\u00e3o em Microbiologia segue os documentos produzidos pela \u00e1rea Ci\u00eancias Biol\u00f3gicas III da CAPES.<\/p>\n","protected":false},"author":8,"featured_media":0,"parent":0,"menu_order":0,"comment_status":"closed","ping_status":"closed","template":"","meta":{"_acf_changed":false,"footnotes":""},"class_list":["post-458","page","type-page","status-publish","hentry"],"acf":[],"_links":{"self":[{"href":"https:\/\/pos.uel.br\/microbiologia\/wp-json\/wp\/v2\/pages\/458","targetHints":{"allow":["GET"]}}],"collection":[{"href":"https:\/\/pos.uel.br\/microbiologia\/wp-json\/wp\/v2\/pages"}],"about":[{"href":"https:\/\/pos.uel.br\/microbiologia\/wp-json\/wp\/v2\/types\/page"}],"author":[{"embeddable":true,"href":"https:\/\/pos.uel.br\/microbiologia\/wp-json\/wp\/v2\/users\/8"}],"replies":[{"embeddable":true,"href":"https:\/\/pos.uel.br\/microbiologia\/wp-json\/wp\/v2\/comments?post=458"}],"version-history":[{"count":3,"href":"https:\/\/pos.uel.br\/microbiologia\/wp-json\/wp\/v2\/pages\/458\/revisions"}],"predecessor-version":[{"id":780,"href":"https:\/\/pos.uel.br\/microbiologia\/wp-json\/wp\/v2\/pages\/458\/revisions\/780"}],"wp:attachment":[{"href":"https:\/\/pos.uel.br\/microbiologia\/wp-json\/wp\/v2\/media?parent=458"}],"curies":[{"name":"wp","href":"https:\/\/api.w.org\/{rel}","templated":true}]}}