{"id":434,"date":"2021-06-28T17:27:28","date_gmt":"2021-06-28T20:27:28","guid":{"rendered":"https:\/\/pos.uel.br\/microbiologia\/?page_id=434"},"modified":"2025-09-17T14:16:18","modified_gmt":"2025-09-17T17:16:18","slug":"selecao-2","status":"publish","type":"page","link":"https:\/\/pos.uel.br\/microbiologia\/selecao-2\/","title":{"rendered":"Sele\u00e7\u00e3o Mestrado"},"content":{"rendered":"<div class=\"wp-block-image\">\n<figure class=\"aligncenter size-large is-resized\"><img loading=\"lazy\" decoding=\"async\" width=\"853\" height=\"480\" src=\"https:\/\/pos.uel.br\/microbiologia\/wp-content\/uploads\/2021\/06\/Mestrado-em-Microbiologia.gif\" alt=\"\" class=\"wp-image-441\" style=\"width:636px;height:358px\" \/><\/figure>\n<\/div>\n\n\n<p><strong>A sele\u00e7\u00e3o dos estudantes para o Mestrado dever\u00e1 constar das seguintes etapas:<\/strong><\/p>\n\n\n\n<p>I. Prova de conhecimento em Microbiologia;<\/p>\n\n\n\n<p>II. An\u00e1lise de&nbsp;<em>Curriculum vitae&nbsp;<\/em>documentado;&nbsp;<\/p>\n\n\n\n<p>III. Argui\u00e7\u00e3o.<\/p>\n\n\n\n<p class=\"has-primary-accent-color has-text-color has-medium-font-size\"><strong>A sele\u00e7\u00e3o de Mestrado apresenta a etapa de Prova de conhecimentos em Microbiologia com car\u00e1ter eliminat\u00f3rio. Assim somente os candidatos que obtiverem a nota 6,0 na prova escrita realizar\u00e3o as etapas subsequentes.<\/strong><\/p>\n\n\n\n<div style=\"height:46px\" aria-hidden=\"true\" class=\"wp-block-spacer\"><\/div>\n\n\n<div class=\"wp-block-image\">\n<figure class=\"aligncenter size-large is-resized\"><img loading=\"lazy\" decoding=\"async\" width=\"1024\" height=\"576\" src=\"https:\/\/pos.uel.br\/microbiologia\/wp-content\/uploads\/2021\/10\/Slide1-1024x576.png\" alt=\"\" class=\"wp-image-1397\" style=\"width:293px;height:166px\" srcset=\"https:\/\/pos.uel.br\/microbiologia\/wp-content\/uploads\/2021\/10\/Slide1-1024x576.png 1024w, https:\/\/pos.uel.br\/microbiologia\/wp-content\/uploads\/2021\/10\/Slide1-300x169.png 300w, https:\/\/pos.uel.br\/microbiologia\/wp-content\/uploads\/2021\/10\/Slide1-768x432.png 768w, https:\/\/pos.uel.br\/microbiologia\/wp-content\/uploads\/2021\/10\/Slide1.png 1280w\" sizes=\"auto, (max-width: 1024px) 100vw, 1024px\" \/><\/figure>\n<\/div>\n\n\n<div style=\"height:57px\" aria-hidden=\"true\" class=\"wp-block-spacer\"><\/div>\n\n\n\n<h2 class=\"wp-block-heading\">Sele\u00e7\u00e3o Mestrado 2026 &#8211; 1_Semestre<\/h2>\n\n\n\n<div style=\"height:39px\" aria-hidden=\"true\" class=\"wp-block-spacer\"><\/div>\n\n\n\n<div class=\"wp-block-file\"><a id=\"wp-block-file--media-efb75050-5590-42a7-ac8e-484f0d5349be\" href=\"https:\/\/pos.uel.br\/microbiologia\/wp-content\/uploads\/2025\/09\/Edital-09-Estudante-regular-Mestrado-e-Doutorado-2026_1S-1.pdf\">Edital 09 Estudante regular Mestrado e Doutorado 2026_1S<\/a><a href=\"https:\/\/pos.uel.br\/microbiologia\/wp-content\/uploads\/2025\/09\/Edital-09-Estudante-regular-Mestrado-e-Doutorado-2026_1S-1.pdf\" class=\"wp-block-file__button wp-element-button\" download aria-describedby=\"wp-block-file--media-efb75050-5590-42a7-ac8e-484f0d5349be\">Baixar<\/a><\/div>\n\n\n\n<p><\/p>\n\n\n\n<div style=\"height:38px\" aria-hidden=\"true\" class=\"wp-block-spacer\"><\/div>\n\n\n<div class=\"wp-block-image\">\n<figure class=\"aligncenter size-large is-resized\"><img loading=\"lazy\" decoding=\"async\" width=\"626\" height=\"480\" src=\"https:\/\/pos.uel.br\/microbiologia\/wp-content\/uploads\/2021\/06\/pesquisa-de-documento-de-papel-plana-dos-desenhos-animados-com-dados-pessoais-e-ilustracao-vetorial-de-carimbo-aprovado_101884-119-1.jpg\" alt=\"\" class=\"wp-image-541\" style=\"width:223px;height:171px\" srcset=\"https:\/\/pos.uel.br\/microbiologia\/wp-content\/uploads\/2021\/06\/pesquisa-de-documento-de-papel-plana-dos-desenhos-animados-com-dados-pessoais-e-ilustracao-vetorial-de-carimbo-aprovado_101884-119-1.jpg 626w, https:\/\/pos.uel.br\/microbiologia\/wp-content\/uploads\/2021\/06\/pesquisa-de-documento-de-papel-plana-dos-desenhos-animados-com-dados-pessoais-e-ilustracao-vetorial-de-carimbo-aprovado_101884-119-1-300x230.jpg 300w\" sizes=\"auto, (max-width: 626px) 100vw, 626px\" \/><\/figure>\n<\/div>\n\n\n<p><\/p>\n\n\n\n<p class=\"has-medium-font-size\"><mark class=\"has-inline-color has-secondary-accent-color\"><strong>Modelos para a elabora\u00e7\u00e3o dos documentos para a Sele\u00e7\u00e3o de&nbsp; Mestrado<\/strong><\/mark><\/p>\n\n\n\n<p class=\"has-secondary-text-color has-text-color has-link-color has-medium-font-size wp-elements-9d6dc4a25bbf63715b1ab8a4d0a7c10b\"><strong>Modelo de apresenta\u00e7\u00e3o de curr\u00edculo<\/strong><\/p>\n\n\n\n<div class=\"wp-block-file\"><a id=\"wp-block-file--media-17283879-f2a2-49fd-97ab-40ec2abc1c81\" href=\"https:\/\/pos.uel.br\/microbiologia\/wp-content\/uploads\/2024\/08\/ANEXO_I_Mestrado_Modelo_Curriculo.pdf\" target=\"_blank\" rel=\"noreferrer noopener\">ANEXO_I_Mestrado_Modelo_Curr\u00edculo<\/a><a href=\"https:\/\/pos.uel.br\/microbiologia\/wp-content\/uploads\/2024\/08\/ANEXO_I_Mestrado_Modelo_Curriculo.pdf\" class=\"wp-block-file__button wp-element-button\" download aria-describedby=\"wp-block-file--media-17283879-f2a2-49fd-97ab-40ec2abc1c81\">Baixar<\/a><\/div>\n\n\n\n<div style=\"height:37px\" aria-hidden=\"true\" class=\"wp-block-spacer\"><\/div>\n\n\n\n<p class=\"has-secondary-text-color has-text-color has-link-color has-medium-font-size wp-elements-fcc46c8b108bbb45572c22237fea7b4c\"><strong>A tabela de pontua\u00e7\u00e3o pode ser utilizada na vers\u00e3o word ou excel<\/strong><\/p>\n\n\n\n<div class=\"wp-block-file\"><a id=\"wp-block-file--media-c387a9e6-1ade-406c-b17c-3d4b56ce3833\" href=\"https:\/\/pos.uel.br\/microbiologia\/wp-content\/uploads\/2024\/08\/ANEXO_II_Mestrado_Tabela_Pontuacao-1.docx\">ANEXO_II_Mestrado_Tabela_Pontua\u00e7\u00e3o<\/a><a href=\"https:\/\/pos.uel.br\/microbiologia\/wp-content\/uploads\/2024\/08\/ANEXO_II_Mestrado_Tabela_Pontuacao-1.docx\" class=\"wp-block-file__button wp-element-button\" download aria-describedby=\"wp-block-file--media-c387a9e6-1ade-406c-b17c-3d4b56ce3833\">Baixar<\/a><\/div>\n\n\n\n<div class=\"wp-block-file\"><a id=\"wp-block-file--media-5a28716f-f5c8-407f-b40c-45260fc36cfa\" href=\"https:\/\/pos.uel.br\/microbiologia\/wp-content\/uploads\/2024\/08\/Anexo_II_Mestrado_Tabela_Pontuacao.xlsx\">Anexo_II_Mestrado_Tabela_Pontua\u00e7\u00e3o<\/a><a href=\"https:\/\/pos.uel.br\/microbiologia\/wp-content\/uploads\/2024\/08\/Anexo_II_Mestrado_Tabela_Pontuacao.xlsx\" class=\"wp-block-file__button wp-element-button\" download aria-describedby=\"wp-block-file--media-5a28716f-f5c8-407f-b40c-45260fc36cfa\">Baixar<\/a><\/div>\n\n\n\n<div style=\"height:34px\" aria-hidden=\"true\" class=\"wp-block-spacer\"><\/div>\n\n\n\n<p class=\"has-secondary-text-color has-text-color has-link-color has-medium-font-size wp-elements-c565bc1c15c34b052ce5866e58f1e09e\"><strong>Documentos para a realiza\u00e7\u00e3o de Prova escrita fora de sede<\/strong><\/p>\n\n\n\n<div class=\"wp-block-file\"><a id=\"wp-block-file--media-fae80b80-49c4-4df4-82f7-bd928d19ee91\" href=\"https:\/\/pos.uel.br\/microbiologia\/wp-content\/uploads\/2024\/08\/ANEXO-A-INSTRUCAO-DE-SERVICO-PPM-No-01.pdf\" target=\"_blank\" rel=\"noreferrer noopener\">ANEXO A INSTRU\u00c7\u00c3O DE SERVI\u00c7O PPM N\u00ba 01<\/a><a href=\"https:\/\/pos.uel.br\/microbiologia\/wp-content\/uploads\/2024\/08\/ANEXO-A-INSTRUCAO-DE-SERVICO-PPM-No-01.pdf\" class=\"wp-block-file__button wp-element-button\" download aria-describedby=\"wp-block-file--media-fae80b80-49c4-4df4-82f7-bd928d19ee91\">Baixar<\/a><\/div>\n\n\n\n<div class=\"wp-block-file\"><a id=\"wp-block-file--media-bf21f9f6-8e09-48c5-a3ef-b486a36e68ba\" href=\"https:\/\/pos.uel.br\/microbiologia\/wp-content\/uploads\/2025\/09\/Anexo-B-Solicitacao-para-realizacao-da-prova-fora-de-sede-1.docx\" target=\"_blank\" rel=\"noreferrer noopener\">Anexo-B-Solicitacao-para-realizacao-da-prova-fora-de-sede<\/a><a href=\"https:\/\/pos.uel.br\/microbiologia\/wp-content\/uploads\/2025\/09\/Anexo-B-Solicitacao-para-realizacao-da-prova-fora-de-sede-1.docx\" class=\"wp-block-file__button wp-element-button\" download aria-describedby=\"wp-block-file--media-bf21f9f6-8e09-48c5-a3ef-b486a36e68ba\">Baixar<\/a><\/div>\n\n\n\n<div class=\"wp-block-file\"><a id=\"wp-block-file--media-f0289114-64a3-455a-8b7b-59f9a8e51ad7\" href=\"https:\/\/pos.uel.br\/microbiologia\/wp-content\/uploads\/2024\/08\/Anexo-C-Ciencia-do-docente-responsavel-em-aplicar-a-prova-fora-de-sede.docx\">Anexo C Ci\u00eancia do docente respons\u00e1vel em aplicar a prova fora de sede<\/a><a href=\"https:\/\/pos.uel.br\/microbiologia\/wp-content\/uploads\/2024\/08\/Anexo-C-Ciencia-do-docente-responsavel-em-aplicar-a-prova-fora-de-sede.docx\" class=\"wp-block-file__button wp-element-button\" download aria-describedby=\"wp-block-file--media-f0289114-64a3-455a-8b7b-59f9a8e51ad7\">Baixar<\/a><\/div>\n\n\n\n<div style=\"height:40px\" aria-hidden=\"true\" class=\"wp-block-spacer\"><\/div>\n\n\n\n<p class=\"has-secondary-text-color has-text-color has-link-color has-medium-font-size wp-elements-4913a03f69d6bbebe2253a75fadf5429\"><strong>Bibliografia recomendada<\/strong><\/p>\n\n\n\n<div class=\"wp-block-file\"><a id=\"wp-block-file--media-16e41a49-2841-4eca-b773-a7e6463dd4cf\" href=\"https:\/\/pos.uel.br\/microbiologia\/wp-content\/uploads\/2021\/07\/BIBLIOGRAFIA-RECOMENDADA.pdf\">BIBLIOGRAFIA-RECOMENDADA<\/a><a href=\"https:\/\/pos.uel.br\/microbiologia\/wp-content\/uploads\/2021\/07\/BIBLIOGRAFIA-RECOMENDADA.pdf\" class=\"wp-block-file__button wp-element-button\" download aria-describedby=\"wp-block-file--media-16e41a49-2841-4eca-b773-a7e6463dd4cf\">Baixar<\/a><\/div>\n\n\n\n<div style=\"height:36px\" aria-hidden=\"true\" class=\"wp-block-spacer\"><\/div>\n\n\n\n<p class=\"has-medium-font-size\"><strong>Verificar como a documenta\u00e7\u00e3o est\u00e1 sendo requerida no edital<\/strong><\/p>\n\n\n\n<div style=\"height:42px\" aria-hidden=\"true\" class=\"wp-block-spacer\"><\/div>\n\n\n\n<h4 class=\"wp-block-heading has-secondary-text-color has-text-color has-link-color has-medium-font-size wp-elements-1251a4824d899e5304eeecda2df0e55f\"><strong>Requerimento de Isen\u00e7\u00e3o Cad\u00danico \u2013 Per\u00edodo: 08 a 09\/09\/2025<\/strong><\/h4>\n\n\n\n<p><a href=\"https:\/\/www.sistemasweb.uel.br\/index.php?contents=system\/insc\/index.php&amp;pagina=view\/inscricoes\/seleciona_evento.php&amp;cod_evento=9672\">Inscri\u00e7\u00e3o Cad\u00danico<\/a><\/p>\n\n\n\n<p><\/p>\n\n\n\n<div style=\"height:36px\" aria-hidden=\"true\" class=\"wp-block-spacer\"><\/div>\n\n\n\n<h4 class=\"wp-block-heading has-secondary-text-color has-text-color\">Outras isen\u00e7\u00f5es da taxa de inscri\u00e7\u00e3o &#8211; per\u00edodo: <strong>08 a 09\/09\/2025<\/strong><\/h4>\n\n\n\n<p><strong><span class=\"has-inline-color has-primary-accent-color\">Verificar Edital para maiores informa\u00e7\u00f5es<\/span><\/strong><\/p>\n\n\n\n<p>Isen\u00e7\u00e3o  &#8211; Lei 19.196 de 26 de outubro de 2017  &#8211; presta\u00e7\u00e3o de servi\u00e7o a justi\u00e7a eleitoral (dois turnos &#8211; TRE &#8211; dois anos anteriores)<\/p>\n\n\n\n<p>Isen\u00e7\u00e3o &#8211; Lei 19.293 de 13 de dezembro de 2017 &#8211; Doador de sangue a \u00f3rg\u00e3o oficial de sa\u00fade ou \u00e0 entidade credenciada da Uni\u00e3o, Estado ou Munic\u00edpio)<\/p>\n\n\n\n<p><a href=\"https:\/\/sites.uel.br\/proppg\/formularios-da-pos-graduacao\/\">Requerimento Isen\u00e7\u00e3o da taxa de inscri\u00e7\u00e3o<\/a><\/p>\n\n\n\n<div style=\"height:51px\" aria-hidden=\"true\" class=\"wp-block-spacer\"><\/div>\n\n\n\n<p><\/p>\n","protected":false},"excerpt":{"rendered":"<p>A sele\u00e7\u00e3o dos estudantes para o Mestrado dever\u00e1 constar das seguintes etapas: I. Prova de conhecimento em Microbiologia; II. An\u00e1lise de&nbsp;Curriculum vitae&nbsp;documentado;&nbsp; III. Argui\u00e7\u00e3o. A sele\u00e7\u00e3o de Mestrado apresenta a etapa de Prova de conhecimentos em Microbiologia com car\u00e1ter eliminat\u00f3rio. Assim somente os candidatos que obtiverem a nota 6,0 na prova escrita realizar\u00e3o as etapas [&hellip;]<\/p>\n","protected":false},"author":8,"featured_media":0,"parent":0,"menu_order":0,"comment_status":"closed","ping_status":"closed","template":"","meta":{"_acf_changed":false,"footnotes":""},"class_list":["post-434","page","type-page","status-publish","hentry"],"acf":[],"_links":{"self":[{"href":"https:\/\/pos.uel.br\/microbiologia\/wp-json\/wp\/v2\/pages\/434","targetHints":{"allow":["GET"]}}],"collection":[{"href":"https:\/\/pos.uel.br\/microbiologia\/wp-json\/wp\/v2\/pages"}],"about":[{"href":"https:\/\/pos.uel.br\/microbiologia\/wp-json\/wp\/v2\/types\/page"}],"author":[{"embeddable":true,"href":"https:\/\/pos.uel.br\/microbiologia\/wp-json\/wp\/v2\/users\/8"}],"replies":[{"embeddable":true,"href":"https:\/\/pos.uel.br\/microbiologia\/wp-json\/wp\/v2\/comments?post=434"}],"version-history":[{"count":63,"href":"https:\/\/pos.uel.br\/microbiologia\/wp-json\/wp\/v2\/pages\/434\/revisions"}],"predecessor-version":[{"id":2625,"href":"https:\/\/pos.uel.br\/microbiologia\/wp-json\/wp\/v2\/pages\/434\/revisions\/2625"}],"wp:attachment":[{"href":"https:\/\/pos.uel.br\/microbiologia\/wp-json\/wp\/v2\/media?parent=434"}],"curies":[{"name":"wp","href":"https:\/\/api.w.org\/{rel}","templated":true}]}}