{"id":386,"date":"2021-06-28T15:36:29","date_gmt":"2021-06-28T18:36:29","guid":{"rendered":"https:\/\/pos.uel.br\/microbiologia\/?page_id=386"},"modified":"2022-05-11T14:44:12","modified_gmt":"2022-05-11T17:44:12","slug":"criterios-de-credenciamento-docente","status":"publish","type":"page","link":"https:\/\/pos.uel.br\/microbiologia\/criterios-de-credenciamento-docente\/","title":{"rendered":"Crit\u00e9rios de credenciamento Docente"},"content":{"rendered":"\n<p>O credenciamento e o descredenciamento dos docentes no programa ser\u00e3o feitos pela Comiss\u00e3o Coordenadora e referendados pelo Conselho do Programa de P\u00f3s-gradua\u00e7\u00e3o.<br>Proponentes ao credenciamento dever\u00e3o apresentar \u00e0 Comiss\u00e3o Coordenadora do Programa:<\/p>\n\n\n\n<ol class=\"wp-block-list\"><li>Carta manifestando seu interesse de credenciamento no Programa;<\/li><li>Proposi\u00e7\u00e3o de disciplina optativa em tema relacionado com as linhas de pesquisa do Programa;<\/li><li>Curriculum vitae com produ\u00e7\u00e3o cient\u00edfica de, no m\u00ednimo, 4 (quatro) artigos indexados no Qualis\/CAPES (Ci\u00eancias Biol\u00f3gicas III) ou JCR no quadri\u00eanio, dos quais pelo menos um artigo cient\u00edfico com indexa\u00e7\u00e3o m\u00ednima B1&nbsp; e participa\u00e7\u00e3o em projeto de pesquisa aprovado por \u00f3rg\u00e3o de fomento externo.<\/li><\/ol>\n\n\n\n<p>O descredenciamento de docentes do Programa ocorrer\u00e1 quando solicitado pelo pr\u00f3prio docente ou quando este n\u00e3o atender ao seguinte requisito: Produ\u00e7\u00e3o cient\u00edfica de, no m\u00ednimo, 4 artigos indexados no Qualis\/CAPES (Ci\u00eancias Biol\u00f3gicas III) ou JCR no quadri\u00eanio e conforme descrito abaixo.<\/p>\n\n\n\n<ol class=\"wp-block-list\"><li>Ser\u00e1 exigido que pelo menos 01 (um) dos artigos seja no Qualis B1 ou 2 (dois) artigos no Qualis B2 no per\u00edodo avaliado.<\/li><li>50% dos artigos devem ser com discentes do programa sob sua orienta\u00e7\u00e3o.<\/li><\/ol>\n\n\n\n<p><\/p>\n","protected":false},"excerpt":{"rendered":"<p>O credenciamento e o descredenciamento dos docentes no programa ser\u00e3o feitos pela Comiss\u00e3o Coordenadora e referendados pelo Conselho do Programa de P\u00f3s-gradua\u00e7\u00e3o.Proponentes ao credenciamento dever\u00e3o apresentar \u00e0 Comiss\u00e3o Coordenadora do Programa: Carta manifestando seu interesse de credenciamento no Programa; Proposi\u00e7\u00e3o de disciplina optativa em tema relacionado com as linhas de pesquisa do Programa; Curriculum vitae [&hellip;]<\/p>\n","protected":false},"author":8,"featured_media":0,"parent":0,"menu_order":0,"comment_status":"closed","ping_status":"closed","template":"","meta":{"_acf_changed":false,"footnotes":""},"class_list":["post-386","page","type-page","status-publish","hentry"],"acf":[],"_links":{"self":[{"href":"https:\/\/pos.uel.br\/microbiologia\/wp-json\/wp\/v2\/pages\/386","targetHints":{"allow":["GET"]}}],"collection":[{"href":"https:\/\/pos.uel.br\/microbiologia\/wp-json\/wp\/v2\/pages"}],"about":[{"href":"https:\/\/pos.uel.br\/microbiologia\/wp-json\/wp\/v2\/types\/page"}],"author":[{"embeddable":true,"href":"https:\/\/pos.uel.br\/microbiologia\/wp-json\/wp\/v2\/users\/8"}],"replies":[{"embeddable":true,"href":"https:\/\/pos.uel.br\/microbiologia\/wp-json\/wp\/v2\/comments?post=386"}],"version-history":[{"count":3,"href":"https:\/\/pos.uel.br\/microbiologia\/wp-json\/wp\/v2\/pages\/386\/revisions"}],"predecessor-version":[{"id":391,"href":"https:\/\/pos.uel.br\/microbiologia\/wp-json\/wp\/v2\/pages\/386\/revisions\/391"}],"wp:attachment":[{"href":"https:\/\/pos.uel.br\/microbiologia\/wp-json\/wp\/v2\/media?parent=386"}],"curies":[{"name":"wp","href":"https:\/\/api.w.org\/{rel}","templated":true}]}}