{"id":2506,"date":"2025-05-21T08:44:13","date_gmt":"2025-05-21T11:44:13","guid":{"rendered":"https:\/\/pos.uel.br\/microbiologia\/?page_id=2506"},"modified":"2025-05-21T08:44:13","modified_gmt":"2025-05-21T11:44:13","slug":"um-novo-sorriso","status":"publish","type":"page","link":"https:\/\/pos.uel.br\/microbiologia\/um-novo-sorriso\/","title":{"rendered":"Um novo sorriso"},"content":{"rendered":"\n<p class=\"has-primary-accent-color has-text-color has-link-color has-medium-font-size wp-elements-6224084c040d85fd0de0cba922b61137\"><strong>Projeto coordenado pelo Prof. Ricardo S. C. de Almeida<\/strong><\/p>\n\n\n\n<p>Mulheres em situa\u00e7\u00e3o de vulnerabilidade social, englobam profissionais do sexo, moradoras de rua, mulheres sob viol\u00eancia dom\u00e9stica e dependentes qu\u00edmicas. Os projetos sociais \u201chafura\u201d e \u201c\u00e1gua pura\u201d da primeira igreja presbiteriana independente de londrina atendem essas mulheres com o intuito de restabelecerem-nas ao conv\u00edvio social normal. O \u201c\u00e1gua pura\u201d trata dependentes qu\u00edmicas e o hafura ensina h\u00e1bitos de higiene, tric\u00f4, croch\u00ea e artesanato para as mulheres citadas acima. Por\u00e9m, como um projeto social pode restabelecer uma pessoa ao conv\u00edvio social se ela n\u00e3o consegue sorrir? Avan\u00e7os nos materiais odontol\u00f3gicos proporcionam uma restaura\u00e7\u00e3o com alt\u00edssima qualidade est\u00e9tica. Assim, o empoderamento feminino ser\u00e1 proporcionado por um novo sorriso, restabelecendo a autoconfian\u00e7a e a sa\u00fade bucal. Deste modo, o objetivo principal deste projeto \u00e9 atender mulheres em situa\u00e7\u00e3o de vulnerabilidade social, para reabilitar os dentes anteriores, restabelecendo a autoconfian\u00e7a e a sa\u00fade bucal dessas mulheres. Como retorno para a sociedade, ser\u00e3o feitos v\u00eddeos para o youtube (canal escova &amp; a\u00e7\u00e3o do projeto 2229 \u2013 odontologia por EAD), utilizando fotos dos casos antes e depois e depoimentos das participantes, relatando o que mudou na vida delas com o&nbsp; estabelecimento do sorriso. Com isso, pretendemos motivar a preven\u00e7\u00e3o e os cuidados com a sa\u00fade bucal nas pessoas que assistirem aos v\u00eddeos, al\u00e9m de divulgar os resultados do projeto. O presente projeto engloba o ensino de t\u00e9cnicas que os alunos n\u00e3o aprendem na grade normal do curso; al\u00e9m da extens\u00e3o por meio do atendimento das mulheres e da divulga\u00e7\u00e3o cient\u00edfica.<\/p>\n\n\n\n<div style=\"height:39px\" aria-hidden=\"true\" class=\"wp-block-spacer\"><\/div>\n\n\n\n<div class=\"wp-block-columns is-layout-flex wp-container-core-columns-is-layout-9d6595d7 wp-block-columns-is-layout-flex\">\n<div class=\"wp-block-column is-layout-flow wp-block-column-is-layout-flow\">\n<figure class=\"wp-block-image size-large\"><img loading=\"lazy\" decoding=\"async\" width=\"1024\" height=\"768\" src=\"https:\/\/pos.uel.br\/microbiologia\/wp-content\/uploads\/2025\/05\/WhatsApp-Image-2025-05-21-at-08.04.54-1-1024x768.jpeg\" alt=\"\" class=\"wp-image-2507\" srcset=\"https:\/\/pos.uel.br\/microbiologia\/wp-content\/uploads\/2025\/05\/WhatsApp-Image-2025-05-21-at-08.04.54-1-1024x768.jpeg 1024w, https:\/\/pos.uel.br\/microbiologia\/wp-content\/uploads\/2025\/05\/WhatsApp-Image-2025-05-21-at-08.04.54-1-300x225.jpeg 300w, https:\/\/pos.uel.br\/microbiologia\/wp-content\/uploads\/2025\/05\/WhatsApp-Image-2025-05-21-at-08.04.54-1-768x576.jpeg 768w, https:\/\/pos.uel.br\/microbiologia\/wp-content\/uploads\/2025\/05\/WhatsApp-Image-2025-05-21-at-08.04.54-1-1536x1152.jpeg 1536w, https:\/\/pos.uel.br\/microbiologia\/wp-content\/uploads\/2025\/05\/WhatsApp-Image-2025-05-21-at-08.04.54-1.jpeg 1600w\" sizes=\"auto, (max-width: 1024px) 100vw, 1024px\" \/><\/figure>\n<\/div>\n\n\n\n<div class=\"wp-block-column is-layout-flow wp-block-column-is-layout-flow\">\n<figure class=\"wp-block-image size-large is-resized\"><img loading=\"lazy\" decoding=\"async\" width=\"768\" height=\"1024\" src=\"https:\/\/pos.uel.br\/microbiologia\/wp-content\/uploads\/2025\/05\/WhatsApp-Image-2025-05-21-at-08.04.55-768x1024.jpeg\" alt=\"\" class=\"wp-image-2508\" style=\"width:273px;height:auto\" srcset=\"https:\/\/pos.uel.br\/microbiologia\/wp-content\/uploads\/2025\/05\/WhatsApp-Image-2025-05-21-at-08.04.55-768x1024.jpeg 768w, https:\/\/pos.uel.br\/microbiologia\/wp-content\/uploads\/2025\/05\/WhatsApp-Image-2025-05-21-at-08.04.55-225x300.jpeg 225w, https:\/\/pos.uel.br\/microbiologia\/wp-content\/uploads\/2025\/05\/WhatsApp-Image-2025-05-21-at-08.04.55.jpeg 960w\" sizes=\"auto, (max-width: 768px) 100vw, 768px\" \/><\/figure>\n<\/div>\n\n\n\n<div class=\"wp-block-column is-layout-flow wp-block-column-is-layout-flow\">\n<figure class=\"wp-block-image size-large is-resized\"><img loading=\"lazy\" decoding=\"async\" width=\"576\" height=\"1024\" src=\"https:\/\/pos.uel.br\/microbiologia\/wp-content\/uploads\/2025\/05\/WhatsApp-Image-2025-05-21-at-08.04.55-2-576x1024.jpeg\" alt=\"\" class=\"wp-image-2509\" style=\"width:226px;height:auto\" srcset=\"https:\/\/pos.uel.br\/microbiologia\/wp-content\/uploads\/2025\/05\/WhatsApp-Image-2025-05-21-at-08.04.55-2-576x1024.jpeg 576w, https:\/\/pos.uel.br\/microbiologia\/wp-content\/uploads\/2025\/05\/WhatsApp-Image-2025-05-21-at-08.04.55-2-169x300.jpeg 169w, https:\/\/pos.uel.br\/microbiologia\/wp-content\/uploads\/2025\/05\/WhatsApp-Image-2025-05-21-at-08.04.55-2-768x1366.jpeg 768w, https:\/\/pos.uel.br\/microbiologia\/wp-content\/uploads\/2025\/05\/WhatsApp-Image-2025-05-21-at-08.04.55-2-864x1536.jpeg 864w, https:\/\/pos.uel.br\/microbiologia\/wp-content\/uploads\/2025\/05\/WhatsApp-Image-2025-05-21-at-08.04.55-2.jpeg 899w\" sizes=\"auto, (max-width: 576px) 100vw, 576px\" \/><\/figure>\n<\/div>\n<\/div>\n\n\n\n<div class=\"wp-block-columns is-layout-flex wp-container-core-columns-is-layout-9d6595d7 wp-block-columns-is-layout-flex\">\n<div class=\"wp-block-column is-layout-flow wp-block-column-is-layout-flow\">\n<figure class=\"wp-block-image size-large is-resized\"><img loading=\"lazy\" decoding=\"async\" width=\"768\" height=\"1024\" src=\"https:\/\/pos.uel.br\/microbiologia\/wp-content\/uploads\/2025\/05\/WhatsApp-Image-2025-05-21-at-08.04.55-3-768x1024.jpeg\" alt=\"\" class=\"wp-image-2510\" style=\"width:297px;height:auto\" srcset=\"https:\/\/pos.uel.br\/microbiologia\/wp-content\/uploads\/2025\/05\/WhatsApp-Image-2025-05-21-at-08.04.55-3-768x1024.jpeg 768w, https:\/\/pos.uel.br\/microbiologia\/wp-content\/uploads\/2025\/05\/WhatsApp-Image-2025-05-21-at-08.04.55-3-225x300.jpeg 225w, https:\/\/pos.uel.br\/microbiologia\/wp-content\/uploads\/2025\/05\/WhatsApp-Image-2025-05-21-at-08.04.55-3-1152x1536.jpeg 1152w, https:\/\/pos.uel.br\/microbiologia\/wp-content\/uploads\/2025\/05\/WhatsApp-Image-2025-05-21-at-08.04.55-3.jpeg 1200w\" sizes=\"auto, (max-width: 768px) 100vw, 768px\" \/><\/figure>\n<\/div>\n\n\n\n<div class=\"wp-block-column is-layout-flow wp-block-column-is-layout-flow\"><\/div>\n\n\n\n<div class=\"wp-block-column is-layout-flow wp-block-column-is-layout-flow\"><\/div>\n<\/div>\n","protected":false},"excerpt":{"rendered":"<p>Projeto coordenado pelo Prof. Ricardo S. C. de Almeida Mulheres em situa\u00e7\u00e3o de vulnerabilidade social, englobam profissionais do sexo, moradoras de rua, mulheres sob viol\u00eancia dom\u00e9stica e dependentes qu\u00edmicas. Os projetos sociais \u201chafura\u201d e \u201c\u00e1gua pura\u201d da primeira igreja presbiteriana independente de londrina atendem essas mulheres com o intuito de restabelecerem-nas ao conv\u00edvio social normal. [&hellip;]<\/p>\n","protected":false},"author":8,"featured_media":0,"parent":0,"menu_order":0,"comment_status":"closed","ping_status":"closed","template":"","meta":{"_acf_changed":false,"footnotes":""},"class_list":["post-2506","page","type-page","status-publish","hentry"],"acf":[],"_links":{"self":[{"href":"https:\/\/pos.uel.br\/microbiologia\/wp-json\/wp\/v2\/pages\/2506","targetHints":{"allow":["GET"]}}],"collection":[{"href":"https:\/\/pos.uel.br\/microbiologia\/wp-json\/wp\/v2\/pages"}],"about":[{"href":"https:\/\/pos.uel.br\/microbiologia\/wp-json\/wp\/v2\/types\/page"}],"author":[{"embeddable":true,"href":"https:\/\/pos.uel.br\/microbiologia\/wp-json\/wp\/v2\/users\/8"}],"replies":[{"embeddable":true,"href":"https:\/\/pos.uel.br\/microbiologia\/wp-json\/wp\/v2\/comments?post=2506"}],"version-history":[{"count":1,"href":"https:\/\/pos.uel.br\/microbiologia\/wp-json\/wp\/v2\/pages\/2506\/revisions"}],"predecessor-version":[{"id":2511,"href":"https:\/\/pos.uel.br\/microbiologia\/wp-json\/wp\/v2\/pages\/2506\/revisions\/2511"}],"wp:attachment":[{"href":"https:\/\/pos.uel.br\/microbiologia\/wp-json\/wp\/v2\/media?parent=2506"}],"curies":[{"name":"wp","href":"https:\/\/api.w.org\/{rel}","templated":true}]}}