{"id":2110,"date":"2023-09-01T12:04:15","date_gmt":"2023-09-01T15:04:15","guid":{"rendered":"https:\/\/pos.uel.br\/microbiologia\/?page_id=2110"},"modified":"2025-09-17T14:15:22","modified_gmt":"2025-09-17T17:15:22","slug":"selecao-doutorado","status":"publish","type":"page","link":"https:\/\/pos.uel.br\/microbiologia\/selecao-doutorado\/","title":{"rendered":"Sele\u00e7\u00e3o Doutorado"},"content":{"rendered":"<div class=\"wp-block-image\">\n<figure class=\"aligncenter size-full is-resized\"><img loading=\"lazy\" decoding=\"async\" width=\"853\" height=\"480\" src=\"https:\/\/pos.uel.br\/microbiologia\/wp-content\/uploads\/2021\/06\/Doutorado-em-Microbiologia-2.gif\" alt=\"\" class=\"wp-image-452\" style=\"width:585px;height:329px\" \/><\/figure>\n<\/div>\n\n\n<div style=\"height:47px\" aria-hidden=\"true\" class=\"wp-block-spacer\"><\/div>\n\n\n\n<p><strong>A sele\u00e7\u00e3o dos estudantes para o Doutorado dever\u00e1 constar das seguintes etapas:<\/strong><\/p>\n\n\n\n<p>I. Prova de conhecimento em Microbiologia;<\/p>\n\n\n\n<p>II. Defesa de projeto de tese<\/p>\n\n\n\n<p>III. An\u00e1lise de&nbsp;<em>Curriculum vitae&nbsp;<\/em>documentado;&nbsp;<\/p>\n\n\n\n<p>IV. Argui\u00e7\u00e3o.<\/p>\n\n\n\n<p class=\"has-primary-accent-color has-text-color has-medium-font-size\"><strong>A sele\u00e7\u00e3o de Mestrado apresenta a etapa de Prova de conhecimentos em Microbiologia com car\u00e1ter eliminat\u00f3rio. Assim somente os\/as candidatos\/as que obtiverem a nota 6,0 na prova escrita realizar\u00e3o as etapas subsequentes.<\/strong><\/p>\n\n\n\n<div style=\"height:49px\" aria-hidden=\"true\" class=\"wp-block-spacer\"><\/div>\n\n\n<div class=\"wp-block-image\">\n<figure class=\"aligncenter size-large is-resized\"><img loading=\"lazy\" decoding=\"async\" width=\"1024\" height=\"576\" src=\"https:\/\/pos.uel.br\/microbiologia\/wp-content\/uploads\/2021\/10\/Slide1-1024x576.png\" alt=\"\" class=\"wp-image-1397\" style=\"width:396px;height:223px\" srcset=\"https:\/\/pos.uel.br\/microbiologia\/wp-content\/uploads\/2021\/10\/Slide1-1024x576.png 1024w, https:\/\/pos.uel.br\/microbiologia\/wp-content\/uploads\/2021\/10\/Slide1-300x169.png 300w, https:\/\/pos.uel.br\/microbiologia\/wp-content\/uploads\/2021\/10\/Slide1-768x432.png 768w, https:\/\/pos.uel.br\/microbiologia\/wp-content\/uploads\/2021\/10\/Slide1.png 1280w\" sizes=\"auto, (max-width: 1024px) 100vw, 1024px\" \/><\/figure>\n<\/div>\n\n\n<div style=\"height:61px\" aria-hidden=\"true\" class=\"wp-block-spacer\"><\/div>\n\n\n\n<p class=\"has-secondary-accent-color has-text-color has-medium-font-size\"><strong>Sele\u00e7\u00e3o Doutorado 2026-1 semestre<\/strong><\/p>\n\n\n\n<div class=\"wp-block-file\"><a id=\"wp-block-file--media-b5c83063-b73a-4ab1-bd2c-17a1b9af61fe\" href=\"https:\/\/pos.uel.br\/microbiologia\/wp-content\/uploads\/2025\/09\/Edital-09-Estudante-regular-Mestrado-e-Doutorado-2026_1S.pdf\">Edital 09 Estudante regular Mestrado e Doutorado 2026_1S<\/a><a href=\"https:\/\/pos.uel.br\/microbiologia\/wp-content\/uploads\/2025\/09\/Edital-09-Estudante-regular-Mestrado-e-Doutorado-2026_1S.pdf\" class=\"wp-block-file__button wp-element-button\" download aria-describedby=\"wp-block-file--media-b5c83063-b73a-4ab1-bd2c-17a1b9af61fe\">Baixar<\/a><\/div>\n\n\n\n<div style=\"height:60px\" aria-hidden=\"true\" class=\"wp-block-spacer\"><\/div>\n\n\n<div class=\"wp-block-image\">\n<figure class=\"aligncenter size-full is-resized\"><img loading=\"lazy\" decoding=\"async\" width=\"626\" height=\"480\" src=\"https:\/\/pos.uel.br\/microbiologia\/wp-content\/uploads\/2021\/06\/pesquisa-de-documento-de-papel-plana-dos-desenhos-animados-com-dados-pessoais-e-ilustracao-vetorial-de-carimbo-aprovado_101884-119-1.jpg\" alt=\"\" class=\"wp-image-541\" style=\"width:184px;height:141px\" srcset=\"https:\/\/pos.uel.br\/microbiologia\/wp-content\/uploads\/2021\/06\/pesquisa-de-documento-de-papel-plana-dos-desenhos-animados-com-dados-pessoais-e-ilustracao-vetorial-de-carimbo-aprovado_101884-119-1.jpg 626w, https:\/\/pos.uel.br\/microbiologia\/wp-content\/uploads\/2021\/06\/pesquisa-de-documento-de-papel-plana-dos-desenhos-animados-com-dados-pessoais-e-ilustracao-vetorial-de-carimbo-aprovado_101884-119-1-300x230.jpg 300w\" sizes=\"auto, (max-width: 626px) 100vw, 626px\" \/><\/figure>\n<\/div>\n\n\n<div style=\"height:59px\" aria-hidden=\"true\" class=\"wp-block-spacer\"><\/div>\n\n\n\n<p class=\"has-secondary-accent-color has-text-color has-medium-font-size\"><strong>Modelos para elabora\u00e7\u00e3o dos documentos para a Sele\u00e7\u00e3o de Doutorado<\/strong><\/p>\n\n\n\n<p class=\"has-secondary-text-color has-text-color has-link-color has-medium-font-size wp-elements-9d6dc4a25bbf63715b1ab8a4d0a7c10b\"><strong>Modelo de apresenta\u00e7\u00e3o de curr\u00edculo<\/strong><\/p>\n\n\n\n<div class=\"wp-block-file\"><a id=\"wp-block-file--media-3cd9fd3e-d3d2-4eec-8efb-86ec4891ca1e\" href=\"https:\/\/pos.uel.br\/microbiologia\/wp-content\/uploads\/2024\/08\/ANEXO_I_Doutorado_Modelo_Curriculo.pdf\" target=\"_blank\" rel=\"noreferrer noopener\">ANEXO_I_Doutorado_Modelo_Curr\u00edculo<\/a><a href=\"https:\/\/pos.uel.br\/microbiologia\/wp-content\/uploads\/2024\/08\/ANEXO_I_Doutorado_Modelo_Curriculo.pdf\" class=\"wp-block-file__button wp-element-button\" download aria-describedby=\"wp-block-file--media-3cd9fd3e-d3d2-4eec-8efb-86ec4891ca1e\">Baixar<\/a><\/div>\n\n\n\n<div style=\"height:34px\" aria-hidden=\"true\" class=\"wp-block-spacer\"><\/div>\n\n\n\n<p class=\"has-secondary-text-color has-text-color has-link-color has-medium-font-size wp-elements-fcc46c8b108bbb45572c22237fea7b4c\"><strong>A tabela de pontua\u00e7\u00e3o pode ser utilizada na vers\u00e3o word ou excel<\/strong><\/p>\n\n\n\n<div class=\"wp-block-file\"><a id=\"wp-block-file--media-59778baf-3ce2-44f5-9db8-d3543e9c4fa8\" href=\"https:\/\/pos.uel.br\/microbiologia\/wp-content\/uploads\/2024\/08\/ANEXO_II_Doutorado_Tabela_Pontuacao.docx\" target=\"_blank\" rel=\"noreferrer noopener\">ANEXO_II_Doutorado_Tabela_Pontua\u00e7\u00e3o<\/a><a href=\"https:\/\/pos.uel.br\/microbiologia\/wp-content\/uploads\/2024\/08\/ANEXO_II_Doutorado_Tabela_Pontuacao.docx\" class=\"wp-block-file__button wp-element-button\" download aria-describedby=\"wp-block-file--media-59778baf-3ce2-44f5-9db8-d3543e9c4fa8\">Baixar<\/a><\/div>\n\n\n\n<div class=\"wp-block-file\"><a id=\"wp-block-file--media-d03ebcbf-264c-4f46-a871-def4682d6ffb\" href=\"https:\/\/pos.uel.br\/microbiologia\/wp-content\/uploads\/2024\/08\/Anexo_II_Doutorado_Tabela_Pontuacao.xlsx\">Anexo_II_Doutorado_Tabela_Pontua\u00e7\u00e3o<\/a><a href=\"https:\/\/pos.uel.br\/microbiologia\/wp-content\/uploads\/2024\/08\/Anexo_II_Doutorado_Tabela_Pontuacao.xlsx\" class=\"wp-block-file__button wp-element-button\" download aria-describedby=\"wp-block-file--media-d03ebcbf-264c-4f46-a871-def4682d6ffb\">Baixar<\/a><\/div>\n\n\n\n<div style=\"height:44px\" aria-hidden=\"true\" class=\"wp-block-spacer\"><\/div>\n\n\n\n<p class=\"has-secondary-text-color has-text-color has-link-color has-medium-font-size wp-elements-8705d37220a97399bc74af6ca42e701e\"><strong>Modelo de apresenta\u00e7\u00e3o de projeto de tese<\/strong><\/p>\n\n\n\n<div class=\"wp-block-file\"><a id=\"wp-block-file--media-529a8db1-3ae7-4f9f-86b2-9aebdbed9efb\" href=\"https:\/\/pos.uel.br\/microbiologia\/wp-content\/uploads\/2024\/08\/ANEXO_III_Doutorado_Modelo_Projeto.pdf\" target=\"_blank\" rel=\"noreferrer noopener\">ANEXO_III_Doutorado_Modelo_Projeto<\/a><a href=\"https:\/\/pos.uel.br\/microbiologia\/wp-content\/uploads\/2024\/08\/ANEXO_III_Doutorado_Modelo_Projeto.pdf\" class=\"wp-block-file__button wp-element-button\" download aria-describedby=\"wp-block-file--media-529a8db1-3ae7-4f9f-86b2-9aebdbed9efb\">Baixar<\/a><\/div>\n\n\n\n<div style=\"height:40px\" aria-hidden=\"true\" class=\"wp-block-spacer\"><\/div>\n\n\n\n<p class=\"has-secondary-text-color has-text-color has-link-color has-medium-font-size wp-elements-c565bc1c15c34b052ce5866e58f1e09e\"><strong>Documentos para a realiza\u00e7\u00e3o de Prova escrita fora de sede<\/strong><\/p>\n\n\n\n<div class=\"wp-block-file\"><a id=\"wp-block-file--media-242bc3f6-ddc5-4f94-adba-fa457d3cd619\" href=\"https:\/\/pos.uel.br\/microbiologia\/wp-content\/uploads\/2024\/08\/ANEXO-A-INSTRUCAO-DE-SERVICO-PPM-No-01.pdf\" target=\"_blank\" rel=\"noreferrer noopener\">ANEXO A INSTRU\u00c7\u00c3O DE SERVI\u00c7O PPM N\u00ba 01<\/a><a href=\"https:\/\/pos.uel.br\/microbiologia\/wp-content\/uploads\/2024\/08\/ANEXO-A-INSTRUCAO-DE-SERVICO-PPM-No-01.pdf\" class=\"wp-block-file__button wp-element-button\" download aria-describedby=\"wp-block-file--media-242bc3f6-ddc5-4f94-adba-fa457d3cd619\">Baixar<\/a><\/div>\n\n\n\n<div class=\"wp-block-file\"><a id=\"wp-block-file--media-19c5ee45-632e-4515-9f45-ebc524f3969d\" href=\"https:\/\/pos.uel.br\/microbiologia\/wp-content\/uploads\/2025\/09\/Anexo-B-Solicitacao-para-realizacao-da-prova-fora-de-sede.docx\" target=\"_blank\" rel=\"noreferrer noopener\">Anexo-B-Solicitacao-para-realizacao-da-prova-fora-de-sede<\/a><a href=\"https:\/\/pos.uel.br\/microbiologia\/wp-content\/uploads\/2025\/09\/Anexo-B-Solicitacao-para-realizacao-da-prova-fora-de-sede.docx\" class=\"wp-block-file__button wp-element-button\" download aria-describedby=\"wp-block-file--media-19c5ee45-632e-4515-9f45-ebc524f3969d\">Baixar<\/a><\/div>\n\n\n\n<div class=\"wp-block-file\"><a id=\"wp-block-file--media-7438b0cb-2a8b-40b3-83f1-67ff8b33a566\" href=\"https:\/\/pos.uel.br\/microbiologia\/wp-content\/uploads\/2024\/08\/Anexo-C-Ciencia-do-docente-responsavel-em-aplicar-a-prova-fora-de-sede.docx\">Anexo C Ci\u00eancia do docente respons\u00e1vel em aplicar a prova fora de sede<\/a><a href=\"https:\/\/pos.uel.br\/microbiologia\/wp-content\/uploads\/2024\/08\/Anexo-C-Ciencia-do-docente-responsavel-em-aplicar-a-prova-fora-de-sede.docx\" class=\"wp-block-file__button wp-element-button\" download aria-describedby=\"wp-block-file--media-7438b0cb-2a8b-40b3-83f1-67ff8b33a566\">Baixar<\/a><\/div>\n\n\n\n<div style=\"height:43px\" aria-hidden=\"true\" class=\"wp-block-spacer\"><\/div>\n\n\n\n<p class=\"has-secondary-text-color has-text-color has-link-color has-medium-font-size wp-elements-4913a03f69d6bbebe2253a75fadf5429\"><strong>Bibliografia recomendada<\/strong><\/p>\n\n\n\n<div class=\"wp-block-file\"><a id=\"wp-block-file--media-a92f4ba8-e1f3-4bc6-9731-4d5e7cbf79f6\" href=\"https:\/\/pos.uel.br\/microbiologia\/wp-content\/uploads\/2021\/07\/BIBLIOGRAFIA-RECOMENDADA.pdf\" target=\"_blank\" rel=\"noreferrer noopener\">BIBLIOGRAFIA-RECOMENDADA<\/a><a href=\"https:\/\/pos.uel.br\/microbiologia\/wp-content\/uploads\/2021\/07\/BIBLIOGRAFIA-RECOMENDADA.pdf\" class=\"wp-block-file__button wp-element-button\" download aria-describedby=\"wp-block-file--media-a92f4ba8-e1f3-4bc6-9731-4d5e7cbf79f6\">Baixar<\/a><\/div>\n\n\n\n<div style=\"height:57px\" aria-hidden=\"true\" class=\"wp-block-spacer\"><\/div>\n\n\n\n<p class=\"has-secondary-accent-color has-text-color has-medium-font-size\"><strong>Verificar como a documenta\u00e7\u00e3o est\u00e1 sendo requerida no edital<\/strong><\/p>\n\n\n\n<div style=\"height:54px\" aria-hidden=\"true\" class=\"wp-block-spacer\"><\/div>\n\n\n\n<p class=\"has-secondary-text-color has-text-color has-medium-font-size\"><strong>Requerimento de Isen\u00e7\u00e3o Cad\u00danico \u2013 Per\u00edodo: 08 a 09\/09\/2025<\/strong><\/p>\n\n\n\n<p><a href=\"https:\/\/www.sistemasweb.uel.br\/index.php?contents=system\/insc\/index.php&amp;pagina=view\/inscricoes\/seleciona_evento.php&amp;cod_evento=9672\">Inscri\u00e7\u00e3o CadUnico<\/a><\/p>\n\n\n\n<div style=\"height:54px\" aria-hidden=\"true\" class=\"wp-block-spacer\"><\/div>\n\n\n\n<p class=\"has-secondary-text-color has-text-color has-medium-font-size\"><strong>Outras isen\u00e7\u00f5es da taxa de inscri\u00e7\u00e3o \u2013 per\u00edodo:&nbsp;08 a 09\/09\/2025<\/strong><\/p>\n\n\n\n<p><strong>Verificar Edital para maiores informa\u00e7\u00f5es<\/strong><\/p>\n\n\n\n<p>Isen\u00e7\u00e3o \u2013 Lei 19.196 de 26 de outubro de 2017 \u2013 presta\u00e7\u00e3o de servi\u00e7o a justi\u00e7a eleitoral (dois turnos \u2013 TRE \u2013 dois anos anteriores)<\/p>\n\n\n\n<p>Isen\u00e7\u00e3o \u2013 Lei 19.293 de 13 de dezembro de 2017 \u2013 Doador de sangue a \u00f3rg\u00e3o oficial de sa\u00fade ou \u00e0 entidade credenciada da Uni\u00e3o, Estado ou Munic\u00edpio)<\/p>\n\n\n\n<p><a href=\"https:\/\/sites.uel.br\/proppg\/formularios-da-pos-graduacao\/\">Requerimento Isen\u00e7\u00e3o da taxa de inscri\u00e7\u00e3o<\/a><\/p>\n\n\n\n<p><\/p>\n","protected":false},"excerpt":{"rendered":"<p>A sele\u00e7\u00e3o dos estudantes para o Doutorado dever\u00e1 constar das seguintes etapas: I. Prova de conhecimento em Microbiologia; II. Defesa de projeto de tese III. An\u00e1lise de&nbsp;Curriculum vitae&nbsp;documentado;&nbsp; IV. Argui\u00e7\u00e3o. A sele\u00e7\u00e3o de Mestrado apresenta a etapa de Prova de conhecimentos em Microbiologia com car\u00e1ter eliminat\u00f3rio. Assim somente os\/as candidatos\/as que obtiverem a nota 6,0 [&hellip;]<\/p>\n","protected":false},"author":8,"featured_media":0,"parent":0,"menu_order":0,"comment_status":"closed","ping_status":"closed","template":"","meta":{"_acf_changed":false,"footnotes":""},"class_list":["post-2110","page","type-page","status-publish","hentry"],"acf":[],"_links":{"self":[{"href":"https:\/\/pos.uel.br\/microbiologia\/wp-json\/wp\/v2\/pages\/2110","targetHints":{"allow":["GET"]}}],"collection":[{"href":"https:\/\/pos.uel.br\/microbiologia\/wp-json\/wp\/v2\/pages"}],"about":[{"href":"https:\/\/pos.uel.br\/microbiologia\/wp-json\/wp\/v2\/types\/page"}],"author":[{"embeddable":true,"href":"https:\/\/pos.uel.br\/microbiologia\/wp-json\/wp\/v2\/users\/8"}],"replies":[{"embeddable":true,"href":"https:\/\/pos.uel.br\/microbiologia\/wp-json\/wp\/v2\/comments?post=2110"}],"version-history":[{"count":14,"href":"https:\/\/pos.uel.br\/microbiologia\/wp-json\/wp\/v2\/pages\/2110\/revisions"}],"predecessor-version":[{"id":2623,"href":"https:\/\/pos.uel.br\/microbiologia\/wp-json\/wp\/v2\/pages\/2110\/revisions\/2623"}],"wp:attachment":[{"href":"https:\/\/pos.uel.br\/microbiologia\/wp-json\/wp\/v2\/media?parent=2110"}],"curies":[{"name":"wp","href":"https:\/\/api.w.org\/{rel}","templated":true}]}}