{"id":21,"date":"2021-04-26T21:27:56","date_gmt":"2021-04-27T00:27:56","guid":{"rendered":"https:\/\/pos.uel.br\/microbiologia\/?page_id=21"},"modified":"2025-07-24T10:08:30","modified_gmt":"2025-07-24T13:08:30","slug":"formularios-2","status":"publish","type":"page","link":"https:\/\/pos.uel.br\/microbiologia\/formularios-2\/","title":{"rendered":"Formul\u00e1rios"},"content":{"rendered":"<div class=\"wp-block-image\">\n<figure class=\"aligncenter size-large is-resized\"><img loading=\"lazy\" decoding=\"async\" width=\"960\" height=\"720\" src=\"https:\/\/pos.uel.br\/microbiologia\/wp-content\/uploads\/2021\/07\/lembrete.jpg\" alt=\"\" class=\"wp-image-836\" style=\"width:544px;height:408px\" srcset=\"https:\/\/pos.uel.br\/microbiologia\/wp-content\/uploads\/2021\/07\/lembrete.jpg 960w, https:\/\/pos.uel.br\/microbiologia\/wp-content\/uploads\/2021\/07\/lembrete-300x225.jpg 300w, https:\/\/pos.uel.br\/microbiologia\/wp-content\/uploads\/2021\/07\/lembrete-768x576.jpg 768w\" sizes=\"auto, (max-width: 960px) 100vw, 960px\" \/><\/figure>\n<\/div>\n\n\n<p class=\"has-secondary-accent-color has-text-color has-link-color has-medium-font-size wp-elements-6a0c162b726b1674b9f654044f7b7a9e\"><strong>Qualifica\u00e7\u00e3o e Defesa de Disserta\u00e7\u00e3o<\/strong><\/p>\n\n\n\n<p>Cadastro Docente em Banca Examinadora<\/p>\n\n\n\n<div class=\"wp-block-file\"><a id=\"wp-block-file--media-dbbca8b5-c893-4cb1-b840-009730bbd18d\" href=\"https:\/\/pos.uel.br\/microbiologia\/wp-content\/uploads\/2021\/06\/Cadastro_Docente_Banca_Examinadora_UEL.doc\">Cadastro_Docente_Banca_Examinadora_UEL<\/a><a href=\"https:\/\/pos.uel.br\/microbiologia\/wp-content\/uploads\/2021\/06\/Cadastro_Docente_Banca_Examinadora_UEL.doc\" class=\"wp-block-file__button wp-element-button\" download aria-describedby=\"wp-block-file--media-dbbca8b5-c893-4cb1-b840-009730bbd18d\">Baixar<\/a><\/div>\n\n\n\n<p>Indica\u00e7\u00e3o de Banca de Qualifica\u00e7\u00e3o<\/p>\n\n\n\n<div class=\"wp-block-file\"><a id=\"wp-block-file--media-d0d114ed-9055-4471-985f-bbd4352d8bd2\" href=\"https:\/\/pos.uel.br\/microbiologia\/wp-content\/uploads\/2025\/07\/Indicacao_banca_QUALIFICACAO.doc\">Indicacao_banca_QUALIFICACAO<\/a><a href=\"https:\/\/pos.uel.br\/microbiologia\/wp-content\/uploads\/2025\/07\/Indicacao_banca_QUALIFICACAO.doc\" class=\"wp-block-file__button wp-element-button\" download aria-describedby=\"wp-block-file--media-d0d114ed-9055-4471-985f-bbd4352d8bd2\">Baixar<\/a><\/div>\n\n\n\n<p>Indica\u00e7\u00e3o de Banca de Defesa de Tese<\/p>\n\n\n\n<div class=\"wp-block-file\"><a id=\"wp-block-file--media-6b016eed-075c-4723-9a9c-7244dfe9c9dd\" href=\"https:\/\/pos.uel.br\/microbiologia\/wp-content\/uploads\/2025\/07\/Indicacao_banca_DEFESA_de_Tese.doc\">Indicacao_banca_DEFESA_de_Tese<\/a><a href=\"https:\/\/pos.uel.br\/microbiologia\/wp-content\/uploads\/2025\/07\/Indicacao_banca_DEFESA_de_Tese.doc\" class=\"wp-block-file__button wp-element-button\" download aria-describedby=\"wp-block-file--media-6b016eed-075c-4723-9a9c-7244dfe9c9dd\">Baixar<\/a><\/div>\n\n\n\n<p>Modelo de convite qualifica\u00e7\u00e3o<\/p>\n\n\n\n<div class=\"wp-block-file\"><a id=\"wp-block-file--media-07e6723c-b89e-42c0-ae7e-ea9f2339d5f0\" href=\"https:\/\/pos.uel.br\/microbiologia\/wp-content\/uploads\/2022\/05\/Convite-Qualificacao-Doutorado.docx\">Convite-Qualificacao-Doutorado<\/a><a href=\"https:\/\/pos.uel.br\/microbiologia\/wp-content\/uploads\/2022\/05\/Convite-Qualificacao-Doutorado.docx\" class=\"wp-block-file__button wp-element-button\" download aria-describedby=\"wp-block-file--media-07e6723c-b89e-42c0-ae7e-ea9f2339d5f0\">Baixar<\/a><\/div>\n\n\n\n<p>Modelo de convite para banca de defesa<\/p>\n\n\n\n<div class=\"wp-block-file\"><a id=\"wp-block-file--media-bb088cc0-b6a6-4cae-ad92-a197935297b6\" href=\"https:\/\/pos.uel.br\/microbiologia\/wp-content\/uploads\/2022\/05\/Convite-Defesa-de-Tese-de-doutorado.docx\">Convite-Defesa-de-Tese-de-doutorado<\/a><a href=\"https:\/\/pos.uel.br\/microbiologia\/wp-content\/uploads\/2022\/05\/Convite-Defesa-de-Tese-de-doutorado.docx\" class=\"wp-block-file__button wp-element-button\" download aria-describedby=\"wp-block-file--media-bb088cc0-b6a6-4cae-ad92-a197935297b6\">Baixar<\/a><\/div>\n\n\n\n<div style=\"height:47px\" aria-hidden=\"true\" class=\"wp-block-spacer\"><\/div>\n\n\n\n<p class=\"has-secondary-accent-color has-text-color has-link-color has-medium-font-size wp-elements-53cd92312d38cd6b88cd14feff049d3b\"><strong>Modelo de relat\u00f3rio de acompanhamento do estudante<\/strong><\/p>\n\n\n\n<p>Relat\u00f3rio de Acompanhamento do Estudante<\/p>\n\n\n\n<div class=\"wp-block-file\"><a id=\"wp-block-file--media-01f49fd4-ea71-4200-9381-55c60c8a7395\" href=\"https:\/\/pos.uel.br\/microbiologia\/wp-content\/uploads\/2025\/07\/Relatorio_acompanhamento_Estudantes.doc\">Relatorio_acompanhamento_Estudantes<\/a><a href=\"https:\/\/pos.uel.br\/microbiologia\/wp-content\/uploads\/2025\/07\/Relatorio_acompanhamento_Estudantes.doc\" class=\"wp-block-file__button wp-element-button\" download aria-describedby=\"wp-block-file--media-01f49fd4-ea71-4200-9381-55c60c8a7395\">Baixar<\/a><\/div>\n\n\n\n<div style=\"height:41px\" aria-hidden=\"true\" class=\"wp-block-spacer\"><\/div>\n\n\n\n<p class=\"has-secondary-accent-color has-text-color has-link-color has-medium-font-size wp-elements-53cd92312d38cd6b88cd14feff049d3b\"><strong>Modelo de relat\u00f3rio de acompanhamento do estudante<\/strong><\/p>\n\n\n\n<p>Lista de pontos para a disciplina de Semin\u00e1rios III<\/p>\n\n\n\n<div class=\"wp-block-file\"><a id=\"wp-block-file--media-80b2411b-895d-41c8-88d3-b968d5ef3c92\" href=\"https:\/\/pos.uel.br\/microbiologia\/wp-content\/uploads\/2021\/06\/Pontos-disciplina-de-Seminarios-III.pdf\">Pontos-disciplina-de-Seminarios-III<\/a><a href=\"https:\/\/pos.uel.br\/microbiologia\/wp-content\/uploads\/2021\/06\/Pontos-disciplina-de-Seminarios-III.pdf\" class=\"wp-block-file__button wp-element-button\" download aria-describedby=\"wp-block-file--media-80b2411b-895d-41c8-88d3-b968d5ef3c92\">Baixar<\/a><\/div>\n\n\n\n<div style=\"height:39px\" aria-hidden=\"true\" class=\"wp-block-spacer\"><\/div>\n\n\n\n<p class=\"has-secondary-accent-color has-text-color has-link-color has-medium-font-size wp-elements-5cc00557986ee57378d6c51d9403b709\"><strong>Formul\u00e1rio para entrega final da Disserta\u00e7\u00e3o<\/strong><\/p>\n\n\n\n<p><a href=\"https:\/\/sites.uel.br\/bibliotecas\/repositorio-institucional-da-uel\/\">Termo de autoriza\u00e7\u00e3o para entrega do exemplar para a Biblioteca Central da UEL<\/a><\/p>\n\n\n\n<p><a href=\"https:\/\/sites.uel.br\/bibliotecas\/geracao-automatica-de-ficha-catalografica\/\">Ficha catalogr\u00e1fica<\/a> &#8211; Biblioteca Central da Universidade Estadual de Londrina<\/p>\n\n\n\n<div style=\"height:41px\" aria-hidden=\"true\" class=\"wp-block-spacer\"><\/div>\n\n\n\n<p>Outros <a rel=\"noreferrer noopener\" href=\"http:\/\/www.uel.br\/proppg\/portalnovo\/pages\/mais\/formularios.php\" target=\"_blank\">formul\u00e1rios gerais da PROPPG<\/a> podem ser encontrados na p\u00e1gina da PROPPG.<\/p>\n","protected":false},"excerpt":{"rendered":"<p>Qualifica\u00e7\u00e3o e Defesa de Disserta\u00e7\u00e3o Cadastro Docente em Banca Examinadora Indica\u00e7\u00e3o de Banca de Qualifica\u00e7\u00e3o Indica\u00e7\u00e3o de Banca de Defesa de Tese Modelo de convite qualifica\u00e7\u00e3o Modelo de convite para banca de defesa Modelo de relat\u00f3rio de acompanhamento do estudante Relat\u00f3rio de Acompanhamento do Estudante Modelo de relat\u00f3rio de acompanhamento do estudante Lista de pontos [&hellip;]<\/p>\n","protected":false},"author":8,"featured_media":0,"parent":0,"menu_order":0,"comment_status":"closed","ping_status":"closed","template":"","meta":{"_acf_changed":false,"footnotes":""},"class_list":["post-21","page","type-page","status-publish","hentry"],"acf":[],"_links":{"self":[{"href":"https:\/\/pos.uel.br\/microbiologia\/wp-json\/wp\/v2\/pages\/21","targetHints":{"allow":["GET"]}}],"collection":[{"href":"https:\/\/pos.uel.br\/microbiologia\/wp-json\/wp\/v2\/pages"}],"about":[{"href":"https:\/\/pos.uel.br\/microbiologia\/wp-json\/wp\/v2\/types\/page"}],"author":[{"embeddable":true,"href":"https:\/\/pos.uel.br\/microbiologia\/wp-json\/wp\/v2\/users\/8"}],"replies":[{"embeddable":true,"href":"https:\/\/pos.uel.br\/microbiologia\/wp-json\/wp\/v2\/comments?post=21"}],"version-history":[{"count":12,"href":"https:\/\/pos.uel.br\/microbiologia\/wp-json\/wp\/v2\/pages\/21\/revisions"}],"predecessor-version":[{"id":2591,"href":"https:\/\/pos.uel.br\/microbiologia\/wp-json\/wp\/v2\/pages\/21\/revisions\/2591"}],"wp:attachment":[{"href":"https:\/\/pos.uel.br\/microbiologia\/wp-json\/wp\/v2\/media?parent=21"}],"curies":[{"name":"wp","href":"https:\/\/api.w.org\/{rel}","templated":true}]}}