{"id":2050,"date":"2023-08-01T08:29:03","date_gmt":"2023-08-01T11:29:03","guid":{"rendered":"https:\/\/pos.uel.br\/microbiologia\/?page_id=2050"},"modified":"2023-09-19T11:39:46","modified_gmt":"2023-09-19T14:39:46","slug":"selecao-bolsista-doutorado","status":"publish","type":"page","link":"https:\/\/pos.uel.br\/microbiologia\/selecao-bolsista-doutorado\/","title":{"rendered":"Bolsista Doutorado"},"content":{"rendered":"\n<p class=\"has-secondary-accent-color has-text-color has-medium-font-size\"><strong>Bolsistas de Doutorado<\/strong><\/p>\n\n\n\n<p>A sele\u00e7\u00e3o de bolsistas de Doutorado \u00e9 realizada utilizando os crit\u00e9rios estabelecidos em edital de sele\u00e7\u00e3o interno de Bolsistas de Doutorado publicado na p\u00e1gina do PPM.<\/p>\n\n\n\n<p>Existindo crit\u00e9rios para a manuten\u00e7\u00e3o das bolsas pelos estudantes de doutorado.<\/p>\n\n\n\n<div style=\"height:28px\" aria-hidden=\"true\" class=\"wp-block-spacer\"><\/div>\n\n\n\n<p class=\"has-secondary-accent-color has-text-color has-medium-font-size\"><strong>Distribui\u00e7\u00e3o<\/strong><\/p>\n\n\n\n<p>As bolsas do programa s\u00e3o distribu\u00eddas no in\u00edcio do ano letivo ou quando h\u00e1 disponibilidade, utilizando a classifica\u00e7\u00e3o do candidato no processo de sele\u00e7\u00e3o interna de Bolsista de Doutorado. <\/p>\n\n\n\n<div style=\"height:26px\" aria-hidden=\"true\" class=\"wp-block-spacer\"><\/div>\n\n\n\n<p class=\"has-secondary-accent-color has-text-color has-medium-font-size\"><strong>Crit\u00e9rio<\/strong><\/p>\n\n\n\n<p>Classifica\u00e7\u00e3o do estudante na Sele\u00e7\u00e3o interna de Bolsistas de Doutorado<\/p>\n\n\n\n<p>N\u00e3o ter v\u00ednculo empregat\u00edcio no momento da implanta\u00e7\u00e3o da bolsa<\/p>\n\n\n\n<p>O estudante manter\u00e1 a bolsa, desde que entregue o relat\u00f3rio de acompanhamento e avalia\u00e7\u00e3o do estudante. O orientador deve aprovar o relat\u00f3rio e ser favor\u00e1vel a continuidade da bolsa.<\/p>\n\n\n\n<div style=\"height:42px\" aria-hidden=\"true\" class=\"wp-block-spacer\"><\/div>\n\n\n\n<p class=\"has-secondary-accent-color has-text-color has-medium-font-size\"><strong>Vig\u00eancia da bolsa<\/strong><\/p>\n\n\n\n<p>A bolsa de Doutorado ap\u00f3s a sua implanta\u00e7\u00e3o, tem a vig\u00eancia at\u00e9 o 36\u00ba m\u00eas do doutorado, prorrog\u00e1veis em caso de vac\u00e2ncia em at\u00e9 12 meses.<\/p>\n\n\n\n<div style=\"height:58px\" aria-hidden=\"true\" class=\"wp-block-spacer\"><\/div>\n\n\n\n<p class=\"has-secondary-accent-color has-text-color has-medium-font-size\"><strong>Manuten\u00e7\u00e3o da bolsa com atividade remunerada ou outros rendimentos<\/strong><\/p>\n\n\n\n<p>O PPM estabeleceu crit\u00e9rios para a manuten\u00e7\u00e3o da bolsa com atividade remunerada ou outros rendimentos.<\/p>\n\n\n\n<p><strong>Instru\u00e7\u00e3o de servi\u00e7o PPM 01\/2023<\/strong><\/p>\n\n\n\n<div class=\"wp-block-file\"><a id=\"wp-block-file--media-1fadca8c-4cd7-42d5-b103-dd7a3d0e083a\" href=\"https:\/\/pos.uel.br\/microbiologia\/wp-content\/uploads\/2023\/09\/Instrucao_de_servico_Bolsa_Manutencao_atividaderemunerada_2023.pdf\" target=\"_blank\" rel=\"noreferrer noopener\">Instrucao_de_servico_Bolsa_Manutencao_atividaderemunerada_2023<\/a><a href=\"https:\/\/pos.uel.br\/microbiologia\/wp-content\/uploads\/2023\/09\/Instrucao_de_servico_Bolsa_Manutencao_atividaderemunerada_2023.pdf\" class=\"wp-block-file__button wp-element-button\" download aria-describedby=\"wp-block-file--media-1fadca8c-4cd7-42d5-b103-dd7a3d0e083a\">Baixar<\/a><\/div>\n\n\n\n<p><\/p>\n\n\n\n<p><strong>Termo de Anu\u00eancia do Orientador<\/strong><\/p>\n\n\n\n<div class=\"wp-block-file\"><a id=\"wp-block-file--media-6ae20526-3720-4f84-833c-1176617a08fb\" href=\"https:\/\/pos.uel.br\/microbiologia\/wp-content\/uploads\/2023\/09\/Formulario-Anuencia-Orientador.docx\">Formulario-Anuencia-Orientador<\/a><a href=\"https:\/\/pos.uel.br\/microbiologia\/wp-content\/uploads\/2023\/09\/Formulario-Anuencia-Orientador.docx\" class=\"wp-block-file__button wp-element-button\" download aria-describedby=\"wp-block-file--media-6ae20526-3720-4f84-833c-1176617a08fb\">Baixar<\/a><\/div>\n\n\n\n<p><\/p>\n\n\n\n<p><a href=\"https:\/\/forms.gle\/RNk7MmcrRxFLqyDv6\">Formul\u00e1rio de informa\u00e7\u00e3o do bolsista solicitante<\/a><\/p>\n\n\n\n<p><\/p>\n","protected":false},"excerpt":{"rendered":"<p>Bolsistas de Doutorado A sele\u00e7\u00e3o de bolsistas de Doutorado \u00e9 realizada utilizando os crit\u00e9rios estabelecidos em edital de sele\u00e7\u00e3o interno de Bolsistas de Doutorado publicado na p\u00e1gina do PPM. Existindo crit\u00e9rios para a manuten\u00e7\u00e3o das bolsas pelos estudantes de doutorado. Distribui\u00e7\u00e3o As bolsas do programa s\u00e3o distribu\u00eddas no in\u00edcio do ano letivo ou quando h\u00e1 [&hellip;]<\/p>\n","protected":false},"author":8,"featured_media":0,"parent":0,"menu_order":0,"comment_status":"closed","ping_status":"closed","template":"","meta":{"_acf_changed":false,"footnotes":""},"class_list":["post-2050","page","type-page","status-publish","hentry"],"acf":[],"_links":{"self":[{"href":"https:\/\/pos.uel.br\/microbiologia\/wp-json\/wp\/v2\/pages\/2050","targetHints":{"allow":["GET"]}}],"collection":[{"href":"https:\/\/pos.uel.br\/microbiologia\/wp-json\/wp\/v2\/pages"}],"about":[{"href":"https:\/\/pos.uel.br\/microbiologia\/wp-json\/wp\/v2\/types\/page"}],"author":[{"embeddable":true,"href":"https:\/\/pos.uel.br\/microbiologia\/wp-json\/wp\/v2\/users\/8"}],"replies":[{"embeddable":true,"href":"https:\/\/pos.uel.br\/microbiologia\/wp-json\/wp\/v2\/comments?post=2050"}],"version-history":[{"count":10,"href":"https:\/\/pos.uel.br\/microbiologia\/wp-json\/wp\/v2\/pages\/2050\/revisions"}],"predecessor-version":[{"id":2163,"href":"https:\/\/pos.uel.br\/microbiologia\/wp-json\/wp\/v2\/pages\/2050\/revisions\/2163"}],"wp:attachment":[{"href":"https:\/\/pos.uel.br\/microbiologia\/wp-json\/wp\/v2\/media?parent=2050"}],"curies":[{"name":"wp","href":"https:\/\/api.w.org\/{rel}","templated":true}]}}