{"id":2034,"date":"2023-07-31T16:49:05","date_gmt":"2023-07-31T19:49:05","guid":{"rendered":"https:\/\/pos.uel.br\/microbiologia\/?page_id=2034"},"modified":"2023-09-15T16:12:01","modified_gmt":"2023-09-15T19:12:01","slug":"bolsista-mestrado","status":"publish","type":"page","link":"https:\/\/pos.uel.br\/microbiologia\/bolsista-mestrado\/","title":{"rendered":"Bolsista Mestrado"},"content":{"rendered":"\n<p><\/p>\n\n\n\n<p class=\"has-secondary-accent-color has-text-color has-medium-font-size\"><strong>Sele\u00e7\u00e3o de bolsistas de Mestrado<\/strong><\/p>\n\n\n\n<p>A sele\u00e7\u00e3o de bolsistas de Mestrado utiliza a classifica\u00e7\u00e3o dos candidatos na sele\u00e7\u00e3o de Mestrado.<\/p>\n\n\n\n<p>Existindo crit\u00e9rios para a manuten\u00e7\u00e3o das bolsas pelos estudantes de mestrado.<\/p>\n\n\n\n<div style=\"height:30px\" aria-hidden=\"true\" class=\"wp-block-spacer\"><\/div>\n\n\n\n<p class=\"has-secondary-accent-color has-text-color has-medium-font-size\"><strong>Distribui\u00e7\u00e3o<\/strong><\/p>\n\n\n\n<p>As bolsas do programa s\u00e3o distribu\u00eddas no in\u00edcio do ano letivo ou quando h\u00e1 disponibilidade, utilizando a classifica\u00e7\u00e3o do candidato no momento da sele\u00e7\u00e3o. <\/p>\n\n\n\n<div style=\"height:33px\" aria-hidden=\"true\" class=\"wp-block-spacer\"><\/div>\n\n\n\n<p class=\"has-secondary-accent-color has-text-color has-medium-font-size\"><strong>Crit\u00e9rio<\/strong><\/p>\n\n\n\n<p>Classifica\u00e7\u00e3o do estudante na sele\u00e7\u00e3o de Estudante Regular do Mestrado<\/p>\n\n\n\n<p>N\u00e3o ter v\u00ednculo empregat\u00edcio no momento da implanta\u00e7\u00e3o da bolsa<\/p>\n\n\n\n<p>O estudante manter\u00e1 a bolsa, desde que entregue o relat\u00f3rio de acompanhamento e avalia\u00e7\u00e3o do estudante. O orientador deve aprovar o relat\u00f3rio e ser favor\u00e1vel a continuidade da bolsa.<\/p>\n\n\n\n<div style=\"height:49px\" aria-hidden=\"true\" class=\"wp-block-spacer\"><\/div>\n\n\n\n<p class=\"has-secondary-accent-color has-text-color has-medium-font-size\"><strong>Vig\u00eancia da bolsa<\/strong><\/p>\n\n\n\n<p>A bolsa de Mestrado ap\u00f3s a sua implanta\u00e7\u00e3o, tem a vig\u00eancia at\u00e9 24\u00ba m\u00eas do Mestrado.<\/p>\n\n\n\n<div style=\"height:52px\" aria-hidden=\"true\" class=\"wp-block-spacer\"><\/div>\n\n\n\n<p class=\"has-secondary-accent-color has-text-color has-medium-font-size\"><strong>Manuten\u00e7\u00e3o da bolsa com atividade remunerada ou outros rendimentos<\/strong><\/p>\n\n\n\n<p>O PPM decidiu que os estudantes de Mestrado n\u00e3o poder\u00e3o ter a manuten\u00e7\u00e3o da bolsa com atividade remunerada.<\/p>\n","protected":false},"excerpt":{"rendered":"<p>Sele\u00e7\u00e3o de bolsistas de Mestrado A sele\u00e7\u00e3o de bolsistas de Mestrado utiliza a classifica\u00e7\u00e3o dos candidatos na sele\u00e7\u00e3o de Mestrado. Existindo crit\u00e9rios para a manuten\u00e7\u00e3o das bolsas pelos estudantes de mestrado. Distribui\u00e7\u00e3o As bolsas do programa s\u00e3o distribu\u00eddas no in\u00edcio do ano letivo ou quando h\u00e1 disponibilidade, utilizando a classifica\u00e7\u00e3o do candidato no momento da [&hellip;]<\/p>\n","protected":false},"author":8,"featured_media":0,"parent":0,"menu_order":0,"comment_status":"closed","ping_status":"closed","template":"","meta":{"_acf_changed":false,"footnotes":""},"class_list":["post-2034","page","type-page","status-publish","hentry"],"acf":[],"_links":{"self":[{"href":"https:\/\/pos.uel.br\/microbiologia\/wp-json\/wp\/v2\/pages\/2034","targetHints":{"allow":["GET"]}}],"collection":[{"href":"https:\/\/pos.uel.br\/microbiologia\/wp-json\/wp\/v2\/pages"}],"about":[{"href":"https:\/\/pos.uel.br\/microbiologia\/wp-json\/wp\/v2\/types\/page"}],"author":[{"embeddable":true,"href":"https:\/\/pos.uel.br\/microbiologia\/wp-json\/wp\/v2\/users\/8"}],"replies":[{"embeddable":true,"href":"https:\/\/pos.uel.br\/microbiologia\/wp-json\/wp\/v2\/comments?post=2034"}],"version-history":[{"count":11,"href":"https:\/\/pos.uel.br\/microbiologia\/wp-json\/wp\/v2\/pages\/2034\/revisions"}],"predecessor-version":[{"id":2154,"href":"https:\/\/pos.uel.br\/microbiologia\/wp-json\/wp\/v2\/pages\/2034\/revisions\/2154"}],"wp:attachment":[{"href":"https:\/\/pos.uel.br\/microbiologia\/wp-json\/wp\/v2\/media?parent=2034"}],"curies":[{"name":"wp","href":"https:\/\/api.w.org\/{rel}","templated":true}]}}