{"id":20,"date":"2021-04-26T21:27:56","date_gmt":"2021-04-27T00:27:56","guid":{"rendered":"https:\/\/pos.uel.br\/microbiologia\/?page_id=20"},"modified":"2022-05-11T14:48:35","modified_gmt":"2022-05-11T17:48:35","slug":"regimentos-resolucoes-e-normas","status":"publish","type":"page","link":"https:\/\/pos.uel.br\/microbiologia\/regimentos-resolucoes-e-normas\/","title":{"rendered":"Regimentos, resolu\u00e7\u00f5es e normas"},"content":{"rendered":"\n<h3 class=\"wp-block-heading\"><span class=\"has-inline-color has-primary-accent-color\">Regimentos e delibera\u00e7\u00f5es<\/span><\/h3>\n\n\n\n<p>Resolu\u00e7\u00e3o 37\/2018 \u2013 Regimento do PPG Microbiologia<\/p>\n\n\n\n<div class=\"wp-block-file\"><a href=\"https:\/\/pos.uel.br\/microbiologia\/wp-content\/uploads\/2021\/06\/Resolucao-CEPE-37-2018-Regimento-PPG-Microbiologia.pdf\">Resolucao-CEPE-37-2018-Regimento-PPG-Microbiologia<\/a><a href=\"https:\/\/pos.uel.br\/microbiologia\/wp-content\/uploads\/2021\/06\/Resolucao-CEPE-37-2018-Regimento-PPG-Microbiologia.pdf\" class=\"wp-block-file__button\" download>Baixar<\/a><\/div>\n\n\n\n<p>Delibera\u00e7\u00e3o 04\/2018 \u2013 Reestrutura\u00e7\u00e3o da Organiza\u00e7\u00e3o curricular PPG Microbiologia<\/p>\n\n\n\n<div class=\"wp-block-file\"><a href=\"https:\/\/pos.uel.br\/microbiologia\/wp-content\/uploads\/2021\/06\/Deliberacao-04-2018-Reest-org-curricular-PPG-Microbiologia.pdf\">Delibera\u00e7\u00e3o 04-2018 &#8211; Reest org curricular PPG Microbiologia<\/a><a href=\"https:\/\/pos.uel.br\/microbiologia\/wp-content\/uploads\/2021\/06\/Deliberacao-04-2018-Reest-org-curricular-PPG-Microbiologia.pdf\" class=\"wp-block-file__button\" download>Baixar<\/a><\/div>\n\n\n\n<h3 class=\"wp-block-heading\"><span class=\"has-inline-color has-primary-accent-color\">Instru\u00e7\u00e3o de servi\u00e7o<\/span><\/h3>\n\n\n\n<p>Instru\u00e7\u00e3o de Servi\u00e7o N\u00ba 02\/2018 &#8211; Manuten\u00e7\u00e3o da bolsa de estudo com v\u00ednculo empregat\u00edcio<\/p>\n\n\n\n<div class=\"wp-block-file\"><a href=\"https:\/\/pos.uel.br\/microbiologia\/wp-content\/uploads\/2021\/07\/INSTRUCAO-DE-SERVICO-PPM-Nordm-02.pdf\">INSTRUCAO-DE-SERVICO-PPM-Nordm-02<\/a><a href=\"https:\/\/pos.uel.br\/microbiologia\/wp-content\/uploads\/2021\/07\/INSTRUCAO-DE-SERVICO-PPM-Nordm-02.pdf\" class=\"wp-block-file__button\" download>Baixar<\/a><\/div>\n\n\n\n<p>Instru\u00e7\u00e3o de Servi\u00e7o N\u00ba 01\/2019 &#8211; Candidatos a bolsa do PROGRAMA DE DOUTORADO SANDU\u00cdCHE NO EXTERIOR (PDSE)<\/p>\n\n\n\n<div class=\"wp-block-file\"><a href=\"https:\/\/pos.uel.br\/microbiologia\/wp-content\/uploads\/2021\/07\/IS-PPM-01_2019.pdf\">IS-PPM-01_2019<\/a><a href=\"https:\/\/pos.uel.br\/microbiologia\/wp-content\/uploads\/2021\/07\/IS-PPM-01_2019.pdf\" class=\"wp-block-file__button\" download>Baixar<\/a><\/div>\n\n\n\n<p>Instru\u00e7\u00e3o de Servi\u00e7o N\u00ba 02\/2019 &#8211; Crit\u00e9rios para orienta\u00e7\u00e3o de Doutorado<\/p>\n\n\n\n<div class=\"wp-block-file\"><a href=\"https:\/\/pos.uel.br\/microbiologia\/wp-content\/uploads\/2021\/07\/IS-PPM-02_2019.pdf\">IS-PPM-02_2019<\/a><a href=\"https:\/\/pos.uel.br\/microbiologia\/wp-content\/uploads\/2021\/07\/IS-PPM-02_2019.pdf\" class=\"wp-block-file__button\" download>Baixar<\/a><\/div>\n","protected":false},"excerpt":{"rendered":"<p>Regimentos e delibera\u00e7\u00f5es Resolu\u00e7\u00e3o 37\/2018 \u2013 Regimento do PPG Microbiologia Delibera\u00e7\u00e3o 04\/2018 \u2013 Reestrutura\u00e7\u00e3o da Organiza\u00e7\u00e3o curricular PPG Microbiologia Instru\u00e7\u00e3o de servi\u00e7o Instru\u00e7\u00e3o de Servi\u00e7o N\u00ba 02\/2018 &#8211; Manuten\u00e7\u00e3o da bolsa de estudo com v\u00ednculo empregat\u00edcio Instru\u00e7\u00e3o de Servi\u00e7o N\u00ba 01\/2019 &#8211; Candidatos a bolsa do PROGRAMA DE DOUTORADO SANDU\u00cdCHE NO EXTERIOR (PDSE) Instru\u00e7\u00e3o de [&hellip;]<\/p>\n","protected":false},"author":8,"featured_media":0,"parent":0,"menu_order":0,"comment_status":"closed","ping_status":"closed","template":"","meta":{"_acf_changed":false,"footnotes":""},"class_list":["post-20","page","type-page","status-publish","hentry"],"acf":[],"_links":{"self":[{"href":"https:\/\/pos.uel.br\/microbiologia\/wp-json\/wp\/v2\/pages\/20","targetHints":{"allow":["GET"]}}],"collection":[{"href":"https:\/\/pos.uel.br\/microbiologia\/wp-json\/wp\/v2\/pages"}],"about":[{"href":"https:\/\/pos.uel.br\/microbiologia\/wp-json\/wp\/v2\/types\/page"}],"author":[{"embeddable":true,"href":"https:\/\/pos.uel.br\/microbiologia\/wp-json\/wp\/v2\/users\/8"}],"replies":[{"embeddable":true,"href":"https:\/\/pos.uel.br\/microbiologia\/wp-json\/wp\/v2\/comments?post=20"}],"version-history":[{"count":4,"href":"https:\/\/pos.uel.br\/microbiologia\/wp-json\/wp\/v2\/pages\/20\/revisions"}],"predecessor-version":[{"id":826,"href":"https:\/\/pos.uel.br\/microbiologia\/wp-json\/wp\/v2\/pages\/20\/revisions\/826"}],"wp:attachment":[{"href":"https:\/\/pos.uel.br\/microbiologia\/wp-json\/wp\/v2\/media?parent=20"}],"curies":[{"name":"wp","href":"https:\/\/api.w.org\/{rel}","templated":true}]}}