{"id":1869,"date":"2023-01-10T16:27:24","date_gmt":"2023-01-10T19:27:24","guid":{"rendered":"https:\/\/pos.uel.br\/microbiologia\/?page_id=1869"},"modified":"2023-01-10T17:01:43","modified_gmt":"2023-01-10T20:01:43","slug":"avaliacao-quadrienal-capes","status":"publish","type":"page","link":"https:\/\/pos.uel.br\/microbiologia\/avaliacao-quadrienal-capes\/","title":{"rendered":"Avalia\u00e7\u00e3o Quadrienal &#8211; CAPES"},"content":{"rendered":"\n<p><\/p>\n\n\n\n<figure class=\"wp-block-image size-large is-resized\"><img loading=\"lazy\" decoding=\"async\" src=\"https:\/\/pos.uel.br\/microbiologia\/wp-content\/uploads\/2023\/01\/LogoAvaliacaoQuadrienal_COR-HORIZONTAL-1024x363.png\" alt=\"\" class=\"wp-image-1882\" width=\"209\" height=\"74\" srcset=\"https:\/\/pos.uel.br\/microbiologia\/wp-content\/uploads\/2023\/01\/LogoAvaliacaoQuadrienal_COR-HORIZONTAL-1024x363.png 1024w, https:\/\/pos.uel.br\/microbiologia\/wp-content\/uploads\/2023\/01\/LogoAvaliacaoQuadrienal_COR-HORIZONTAL-300x106.png 300w, https:\/\/pos.uel.br\/microbiologia\/wp-content\/uploads\/2023\/01\/LogoAvaliacaoQuadrienal_COR-HORIZONTAL-768x273.png 768w, https:\/\/pos.uel.br\/microbiologia\/wp-content\/uploads\/2023\/01\/LogoAvaliacaoQuadrienal_COR-HORIZONTAL.png 1220w\" sizes=\"auto, (max-width: 209px) 100vw, 209px\" \/><\/figure>\n\n\n\n<p>Avalia\u00e7\u00e3o quadrienal 2017 &#8211; 2020<\/p>\n\n\n\n<p>Nota 05<\/p>\n\n\n\n<div class=\"wp-block-file\"><a id=\"wp-block-file--media-c3e52695-3ff5-49dd-b93e-1c1792a7e1c6\" href=\"https:\/\/pos.uel.br\/microbiologia\/wp-content\/uploads\/2023\/01\/ficha_recomendacao_40002012016P3-3.pdf\">ficha_recomendacao_40002012016P3-3<\/a><a href=\"https:\/\/pos.uel.br\/microbiologia\/wp-content\/uploads\/2023\/01\/ficha_recomendacao_40002012016P3-3.pdf\" class=\"wp-block-file__button wp-element-button\" download aria-describedby=\"wp-block-file--media-c3e52695-3ff5-49dd-b93e-1c1792a7e1c6\">Baixar<\/a><\/div>\n\n\n\n<p><\/p>\n\n\n\n<div style=\"height:50px\" aria-hidden=\"true\" class=\"wp-block-spacer\"><\/div>\n\n\n\n<figure class=\"wp-block-image size-full is-resized\"><img loading=\"lazy\" decoding=\"async\" src=\"https:\/\/pos.uel.br\/microbiologia\/wp-content\/uploads\/2023\/01\/download.png\" alt=\"\" class=\"wp-image-1884\" width=\"77\" height=\"106\"\/><\/figure>\n\n\n\n<p>Avalia\u00e7\u00e3o quadrienal 2013 &#8211; 2016<\/p>\n\n\n\n<p>NOTA 05<\/p>\n\n\n\n<p><\/p>\n\n\n\n<div class=\"wp-block-file\"><a id=\"wp-block-file--media-6e61f3ef-6b5b-4d26-93c1-640569a0c0fb\" href=\"https:\/\/pos.uel.br\/microbiologia\/wp-content\/uploads\/2021\/06\/ficha_recomendacao_40002012016P3.pdf\">ficha_recomendacao_40002012016P3<\/a><a href=\"https:\/\/pos.uel.br\/microbiologia\/wp-content\/uploads\/2021\/06\/ficha_recomendacao_40002012016P3.pdf\" class=\"wp-block-file__button wp-element-button\" download aria-describedby=\"wp-block-file--media-6e61f3ef-6b5b-4d26-93c1-640569a0c0fb\">Baixar<\/a><\/div>\n","protected":false},"excerpt":{"rendered":"<p>Avalia\u00e7\u00e3o quadrienal 2017 &#8211; 2020 Nota 05 Avalia\u00e7\u00e3o quadrienal 2013 &#8211; 2016 NOTA 05<\/p>\n","protected":false},"author":8,"featured_media":0,"parent":0,"menu_order":0,"comment_status":"closed","ping_status":"closed","template":"","meta":{"_acf_changed":false,"footnotes":""},"class_list":["post-1869","page","type-page","status-publish","hentry"],"acf":[],"_links":{"self":[{"href":"https:\/\/pos.uel.br\/microbiologia\/wp-json\/wp\/v2\/pages\/1869","targetHints":{"allow":["GET"]}}],"collection":[{"href":"https:\/\/pos.uel.br\/microbiologia\/wp-json\/wp\/v2\/pages"}],"about":[{"href":"https:\/\/pos.uel.br\/microbiologia\/wp-json\/wp\/v2\/types\/page"}],"author":[{"embeddable":true,"href":"https:\/\/pos.uel.br\/microbiologia\/wp-json\/wp\/v2\/users\/8"}],"replies":[{"embeddable":true,"href":"https:\/\/pos.uel.br\/microbiologia\/wp-json\/wp\/v2\/comments?post=1869"}],"version-history":[{"count":4,"href":"https:\/\/pos.uel.br\/microbiologia\/wp-json\/wp\/v2\/pages\/1869\/revisions"}],"predecessor-version":[{"id":1885,"href":"https:\/\/pos.uel.br\/microbiologia\/wp-json\/wp\/v2\/pages\/1869\/revisions\/1885"}],"wp:attachment":[{"href":"https:\/\/pos.uel.br\/microbiologia\/wp-json\/wp\/v2\/media?parent=1869"}],"curies":[{"name":"wp","href":"https:\/\/api.w.org\/{rel}","templated":true}]}}