{"id":18,"date":"2021-04-26T21:27:56","date_gmt":"2021-04-27T00:27:56","guid":{"rendered":"https:\/\/pos.uel.br\/microbiologia\/?page_id=18"},"modified":"2022-05-11T14:45:25","modified_gmt":"2022-05-11T17:45:25","slug":"estrutura-curricular-2","status":"publish","type":"page","link":"https:\/\/pos.uel.br\/microbiologia\/estrutura-curricular-2\/","title":{"rendered":"Estrutura curricular"},"content":{"rendered":"\n<p>A sele\u00e7\u00e3o para ingresso no PPM \u00e9 realizada anualmente e a dura\u00e7\u00e3o prevista para o Doutorado \u00e9 de oito (08) semestres em regime de tempo integral, sendo, no m\u00ednimo de quatro (04) e o m\u00e1ximo de dez (10) semestres, respectivamente. O Doutorado (D) tem carga hor\u00e1ria total de tr\u00eas mil (3.000) horas correspondentes a duzentos (200) cr\u00e9ditos distribu\u00eddos conforme delibera\u00e7\u00e3o vigente. A organiza\u00e7\u00e3o curricular atribui-se um (1) cr\u00e9dito a cada 15 h.<\/p>\n\n\n\n<p><\/p>\n\n\n\n<p><strong>DOUTORADO<\/strong><\/p>\n\n\n\n<p><strong>Delibera\u00e7\u00e3o 04\/2018 &#8211; ingressantes a partir de 2018\/2<\/strong><\/p>\n\n\n\n<p>a) 16 (dezesseis) cr\u00e9ditos em disciplinas obrigat\u00f3rias da \u00e1rea de concentra\u00e7\u00e3o;<\/p>\n\n\n\n<p>b) 24 (vinte e quatro) cr\u00e9ditos em disciplinas optativas.<\/p>\n\n\n\n<p>c) 160 (cento e sessenta) cr\u00e9ditos em Tese de Doutorado.<\/p>\n\n\n\n<p><\/p>\n","protected":false},"excerpt":{"rendered":"<p>A sele\u00e7\u00e3o para ingresso no PPM \u00e9 realizada anualmente e a dura\u00e7\u00e3o prevista para o Doutorado \u00e9 de oito (08) semestres em regime de tempo integral, sendo, no m\u00ednimo de quatro (04) e o m\u00e1ximo de dez (10) semestres, respectivamente. O Doutorado (D) tem carga hor\u00e1ria total de tr\u00eas mil (3.000) horas correspondentes a duzentos [&hellip;]<\/p>\n","protected":false},"author":8,"featured_media":0,"parent":0,"menu_order":0,"comment_status":"closed","ping_status":"closed","template":"","meta":{"_acf_changed":false,"footnotes":""},"class_list":["post-18","page","type-page","status-publish","hentry"],"acf":[],"_links":{"self":[{"href":"https:\/\/pos.uel.br\/microbiologia\/wp-json\/wp\/v2\/pages\/18","targetHints":{"allow":["GET"]}}],"collection":[{"href":"https:\/\/pos.uel.br\/microbiologia\/wp-json\/wp\/v2\/pages"}],"about":[{"href":"https:\/\/pos.uel.br\/microbiologia\/wp-json\/wp\/v2\/types\/page"}],"author":[{"embeddable":true,"href":"https:\/\/pos.uel.br\/microbiologia\/wp-json\/wp\/v2\/users\/8"}],"replies":[{"embeddable":true,"href":"https:\/\/pos.uel.br\/microbiologia\/wp-json\/wp\/v2\/comments?post=18"}],"version-history":[{"count":5,"href":"https:\/\/pos.uel.br\/microbiologia\/wp-json\/wp\/v2\/pages\/18\/revisions"}],"predecessor-version":[{"id":362,"href":"https:\/\/pos.uel.br\/microbiologia\/wp-json\/wp\/v2\/pages\/18\/revisions\/362"}],"wp:attachment":[{"href":"https:\/\/pos.uel.br\/microbiologia\/wp-json\/wp\/v2\/media?parent=18"}],"curies":[{"name":"wp","href":"https:\/\/api.w.org\/{rel}","templated":true}]}}