{"id":1735,"date":"2022-06-23T11:16:10","date_gmt":"2022-06-23T14:16:10","guid":{"rendered":"https:\/\/pos.uel.br\/microbiologia\/?page_id=1735"},"modified":"2023-08-01T09:55:09","modified_gmt":"2023-08-01T12:55:09","slug":"curriculo","status":"publish","type":"page","link":"https:\/\/pos.uel.br\/microbiologia\/curriculo\/","title":{"rendered":"Curriculo"},"content":{"rendered":"\n<p class=\"has-secondary-accent-color has-text-color has-medium-font-size\"><strong>Requisitos para la obtenci\u00f3n del t\u00edtulo:<\/strong><\/p>\n\n\n\n<p class=\"has-secondary-text-color has-text-color has-medium-font-size\"><strong>Los requisitos para obtener el M\u00e1ster en Microbiolog\u00eda<\/strong><\/p>\n\n\n\n<ul class=\"wp-block-list\">\n<li>Completar las asignaturas obligatorias del \u00e1rea de concentraci\u00f3n: 2MIB005-Seminarios I, 2MIB222-Citolog\u00eda Microbiana, 2MIB223-Fisiolog\u00eda y Metabolismo Microbiano, 2MIB224-Virolog\u00eda, 2MIB225-Gen\u00e9tica Microbiana, 2MIB226-Biolog\u00eda Molecular de los Microorganismos, 2MIB122-Pr\u00e1cticas de Ense\u00f1anza en Cursos de Graduaci\u00f3n I y asignaturas optativas.<\/li>\n\n\n\n<li>Tener el proyecto de disertaci\u00f3n aprobado tras el an\u00e1lisis del proyecto escrito y la defensa oral por parte de un tribunal.<\/li>\n\n\n\n<li>Contar con la aprobaci\u00f3n en el examen de calificaci\u00f3n tras el an\u00e1lisis de la monograf\u00eda escrita y la defensa oral por parte de un tribunal examinador.<\/li>\n\n\n\n<li>Tener la aprobaci\u00f3n en la defensa de su disertaci\u00f3n tras el an\u00e1lisis de la disertaci\u00f3n escrita y la defensa oral por parte de un tribunal examinador<\/li>\n<\/ul>\n\n\n\n<div style=\"height:37px\" aria-hidden=\"true\" class=\"wp-block-spacer\"><\/div>\n\n\n\n<p class=\"has-secondary-text-color has-text-color has-medium-font-size\"><strong>Los requisitos para obtener el t\u00edtulo de Doctor en Microbiolog\u00eda<\/strong><\/p>\n\n\n\n<ul class=\"wp-block-list\">\n<li>Completar las asignaturas obligatorias del \u00e1rea de concentraci\u00f3n: 2MIB222-Citolog\u00eda microbiana, 2MIB223-Fisiolog\u00eda y metabolismo microbiano, 2MIB224-Virolog\u00eda, 2MIB225-Gen\u00e9tica microbiana, 2MIB226-Biolog\u00eda molecular de los microorganismos, 2MIB081-Seminarios II, 2MIB227-Seminarios III, 2MIB123-Pr\u00e1cticas de docencia en cursos de graduaci\u00f3n II, 2MIB124-Pr\u00e1cticas de docencia en cursos de graduaci\u00f3n III y cursos optativos.<\/li>\n\n\n\n<li>Contar con la aprobaci\u00f3n en el examen de calificaci\u00f3n tras el an\u00e1lisis de la monograf\u00eda escrita y la defensa oral por parte de un tribunal examinador.<\/li>\n\n\n\n<li>Contar con la aprobaci\u00f3n en su defensa de tesis tras el an\u00e1lisis de la tesis escrita y la defensa oral por parte de un tribunal.<\/li>\n<\/ul>\n","protected":false},"excerpt":{"rendered":"<p>Requisitos para la obtenci\u00f3n del t\u00edtulo: Los requisitos para obtener el M\u00e1ster en Microbiolog\u00eda Los requisitos para obtener el t\u00edtulo de Doctor en Microbiolog\u00eda<\/p>\n","protected":false},"author":8,"featured_media":0,"parent":0,"menu_order":0,"comment_status":"closed","ping_status":"closed","template":"","meta":{"_acf_changed":false,"footnotes":""},"class_list":["post-1735","page","type-page","status-publish","hentry"],"acf":[],"_links":{"self":[{"href":"https:\/\/pos.uel.br\/microbiologia\/wp-json\/wp\/v2\/pages\/1735","targetHints":{"allow":["GET"]}}],"collection":[{"href":"https:\/\/pos.uel.br\/microbiologia\/wp-json\/wp\/v2\/pages"}],"about":[{"href":"https:\/\/pos.uel.br\/microbiologia\/wp-json\/wp\/v2\/types\/page"}],"author":[{"embeddable":true,"href":"https:\/\/pos.uel.br\/microbiologia\/wp-json\/wp\/v2\/users\/8"}],"replies":[{"embeddable":true,"href":"https:\/\/pos.uel.br\/microbiologia\/wp-json\/wp\/v2\/comments?post=1735"}],"version-history":[{"count":3,"href":"https:\/\/pos.uel.br\/microbiologia\/wp-json\/wp\/v2\/pages\/1735\/revisions"}],"predecessor-version":[{"id":2094,"href":"https:\/\/pos.uel.br\/microbiologia\/wp-json\/wp\/v2\/pages\/1735\/revisions\/2094"}],"wp:attachment":[{"href":"https:\/\/pos.uel.br\/microbiologia\/wp-json\/wp\/v2\/media?parent=1735"}],"curies":[{"name":"wp","href":"https:\/\/api.w.org\/{rel}","templated":true}]}}