{"id":1734,"date":"2022-06-23T11:16:10","date_gmt":"2022-06-23T14:16:10","guid":{"rendered":"https:\/\/pos.uel.br\/microbiologia\/?page_id=1734"},"modified":"2025-05-20T09:41:06","modified_gmt":"2025-05-20T12:41:06","slug":"profesorado-3","status":"publish","type":"page","link":"https:\/\/pos.uel.br\/microbiologia\/profesorado-3\/","title":{"rendered":"Profesorado"},"content":{"rendered":"\n<p>El profesorado del PPM es multidisciplinar, compuesto por asesores cualificados en diferentes \u00e1reas de la Microbiolog\u00eda que trabajan en el desarrollo de proyectos cient\u00edficos, de innovaci\u00f3n y de emprendimiento. El PPM cuenta con 18 profesores (15 permanentes y 3 colaborador) de la UEL [Departamentos de Microbiolog\u00eda (12) y Ciencias Patol\u00f3gicas (2)], de la Universidade Estadual de Maring\u00e1 [Departamento de Ciencias B\u00e1sicas de la Salud (1)], de la Corporaci\u00f3n Brasile\u00f1a de Investigaci\u00f3n Agropecuaria-Soja (2) y de lo Instituto Adolf Lutz\/ Presidente Prudente.<\/p>\n\n\n\n<p>La actividad de investigaci\u00f3n del programa se basa en un \u00e1rea de concentraci\u00f3n -Microbiolog\u00eda- que se distribuye en tres l\u00edneas principales de investigaci\u00f3n: Biolog\u00eda y Fisiolog\u00eda de los Microorganismos, Gen\u00e9tica y Biolog\u00eda Molecular de los Microorganismos e Interacci\u00f3n Microorganismo-Hu\u00e9sped, agregando varios proyectos innovadores en diferentes sub\u00e1reas (Bacteriolog\u00eda, Micolog\u00eda, Virolog\u00eda y Protozoolog\u00eda), con un enfoque de investigaci\u00f3n en Microbiolog\u00eda B\u00e1sica y Aplicada.<\/p>\n\n\n\n<div style=\"height:38px\" aria-hidden=\"true\" class=\"wp-block-spacer\"><\/div>\n\n\n\n<p class=\"has-secondary-accent-color has-text-color has-medium-font-size\"><strong><a href=\"https:\/\/pos.uel.br\/microbiologia\/corpo-docente\/\">Programa de Posgrado en Microbiolog\u00eda<\/a><\/strong><\/p>\n","protected":false},"excerpt":{"rendered":"<p>El profesorado del PPM es multidisciplinar, compuesto por asesores cualificados en diferentes \u00e1reas de la Microbiolog\u00eda que trabajan en el desarrollo de proyectos cient\u00edficos, de innovaci\u00f3n y de emprendimiento. El PPM cuenta con 18 profesores (15 permanentes y 3 colaborador) de la UEL [Departamentos de Microbiolog\u00eda (12) y Ciencias Patol\u00f3gicas (2)], de la Universidade Estadual [&hellip;]<\/p>\n","protected":false},"author":8,"featured_media":0,"parent":0,"menu_order":0,"comment_status":"closed","ping_status":"closed","template":"","meta":{"_acf_changed":false,"footnotes":""},"class_list":["post-1734","page","type-page","status-publish","hentry"],"acf":[],"_links":{"self":[{"href":"https:\/\/pos.uel.br\/microbiologia\/wp-json\/wp\/v2\/pages\/1734","targetHints":{"allow":["GET"]}}],"collection":[{"href":"https:\/\/pos.uel.br\/microbiologia\/wp-json\/wp\/v2\/pages"}],"about":[{"href":"https:\/\/pos.uel.br\/microbiologia\/wp-json\/wp\/v2\/types\/page"}],"author":[{"embeddable":true,"href":"https:\/\/pos.uel.br\/microbiologia\/wp-json\/wp\/v2\/users\/8"}],"replies":[{"embeddable":true,"href":"https:\/\/pos.uel.br\/microbiologia\/wp-json\/wp\/v2\/comments?post=1734"}],"version-history":[{"count":3,"href":"https:\/\/pos.uel.br\/microbiologia\/wp-json\/wp\/v2\/pages\/1734\/revisions"}],"predecessor-version":[{"id":2439,"href":"https:\/\/pos.uel.br\/microbiologia\/wp-json\/wp\/v2\/pages\/1734\/revisions\/2439"}],"wp:attachment":[{"href":"https:\/\/pos.uel.br\/microbiologia\/wp-json\/wp\/v2\/media?parent=1734"}],"curies":[{"name":"wp","href":"https:\/\/api.w.org\/{rel}","templated":true}]}}