{"id":1642,"date":"2022-06-09T16:00:17","date_gmt":"2022-06-09T19:00:17","guid":{"rendered":"https:\/\/pos.uel.br\/microbiologia\/?page_id=1642"},"modified":"2022-06-09T16:10:22","modified_gmt":"2022-06-09T19:10:22","slug":"programa-de-posgrado-en-microbiologia","status":"publish","type":"page","link":"https:\/\/pos.uel.br\/microbiologia\/es\/programa-de-posgrado-en-microbiologia\/","title":{"rendered":"Programa de Posgrado en Microbiolog\u00eda"},"content":{"rendered":"\n<p class=\"has-secondary-accent-color has-text-color has-medium-font-size\"><strong>Contacto<\/strong><\/p>\n\n\n\n<p>E-mail: pgmicro@uel.br<\/p>\n\n\n\n<p>Tel\u00e9fono: +55 (43) 3371 4192&nbsp;<\/p>\n\n\n\n<p class=\"has-secondary-accent-color has-text-color has-medium-font-size\"><strong>Direcci\u00f3n<\/strong><\/p>\n\n\n\n<p>Universidade Estadual de Londrina&nbsp;<\/p>\n\n\n\n<p>Centro de Ci\u00eancias Biol\u00f3gicas<\/p>\n\n\n\n<p>Departamento de Microbiologia<\/p>\n\n\n\n<p>Secretaria de P\u00f3s-gradua\u00e7\u00e3o em Microbiologia<\/p>\n\n\n\n<p>Rodovia Celso Garcia Cid, PR445, km 380 Campus Universit\u00e1rio Cx. Postal 10.011&nbsp;<\/p>\n\n\n\n<p>CEP 86057-970 \u2013 Londrina \u2013 Paran\u00e1<\/p>\n","protected":false},"excerpt":{"rendered":"<p>Contacto E-mail: pgmicro@uel.br Tel\u00e9fono: +55 (43) 3371 4192&nbsp; Direcci\u00f3n Universidade Estadual de Londrina&nbsp; Centro de Ci\u00eancias Biol\u00f3gicas Departamento de Microbiologia Secretaria de P\u00f3s-gradua\u00e7\u00e3o em Microbiologia Rodovia Celso Garcia Cid, PR445, km 380 Campus Universit\u00e1rio Cx. Postal 10.011&nbsp; CEP 86057-970 \u2013 Londrina \u2013 Paran\u00e1<\/p>\n","protected":false},"author":8,"featured_media":0,"parent":0,"menu_order":0,"comment_status":"closed","ping_status":"closed","template":"","meta":{"_acf_changed":false,"footnotes":""},"class_list":["post-1642","page","type-page","status-publish","hentry"],"acf":[],"_links":{"self":[{"href":"https:\/\/pos.uel.br\/microbiologia\/wp-json\/wp\/v2\/pages\/1642","targetHints":{"allow":["GET"]}}],"collection":[{"href":"https:\/\/pos.uel.br\/microbiologia\/wp-json\/wp\/v2\/pages"}],"about":[{"href":"https:\/\/pos.uel.br\/microbiologia\/wp-json\/wp\/v2\/types\/page"}],"author":[{"embeddable":true,"href":"https:\/\/pos.uel.br\/microbiologia\/wp-json\/wp\/v2\/users\/8"}],"replies":[{"embeddable":true,"href":"https:\/\/pos.uel.br\/microbiologia\/wp-json\/wp\/v2\/comments?post=1642"}],"version-history":[{"count":3,"href":"https:\/\/pos.uel.br\/microbiologia\/wp-json\/wp\/v2\/pages\/1642\/revisions"}],"predecessor-version":[{"id":1651,"href":"https:\/\/pos.uel.br\/microbiologia\/wp-json\/wp\/v2\/pages\/1642\/revisions\/1651"}],"wp:attachment":[{"href":"https:\/\/pos.uel.br\/microbiologia\/wp-json\/wp\/v2\/media?parent=1642"}],"curies":[{"name":"wp","href":"https:\/\/api.w.org\/{rel}","templated":true}]}}