{"id":161,"date":"2021-06-15T02:57:01","date_gmt":"2021-06-15T05:57:01","guid":{"rendered":"https:\/\/pos.uel.br\/microbiologia\/pagina-inicial\/"},"modified":"2025-06-02T10:11:39","modified_gmt":"2025-06-02T13:11:39","slug":"pagina-inicial","status":"publish","type":"page","link":"https:\/\/pos.uel.br\/microbiologia\/","title":{"rendered":"P\u00e1gina inicial"},"content":{"rendered":"\n<div class=\"wp-block-group\"><div class=\"wp-block-group__inner-container is-layout-flow wp-block-group-is-layout-flow\">\n<p><\/p>\n<\/div><\/div>\n\n\n\n<div class=\"wp-block-columns is-layout-flex wp-container-core-columns-is-layout-9d6595d7 wp-block-columns-is-layout-flex\">\n<div class=\"wp-block-column is-layout-flow wp-block-column-is-layout-flow\" style=\"flex-basis:66.66%\">\n<div class=\"wp-block-uel-card\">\n<h3 class=\"wp-block-heading is-style-highlighted-heading\">Editais<\/h3>\n\n\n\n<p class=\"has-text-align-right\"><a href=\"https:\/\/pos.uel.br\/microbiologia\/editais\">mais editais<\/a><\/p>\n\n\n<div class=\"editais-block\"><a class=\"editais-block__item-block\" href=\"https:\/\/pos.uel.br\/microbiologia\/wp-content\/uploads\/2026\/03\/Edital-06-resultados-bolsa-mestrado-2026-CPF.pdf\"><div class=\"editais-block__titulo\"><span>Edital 06 resultados bolsa mestrado 2026<\/span><\/div><div class=\"editais-block__resumo\"><span><\/span><\/div><div class=\"editais-block__publicado\"><span>2 meses atr\u00e1s<\/span><\/div><\/a><a class=\"editais-block__item-block\" href=\"https:\/\/pos.uel.br\/microbiologia\/wp-content\/uploads\/2026\/03\/Edital-05-resultados-bolsa-doutorado-2026-CPF.pdf\"><div class=\"editais-block__titulo\"><span>Edital 05 resultados bolsa doutorado 2026<\/span><\/div><div class=\"editais-block__resumo\"><span><\/span><\/div><div class=\"editais-block__publicado\"><span>2 meses atr\u00e1s<\/span><\/div><\/a><a class=\"editais-block__item-block\" href=\"https:\/\/pos.uel.br\/microbiologia\/wp-content\/uploads\/2026\/03\/Edital-04-resultado-Estudante-Especial-2026-1.pdf\"><div class=\"editais-block__titulo\"><span>Edital 04 -resultado-Estudante-Especial-2026-1<\/span><\/div><div class=\"editais-block__resumo\"><span><\/span><\/div><div class=\"editais-block__publicado\"><span>2 meses atr\u00e1s<\/span><\/div><\/a><a class=\"editais-block__item-block\" href=\"https:\/\/pos.uel.br\/microbiologia\/wp-content\/uploads\/2026\/03\/EDITAL-03-Selecao-Bolsista-Doutorado-PPM-2026.pdf\"><div class=\"editais-block__titulo\"><span>EDITAL 03 &#8211; Sele\u00e7\u00e3o Bolsista Doutorado PPM 2026<\/span><\/div><div class=\"editais-block__resumo\"><span><\/span><\/div><div class=\"editais-block__publicado\"><span>2 meses atr\u00e1s<\/span><\/div><\/a><\/div>\n\n\n<p><a href=\"https:\/\/pos.uel.br\/microbiologia\/\">Ver p\u00e1gina<\/a><\/p>\n<\/div>\n\n\n\n<div class=\"wp-block-uel-card\"><\/div>\n\n\n\n<div class=\"wp-block-columns is-layout-flex wp-container-core-columns-is-layout-9d6595d7 wp-block-columns-is-layout-flex\">\n<div class=\"wp-block-column is-layout-flow wp-block-column-is-layout-flow\">\n<div class=\"wp-block-uel-card\">\n<h3 class=\"wp-block-heading is-style-highlighted-heading\">Defesas e qualifica\u00e7\u00f5es<\/h3>\n\n\n<div class=\"defesas-qualificacoes\">N\u00e3o existem defesas ou qualifica\u00e7\u00f5es agendadas.<a href=\"https:\/\/pos.uel.br\/microbiologia\/defesas-qualificacoes\/\" class=\"defesas-qualificacoes__todas\">Ver todas<\/a><\/div>\n\n\n<p><\/p>\n<\/div>\n\n\n\n<div style=\"height:28px\" aria-hidden=\"true\" class=\"wp-block-spacer\"><\/div>\n\n\n\n<figure class=\"wp-block-image size-large\"><a href=\"https:\/\/pos.uel.br\/microbiologia\/egressos\/\" target=\"_blank\" rel=\"noopener\"><img loading=\"lazy\" decoding=\"async\" width=\"1024\" height=\"576\" src=\"https:\/\/pos.uel.br\/microbiologia\/wp-content\/uploads\/2021\/06\/Slide1-6-1024x576.jpg\" alt=\"\" class=\"wp-image-681\" srcset=\"https:\/\/pos.uel.br\/microbiologia\/wp-content\/uploads\/2021\/06\/Slide1-6-1024x576.jpg 1024w, https:\/\/pos.uel.br\/microbiologia\/wp-content\/uploads\/2021\/06\/Slide1-6-300x169.jpg 300w, https:\/\/pos.uel.br\/microbiologia\/wp-content\/uploads\/2021\/06\/Slide1-6-768x432.jpg 768w, https:\/\/pos.uel.br\/microbiologia\/wp-content\/uploads\/2021\/06\/Slide1-6.jpg 1280w\" sizes=\"auto, (max-width: 1024px) 100vw, 1024px\" \/><\/a><\/figure>\n\n\n<div class=\"wp-block-image\">\n<figure class=\"aligncenter size-large is-resized\"><a href=\"https:\/\/pos.uel.br\/microbiologia\/eventos\/\" target=\"_blank\" rel=\"noopener\"><img loading=\"lazy\" decoding=\"async\" width=\"1024\" height=\"576\" src=\"https:\/\/pos.uel.br\/microbiologia\/wp-content\/uploads\/2021\/07\/Slide1-6-1024x576.png\" alt=\"\" class=\"wp-image-1261\" style=\"width:321px;height:181px\" srcset=\"https:\/\/pos.uel.br\/microbiologia\/wp-content\/uploads\/2021\/07\/Slide1-6-1024x576.png 1024w, https:\/\/pos.uel.br\/microbiologia\/wp-content\/uploads\/2021\/07\/Slide1-6-300x169.png 300w, https:\/\/pos.uel.br\/microbiologia\/wp-content\/uploads\/2021\/07\/Slide1-6-768x432.png 768w, https:\/\/pos.uel.br\/microbiologia\/wp-content\/uploads\/2021\/07\/Slide1-6.png 1280w\" sizes=\"auto, (max-width: 1024px) 100vw, 1024px\" \/><\/a><\/figure>\n<\/div><\/div>\n\n\n\n<div class=\"wp-block-column is-layout-flow wp-block-column-is-layout-flow\">\n<figure class=\"wp-block-image size-large\"><a href=\"https:\/\/pos.uel.br\/microbiologia\/planejamento\/\" target=\"_blank\" rel=\"noopener\"><img loading=\"lazy\" decoding=\"async\" width=\"1024\" height=\"576\" src=\"https:\/\/pos.uel.br\/microbiologia\/wp-content\/uploads\/2021\/06\/Slide1-4-1024x576.jpg\" alt=\"\" class=\"wp-image-565\" srcset=\"https:\/\/pos.uel.br\/microbiologia\/wp-content\/uploads\/2021\/06\/Slide1-4-1024x576.jpg 1024w, https:\/\/pos.uel.br\/microbiologia\/wp-content\/uploads\/2021\/06\/Slide1-4-300x169.jpg 300w, https:\/\/pos.uel.br\/microbiologia\/wp-content\/uploads\/2021\/06\/Slide1-4-768x432.jpg 768w, https:\/\/pos.uel.br\/microbiologia\/wp-content\/uploads\/2021\/06\/Slide1-4.jpg 1280w\" sizes=\"auto, (max-width: 1024px) 100vw, 1024px\" \/><\/a><\/figure>\n\n\n\n<p><\/p>\n\n\n\n<figure class=\"wp-block-image size-large is-resized\"><a href=\"https:\/\/pos.uel.br\/microbiologia\/?page_id=2016\"><img loading=\"lazy\" decoding=\"async\" width=\"1024\" height=\"576\" src=\"https:\/\/pos.uel.br\/microbiologia\/wp-content\/uploads\/2023\/07\/Slide4-1024x576.png\" alt=\"\" class=\"wp-image-2014\" style=\"width:392px;height:220px\" srcset=\"https:\/\/pos.uel.br\/microbiologia\/wp-content\/uploads\/2023\/07\/Slide4-1024x576.png 1024w, https:\/\/pos.uel.br\/microbiologia\/wp-content\/uploads\/2023\/07\/Slide4-300x169.png 300w, https:\/\/pos.uel.br\/microbiologia\/wp-content\/uploads\/2023\/07\/Slide4-768x432.png 768w, https:\/\/pos.uel.br\/microbiologia\/wp-content\/uploads\/2023\/07\/Slide4.png 1280w\" sizes=\"auto, (max-width: 1024px) 100vw, 1024px\" \/><\/a><\/figure>\n\n\n<div class=\"wp-block-image\">\n<figure class=\"aligncenter size-large is-resized\"><a href=\"https:\/\/eventos.uel.br\/cpm\/\" target=\"_blank\" rel=\"noopener\"><img loading=\"lazy\" decoding=\"async\" width=\"1024\" height=\"576\" src=\"https:\/\/pos.uel.br\/microbiologia\/wp-content\/uploads\/2025\/05\/Slide1-6-1024x576.jpg\" alt=\"\" class=\"wp-image-2502\" style=\"width:364px;height:136px\" srcset=\"https:\/\/pos.uel.br\/microbiologia\/wp-content\/uploads\/2025\/05\/Slide1-6-1024x576.jpg 1024w, https:\/\/pos.uel.br\/microbiologia\/wp-content\/uploads\/2025\/05\/Slide1-6-300x169.jpg 300w, https:\/\/pos.uel.br\/microbiologia\/wp-content\/uploads\/2025\/05\/Slide1-6-768x432.jpg 768w, https:\/\/pos.uel.br\/microbiologia\/wp-content\/uploads\/2025\/05\/Slide1-6.jpg 1280w\" sizes=\"auto, (max-width: 1024px) 100vw, 1024px\" \/><\/a><\/figure>\n<\/div>\n\n<div class=\"wp-block-image\">\n<figure class=\"aligncenter size-large is-resized\"><a href=\"https:\/\/pos.uel.br\/microbiologia\/edital-de-selecao-de-candidatos\/\" target=\"_blank\" rel=\"noopener\"><img loading=\"lazy\" decoding=\"async\" width=\"1024\" height=\"576\" src=\"https:\/\/pos.uel.br\/microbiologia\/wp-content\/uploads\/2021\/07\/Slide17-2-1024x576.png\" alt=\"\" class=\"wp-image-1277\" style=\"width:363px;height:204px\" srcset=\"https:\/\/pos.uel.br\/microbiologia\/wp-content\/uploads\/2021\/07\/Slide17-2-1024x576.png 1024w, https:\/\/pos.uel.br\/microbiologia\/wp-content\/uploads\/2021\/07\/Slide17-2-300x169.png 300w, https:\/\/pos.uel.br\/microbiologia\/wp-content\/uploads\/2021\/07\/Slide17-2-768x432.png 768w, https:\/\/pos.uel.br\/microbiologia\/wp-content\/uploads\/2021\/07\/Slide17-2.png 1280w\" sizes=\"auto, (max-width: 1024px) 100vw, 1024px\" \/><\/a><\/figure>\n<\/div>\n\n\n<div style=\"height:31px\" aria-hidden=\"true\" class=\"wp-block-spacer\"><\/div>\n<\/div>\n<\/div>\n\n\n\n<div class=\"wp-block-group\"><div class=\"wp-block-group__inner-container is-layout-flow wp-block-group-is-layout-flow\">\n<div class=\"wp-block-group\"><div class=\"wp-block-group__inner-container is-layout-flow wp-block-group-is-layout-flow\"><\/div><\/div>\n<\/div><\/div>\n<\/div>\n\n\n\n<div class=\"wp-block-column is-layout-flow wp-block-column-is-layout-flow\" style=\"flex-basis:33.33%\"><div class=\"wp-block-image\">\n<figure class=\"aligncenter size-large is-resized\"><a href=\"https:\/\/www.instagram.com\/ppm.uel\/?utm_medium=copy_link\" target=\"_blank\" rel=\"noopener\"><img loading=\"lazy\" decoding=\"async\" width=\"1024\" height=\"576\" src=\"https:\/\/pos.uel.br\/microbiologia\/wp-content\/uploads\/2021\/07\/Slide4-1024x576.jpg\" alt=\"\" class=\"wp-image-785\" style=\"width:248px;height:139px\" srcset=\"https:\/\/pos.uel.br\/microbiologia\/wp-content\/uploads\/2021\/07\/Slide4-1024x576.jpg 1024w, https:\/\/pos.uel.br\/microbiologia\/wp-content\/uploads\/2021\/07\/Slide4-300x169.jpg 300w, https:\/\/pos.uel.br\/microbiologia\/wp-content\/uploads\/2021\/07\/Slide4-768x432.jpg 768w, https:\/\/pos.uel.br\/microbiologia\/wp-content\/uploads\/2021\/07\/Slide4.jpg 1280w\" sizes=\"auto, (max-width: 1024px) 100vw, 1024px\" \/><\/a><\/figure>\n<\/div>\n\n\n<h3 class=\"wp-block-heading is-style-highlighted-heading\">Comunicados<\/h3>\n\n\n\n<div class=\"wp-block-uel-card\"><ul class=\"wp-block-latest-posts__list has-dates wp-block-latest-posts\"><li><a class=\"wp-block-latest-posts__post-title\" href=\"https:\/\/pos.uel.br\/microbiologia\/sem-categoria-pt\/2025\/08\/18\/programa-de-pos-graduacao-em-microbiologia-realiza-v-congresso-paranaense-de-microbiologia-e-homenageia-nobel-da-agricultura\/\">Programa de P\u00f3s-Gradua\u00e7\u00e3o em Microbiologia realiza V Congresso Paranaense de Microbiologia e homenageia Nobel da Agricultura<\/a><time datetime=\"2025-08-18T09:04:24-03:00\" class=\"wp-block-latest-posts__post-date\">18 de agosto de 2025<\/time><\/li>\n<li><a class=\"wp-block-latest-posts__post-title\" href=\"https:\/\/pos.uel.br\/microbiologia\/sem-categoria\/2021\/06\/01\/ola-mundo\/\">Ol\u00e1, microbiologistas!<\/a><time datetime=\"2021-06-01T23:36:00-03:00\" class=\"wp-block-latest-posts__post-date\">1 de junho de 2021<\/time><\/li>\n<\/ul><\/div>\n\n\n\n<figure class=\"wp-block-image size-large\"><a href=\"https:\/\/pos.uel.br\/microbiologia\/?page_id=1532&amp;preview=true\" target=\"_blank\" rel=\"noreferrer noopener\"><img loading=\"lazy\" decoding=\"async\" width=\"1024\" height=\"576\" src=\"https:\/\/pos.uel.br\/microbiologia\/wp-content\/uploads\/2022\/05\/Slide1-1024x576.png\" alt=\"\" class=\"wp-image-1530\" srcset=\"https:\/\/pos.uel.br\/microbiologia\/wp-content\/uploads\/2022\/05\/Slide1-1024x576.png 1024w, https:\/\/pos.uel.br\/microbiologia\/wp-content\/uploads\/2022\/05\/Slide1-300x169.png 300w, https:\/\/pos.uel.br\/microbiologia\/wp-content\/uploads\/2022\/05\/Slide1-768x432.png 768w, https:\/\/pos.uel.br\/microbiologia\/wp-content\/uploads\/2022\/05\/Slide1.png 1280w\" sizes=\"auto, (max-width: 1024px) 100vw, 1024px\" \/><\/a><figcaption class=\"wp-element-caption\"><strong>Verificar disponibilidade das salas<\/strong><\/figcaption><\/figure>\n\n\n\n<figure class=\"wp-block-image alignwide size-large is-style-default\"><a href=\"https:\/\/pos.uel.br\/microbiologia\/exame-de-proficiencia\/\" target=\"_blank\" rel=\"noopener\"><img loading=\"lazy\" decoding=\"async\" width=\"1024\" height=\"341\" src=\"https:\/\/pos.uel.br\/microbiologia\/wp-content\/uploads\/2021\/06\/EXAME-1024x341.jpg\" alt=\"\" class=\"wp-image-192\" srcset=\"https:\/\/pos.uel.br\/microbiologia\/wp-content\/uploads\/2021\/06\/EXAME-1024x341.jpg 1024w, https:\/\/pos.uel.br\/microbiologia\/wp-content\/uploads\/2021\/06\/EXAME-300x100.jpg 300w, https:\/\/pos.uel.br\/microbiologia\/wp-content\/uploads\/2021\/06\/EXAME-768x256.jpg 768w, https:\/\/pos.uel.br\/microbiologia\/wp-content\/uploads\/2021\/06\/EXAME.jpg 1134w\" sizes=\"auto, (max-width: 1024px) 100vw, 1024px\" \/><\/a><\/figure>\n\n\n\n<div style=\"height:20px\" aria-hidden=\"true\" class=\"wp-block-spacer\"><\/div>\n\n\n\n<figure class=\"wp-block-image size-large\"><a href=\"https:\/\/pos.uel.br\/microbiologia\/avaliacao-quadrienal-capes\/\" target=\"_blank\" rel=\"noreferrer noopener\"><img loading=\"lazy\" decoding=\"async\" width=\"1024\" height=\"576\" src=\"https:\/\/pos.uel.br\/microbiologia\/wp-content\/uploads\/2023\/01\/Slide1-1024x576.png\" alt=\"\" class=\"wp-image-1875\" srcset=\"https:\/\/pos.uel.br\/microbiologia\/wp-content\/uploads\/2023\/01\/Slide1-1024x576.png 1024w, https:\/\/pos.uel.br\/microbiologia\/wp-content\/uploads\/2023\/01\/Slide1-300x169.png 300w, https:\/\/pos.uel.br\/microbiologia\/wp-content\/uploads\/2023\/01\/Slide1-768x432.png 768w, https:\/\/pos.uel.br\/microbiologia\/wp-content\/uploads\/2023\/01\/Slide1.png 1280w\" sizes=\"auto, (max-width: 1024px) 100vw, 1024px\" \/><\/a><\/figure>\n\n\n\n<div style=\"height:22px\" aria-hidden=\"true\" class=\"wp-block-spacer\"><\/div>\n\n\n\n<figure class=\"wp-block-image alignwide size-large\"><a href=\"http:\/\/www.uel.br\/proppg\/portalnovo\/pages\/calendario-academico\/stricto-sensu.php\" target=\"_blank\" rel=\"noopener\"><img loading=\"lazy\" decoding=\"async\" width=\"546\" height=\"219\" src=\"https:\/\/pos.uel.br\/microbiologia\/wp-content\/uploads\/2021\/07\/Calendario_Academico.gif\" alt=\"\" class=\"wp-image-840\" \/><\/a><\/figure>\n\n\n\n<div style=\"height:18px\" aria-hidden=\"true\" class=\"wp-block-spacer\"><\/div>\n\n\n\n<figure class=\"wp-block-image alignwide size-large\"><a href=\"https:\/\/pos.uel.br\/microbiologia\/duvidas-frequentes\/\" target=\"_blank\" rel=\"noopener\"><img loading=\"lazy\" decoding=\"async\" width=\"1024\" height=\"576\" src=\"https:\/\/pos.uel.br\/microbiologia\/wp-content\/uploads\/2021\/07\/Slide1-2-1024x576.png\" alt=\"\" class=\"wp-image-1132\" srcset=\"https:\/\/pos.uel.br\/microbiologia\/wp-content\/uploads\/2021\/07\/Slide1-2-1024x576.png 1024w, https:\/\/pos.uel.br\/microbiologia\/wp-content\/uploads\/2021\/07\/Slide1-2-300x169.png 300w, https:\/\/pos.uel.br\/microbiologia\/wp-content\/uploads\/2021\/07\/Slide1-2-768x432.png 768w, https:\/\/pos.uel.br\/microbiologia\/wp-content\/uploads\/2021\/07\/Slide1-2.png 1280w\" sizes=\"auto, (max-width: 1024px) 100vw, 1024px\" \/><\/a><\/figure>\n<\/div>\n<\/div>\n\n\n\n<div class=\"wp-block-columns is-layout-flex wp-container-core-columns-is-layout-9d6595d7 wp-block-columns-is-layout-flex\">\n<div class=\"wp-block-column is-layout-flow wp-block-column-is-layout-flow\">\n<figure class=\"wp-block-image size-large is-resized\"><img loading=\"lazy\" decoding=\"async\" width=\"136\" height=\"125\" src=\"https:\/\/pos.uel.br\/microbiologia\/wp-content\/uploads\/2021\/06\/logo-capes-2.png\" alt=\"\" class=\"wp-image-631\" style=\"width:84px;height:76px\" \/><\/figure>\n<\/div>\n\n\n\n<div class=\"wp-block-column is-layout-flow wp-block-column-is-layout-flow\">\n<figure class=\"wp-block-image size-large is-resized\"><img loading=\"lazy\" decoding=\"async\" width=\"300\" height=\"133\" src=\"https:\/\/pos.uel.br\/microbiologia\/wp-content\/uploads\/2021\/06\/logo-CNPq.jpg\" alt=\"\" class=\"wp-image-632\" style=\"width:135px;height:59px\" \/><\/figure>\n<\/div>\n\n\n\n<div class=\"wp-block-column is-layout-flow wp-block-column-is-layout-flow\">\n<figure class=\"wp-block-image size-large is-resized\"><img loading=\"lazy\" decoding=\"async\" width=\"338\" height=\"149\" src=\"https:\/\/pos.uel.br\/microbiologia\/wp-content\/uploads\/2021\/06\/FA-logo.jpg\" alt=\"\" class=\"wp-image-633\" style=\"width:142px;height:62px\" srcset=\"https:\/\/pos.uel.br\/microbiologia\/wp-content\/uploads\/2021\/06\/FA-logo.jpg 338w, https:\/\/pos.uel.br\/microbiologia\/wp-content\/uploads\/2021\/06\/FA-logo-300x132.jpg 300w\" sizes=\"auto, (max-width: 338px) 100vw, 338px\" \/><\/figure>\n<\/div>\n\n\n\n<div class=\"wp-block-column is-layout-flow wp-block-column-is-layout-flow\">\n<figure class=\"wp-block-image size-large is-resized\"><img loading=\"lazy\" decoding=\"async\" width=\"737\" height=\"394\" src=\"https:\/\/pos.uel.br\/microbiologia\/wp-content\/uploads\/2021\/06\/finep.jpg\" alt=\"\" class=\"wp-image-635\" style=\"width:107px;height:57px\" srcset=\"https:\/\/pos.uel.br\/microbiologia\/wp-content\/uploads\/2021\/06\/finep.jpg 737w, https:\/\/pos.uel.br\/microbiologia\/wp-content\/uploads\/2021\/06\/finep-300x160.jpg 300w\" sizes=\"auto, (max-width: 737px) 100vw, 737px\" \/><\/figure>\n<\/div>\n\n\n\n<div class=\"wp-block-column is-layout-flow wp-block-column-is-layout-flow\">\n<figure class=\"wp-block-image size-large is-resized\"><img loading=\"lazy\" decoding=\"async\" width=\"348\" height=\"339\" src=\"https:\/\/pos.uel.br\/microbiologia\/wp-content\/uploads\/2021\/06\/PPM.jpg\" alt=\"\" class=\"wp-image-167\" style=\"width:72px;height:69px\" srcset=\"https:\/\/pos.uel.br\/microbiologia\/wp-content\/uploads\/2021\/06\/PPM.jpg 348w, https:\/\/pos.uel.br\/microbiologia\/wp-content\/uploads\/2021\/06\/PPM-300x292.jpg 300w\" sizes=\"auto, (max-width: 348px) 100vw, 348px\" \/><\/figure>\n<\/div>\n\n\n\n<div class=\"wp-block-column is-layout-flow wp-block-column-is-layout-flow\">\n<figure class=\"wp-block-image size-large is-resized\"><img loading=\"lazy\" decoding=\"async\" width=\"102\" height=\"100\" src=\"https:\/\/pos.uel.br\/microbiologia\/wp-content\/uploads\/2021\/06\/uel.png\" alt=\"\" class=\"wp-image-162\" style=\"width:63px;height:62px\" \/><\/figure>\n<\/div>\n<\/div>\n\n\n\n<p><\/p>\n","protected":false},"excerpt":{"rendered":"<p>Comunicados<\/p>\n","protected":false},"author":8,"featured_media":0,"parent":0,"menu_order":0,"comment_status":"closed","ping_status":"closed","template":"page-templates\/template-without-title.php","meta":{"_acf_changed":false,"footnotes":""},"class_list":["post-161","page","type-page","status-publish","hentry"],"acf":[],"_links":{"self":[{"href":"https:\/\/pos.uel.br\/microbiologia\/wp-json\/wp\/v2\/pages\/161","targetHints":{"allow":["GET"]}}],"collection":[{"href":"https:\/\/pos.uel.br\/microbiologia\/wp-json\/wp\/v2\/pages"}],"about":[{"href":"https:\/\/pos.uel.br\/microbiologia\/wp-json\/wp\/v2\/types\/page"}],"author":[{"embeddable":true,"href":"https:\/\/pos.uel.br\/microbiologia\/wp-json\/wp\/v2\/users\/8"}],"replies":[{"embeddable":true,"href":"https:\/\/pos.uel.br\/microbiologia\/wp-json\/wp\/v2\/comments?post=161"}],"version-history":[{"count":97,"href":"https:\/\/pos.uel.br\/microbiologia\/wp-json\/wp\/v2\/pages\/161\/revisions"}],"predecessor-version":[{"id":2541,"href":"https:\/\/pos.uel.br\/microbiologia\/wp-json\/wp\/v2\/pages\/161\/revisions\/2541"}],"wp:attachment":[{"href":"https:\/\/pos.uel.br\/microbiologia\/wp-json\/wp\/v2\/media?parent=161"}],"curies":[{"name":"wp","href":"https:\/\/api.w.org\/{rel}","templated":true}]}}