{"id":14,"date":"2021-04-26T21:27:56","date_gmt":"2021-04-27T00:27:56","guid":{"rendered":"https:\/\/pos.uel.br\/microbiologia\/?page_id=14"},"modified":"2022-05-11T14:48:32","modified_gmt":"2022-05-11T17:48:32","slug":"regimento-resolucoes-e-normas","status":"publish","type":"page","link":"https:\/\/pos.uel.br\/microbiologia\/regimento-resolucoes-e-normas\/","title":{"rendered":"Regimento, resolu\u00e7\u00f5es e normas"},"content":{"rendered":"\n<h3 class=\"wp-block-heading\"><span class=\"has-inline-color has-primary-accent-color\">Regimentos e delibera\u00e7\u00f5es<\/span><\/h3>\n\n\n\n<p><strong>Resolu\u00e7\u00e3o 37\/2018 &#8211; Regimento do PPG Microbiologia<\/strong><\/p>\n\n\n\n<div class=\"wp-block-file\"><a href=\"https:\/\/pos.uel.br\/microbiologia\/wp-content\/uploads\/2021\/06\/Resolucao-CEPE-37-2018-Regimento-PPG-Microbiologia.pdf\">Resolucao-CEPE-37-2018-Regimento-PPG-Microbiologia<\/a><a href=\"https:\/\/pos.uel.br\/microbiologia\/wp-content\/uploads\/2021\/06\/Resolucao-CEPE-37-2018-Regimento-PPG-Microbiologia.pdf\" class=\"wp-block-file__button\" download>Baixar<\/a><\/div>\n\n\n\n<p><strong>Delibera\u00e7\u00e3o 04\/2018 &#8211; Reestrutura\u00e7\u00e3o da Organiza\u00e7\u00e3o curricular PPG Microbiologia<\/strong><\/p>\n\n\n\n<div class=\"wp-block-file\"><a href=\"https:\/\/pos.uel.br\/microbiologia\/wp-content\/uploads\/2021\/06\/Deliberacao-04-2018-Reest-org-curricular-PPG-Microbiologia.pdf\">Delibera\u00e7\u00e3o 04-2018 &#8211; Reest org curricular PPG Microbiologia<\/a><a href=\"https:\/\/pos.uel.br\/microbiologia\/wp-content\/uploads\/2021\/06\/Deliberacao-04-2018-Reest-org-curricular-PPG-Microbiologia.pdf\" class=\"wp-block-file__button\" download>Baixar<\/a><\/div>\n\n\n\n<h3 class=\"wp-block-heading\"><span class=\"has-inline-color has-primary-accent-color\">Instru\u00e7\u00f5es de servi\u00e7o<\/span><\/h3>\n\n\n\n<p>Instru\u00e7\u00e3o de Servi\u00e7o N\u00ba 01\/2018 &#8211; Realiza\u00e7\u00e3o de Prova de Sele\u00e7\u00e3o de Mestrado fora de Sede<\/p>\n\n\n\n<div class=\"wp-block-file\"><a href=\"https:\/\/pos.uel.br\/microbiologia\/wp-content\/uploads\/2021\/07\/INSTRUCAO-DE-SERVICO-PPM-Nordm-1.pdf\">INSTRUCAO-DE-SERVICO-PPM-Nordm-1<\/a><a href=\"https:\/\/pos.uel.br\/microbiologia\/wp-content\/uploads\/2021\/07\/INSTRUCAO-DE-SERVICO-PPM-Nordm-1.pdf\" class=\"wp-block-file__button\" download>Baixar<\/a><\/div>\n\n\n\n<p>Instru\u00e7\u00e3o de Servi\u00e7o N\u00ba 02\/2018 &#8211; Manuten\u00e7\u00e3o da bolsa de estudo com v\u00ednculo empregat\u00edcio<\/p>\n\n\n\n<div class=\"wp-block-file\"><a href=\"https:\/\/pos.uel.br\/microbiologia\/wp-content\/uploads\/2021\/07\/INSTRUCAO-DE-SERVICO-PPM-Nordm-02.pdf\">INSTRUCAO-DE-SERVICO-PPM-Nordm-02<\/a><a href=\"https:\/\/pos.uel.br\/microbiologia\/wp-content\/uploads\/2021\/07\/INSTRUCAO-DE-SERVICO-PPM-Nordm-02.pdf\" class=\"wp-block-file__button\" download>Baixar<\/a><\/div>\n","protected":false},"excerpt":{"rendered":"<p>Regimentos e delibera\u00e7\u00f5es Resolu\u00e7\u00e3o 37\/2018 &#8211; Regimento do PPG Microbiologia Delibera\u00e7\u00e3o 04\/2018 &#8211; Reestrutura\u00e7\u00e3o da Organiza\u00e7\u00e3o curricular PPG Microbiologia Instru\u00e7\u00f5es de servi\u00e7o Instru\u00e7\u00e3o de Servi\u00e7o N\u00ba 01\/2018 &#8211; Realiza\u00e7\u00e3o de Prova de Sele\u00e7\u00e3o de Mestrado fora de Sede Instru\u00e7\u00e3o de Servi\u00e7o N\u00ba 02\/2018 &#8211; Manuten\u00e7\u00e3o da bolsa de estudo com v\u00ednculo empregat\u00edcio<\/p>\n","protected":false},"author":8,"featured_media":0,"parent":0,"menu_order":0,"comment_status":"closed","ping_status":"closed","template":"","meta":{"_acf_changed":false,"footnotes":""},"class_list":["post-14","page","type-page","status-publish","hentry"],"acf":[],"_links":{"self":[{"href":"https:\/\/pos.uel.br\/microbiologia\/wp-json\/wp\/v2\/pages\/14","targetHints":{"allow":["GET"]}}],"collection":[{"href":"https:\/\/pos.uel.br\/microbiologia\/wp-json\/wp\/v2\/pages"}],"about":[{"href":"https:\/\/pos.uel.br\/microbiologia\/wp-json\/wp\/v2\/types\/page"}],"author":[{"embeddable":true,"href":"https:\/\/pos.uel.br\/microbiologia\/wp-json\/wp\/v2\/users\/8"}],"replies":[{"embeddable":true,"href":"https:\/\/pos.uel.br\/microbiologia\/wp-json\/wp\/v2\/comments?post=14"}],"version-history":[{"count":7,"href":"https:\/\/pos.uel.br\/microbiologia\/wp-json\/wp\/v2\/pages\/14\/revisions"}],"predecessor-version":[{"id":822,"href":"https:\/\/pos.uel.br\/microbiologia\/wp-json\/wp\/v2\/pages\/14\/revisions\/822"}],"wp:attachment":[{"href":"https:\/\/pos.uel.br\/microbiologia\/wp-json\/wp\/v2\/media?parent=14"}],"curies":[{"name":"wp","href":"https:\/\/api.w.org\/{rel}","templated":true}]}}