{"id":1207,"date":"2021-07-21T15:18:41","date_gmt":"2021-07-21T18:18:41","guid":{"rendered":"https:\/\/pos.uel.br\/microbiologia\/?page_id=1207"},"modified":"2024-10-24T19:27:14","modified_gmt":"2024-10-24T22:27:14","slug":"pdse","status":"publish","type":"page","link":"https:\/\/pos.uel.br\/microbiologia\/pdse\/","title":{"rendered":"PDSE"},"content":{"rendered":"\n<p class=\"has-medium-font-size\"><strong><span class=\"has-inline-color has-primary-accent-color\">Programa de Doutorado-sandu\u00edche no Exterior (PDSE)<\/span><\/strong><\/p>\n\n\n\n<p>Apoiar a forma\u00e7\u00e3o de recursos humanos de alto n\u00edvel por meio da concess\u00e3o de bolsas de doutorado sandu\u00edche no exterior aos cursos de Doutorado reconhecidos pela CAPES. O est\u00e1gio no exterior deve contemplar, prioritariamente, a realiza\u00e7\u00e3o de pesquisas em \u00e1reas do conhecimento menos consolidadas no Brasil.<\/p>\n\n\n\n<p><strong>Modalidade:<\/strong><\/p>\n\n\n\n<ul class=\"wp-block-list\">\n<li>Doutorado Sandu\u00edche<\/li>\n<\/ul>\n\n\n\n<p><strong>Benef\u00edcios:<\/strong><\/p>\n\n\n\n<ul class=\"wp-block-list\">\n<li>Mensalidade<\/li>\n\n\n\n<li>Seguro sa\u00fade<\/li>\n\n\n\n<li>Aux\u00edlio instala\u00e7\u00e3o<\/li>\n<\/ul>\n\n\n\n<p>Dura\u00e7\u00e3o: m\u00ednimo 3 (tr\u00eas) e no m\u00e1ximo 6 (seis) meses.<\/p>\n\n\n\n<div style=\"height:40px\" aria-hidden=\"true\" class=\"wp-block-spacer\"><\/div>\n\n\n\n<p class=\"has-secondary-accent-color has-text-color has-link-color has-medium-font-size wp-elements-12d77e35b89ead3160fc8d6112e4a583\"><strong>Edital 2024 &#8211; PPM_PDSE 2025<\/strong><\/p>\n\n\n\n<div class=\"wp-block-file\"><a id=\"wp-block-file--media-7a9cb09a-d2dd-454d-b136-db9304ca50b7\" href=\"https:\/\/pos.uel.br\/microbiologia\/wp-content\/uploads\/2024\/10\/Edital_PPM_PDSE2025.pdf\" target=\"_blank\" rel=\"noreferrer noopener\">Edital_PPM_PDSE2025<\/a><a href=\"https:\/\/pos.uel.br\/microbiologia\/wp-content\/uploads\/2024\/10\/Edital_PPM_PDSE2025.pdf\" class=\"wp-block-file__button wp-element-button\" download aria-describedby=\"wp-block-file--media-7a9cb09a-d2dd-454d-b136-db9304ca50b7\">Baixar<\/a><\/div>\n\n\n\n<div class=\"wp-block-file\"><a id=\"wp-block-file--media-70271d5c-fef1-4aa2-8f67-439042792067\" href=\"https:\/\/pos.uel.br\/microbiologia\/wp-content\/uploads\/2024\/10\/Anexo_I___Termo_de_Outorga___1_-1.pdf\" target=\"_blank\" rel=\"noreferrer noopener\">Anexo_I___Termo_de_Outorga___1_<\/a><a href=\"https:\/\/pos.uel.br\/microbiologia\/wp-content\/uploads\/2024\/10\/Anexo_I___Termo_de_Outorga___1_-1.pdf\" class=\"wp-block-file__button wp-element-button\" download aria-describedby=\"wp-block-file--media-70271d5c-fef1-4aa2-8f67-439042792067\">Baixar<\/a><\/div>\n\n\n\n<div class=\"wp-block-file\"><a id=\"wp-block-file--media-dbdc63ac-45bc-4bb9-8076-9487d6cfda62\" href=\"https:\/\/pos.uel.br\/microbiologia\/wp-content\/uploads\/2024\/10\/Anexo_II___Declaracao_Reconhecimento_da_Fluencia_Linguistica_do_cooorientador_no_exterior__1_-1.pdf\" target=\"_blank\" rel=\"noreferrer noopener\">Anexo_II___Declaracao_Reconhecimento_da_Fluencia_Linguistica_do_cooorientador_no_exterior__1_<\/a><a href=\"https:\/\/pos.uel.br\/microbiologia\/wp-content\/uploads\/2024\/10\/Anexo_II___Declaracao_Reconhecimento_da_Fluencia_Linguistica_do_cooorientador_no_exterior__1_-1.pdf\" class=\"wp-block-file__button wp-element-button\" download aria-describedby=\"wp-block-file--media-dbdc63ac-45bc-4bb9-8076-9487d6cfda62\">Baixar<\/a><\/div>\n\n\n\n<div class=\"wp-block-file\"><a id=\"wp-block-file--media-e4c79eaa-74c4-4294-ae5a-089dbbb69ba2\" href=\"https:\/\/pos.uel.br\/microbiologia\/wp-content\/uploads\/2024\/10\/Anexo_III___Declaracao_Reconhecimento_da_Fluencia___Orient_Brasileiro.pdf\" target=\"_blank\" rel=\"noreferrer noopener\">Anexo_III___Declaracao_Reconhecimento_da_Fluencia___Orient_Brasileiro<\/a><a href=\"https:\/\/pos.uel.br\/microbiologia\/wp-content\/uploads\/2024\/10\/Anexo_III___Declaracao_Reconhecimento_da_Fluencia___Orient_Brasileiro.pdf\" class=\"wp-block-file__button wp-element-button\" download aria-describedby=\"wp-block-file--media-e4c79eaa-74c4-4294-ae5a-089dbbb69ba2\">Baixar<\/a><\/div>\n\n\n\n<div class=\"wp-block-file\"><a id=\"wp-block-file--media-eb467848-1c2c-4989-8f9f-469e629102eb\" href=\"https:\/\/pos.uel.br\/microbiologia\/wp-content\/uploads\/2024\/10\/Anexo_V___MODELO_DA_DECLARACAO_DO_COORIENTADOR_NO_EXTERIOR_-1.pdf\" target=\"_blank\" rel=\"noreferrer noopener\">Anexo_V___MODELO_DA_DECLARACAO_DO_COORIENTADOR_NO_EXTERIOR_<\/a><a href=\"https:\/\/pos.uel.br\/microbiologia\/wp-content\/uploads\/2024\/10\/Anexo_V___MODELO_DA_DECLARACAO_DO_COORIENTADOR_NO_EXTERIOR_-1.pdf\" class=\"wp-block-file__button wp-element-button\" download aria-describedby=\"wp-block-file--media-eb467848-1c2c-4989-8f9f-469e629102eb\">Baixar<\/a><\/div>\n\n\n\n<div class=\"wp-block-file\"><a id=\"wp-block-file--media-59de6f8f-78d8-49e3-8212-2a9f2a14e648\" href=\"https:\/\/pos.uel.br\/microbiologia\/wp-content\/uploads\/2024\/10\/Anexo_IV__Proficiencia_2024.pdf\" target=\"_blank\" rel=\"noreferrer noopener\">Anexo_IV__Proficiencia_2024<\/a><a href=\"https:\/\/pos.uel.br\/microbiologia\/wp-content\/uploads\/2024\/10\/Anexo_IV__Proficiencia_2024.pdf\" class=\"wp-block-file__button wp-element-button\" download aria-describedby=\"wp-block-file--media-59de6f8f-78d8-49e3-8212-2a9f2a14e648\">Baixar<\/a><\/div>\n\n\n\n<p>Google forms: <a href=\"https:\/\/forms.gle\/3fdrnWLzJN86UAzW7\">https:\/\/forms.gle\/3fdrnWLzJN86UAzW7<\/a><\/p>\n\n\n\n<p><\/p>\n\n\n\n<p><\/p>\n\n\n\n<p class=\"has-extra-1-color has-text-color has-link-color has-medium-font-size wp-elements-9cd9023ff8a2b8ffa3bc55afe152bee4\"><strong>Edital 2024 &#8211; PPM_PDSE<\/strong><\/p>\n\n\n\n<div class=\"wp-block-file\"><a id=\"wp-block-file--media-a86c3f18-cb80-431e-8b22-ab339d0e8eb7\" href=\"https:\/\/pos.uel.br\/microbiologia\/wp-content\/uploads\/2023\/11\/Edital_Selecao_PPM_UEL_PDSE2024.pdf\" target=\"_blank\" rel=\"noreferrer noopener\">Edital_Sele\u00e7\u00e3o_PPM_UEL_PDSE2024<\/a><a href=\"https:\/\/pos.uel.br\/microbiologia\/wp-content\/uploads\/2023\/11\/Edital_Selecao_PPM_UEL_PDSE2024.pdf\" class=\"wp-block-file__button wp-element-button\" download aria-describedby=\"wp-block-file--media-a86c3f18-cb80-431e-8b22-ab339d0e8eb7\">Baixar<\/a><\/div>\n\n\n\n<div class=\"wp-block-file\"><a id=\"wp-block-file--media-0d056884-928a-45da-95af-5c35383a2bb6\" href=\"https:\/\/pos.uel.br\/microbiologia\/wp-content\/uploads\/2023\/11\/Anexo-I_Edital_Termo_de_Outorga.pdf\" target=\"_blank\" rel=\"noreferrer noopener\">Anexo I_Edital_Termo_de_Outorga<\/a><a href=\"https:\/\/pos.uel.br\/microbiologia\/wp-content\/uploads\/2023\/11\/Anexo-I_Edital_Termo_de_Outorga.pdf\" class=\"wp-block-file__button wp-element-button\" download aria-describedby=\"wp-block-file--media-0d056884-928a-45da-95af-5c35383a2bb6\">Baixar<\/a><\/div>\n\n\n\n<div class=\"wp-block-file\"><a id=\"wp-block-file--media-88fc7e00-f7ea-404f-8d05-35015f62e841\" href=\"https:\/\/pos.uel.br\/microbiologia\/wp-content\/uploads\/2023\/11\/Anexo-II_Declaracao_Reconhecimento_da_Fluencia_Linguistica_do_cooorientador_no_exterior_2.pdf\" target=\"_blank\" rel=\"noreferrer noopener\">Anexo-II_Declaracao_Reconhecimento_da_Fluencia_Linguistica_do_cooorientador_no_exterior_2<\/a><a href=\"https:\/\/pos.uel.br\/microbiologia\/wp-content\/uploads\/2023\/11\/Anexo-II_Declaracao_Reconhecimento_da_Fluencia_Linguistica_do_cooorientador_no_exterior_2.pdf\" class=\"wp-block-file__button wp-element-button\" download aria-describedby=\"wp-block-file--media-88fc7e00-f7ea-404f-8d05-35015f62e841\">Baixar<\/a><\/div>\n\n\n\n<div class=\"wp-block-file\"><a id=\"wp-block-file--media-d249300d-00d7-429b-baac-4a455e667f5b\" href=\"https:\/\/pos.uel.br\/microbiologia\/wp-content\/uploads\/2023\/11\/Anexo-III__Declaracao_Fluencia_Orient_Brasileiro_2.pdf\" target=\"_blank\" rel=\"noreferrer noopener\">Anexo-III__Declaracao_Fluencia_Orient_Brasileiro_2<\/a><a href=\"https:\/\/pos.uel.br\/microbiologia\/wp-content\/uploads\/2023\/11\/Anexo-III__Declaracao_Fluencia_Orient_Brasileiro_2.pdf\" class=\"wp-block-file__button wp-element-button\" download aria-describedby=\"wp-block-file--media-d249300d-00d7-429b-baac-4a455e667f5b\">Baixar<\/a><\/div>\n\n\n\n<div class=\"wp-block-file\"><a id=\"wp-block-file--media-c990bddb-4847-45d0-bda1-bf059615742b\" href=\"https:\/\/pos.uel.br\/microbiologia\/wp-content\/uploads\/2023\/11\/Anexo-IV__Proficiencia_2023_2024__1_.pdf\" target=\"_blank\" rel=\"noreferrer noopener\">Anexo-IV__Proficiencia_2023_2024__1_<\/a><a href=\"https:\/\/pos.uel.br\/microbiologia\/wp-content\/uploads\/2023\/11\/Anexo-IV__Proficiencia_2023_2024__1_.pdf\" class=\"wp-block-file__button wp-element-button\" download aria-describedby=\"wp-block-file--media-c990bddb-4847-45d0-bda1-bf059615742b\">Baixar<\/a><\/div>\n\n\n\n<div class=\"wp-block-file\"><a id=\"wp-block-file--media-c65ab025-6252-4ce4-89e8-968e0bb8d9a7\" href=\"https:\/\/pos.uel.br\/microbiologia\/wp-content\/uploads\/2023\/11\/ANEXO_Doutorado_PDSE_Tabela_de_Pontuacao_Curriculo.docx\">ANEXO_Doutorado_PDSE_Tabela_de_Pontuacao_Curriculo<\/a><a href=\"https:\/\/pos.uel.br\/microbiologia\/wp-content\/uploads\/2023\/11\/ANEXO_Doutorado_PDSE_Tabela_de_Pontuacao_Curriculo.docx\" class=\"wp-block-file__button wp-element-button\" download aria-describedby=\"wp-block-file--media-c65ab025-6252-4ce4-89e8-968e0bb8d9a7\">Baixar<\/a><\/div>\n\n\n\n<div style=\"height:65px\" aria-hidden=\"true\" class=\"wp-block-spacer\"><\/div>\n\n\n\n<h4 class=\"wp-block-heading has-extra-1-color has-text-color\"><strong>Edital 2023 &#8211; <\/strong>PPM_PDSE<\/h4>\n\n\n\n<div class=\"wp-block-file\"><a id=\"wp-block-file--media-10551eed-bbc2-4485-9d0a-78bdef2abaa9\" href=\"https:\/\/pos.uel.br\/microbiologia\/wp-content\/uploads\/2023\/01\/22122022_Edital_1882688_Edital_44_2022.pdf\">22122022_Edital_1882688_Edital_44_2022<\/a><a href=\"https:\/\/pos.uel.br\/microbiologia\/wp-content\/uploads\/2023\/01\/22122022_Edital_1882688_Edital_44_2022.pdf\" class=\"wp-block-file__button wp-element-button\" download aria-describedby=\"wp-block-file--media-10551eed-bbc2-4485-9d0a-78bdef2abaa9\">Baixar<\/a><\/div>\n\n\n\n<div class=\"wp-block-file\"><a id=\"wp-block-file--media-49f22684-be68-4aa4-a05c-a724cc8360a2\" href=\"https:\/\/pos.uel.br\/microbiologia\/wp-content\/uploads\/2023\/01\/ANEXO-I-proficie\u0302ncia.pdf\">ANEXO I proficie\u0302ncia<\/a><a href=\"https:\/\/pos.uel.br\/microbiologia\/wp-content\/uploads\/2023\/01\/ANEXO-I-proficie\u0302ncia.pdf\" class=\"wp-block-file__button wp-element-button\" download aria-describedby=\"wp-block-file--media-49f22684-be68-4aa4-a05c-a724cc8360a2\">Baixar<\/a><\/div>\n\n\n\n<div class=\"wp-block-file\"><a id=\"wp-block-file--media-035f11fc-88f8-4ae0-a072-63c6e207a87e\" href=\"https:\/\/pos.uel.br\/microbiologia\/wp-content\/uploads\/2023\/01\/Edital-02-PDSE-2023-PPM.pdf\">Edital-02-PDSE-2023-PPM<\/a><a href=\"https:\/\/pos.uel.br\/microbiologia\/wp-content\/uploads\/2023\/01\/Edital-02-PDSE-2023-PPM.pdf\" class=\"wp-block-file__button wp-element-button\" download aria-describedby=\"wp-block-file--media-035f11fc-88f8-4ae0-a072-63c6e207a87e\">Baixar<\/a><\/div>\n\n\n\n<div style=\"height:40px\" aria-hidden=\"true\" class=\"wp-block-spacer\"><\/div>\n\n\n\n<p>Instru\u00e7\u00e3o de Servi\u00e7o PPM &#8211; PDSE<\/p>\n\n\n\n<div class=\"wp-block-file\"><a id=\"wp-block-file--media-b9de8bc0-e97d-4e17-9b80-08e0a26d92a9\" href=\"https:\/\/pos.uel.br\/microbiologia\/wp-content\/uploads\/2021\/07\/IS-PPM-01_2019-1.pdf\">IS-PPM-01_2019-1<\/a><a href=\"https:\/\/pos.uel.br\/microbiologia\/wp-content\/uploads\/2021\/07\/IS-PPM-01_2019-1.pdf\" class=\"wp-block-file__button wp-element-button\" download aria-describedby=\"wp-block-file--media-b9de8bc0-e97d-4e17-9b80-08e0a26d92a9\">Baixar<\/a><\/div>\n","protected":false},"excerpt":{"rendered":"<p>Programa de Doutorado-sandu\u00edche no Exterior (PDSE) Apoiar a forma\u00e7\u00e3o de recursos humanos de alto n\u00edvel por meio da concess\u00e3o de bolsas de doutorado sandu\u00edche no exterior aos cursos de Doutorado reconhecidos pela CAPES. O est\u00e1gio no exterior deve contemplar, prioritariamente, a realiza\u00e7\u00e3o de pesquisas em \u00e1reas do conhecimento menos consolidadas no Brasil. Modalidade: Benef\u00edcios: Dura\u00e7\u00e3o: [&hellip;]<\/p>\n","protected":false},"author":8,"featured_media":0,"parent":0,"menu_order":0,"comment_status":"closed","ping_status":"closed","template":"","meta":{"_acf_changed":false,"footnotes":""},"class_list":["post-1207","page","type-page","status-publish","hentry"],"acf":[],"_links":{"self":[{"href":"https:\/\/pos.uel.br\/microbiologia\/wp-json\/wp\/v2\/pages\/1207","targetHints":{"allow":["GET"]}}],"collection":[{"href":"https:\/\/pos.uel.br\/microbiologia\/wp-json\/wp\/v2\/pages"}],"about":[{"href":"https:\/\/pos.uel.br\/microbiologia\/wp-json\/wp\/v2\/types\/page"}],"author":[{"embeddable":true,"href":"https:\/\/pos.uel.br\/microbiologia\/wp-json\/wp\/v2\/users\/8"}],"replies":[{"embeddable":true,"href":"https:\/\/pos.uel.br\/microbiologia\/wp-json\/wp\/v2\/comments?post=1207"}],"version-history":[{"count":14,"href":"https:\/\/pos.uel.br\/microbiologia\/wp-json\/wp\/v2\/pages\/1207\/revisions"}],"predecessor-version":[{"id":2350,"href":"https:\/\/pos.uel.br\/microbiologia\/wp-json\/wp\/v2\/pages\/1207\/revisions\/2350"}],"wp:attachment":[{"href":"https:\/\/pos.uel.br\/microbiologia\/wp-json\/wp\/v2\/media?parent=1207"}],"curies":[{"name":"wp","href":"https:\/\/api.w.org\/{rel}","templated":true}]}}