{"id":1088,"date":"2021-07-08T15:27:13","date_gmt":"2021-07-08T18:27:13","guid":{"rendered":"https:\/\/pos.uel.br\/microbiologia\/?page_id=1088"},"modified":"2022-05-11T14:47:21","modified_gmt":"2022-05-11T17:47:21","slug":"nucleacao","status":"publish","type":"page","link":"https:\/\/pos.uel.br\/microbiologia\/nucleacao\/","title":{"rendered":"Nuclea\u00e7\u00e3o"},"content":{"rendered":"\n<p>O PPM apoia as institui\u00e7\u00f5es do pa\u00eds atrav\u00e9s de v\u00e1rias a\u00e7\u00f5es como o treinamento de profissionais t\u00e9cnicos e administrativos; apoio ao ensino b\u00e1sico p\u00fablico por meio de Projetos de Extens\u00e3o: Assist\u00eancia t\u00e9cnica em produ\u00e7\u00e3o e sanidade animal em assentamentos rurais, Seguran\u00e7a alimentar: promo\u00e7\u00e3o da alimenta\u00e7\u00e3o saud\u00e1vel na escola (Projeto do MEC\/SESU\/PROEXT), e Programa Institucional de Inicia\u00e7\u00e3o Cient\u00edfica J\u00fanior. Forma\u00e7\u00e3o de Recursos Humanos oriundos de diferentes regi\u00f5es do Brasil e da Am\u00e9rica Latina. Forma\u00e7\u00e3o\/participa\u00e7\u00e3o de n\u00facleos de pesquisa em Antimicrobianos, Fixa\u00e7\u00e3o Biol\u00f3gica de Nitrog\u00eanio e Patogenicidade Microbiana envolvendo docentes do PPM e participantes externos de diversas Institui\u00e7\u00f5es de Ensino Superior e\/ou de Pesquisa, estatais e privadas, nacionais e internacionais. Nossos docentes desenvolvem projetos em colabora\u00e7\u00e3o, e recebendo em seus laborat\u00f3rios estudantes e pesquisadores de v\u00e1rias regi\u00f5es do pa\u00eds e da Am\u00e9rica Latina, muitas dessas parcerias n\u00e3o s\u00e3o formalizadas por conv\u00eanios oficiais.<\/p>\n\n\n\n<p>Quanto \u00e0 nuclea\u00e7\u00e3o, nossos egressos t\u00eam sido incorporados em outras Institui\u00e7\u00f5es de Pesquisa e Ensino no Brasil e no exterior.<\/p>\n","protected":false},"excerpt":{"rendered":"<p>O PPM apoia as institui\u00e7\u00f5es do pa\u00eds atrav\u00e9s de v\u00e1rias a\u00e7\u00f5es como o treinamento de profissionais t\u00e9cnicos e administrativos; apoio ao ensino b\u00e1sico p\u00fablico por meio de Projetos de Extens\u00e3o: Assist\u00eancia t\u00e9cnica em produ\u00e7\u00e3o e sanidade animal em assentamentos rurais, Seguran\u00e7a alimentar: promo\u00e7\u00e3o da alimenta\u00e7\u00e3o saud\u00e1vel na escola (Projeto do MEC\/SESU\/PROEXT), e Programa Institucional de [&hellip;]<\/p>\n","protected":false},"author":8,"featured_media":0,"parent":0,"menu_order":0,"comment_status":"closed","ping_status":"closed","template":"","meta":{"_acf_changed":false,"footnotes":""},"class_list":["post-1088","page","type-page","status-publish","hentry"],"acf":[],"_links":{"self":[{"href":"https:\/\/pos.uel.br\/microbiologia\/wp-json\/wp\/v2\/pages\/1088","targetHints":{"allow":["GET"]}}],"collection":[{"href":"https:\/\/pos.uel.br\/microbiologia\/wp-json\/wp\/v2\/pages"}],"about":[{"href":"https:\/\/pos.uel.br\/microbiologia\/wp-json\/wp\/v2\/types\/page"}],"author":[{"embeddable":true,"href":"https:\/\/pos.uel.br\/microbiologia\/wp-json\/wp\/v2\/users\/8"}],"replies":[{"embeddable":true,"href":"https:\/\/pos.uel.br\/microbiologia\/wp-json\/wp\/v2\/comments?post=1088"}],"version-history":[{"count":1,"href":"https:\/\/pos.uel.br\/microbiologia\/wp-json\/wp\/v2\/pages\/1088\/revisions"}],"predecessor-version":[{"id":1089,"href":"https:\/\/pos.uel.br\/microbiologia\/wp-json\/wp\/v2\/pages\/1088\/revisions\/1089"}],"wp:attachment":[{"href":"https:\/\/pos.uel.br\/microbiologia\/wp-json\/wp\/v2\/media?parent=1088"}],"curies":[{"name":"wp","href":"https:\/\/api.w.org\/{rel}","templated":true}]}}