{"id":1049,"date":"2021-07-08T14:10:37","date_gmt":"2021-07-08T17:10:37","guid":{"rendered":"https:\/\/pos.uel.br\/microbiologia\/?page_id=1049"},"modified":"2022-05-11T14:44:44","modified_gmt":"2022-05-11T17:44:44","slug":"editores-revisores-e-pareceristas","status":"publish","type":"page","link":"https:\/\/pos.uel.br\/microbiologia\/editores-revisores-e-pareceristas\/","title":{"rendered":"Editores, revisores e pareceristas"},"content":{"rendered":"\n<p>Os docentes do PPM atuam como consultores ad hoc do CNPq, CAPES, Funda\u00e7\u00e3o Arauc\u00e1ria; FAPESP e outras ag\u00eancias de fomento estaduais e de peri\u00f3dicos cient\u00edficos nacionais e internacionais (Antimicrob. Agents Chemother., Frontiers Microbiol., Biocontrol Science and Technology, Br. J. Med. Med. Res., Diagn. Microbiol. Infect. Dis., Nature Protocols, Med. Mycol., Cell. Mol. Biol. Lett., Annals Microbiol., Food Technology and Biotechnology, Forest Ecology and Management, Exp. Parasitol., Recent Patents on DNA and Gene Sequences, Bioresource Technology, Soil Ecology and Management, J. Med. Virol., J. Virol. Methods, J. Med. Microbiol., Letters in Applied Microbiol., J. Appl. Microbiol., Fungal Ecol., J. Antibiot., The Journal of Venomous Animals and Toxins Including Tropical Diseases, APMIS. Acta Pathologica, Microbiologica et Immunologica Scandinavica, Foodborne Pathog. Dis., J. Appl. Biomed., PlosOne, Natural Product Res., Micron, Mol. Biol. Rep., J. Basic Microbiol., Chemotherapy, Ind. J. Med. Microbiol., Eur. J. Pediatrics, Braz. J. Microbiol., Pharmaceutical Biology, Sci. Rep., Antonie Van Leenwenhoek, Biofouling, Current Bionanotechnology, Epidemiol. Infect., Int. J. Biol. Macromolecules, Yeast, Curr. Bioactive Compounds, Mem. Inst. Oswaldo Cruz, Rev. Inst. Med. Trop. S\u00e3o Paulo, J. Food Safety, Acta Scientiarum-Biological Sciences, Rev. Bras. Ci\u00eancia do Solo, Bragantia, Semina, etc.).<\/p>\n\n\n\n<p>Os docentes do PPM participam de comiss\u00f5es estaduais e nacionais de \u00f3rg\u00e3os de fomentos e relacionados \u00e0 pesquisa cient\u00edfica e tecnol\u00f3gica, comit\u00ea PIBIC-CNPq e de corpo editorial de peri\u00f3dicos da \u00e1rea (Scientific Reports, Journal of Coastal Life Medicine, Semina: Ci\u00eancias Biol\u00f3gicas; Frontiers in Microbiology; Evidence Based Complementary and Alternative Medicine). <\/p>\n\n\n\n<p>Os docentes atuam tamb\u00e9m em bancas examinadoras de trabalhos de conclus\u00e3o de P\u00f3s-Gradua\u00e7\u00e3o em outras IES e outras universidades no exterior (atrav\u00e9s de videoconfer\u00eancia ou pessoalmente), em projetos de extens\u00e3o \u00e0 comunidade, al\u00e9m de consultoria privada e estatal na \u00e1rea de microbiologia ambiental. <\/p>\n\n\n\n<p>Um docente atua como consultor da Funda\u00e7\u00e3o Bill &amp; Melinda Gates para projetos de Fixa\u00e7\u00e3o Biol\u00f3gica de Nitrog\u00eanio na \u00c1frica, bem como de projetos na Argentina e no Peru.<\/p>\n","protected":false},"excerpt":{"rendered":"<p>Os docentes do PPM atuam como consultores ad hoc do CNPq, CAPES, Funda\u00e7\u00e3o Arauc\u00e1ria; FAPESP e outras ag\u00eancias de fomento estaduais e de peri\u00f3dicos cient\u00edficos nacionais e internacionais (Antimicrob. Agents Chemother., Frontiers Microbiol., Biocontrol Science and Technology, Br. J. Med. Med. Res., Diagn. Microbiol. Infect. Dis., Nature Protocols, Med. Mycol., Cell. Mol. Biol. Lett., Annals [&hellip;]<\/p>\n","protected":false},"author":8,"featured_media":0,"parent":0,"menu_order":0,"comment_status":"closed","ping_status":"closed","template":"","meta":{"_acf_changed":false,"footnotes":""},"class_list":["post-1049","page","type-page","status-publish","hentry"],"acf":[],"_links":{"self":[{"href":"https:\/\/pos.uel.br\/microbiologia\/wp-json\/wp\/v2\/pages\/1049","targetHints":{"allow":["GET"]}}],"collection":[{"href":"https:\/\/pos.uel.br\/microbiologia\/wp-json\/wp\/v2\/pages"}],"about":[{"href":"https:\/\/pos.uel.br\/microbiologia\/wp-json\/wp\/v2\/types\/page"}],"author":[{"embeddable":true,"href":"https:\/\/pos.uel.br\/microbiologia\/wp-json\/wp\/v2\/users\/8"}],"replies":[{"embeddable":true,"href":"https:\/\/pos.uel.br\/microbiologia\/wp-json\/wp\/v2\/comments?post=1049"}],"version-history":[{"count":3,"href":"https:\/\/pos.uel.br\/microbiologia\/wp-json\/wp\/v2\/pages\/1049\/revisions"}],"predecessor-version":[{"id":1053,"href":"https:\/\/pos.uel.br\/microbiologia\/wp-json\/wp\/v2\/pages\/1049\/revisions\/1053"}],"wp:attachment":[{"href":"https:\/\/pos.uel.br\/microbiologia\/wp-json\/wp\/v2\/media?parent=1049"}],"curies":[{"name":"wp","href":"https:\/\/api.w.org\/{rel}","templated":true}]}}