{"id":7,"date":"2021-04-27T22:23:51","date_gmt":"2021-04-28T01:23:51","guid":{"rendered":"https:\/\/pos.uel.br\/mestradoclinicasveterinarias\/?page_id=7"},"modified":"2024-01-23T12:59:59","modified_gmt":"2024-01-23T15:59:59","slug":"sobre-o-programa","status":"publish","type":"page","link":"https:\/\/pos.uel.br\/mestradoclinicasveterinarias\/sobre-o-programa\/","title":{"rendered":"Sobre o programa"},"content":{"rendered":"\n<p><strong>Objetivo do curso<\/strong><\/p>\n\n\n\n<p>&nbsp; &nbsp; &nbsp;O curso de Mestrado Profissional em Cl\u00ednicas Veterin\u00e1rias da UEL tem por objetivo proporcionar uma forma\u00e7\u00e3o diferenciada a profissionais que est\u00e3o no exerc\u00edcio da pr\u00e1tica cl\u00ednica, na esfera p\u00fablica ou privada, convertendo-os em profissionais que utilizem seus novos conhecimentos como um instrumento eficiente de transforma\u00e7\u00e3o da sociedade em que vivem. Espera-se que com a experi\u00eancia adquirida ele seja um agente empreendedor e formador de opini\u00e3o, um modulador social, influindo positivamente na gera\u00e7\u00e3o de renda e emprego das comunidades onde atuem, levando como princ\u00edpios nesse processo a agrega\u00e7\u00e3o de valor em servi\u00e7os, o respeito a sustentabilidade e a responsabilidade social.<\/p>\n\n\n\n<p><strong>Miss\u00e3o do programa<\/strong><\/p>\n\n\n\n<p>A finalidade prec\u00edpua do Programa \u00e9 proporcionar educa\u00e7\u00e3o t\u00e9cnica-cient\u00edfica continuada especializada para m\u00e9dicos veterin\u00e1rios da \u00e1rea cl\u00ednica e suas deriva\u00e7\u00f5es. Nesse contexto, com suas ementas e linhas de pesquisa, o Programa alcan\u00e7a, em suas diretrizes, as \u00e1reas de sa\u00fade animal, sa\u00fade p\u00fablica e sa\u00fade ambiental, caracterizando-se como uma plataforma de sa\u00fade \u00fanica e refer\u00eancia loco-regional. Essa premissa oportuniza a sistematiza\u00e7\u00e3o entre o programa e suas inser\u00e7\u00f5es positivas na sociedade, convalidando pesquisas atuais, objetivas e com reflexos de aumento sustent\u00e1vel de produ\u00e7\u00e3o e preserva\u00e7\u00e3o da sanidade animal.<\/p>\n\n\n\n<p><strong>Vis\u00e3o do programa<\/strong><\/p>\n\n\n\n<p>Consolidar-se como programa de p\u00f3s gradua\u00e7\u00e3o profissional em excel\u00eancia na resolu\u00e7\u00e3o de problemas do mundo do trabalho p\u00fablico e privado.<\/p>\n\n\n\n<p><strong>Valores do programa<\/strong><\/p>\n\n\n\n<p>Coopera\u00e7\u00e3o, efici\u00eancia, comunica\u00e7\u00e3o, integra\u00e7\u00e3o, resolu\u00e7\u00e3o de problemas.<\/p>\n\n\n\n<p><strong>Perfil do egresso<\/strong><\/p>\n\n\n\n<p>Os egressos e o restante do corpo discente matriculado constituem profissionais ligados a \u00f3rg\u00e3os p\u00fablicos e privados, do primeiro ao terceiro setor, alguns vinculados a \u00f3rg\u00e3os de fomento, prestadores de servi\u00e7o em assist\u00eancia t\u00e9cnica e extens\u00e3o rural, docentes em Universidades e profissionais liberais ligados \u00e0 cl\u00ednica m\u00e9dica e cir\u00fargica de animais de companhia e de produ\u00e7\u00e3o pecu\u00e1ria. H\u00e1 ainda, dentro da caracter\u00edstica dos outros futuros egressos, forte identifica\u00e7\u00e3o de profissionais atuando em cooperativismo e associa\u00e7\u00f5es de pequenos produtores rurais, na busca da inclus\u00e3o social e manuten\u00e7\u00e3o do homem no campo. Aspecto de not\u00f3ria evid\u00eancia \u00e9 a efetiva participa\u00e7\u00e3o como agentes de sa\u00fade, na medida que executam a cl\u00ednica m\u00e9dica e cir\u00fargica de c\u00e3es e gatos e sua estreita rela\u00e7\u00e3o profil\u00e1tica e terap\u00eautica. Ou seja, espera-se que o profissional qualificado desenvolva e aplique em conjunto ou isoladamente as seguintes compet\u00eancias:<\/p>\n\n\n\n<p>1.&nbsp;&nbsp;&nbsp;&nbsp;&nbsp;&nbsp;&nbsp;&nbsp;&nbsp;&nbsp;&nbsp; Compet\u00eancia em EXTENS\u00c3O: que promova a media\u00e7\u00e3o entre ci\u00eancia e pr\u00e1tica na sua \u00e1rea profissional com o objetivo de formular, coordenar, executar e avaliar projetos de interven\u00e7\u00e3o profissional no \u00e2mbito da esfera p\u00fablica ou privada;<\/p>\n\n\n\n<p>2.&nbsp;&nbsp;&nbsp;&nbsp;&nbsp;&nbsp;&nbsp;&nbsp;&nbsp;&nbsp;&nbsp; Compet\u00eancia em ENSINO: que tenha a capacidade de elaborar programas de curso, disciplinas e treinamento na esfera do ensino superior;<\/p>\n\n\n\n<p>3.&nbsp;&nbsp;&nbsp;&nbsp;&nbsp;&nbsp;&nbsp;&nbsp;&nbsp;&nbsp;&nbsp; Compet\u00eancia em PESQUISA T\u00c9CNICA: que tenha a capacidade de analisar criticamente a literatura especializada pertinente de sua \u00e1rea e seja capaz de propor procedimentos t\u00e9cnicos cient\u00edficos para a resolu\u00e7\u00e3o de problemas.<\/p>\n","protected":false},"excerpt":{"rendered":"<p>Objetivo do curso &nbsp; &nbsp; &nbsp;O curso de Mestrado Profissional em Cl\u00ednicas Veterin\u00e1rias da UEL tem por objetivo proporcionar uma forma\u00e7\u00e3o diferenciada a profissionais que est\u00e3o no exerc\u00edcio da pr\u00e1tica cl\u00ednica, na esfera p\u00fablica ou privada, convertendo-os em profissionais que utilizem seus novos conhecimentos como um instrumento eficiente de transforma\u00e7\u00e3o da sociedade em que vivem. [&hellip;]<\/p>\n","protected":false},"author":7,"featured_media":0,"parent":0,"menu_order":0,"comment_status":"closed","ping_status":"closed","template":"","meta":{"_acf_changed":false,"footnotes":""},"class_list":["post-7","page","type-page","status-publish","hentry"],"acf":[],"_links":{"self":[{"href":"https:\/\/pos.uel.br\/mestradoclinicasveterinarias\/wp-json\/wp\/v2\/pages\/7","targetHints":{"allow":["GET"]}}],"collection":[{"href":"https:\/\/pos.uel.br\/mestradoclinicasveterinarias\/wp-json\/wp\/v2\/pages"}],"about":[{"href":"https:\/\/pos.uel.br\/mestradoclinicasveterinarias\/wp-json\/wp\/v2\/types\/page"}],"author":[{"embeddable":true,"href":"https:\/\/pos.uel.br\/mestradoclinicasveterinarias\/wp-json\/wp\/v2\/users\/7"}],"replies":[{"embeddable":true,"href":"https:\/\/pos.uel.br\/mestradoclinicasveterinarias\/wp-json\/wp\/v2\/comments?post=7"}],"version-history":[{"count":2,"href":"https:\/\/pos.uel.br\/mestradoclinicasveterinarias\/wp-json\/wp\/v2\/pages\/7\/revisions"}],"predecessor-version":[{"id":276,"href":"https:\/\/pos.uel.br\/mestradoclinicasveterinarias\/wp-json\/wp\/v2\/pages\/7\/revisions\/276"}],"wp:attachment":[{"href":"https:\/\/pos.uel.br\/mestradoclinicasveterinarias\/wp-json\/wp\/v2\/media?parent=7"}],"curies":[{"name":"wp","href":"https:\/\/api.w.org\/{rel}","templated":true}]}}