{"id":69,"date":"2021-06-15T02:56:53","date_gmt":"2021-06-15T05:56:53","guid":{"rendered":"https:\/\/pos.uel.br\/mestradoclinicasveterinarias\/pagina-inicial\/"},"modified":"2026-01-13T09:34:38","modified_gmt":"2026-01-13T12:34:38","slug":"pagina-inicial","status":"publish","type":"page","link":"https:\/\/pos.uel.br\/mestradoclinicasveterinarias\/","title":{"rendered":"P\u00e1gina inicial"},"content":{"rendered":"\n<div class=\"wp-block-columns is-layout-flex wp-container-core-columns-is-layout-9d6595d7 wp-block-columns-is-layout-flex\">\n<div class=\"wp-block-column is-layout-flow wp-block-column-is-layout-flow\" style=\"flex-basis:66.66%\">\n<div class=\"wp-block-columns is-layout-flex wp-container-core-columns-is-layout-9d6595d7 wp-block-columns-is-layout-flex\">\n<div class=\"wp-block-column is-layout-flow wp-block-column-is-layout-flow\">\n<div class=\"wp-block-buttons is-horizontal is-content-justification-center is-layout-flex wp-container-core-buttons-is-layout-0bd2c8ef wp-block-buttons-is-layout-flex\">\n<div class=\"wp-block-button has-custom-width wp-block-button__width-100\"><a class=\"wp-block-button__link has-extra-1-background-color has-background has-text-align-center has-custom-font-size wp-element-button\" href=\"https:\/\/pos.uel.br\/mestradoclinicasveterinarias\/corpo-docente\/\" style=\"border-radius:5px;font-size:24px;font-style:normal;font-weight:900;letter-spacing:2px\"><strong>Corpo Docente<\/strong><\/a><\/div>\n<\/div>\n\n\n\n<div style=\"height:30px\" aria-hidden=\"true\" class=\"wp-block-spacer\"><\/div>\n\n\n\n<div class=\"wp-block-buttons is-layout-flex wp-block-buttons-is-layout-flex\">\n<div class=\"wp-block-button has-custom-width wp-block-button__width-100\"><a class=\"wp-block-button__link has-extra-1-background-color has-background has-text-align-center has-custom-font-size wp-element-button\" href=\"https:\/\/pos.uel.br\/mestradoclinicasveterinarias\/mestrado\/\" style=\"border-radius:5px;font-size:24px;font-style:normal;font-weight:900;letter-spacing:2px\"><strong>Mestrado<\/strong><\/a><\/div>\n<\/div>\n\n\n\n<div style=\"height:30px\" aria-hidden=\"true\" class=\"wp-block-spacer\"><\/div>\n\n\n\n<div class=\"wp-block-buttons is-layout-flex wp-block-buttons-is-layout-flex\">\n<div class=\"wp-block-button has-custom-width wp-block-button__width-100\"><a class=\"wp-block-button__link has-extra-1-background-color has-background has-text-align-center has-custom-font-size wp-element-button\" href=\"https:\/\/pos.uel.br\/mestradoclinicasveterinarias\/regimentos-resolucoes-e-normas\/\" style=\"border-radius:5px;font-size:16px;font-style:normal;font-weight:900;letter-spacing:3px\"><strong>Regimentos, Resolu\u00e7\u00f5es e normas<\/strong><\/a><\/div>\n<\/div>\n\n\n\n<div style=\"height:30px\" aria-hidden=\"true\" class=\"wp-block-spacer\"><\/div>\n\n\n\n<div class=\"wp-block-buttons is-layout-flex wp-block-buttons-is-layout-flex\">\n<div class=\"wp-block-button has-custom-width wp-block-button__width-100\"><a class=\"wp-block-button__link has-extra-1-background-color has-background has-text-align-center has-custom-font-size wp-element-button\" href=\"https:\/\/pos.uel.br\/mestradoclinicasveterinarias\/autoavaliacao-e-planejamento-estrategico\/\" style=\"border-radius:5px;font-size:16px;font-style:normal;font-weight:900;letter-spacing:2px\"><strong>Autoavalia\u00e7\u00e3o<\/strong> e Planejamento Estrat\u00e9gico<\/a><\/div>\n<\/div>\n<\/div>\n\n\n\n<div class=\"wp-block-column is-layout-flow wp-block-column-is-layout-flow\">\n<div class=\"wp-block-buttons is-layout-flex wp-block-buttons-is-layout-flex\">\n<div class=\"wp-block-button has-custom-width wp-block-button__width-100\"><a class=\"wp-block-button__link has-extra-1-background-color has-background has-text-align-center has-custom-font-size wp-element-button\" href=\"https:\/\/pos.uel.br\/mestradoclinicasveterinarias\/linhas-de-pesquisa\/\" style=\"border-radius:5px;font-size:16px;font-style:normal;font-weight:900;letter-spacing:2px\"><strong>Linhas de<\/strong><br><strong>Pesquisa<\/strong><\/a><\/div>\n<\/div>\n\n\n\n<div style=\"height:30px\" aria-hidden=\"true\" class=\"wp-block-spacer\"><\/div>\n\n\n\n<div class=\"wp-block-buttons is-layout-flex wp-block-buttons-is-layout-flex\">\n<div class=\"wp-block-button has-custom-width wp-block-button__width-100\"><a class=\"wp-block-button__link has-extra-1-background-color has-background has-text-align-center has-custom-font-size wp-element-button\" href=\"https:\/\/pos.uel.br\/mestradoclinicasveterinarias\/comissao-coordenadora\/\" style=\"border-radius:5px;font-size:23px;font-style:normal;font-weight:900;letter-spacing:1.8px\"><strong>Comiss\u00e3o Coordenadora<\/strong><\/a><\/div>\n<\/div>\n\n\n\n<div style=\"height:30px\" aria-hidden=\"true\" class=\"wp-block-spacer\"><\/div>\n\n\n\n<div class=\"wp-block-buttons is-layout-flex wp-block-buttons-is-layout-flex\">\n<div class=\"wp-block-button has-custom-width wp-block-button__width-100\"><a class=\"wp-block-button__link has-extra-1-background-color has-background has-text-align-center has-custom-font-size wp-element-button\" href=\"https:\/\/pos.uel.br\/mestradoclinicasveterinarias\/inscricao-e-selecao\/\" style=\"border-radius:5px;font-size:25px;font-style:normal;font-weight:900;letter-spacing:2px\"><strong>Inscri\u00e7\u00e3o e Sele\u00e7\u00e3o<\/strong><\/a><\/div>\n<\/div>\n\n\n\n<div style=\"height:30px\" aria-hidden=\"true\" class=\"wp-block-spacer\"><\/div>\n\n\n\n<div class=\"wp-block-buttons is-layout-flex wp-block-buttons-is-layout-flex\">\n<div class=\"wp-block-button has-custom-width wp-block-button__width-100\"><a class=\"wp-block-button__link has-extra-1-background-color has-background has-text-align-center has-custom-font-size wp-element-button\" href=\"https:\/\/pos.uel.br\/mestradoclinicasveterinarias\/corpo-discente\/\" style=\"border-radius:5px;font-size:24px;font-style:normal;font-weight:900;letter-spacing:2px\">Corpo Discente<\/a><\/div>\n<\/div>\n<\/div>\n<\/div>\n\n\n\n<div class=\"wp-block-uel-card\">\n<h2 class=\"wp-block-heading is-style-highlighted-heading\">Editais<\/h2>\n\n\n<div class=\"editais-block\"><a class=\"editais-block__item-block\" href=\"https:\/\/pos.uel.br\/mestradoclinicasveterinarias\/wp-content\/uploads\/2025\/12\/Edital-de-Resultado-2026.pdf\"><div class=\"editais-block__titulo\"><span>EDITAL DE RESULTADO E CONVOCA\u00c7\u00c3O PARA MATR\u00cdCULA<\/span><\/div><div class=\"editais-block__resumo\"><span>RESULTADO DE SELE\u00c7\u00c3O DE CANDIDATOS PARA INGRESSO EM TURMA 2026 DO CURSO DE MESTRADO PROFISSIONAL EM CL\u00cdNICAS VETERIN\u00c1RIAS E INFORMA\u00c7\u00d5ES DE CONVOCA\u00c7\u00c3O PARA MATR\u00cdCULA<\/span><\/div><div class=\"editais-block__publicado\"><span>5 meses atr\u00e1s<\/span><\/div><\/a><a class=\"editais-block__item-block\" href=\"#\"><div class=\"editais-block__titulo\"><span>Requerimento de isen\u00e7\u00e3o Cad\u00danico<\/span><\/div><div class=\"editais-block__resumo\"><span>https:\/\/www.sistemasweb.uel.br\/index.php?contents=system\/insc\/index.php&amp;pagina=view\/inscricoes\/seleciona_evento.php&amp;cod_evento=11183\r\n\r\n<\/span><\/div><div class=\"editais-block__publicado\"><span>8 meses atr\u00e1s<\/span><\/div><\/a><a class=\"editais-block__item-block\" href=\"https:\/\/pos.uel.br\/mestradoclinicasveterinarias\/wp-content\/uploads\/2025\/08\/Edital-Selecao-MPCV-001-2025-turma-2026-1.pdf\"><div class=\"editais-block__titulo\"><span>Edital Sele\u00e7\u00e3o MPCV 001-2025 turma 2026-1<\/span><\/div><div class=\"editais-block__resumo\"><span>Estabelece normas e procedimentos de Inscri\u00e7\u00e3o e sele\u00e7\u00e3o para o ingresso no Programa de P\u00f3s-Gradua\u00e7\u00e3o Stricto sensu em Mestrado Profissional em Cl\u00ednicas Veterin\u00e1rias, na condi\u00e7\u00e3o de Estudante Regular.\r\n\r\n<\/span><\/div><div class=\"editais-block__publicado\"><span>8 meses atr\u00e1s<\/span><\/div><\/a><a class=\"editais-block__item-block\" href=\"https:\/\/pos.uel.br\/mestradoclinicasveterinarias\/wp-content\/uploads\/2025\/04\/Edital-MPCV-03-2024-Resultado-Aluno-Regular-Programa-turma-2025.pdf\"><div class=\"editais-block__titulo\"><span>Edital MPCV 03-2024 Resultado Aluno Regular Programa turma 2025<\/span><\/div><div class=\"editais-block__resumo\"><span>Divulga\u00e7\u00e3o do resultado do processo seletivo de aluno regular turma 2025 e informa\u00e7\u00f5es sobre matr\u00edcula.<\/span><\/div><div class=\"editais-block__publicado\"><span>1 ano atr\u00e1s<\/span><\/div><\/a><\/div>\n\n\n<div style=\"height:30px\" aria-hidden=\"true\" class=\"wp-block-spacer\"><\/div>\n\n\n\n<p class=\"has-text-align-center has-primary-accent-color has-text-color\" style=\"font-style:normal;font-weight:600;letter-spacing:2px;text-transform:lowercase\"><a href=\"https:\/\/pos.uel.br\/mestradoclinicasveterinarias\/editais\/\" data-type=\"link\" data-id=\"https:\/\/pos.uel.br\/mestradoclinicasveterinarias\/editais\/\">OUTROS EDITAIS<\/a><\/p>\n<\/div>\n\n\n\n<div class=\"wp-block-uel-card\">\n<h2 class=\"wp-block-heading is-style-highlighted-heading\">Defesas e Qualifica\u00e7\u00f5es<\/h2>\n\n\n<div class=\"defesas-qualificacoes\">N\u00e3o existem defesas ou qualifica\u00e7\u00f5es agendadas.<a href=\"https:\/\/pos.uel.br\/mestradoclinicasveterinarias\/defesas-qualificacoes\/\" class=\"defesas-qualificacoes__todas\">Ver todas<\/a><\/div><\/div>\n<\/div>\n\n\n\n<div class=\"wp-block-column is-layout-flow wp-block-column-is-layout-flow\" style=\"flex-basis:33.33%\">\n<div class=\"wp-block-uel-card\">\n<figure class=\"wp-block-image size-large\"><img decoding=\"async\" src=\"https:\/\/pos.uel.br\/mestradoclinicasveterinarias\/wp-content\/uploads\/2026\/01\/Conceito-CAPES-5.png\" alt=\"\" \/><\/figure>\n\n\n\n<div style=\"height:25px\" aria-hidden=\"true\" class=\"wp-block-spacer\"><\/div>\n\n\n\n<p class=\"has-primary-accent-color has-text-color has-medium-font-size\"><strong>Secretaria<\/strong><\/p>\n\n\n\n<p><strong>Telefone:&nbsp;<\/strong><a href=\"tel:+55 (43) 3371-4559\" target=\"_blank\" rel=\"noreferrer noopener\">+55 (43) 3371-4559<\/a><\/p>\n\n\n\n<p>+55 (43) 3371-4697 ou +55 (43) 3371-4709 Secret\u00e1ria da p\u00f3s gradua\u00e7\u00e3o do Centro: Helenice<br><strong>E-mail<\/strong>: <a href=\"mailto:dcv@uel.br\">dcv@uel.br<\/a><br><strong>Endere\u00e7o:<\/strong>&nbsp;Universidade Estadual de Londrina, Departamento de Cl\u00ednicas Veterin\u00e1rias &#8211; CCA, Rodovia Celso Garcia Cid, PR 445, Km 380. CEP: 86057-970 &#8211; Londrina, Paran\u00e1, Brasil. Caixa Postal: 10.011<\/p>\n\n\n\n<h5 class=\"wp-block-heading is-style-highlighted-heading\"><strong>Atendimento<\/strong><\/h5>\n\n\n\n<p><strong>segunda a sexta-feira<\/strong><br>8h00 \u00e0s 12:00 e 14h00 \u00e0s 18h00<\/p>\n<\/div>\n\n\n\n<h2 class=\"wp-block-heading\"><strong><span class=\"has-inline-color has-primary-accent-color\"><a href=\"https:\/\/pos.uel.br\/mestradoclinicasveterinarias\/horarios-de-disciplinas\/\" data-type=\"page\" data-id=\"255\">Hor\u00e1rios de disciplinas<\/a><\/span><\/strong><\/h2>\n\n\n\n<p><strong>Mestrado<\/strong><\/p>\n\n\n\n<div class=\"wp-block-buttons is-layout-flex wp-block-buttons-is-layout-flex\">\n<div class=\"wp-block-button has-custom-width wp-block-button__width-100\"><a class=\"wp-block-button__link has-extra-1-background-color has-background has-custom-font-size wp-element-button\" href=\"https:\/\/pos.uel.br\/mestradoclinicasveterinarias\/horarios-de-disciplinas\/\" style=\"border-radius:5px;font-size:16px;letter-spacing:0px\"><strong><strong>Mestrado \u2013 Segundo semestre de 202<\/strong>5<\/strong><\/a><\/div>\n<\/div>\n\n\n\n<div style=\"height:15px\" aria-hidden=\"true\" class=\"wp-block-spacer\"><\/div>\n\n\n\n<div class=\"wp-block-buttons is-layout-flex wp-block-buttons-is-layout-flex\">\n<div class=\"wp-block-button has-custom-width wp-block-button__width-100\"><a class=\"wp-block-button__link has-extra-1-background-color has-background has-custom-font-size wp-element-button\" href=\"https:\/\/pos.uel.br\/mestradoclinicasveterinarias\/horarios-de-disciplinas\/\" style=\"border-radius:5px;font-size:16px;letter-spacing:0px\" target=\"_blank\" rel=\"noreferrer noopener\"><strong>Mestrado \u2013 Primeiro semestre de 202<\/strong>6<\/a><\/div>\n<\/div>\n\n\n\n<div style=\"height:15px\" aria-hidden=\"true\" class=\"wp-block-spacer\"><\/div>\n\n\n\n<div style=\"height:15px\" aria-hidden=\"true\" class=\"wp-block-spacer\"><\/div>\n\n\n\n<p class=\"has-text-align-center\"><strong>Apoio:<\/strong><\/p>\n\n\n\n<figure class=\"wp-block-gallery has-nested-images columns-8 is-cropped wp-block-gallery-1 is-layout-flex wp-block-gallery-is-layout-flex\">\n<figure class=\"wp-block-image size-medium is-resized\"><img decoding=\"async\" data-id=\"826\" src=\"https:\/\/pos.uel.br\/biotecnologia\/wp-content\/uploads\/2023\/09\/capes-logo-300x279.png\" alt=\"\" class=\"wp-image-826\" style=\"aspect-ratio:1;object-fit:contain;width:130px;height:undefinedpx\" \/><\/figure>\n\n\n\n<figure class=\"wp-block-image size-medium is-resized\"><img decoding=\"async\" data-id=\"828\" src=\"https:\/\/pos.uel.br\/biotecnologia\/wp-content\/uploads\/2023\/09\/lattes-logo-300x140.png\" alt=\"\" class=\"wp-image-828\" style=\"aspect-ratio:1;object-fit:contain;width:150px;height:undefinedpx\" \/><\/figure>\n<\/figure>\n<\/div>\n<\/div>\n","protected":false},"excerpt":{"rendered":"<p>Hor\u00e1rios de disciplinas Mestrado Apoio:<\/p>\n","protected":false},"author":11,"featured_media":0,"parent":0,"menu_order":0,"comment_status":"closed","ping_status":"closed","template":"page-templates\/template-without-title.php","meta":{"_acf_changed":false,"footnotes":""},"class_list":["post-69","page","type-page","status-publish","hentry"],"acf":[],"_links":{"self":[{"href":"https:\/\/pos.uel.br\/mestradoclinicasveterinarias\/wp-json\/wp\/v2\/pages\/69","targetHints":{"allow":["GET"]}}],"collection":[{"href":"https:\/\/pos.uel.br\/mestradoclinicasveterinarias\/wp-json\/wp\/v2\/pages"}],"about":[{"href":"https:\/\/pos.uel.br\/mestradoclinicasveterinarias\/wp-json\/wp\/v2\/types\/page"}],"author":[{"embeddable":true,"href":"https:\/\/pos.uel.br\/mestradoclinicasveterinarias\/wp-json\/wp\/v2\/users\/11"}],"replies":[{"embeddable":true,"href":"https:\/\/pos.uel.br\/mestradoclinicasveterinarias\/wp-json\/wp\/v2\/comments?post=69"}],"version-history":[{"count":41,"href":"https:\/\/pos.uel.br\/mestradoclinicasveterinarias\/wp-json\/wp\/v2\/pages\/69\/revisions"}],"predecessor-version":[{"id":843,"href":"https:\/\/pos.uel.br\/mestradoclinicasveterinarias\/wp-json\/wp\/v2\/pages\/69\/revisions\/843"}],"wp:attachment":[{"href":"https:\/\/pos.uel.br\/mestradoclinicasveterinarias\/wp-json\/wp\/v2\/media?parent=69"}],"curies":[{"name":"wp","href":"https:\/\/api.w.org\/{rel}","templated":true}]}}