{"id":52,"date":"2021-05-16T12:01:17","date_gmt":"2021-05-16T15:01:17","guid":{"rendered":"https:\/\/pos.uel.br\/mestradoclinicasveterinarias\/?page_id=52"},"modified":"2026-01-21T14:42:25","modified_gmt":"2026-01-21T17:42:25","slug":"publicacoes","status":"publish","type":"page","link":"https:\/\/pos.uel.br\/mestradoclinicasveterinarias\/publicacoes\/","title":{"rendered":"Agenda"},"content":{"rendered":"\n<p><strong>JANEIRO 2026<\/strong><\/p>\n\n\n\n<p><\/p>\n\n\n\n<p><strong>FEVEREIRO 2026<\/strong><\/p>\n\n\n\n<p>28:&nbsp;T\u00e9rmino do 2\u00ba per\u00edodo letivo de 2025 dos Programas de P\u00f3s-Gradua\u00e7\u00e3o Stricto sensu.&nbsp;<\/p>\n\n\n\n<p>28:&nbsp;\u00daltimo dia para os estudantes matriculados no \u00faltimo per\u00edodo entregarem as Disserta\u00e7\u00f5es\/TCC\/TCF\/Teses ou solicitarem prorroga\u00e7\u00e3o de prazo.&nbsp;<\/p>\n\n\n\n<p><strong>MAR\u00c7O 2026<\/strong><\/p>\n\n\n\n<p>16:&nbsp;In\u00edcio do 1\u00ba per\u00edodo letivo de 2026 para os Programas de P\u00f3s-Gradua\u00e7\u00e3o Stricto sensu.&nbsp;<\/p>\n\n\n\n<p>31: \u00daltimo dia para Coordenadores de Programas de P\u00f3s-Gradua\u00e7\u00e3o Stricto sensu efetuarem no Sistema WEB o fechamento das pautas eletr\u00f4nicas dos Registros de Frequ\u00eancia e Rendimento Escolar do 2\u00ba semestre letivo de 2025, cujos lan\u00e7amentos foram realizados no referido sistema, pelos docentes respons\u00e1veis pelas disciplinas.<\/p>\n\n\n\n<p><strong>ABRIL 2025<\/strong><\/p>\n\n\n\n<p><strong>MAIO 2025<\/strong><\/p>\n\n\n\n<p><strong>JUNHO 2025<\/strong><\/p>\n\n\n\n<p>6: \u00daltimo dia para lan\u00e7ar no Sistema Acad\u00eamico de P\u00f3s-Gradua\u00e7\u00e3o, do Sistema UEL, a oferta das disciplinas para o 2\u00ba semestre letivo de 2025.<\/p>\n\n\n\n<p>13:&nbsp;\u00daltimo dia para os estudantes dos Programas de P\u00f3s-Gradua\u00e7\u00e3o Stricto sensu solicitarem trancamento de matr\u00edcula.<\/p>\n\n\n\n<p><\/p>\n\n\n\n<p>&nbsp;<strong>JULHO 2025<\/strong><\/p>\n\n\n\n<p>&nbsp;7 a 11:&nbsp;Rematr\u00edcula dos estudantes regulares nos Programas de P\u00f3s-Gradua\u00e7\u00e3o Stricto sensu no Portal do Estudante de P\u00f3s-Gradua\u00e7\u00e3o \u2013 Sistema Web.&nbsp;<\/p>\n\n\n\n<p>31:&nbsp;T\u00e9rmino do 1\u00ba per\u00edodo letivo de 2025 dos Programas de P\u00f3s-Gradua\u00e7\u00e3o Stricto sensu<\/p>\n\n\n\n<p>31:&nbsp;\u00daltimo dia para os estudantes matriculados no \u00faltimo per\u00edodo entregarem as Disserta\u00e7\u00f5es\/TCC\/TCF\/Teses ou solicitarem prorroga\u00e7\u00e3o de prazo.&nbsp;<\/p>\n\n\n\n<p><strong>AGOSTO 2025<\/strong><\/p>\n\n\n\n<p>18:&nbsp;In\u00edcio do 2\u00ba per\u00edodo letivo de 2025 para os Programas de P\u00f3s-Gradua\u00e7\u00e3o Stricto sensu.&nbsp;&nbsp;<\/p>\n\n\n\n<p>19: 14hs &#8211; Prova de Profici\u00eancia em ingl\u00eas. Sala de Semin\u00e1rios. Necess\u00e1rio solicitar o pedido da prova em ingl\u00eas pelo Portal do Estudante.<\/p>\n\n\n\n<p>29: \u00daltimo dia para as Comiss\u00f5es Coordenadoras dos Programas de P\u00f3s-Gradua\u00e7\u00e3o Stricto sensu publicarem o edital de abertura de inscri\u00e7\u00f5es &#8211; Estudante Regular &#8211; para os Programas de P\u00f3s-Gradua\u00e7\u00e3o Stricto sensu para turma do 1\u00ba semestre letivo de 2026.<\/p>\n\n\n\n<p><\/p>\n\n\n\n<p><strong>SETEMBRO 2025<\/strong><\/p>\n\n\n\n<p>&nbsp;1: \u00daltimo dia para as Comiss\u00f5es Coordenadoras dos Programas de P\u00f3s-Gradua\u00e7\u00e3o Stricto sensu informarem \u00e0 PROPPG abertura de vagas para Estudante Regular para o 1\u00ba semestre letivo de 2026.<\/p>\n\n\n\n<p>3: \u00daltimo dia para as Comiss\u00f5es Coordenadoras dos Programas de P\u00f3s-Gradua\u00e7\u00e3o Stricto sensu publicarem o edital de abertura de inscri\u00e7\u00f5es &#8211; Estudante Regular &#8211; para os Programas de P\u00f3s-Gradua\u00e7\u00e3o Stricto sensu para turma do 1\u00ba semestre letivo de 2026.<\/p>\n\n\n\n<p>5:&nbsp;\u00daltimo dia para Coordenadores de Programas de P\u00f3s-Gradua\u00e7\u00e3o Stricto sensu efetuarem a oferta de nova turma para o 1\u00ba semestre letivo de 2026 no Sistema Acad\u00eamico de P\u00f3s Gradua\u00e7\u00e3o.<\/p>\n\n\n\n<p>8:&nbsp; \u00daltimo dia para Coordenadores de Programas de P\u00f3s- Gradua\u00e7\u00e3o Stricto sensu efetuarem no Sistema WEB o fechamento das pautas eletr\u00f4nicas dos Registros de Frequ\u00eancia e Rendimento Escolar do 1\u00ba semestre letivo de 2025, cujos lan\u00e7amentos foram realizados no referido sistema pelos docentes respons\u00e1veis pelas disciplinas.<\/p>\n\n\n\n<p>19: In\u00edcio do per\u00edodo de inscri\u00e7\u00e3o \u2013 Estudante Regular &#8211; para os Programas de P\u00f3s-Gradua\u00e7\u00e3o Stricto sensu com in\u00edcio no 1\u00ba semestre letivo de 2025, podendo cada Programa estabelecer seu in\u00edcio ap\u00f3s esta data.<\/p>\n\n\n\n<p><strong>OUTUBRO 2025<\/strong><\/p>\n\n\n\n<p>&nbsp;29:&nbsp;\u00daltimo dia para o t\u00e9rmino da inscri\u00e7\u00e3o para os Programas de P\u00f3s- Gradua\u00e7\u00e3o Stricto sensu com in\u00edcio no 1\u00ba semestre letivo de 2026, podendo cada Programa escolher o t\u00e9rmino de sua inscri\u00e7\u00e3o anterior a esta data.&nbsp;<\/p>\n\n\n\n<p><strong>NOVEMBRO 2025<\/strong><\/p>\n\n\n\n<p>26: \u00daltimo dia para lan\u00e7ar no Sistema Acad\u00eamico de P\u00f3s-Gradua\u00e7\u00e3o, do Sistema UEL, a oferta das disciplinas para o 1\u00ba semestre letivo de 2026.<\/p>\n\n\n\n<p><strong>DEZEMBRO 2025<\/strong><\/p>\n\n\n\n<p>1:&nbsp;\u00daltimo dia para os estudantes de Programas de P\u00f3s-Gradua\u00e7\u00e3o Stricto sensu solicitarem trancamento de matr\u00edcula.<\/p>\n\n\n\n<p>1 a 5 :Rematr\u00edcula dos estudantes regulares nos Programas de P\u00f3s-Gradua\u00e7\u00e3o Stricto sensu no Portal do Estudante de P\u00f3s-Gradua\u00e7\u00e3o \u2013 Sistema Web.&nbsp;<\/p>\n\n\n\n<p>2: \u00daltimo dia para o t\u00e9rmino da sele\u00e7\u00e3o dos candidatos para ingresso no 1\u00ba semestre letivo de 2026 aos Programas de P\u00f3s-Gradua\u00e7\u00e3o Stricto sensu.<\/p>\n\n\n\n<p>5: Publica\u00e7\u00e3o do edital com o resultado dos candidatos classificados na sele\u00e7\u00e3o para ingresso nos Programas de P\u00f3s-Gradua\u00e7\u00e3o Stricto sensu com in\u00edcio no 1\u00ba semestre letivo de 2026.<\/p>\n\n\n\n<p>8 a 11:&nbsp;Matr\u00edcula dos candidatos aprovados nos Programas de P\u00f3s Gradua\u00e7\u00e3o Stricto sensu com in\u00edcio no 1\u00ba semestre letivo de 2026, no Portal do Estudante de P\u00f3s-Gradua\u00e7\u00e3o.<\/p>\n\n\n\n<p><\/p>\n\n\n\n<p><\/p>\n\n\n\n<p><\/p>\n\n\n\n<p><\/p>\n\n\n\n<p><\/p>\n\n\n\n<p><\/p>\n\n\n\n<p><\/p>\n\n\n\n<p><\/p>\n","protected":false},"excerpt":{"rendered":"<p>JANEIRO 2026 FEVEREIRO 2026 28:&nbsp;T\u00e9rmino do 2\u00ba per\u00edodo letivo de 2025 dos Programas de P\u00f3s-Gradua\u00e7\u00e3o Stricto sensu.&nbsp; 28:&nbsp;\u00daltimo dia para os estudantes matriculados no \u00faltimo per\u00edodo entregarem as Disserta\u00e7\u00f5es\/TCC\/TCF\/Teses ou solicitarem prorroga\u00e7\u00e3o de prazo.&nbsp; MAR\u00c7O 2026 16:&nbsp;In\u00edcio do 1\u00ba per\u00edodo letivo de 2026 para os Programas de P\u00f3s-Gradua\u00e7\u00e3o Stricto sensu.&nbsp; 31: \u00daltimo dia para Coordenadores [&hellip;]<\/p>\n","protected":false},"author":7,"featured_media":0,"parent":0,"menu_order":0,"comment_status":"closed","ping_status":"closed","template":"","meta":{"_acf_changed":false,"footnotes":""},"class_list":["post-52","page","type-page","status-publish","hentry"],"acf":[],"_links":{"self":[{"href":"https:\/\/pos.uel.br\/mestradoclinicasveterinarias\/wp-json\/wp\/v2\/pages\/52","targetHints":{"allow":["GET"]}}],"collection":[{"href":"https:\/\/pos.uel.br\/mestradoclinicasveterinarias\/wp-json\/wp\/v2\/pages"}],"about":[{"href":"https:\/\/pos.uel.br\/mestradoclinicasveterinarias\/wp-json\/wp\/v2\/types\/page"}],"author":[{"embeddable":true,"href":"https:\/\/pos.uel.br\/mestradoclinicasveterinarias\/wp-json\/wp\/v2\/users\/7"}],"replies":[{"embeddable":true,"href":"https:\/\/pos.uel.br\/mestradoclinicasveterinarias\/wp-json\/wp\/v2\/comments?post=52"}],"version-history":[{"count":11,"href":"https:\/\/pos.uel.br\/mestradoclinicasveterinarias\/wp-json\/wp\/v2\/pages\/52\/revisions"}],"predecessor-version":[{"id":845,"href":"https:\/\/pos.uel.br\/mestradoclinicasveterinarias\/wp-json\/wp\/v2\/pages\/52\/revisions\/845"}],"wp:attachment":[{"href":"https:\/\/pos.uel.br\/mestradoclinicasveterinarias\/wp-json\/wp\/v2\/media?parent=52"}],"curies":[{"name":"wp","href":"https:\/\/api.w.org\/{rel}","templated":true}]}}